{"id":97,"date":"2020-09-29T10:27:53","date_gmt":"2020-09-29T10:27:53","guid":{"rendered":"https:\/\/www.affectio.es\/?page_id=97"},"modified":"2022-11-17T13:10:12","modified_gmt":"2022-11-17T13:10:12","slug":"pimes-acompanamiento-gestion-laboral","status":"publish","type":"page","link":"https:\/\/www.affectio.es\/es\/integral\/pimes\/pimes-acompanamiento-gestion-laboral\/","title":{"rendered":"PIME&#8217;s &#8211; Acompa\u00f1amiento Gesti\u00f3n Laboral"},"content":{"rendered":"<div class=\"wpb-content-wrapper\"><p>[vc_row][vc_column][vc_column_text]<\/p>\n<h1><span style=\"color: #2a2a69;\">PIME&#8217;s<\/span><\/h1>\n<p>[\/vc_column_text][vc_column_text css=\u00bb.vc_custom_1585328009882{margin-top: 0px !important;margin-bottom: 0px !important;padding-top: 0px !important;padding-bottom: 0px !important;}\u00bb el_id=\u00bbdiveconomica-acompanamientogestionlaboral\u00bb][\/vc_column_text]<div id=\"ultimate-heading-996069e3406a34588\" class=\"uvc-heading ult-adjust-bottom-margin ultimate-heading-996069e3406a34588 uvc-6335 color-title\" data-hspacer=\"no_spacer\"  data-halign=\"left\" style=\"text-align:left\"><div class=\"uvc-heading-spacer no_spacer\" style=\"top\"><\/div><div class=\"uvc-main-heading ult-responsive\"  data-ultimate-target='.uvc-heading.ultimate-heading-996069e3406a34588 h2'  data-responsive-json-new='{\"font-size\":\"desktop:30px;\",\"line-height\":\"desktop:40px;\"}' ><h2 style=\"font-weight:bold;color:#28a7fb;margin-top:25px;margin-bottom:25px;\">Acompa\u00f1amiento Gesti\u00f3n Laboral<\/h2><\/div><\/div>[vc_column_text css=\u00bb.vc_custom_1668690409059{padding-bottom: 30px !important;}\u00bb]<\/p>\n<div style=\"text-align: justify;\">\n<p>La\u00a0<strong>Gesti\u00f3n Laboral<\/strong>\u00a0debe permitir a la organizaci\u00f3n materializar su\u00a0<strong>Pol\u00edtica Laboral<\/strong>\u00a0al tiempo que permanecer atenta al cumplimiento de las numerosas disposiciones, fundamentalmente desde el Derecho del Trabajo, a las que se encuentra sujeta.<\/p>\n<p>&nbsp;<\/p>\n<p>Nuestro Acompa\u00f1amiento a las PIMES est\u00e1 dise\u00f1ado para anticipar y gestionar las situaciones que puedan plantearse, minimizando as\u00ed la posibilidad de intervenci\u00f3n de la\u00a0<strong>Inspecci\u00f3n de Trabajo y Seguridad Social.<\/strong><\/p>\n<\/div>\n<p>[\/vc_column_text][vc_column_text css=\u00bb.vc_custom_1585328024833{margin-top: 0px !important;margin-bottom: 0px !important;padding-top: 0px !important;padding-bottom: 0px !important;}\u00bb el_id=\u00bbdiveconomica-nominas\u00bb][\/vc_column_text]<div id=\"ultimate-heading-931469e3406a346b0\" class=\"uvc-heading ult-adjust-bottom-margin ultimate-heading-931469e3406a346b0 uvc-6608 color-title\" data-hspacer=\"line_only\"  data-halign=\"left\" style=\"text-align:left\"><div class=\"uvc-main-heading ult-responsive\"  data-ultimate-target='.uvc-heading.ultimate-heading-931469e3406a346b0 h2'  data-responsive-json-new='{\"font-size\":\"desktop:30px;\",\"line-height\":\"desktop:40px;\"}' ><h2 style=\"font-weight:bold;color:#333366;margin-top:25px;margin-bottom:25px;\">N\u00f3minas y Seguridad Social<\/h2><\/div><div class=\"uvc-heading-spacer line_only\" style=\"topheight:1px;\"><span class=\"uvc-headings-line\" style=\"border-style:solid;border-bottom-width:1px;border-color:#3f4a9a;width:autopx;\"><\/span><\/div><\/div>[vc_column_text css=\u00bb.vc_custom_1668690430786{padding-top: 30px !important;padding-bottom: 30px !important;}\u00bb]<\/p>\n<div style=\"text-align: justify;\">\n<p>Llevamos a cabo la realizaci\u00f3n de las n\u00f3minas, la emisi\u00f3n de listados de evaluaci\u00f3n de costes, las altas \/ variaciones \/ bajas de personas, el seguimiento de bajas, el encuadramiento de socios y administradores, as\u00ed como asesoramiento en materia de pensiones.<\/p>\n<p>Calculamos y confeccionamos la cotizaci\u00f3n a la Seguridad Social. Asimismo, atendemos la correcta domiciliaci\u00f3n del pago, as\u00ed como la gesti\u00f3n de aplazamientos de cuotas y recursos por reclamaci\u00f3n de deudas.<\/p>\n<p>Tambi\u00e9n nos ocupamos del asesoramiento sobre el IRPF y su declaraci\u00f3n.<\/p>\n<\/div>\n<p>[\/vc_column_text][vc_column_text css=\u00bb.vc_custom_1585333097407{margin-top: 0px !important;margin-bottom: 0px !important;padding-top: 0px !important;padding-bottom: 0px !important;}\u00bb el_id=\u00bbdiveconomica-contratacion\u00bb][\/vc_column_text]<div id=\"ultimate-heading-895269e3406a3473e\" class=\"uvc-heading ult-adjust-bottom-margin ultimate-heading-895269e3406a3473e uvc-9526 color-title\" data-hspacer=\"line_only\"  data-halign=\"left\" style=\"text-align:left\"><div class=\"uvc-main-heading ult-responsive\"  data-ultimate-target='.uvc-heading.ultimate-heading-895269e3406a3473e h2'  data-responsive-json-new='{\"font-size\":\"desktop:30px;\",\"line-height\":\"desktop:40px;\"}' ><h2 style=\"font-weight:bold;color:#333366;margin-top:25px;margin-bottom:25px;\">Contrataci\u00f3n<\/h2><\/div><div class=\"uvc-heading-spacer line_only\" style=\"topheight:1px;\"><span class=\"uvc-headings-line\" style=\"border-style:solid;border-bottom-width:1px;border-color:#3f4a9a;width:autopx;\"><\/span><\/div><\/div>[vc_column_text css=\u00bb.vc_custom_1668690454602{padding-top: 30px !important;padding-bottom: 30px !important;}\u00bb]<\/p>\n<div style=\"text-align: justify;\">\n<p>Acompa\u00f1amos en el proceso de contrataci\u00f3n para reducir las posibilidades de conflicto y optimizar tanto el coste durante la vida del contrato como el que pueda ocasionarse al finalizar la relaci\u00f3n laboral.<\/p>\n<\/div>\n<p>[\/vc_column_text][vc_column_text css=\u00bb.vc_custom_1585333106080{margin-top: 0px !important;margin-bottom: 0px !important;padding-top: 0px !important;padding-bottom: 0px !important;}\u00bb el_id=\u00bbdiveconomica-prevencionconflicto\u00bb][\/vc_column_text]<div id=\"ultimate-heading-318569e3406a347a8\" class=\"uvc-heading ult-adjust-bottom-margin ultimate-heading-318569e3406a347a8 uvc-9756 color-title\" data-hspacer=\"line_only\"  data-halign=\"left\" style=\"text-align:left\"><div class=\"uvc-main-heading ult-responsive\"  data-ultimate-target='.uvc-heading.ultimate-heading-318569e3406a347a8 h2'  data-responsive-json-new='{\"font-size\":\"desktop:30px;\",\"line-height\":\"desktop:40px;\"}' ><h2 style=\"font-weight:bold;color:#333366;margin-top:25px;margin-bottom:25px;\">Prevenci\u00f3n del Conflicto Laboral<\/h2><\/div><div class=\"uvc-heading-spacer line_only\" style=\"topheight:1px;\"><span class=\"uvc-headings-line\" style=\"border-style:solid;border-bottom-width:1px;border-color:#3f4a9a;width:autopx;\"><\/span><\/div><\/div>[vc_column_text css=\u00bb.vc_custom_1668690486569{padding-top: 30px !important;padding-bottom: 30px !important;}\u00bb]<\/p>\n<div style=\"text-align: justify;\">\n<p>Trabajamos en la prevenci\u00f3n del conflicto laboral, considerando siempre que el mejor conflicto es el que nunca se llega a producir. Cuando es inevitable, actuamos con rapidez y firmeza.<\/p>\n<\/div>\n<p>[\/vc_column_text][vc_column_text css=\u00bb.vc_custom_1585333065715{margin-top: 0px !important;margin-bottom: 0px !important;padding-top: 0px !important;padding-bottom: 0px !important;}\u00bb el_id=\u00bbdiveconomica-prevencionriesgos\u00bb][\/vc_column_text]<div id=\"ultimate-heading-486969e3406a3480d\" class=\"uvc-heading ult-adjust-bottom-margin ultimate-heading-486969e3406a3480d uvc-2279 color-title\" data-hspacer=\"line_only\"  data-halign=\"left\" style=\"text-align:left\"><div class=\"uvc-main-heading ult-responsive\"  data-ultimate-target='.uvc-heading.ultimate-heading-486969e3406a3480d h2'  data-responsive-json-new='{\"font-size\":\"desktop:30px;\",\"line-height\":\"desktop:40px;\"}' ><h2 style=\"font-weight:bold;color:#333366;margin-top:25px;margin-bottom:25px;\">Prevenci\u00f3n de Riesgos Laborales<\/h2><\/div><div class=\"uvc-heading-spacer line_only\" style=\"topheight:1px;\"><span class=\"uvc-headings-line\" style=\"border-style:solid;border-bottom-width:1px;border-color:#3f4a9a;width:autopx;\"><\/span><\/div><\/div>[vc_column_text css=\u00bb.vc_custom_1668690509401{padding-top: 30px !important;padding-bottom: 30px !important;}\u00bb]<\/p>\n<div style=\"text-align: justify;\">\n<p>Colaboramos de forma activa y permanente con la entidad de Prevenci\u00f3n de Riesgos Laborales que la organizaci\u00f3n ha elegido, aportando una perspectiva de servicio y asesor\u00eda.<\/p>\n<\/div>\n<p>[\/vc_column_text][vc_column_text css=\u00bb.vc_custom_1585328205713{margin-top: 0px !important;margin-bottom: 0px !important;padding-top: 0px !important;padding-bottom: 0px !important;}\u00bb el_id=\u00bbinspeccionestrabajo\u00bb][\/vc_column_text]<div id=\"ultimate-heading-166269e3406a3486f\" class=\"uvc-heading ult-adjust-bottom-margin ultimate-heading-166269e3406a3486f uvc-977 color-title\" data-hspacer=\"line_only\"  data-halign=\"left\" style=\"text-align:left\"><div class=\"uvc-main-heading ult-responsive\"  data-ultimate-target='.uvc-heading.ultimate-heading-166269e3406a3486f h2'  data-responsive-json-new='{\"font-size\":\"desktop:30px;\",\"line-height\":\"desktop:40px;\"}' ><h2 style=\"font-weight:bold;color:#333366;margin-top:25px;margin-bottom:25px;\">Inspecciones de Trabajo y Seguridad Social<\/h2><\/div><div class=\"uvc-heading-spacer line_only\" style=\"topheight:1px;\"><span class=\"uvc-headings-line\" style=\"border-style:solid;border-bottom-width:1px;border-color:#3f4a9a;width:autopx;\"><\/span><\/div><\/div>[vc_column_text css=\u00bb.vc_custom_1668690530257{padding-top: 30px !important;padding-bottom: 30px !important;}\u00bb]<\/p>\n<div style=\"text-align: justify;\">\n<p>Desarrollamos una correcta gesti\u00f3n laboral desde todas sus vertientes, minimizando as\u00ed la posibilidad de inspecciones.<\/p>\n<\/div>\n<p>[\/vc_column_text][vc_column_text css=\u00bb.vc_custom_1585328235470{margin-top: 0px !important;margin-bottom: 0px !important;padding-top: 0px !important;padding-bottom: 0px !important;}\u00bb el_id=\u00bbextranjeria\u00bb][\/vc_column_text]<div id=\"ultimate-heading-868669e3406a348cf\" class=\"uvc-heading ult-adjust-bottom-margin ultimate-heading-868669e3406a348cf uvc-6272 color-title\" data-hspacer=\"line_only\"  data-halign=\"left\" style=\"text-align:left\"><div class=\"uvc-main-heading ult-responsive\"  data-ultimate-target='.uvc-heading.ultimate-heading-868669e3406a348cf h2'  data-responsive-json-new='{\"font-size\":\"desktop:30px;\",\"line-height\":\"desktop:40px;\"}' ><h2 style=\"font-weight:bold;color:#333366;margin-top:25px;margin-bottom:25px;\">Extranjer\u00eda<\/h2><\/div><div class=\"uvc-heading-spacer line_only\" style=\"topheight:1px;\"><span class=\"uvc-headings-line\" style=\"border-style:solid;border-bottom-width:1px;border-color:#3f4a9a;width:autopx;\"><\/span><\/div><\/div>[vc_column_text css=\u00bb.vc_custom_1668690555993{padding-top: 30px !important;padding-bottom: 30px !important;}\u00bb]<\/p>\n<div style=\"text-align: justify;\">\n<p>Somos expertos en contrataciones que podemos considerar dentro del concepto de \u00abextranjer\u00eda\u00bb, y que est\u00e1n sujetas a condiciones muy espec\u00edficas.<\/p>\n<\/div>\n<p>[\/vc_column_text][\/vc_column][\/vc_row]<\/p>\n<\/div>","protected":false},"excerpt":{"rendered":"<p>[vc_row][vc_column][vc_column_text] PIME&#8217;s [\/vc_column_text][vc_column_text css=\u00bb.vc_custom_1585328009882{margin-top: 0px !important;margin-bottom: 0px !important;padding-top: 0px !important;padding-bottom: 0px !important;}\u00bb el_id=\u00bbdiveconomica-acompanamientogestionlaboral\u00bb][\/vc_column_text][vc_column_text css=\u00bb.vc_custom_1668690409059{padding-bottom: 30px !important;}\u00bb] La\u00a0Gesti\u00f3n Laboral\u00a0debe permitir a la organizaci\u00f3n materializar su\u00a0Pol\u00edtica Laboral\u00a0al tiempo que permanecer atenta al cumplimiento de las numerosas disposiciones, fundamentalmente desde el Derecho del Trabajo, a las que se encuentra sujeta. &nbsp; Nuestro Acompa\u00f1amiento a las PIMES est\u00e1 dise\u00f1ado&hellip;<\/p>\n","protected":false},"author":1,"featured_media":0,"parent":93,"menu_order":0,"comment_status":"closed","ping_status":"closed","template":"","meta":{"footnotes":""},"class_list":["post-97","page","type-page","status-publish","hentry","description-off"],"yoast_head":"<!-- This site is optimized with the Yoast SEO plugin v26.9 - https:\/\/yoast.com\/product\/yoast-seo-wordpress\/ -->\n<title>PIME&#039;s - Acompa\u00f1amiento Gesti\u00f3n Laboral - Affectio Group<\/title>\n<meta name=\"description\" content=\"N\u00f3minas y Seguridad Social, Contrataci\u00f3n, Prevenci\u00f3n del Conflicto Laboral, Prevenci\u00f3n de Riesgos Laborales, Inspecciones de Trabajo...\" \/>\n<meta name=\"robots\" content=\"index, follow, max-snippet:-1, max-image-preview:large, max-video-preview:-1\" \/>\n<link rel=\"canonical\" href=\"https:\/\/www.affectio.es\/es\/integral\/pimes\/pimes-acompanamiento-gestion-laboral\/\" \/>\n<meta property=\"og:locale\" content=\"es_ES\" \/>\n<meta property=\"og:type\" content=\"article\" \/>\n<meta property=\"og:title\" content=\"PIME&#039;s - Acompa\u00f1amiento Gesti\u00f3n Laboral - Affectio Group\" \/>\n<meta property=\"og:description\" content=\"N\u00f3minas y Seguridad Social, Contrataci\u00f3n, Prevenci\u00f3n del Conflicto Laboral, Prevenci\u00f3n de Riesgos Laborales, Inspecciones de Trabajo...\" \/>\n<meta property=\"og:url\" content=\"https:\/\/www.affectio.es\/es\/integral\/pimes\/pimes-acompanamiento-gestion-laboral\/\" \/>\n<meta property=\"og:site_name\" content=\"Affectio Group\" \/>\n<meta property=\"article:modified_time\" content=\"2022-11-17T13:10:12+00:00\" \/>\n<meta name=\"twitter:card\" content=\"summary_large_image\" \/>\n<meta name=\"twitter:label1\" content=\"Tiempo de lectura\" \/>\n\t<meta name=\"twitter:data1\" content=\"5 minutos\" \/>\n<script type=\"application\/ld+json\" class=\"yoast-schema-graph\">{\"@context\":\"https:\/\/schema.org\",\"@graph\":[{\"@type\":\"WebPage\",\"@id\":\"https:\/\/www.affectio.es\/es\/integral\/pimes\/pimes-acompanamiento-gestion-laboral\/\",\"url\":\"https:\/\/www.affectio.es\/es\/integral\/pimes\/pimes-acompanamiento-gestion-laboral\/\",\"name\":\"PIME's - Acompa\u00f1amiento Gesti\u00f3n Laboral - Affectio Group\",\"isPartOf\":{\"@id\":\"https:\/\/www.affectio.es\/es\/#website\"},\"datePublished\":\"2020-09-29T10:27:53+00:00\",\"dateModified\":\"2022-11-17T13:10:12+00:00\",\"description\":\"N\u00f3minas y Seguridad Social, Contrataci\u00f3n, Prevenci\u00f3n del Conflicto Laboral, Prevenci\u00f3n de Riesgos Laborales, Inspecciones de Trabajo...\",\"breadcrumb\":{\"@id\":\"https:\/\/www.affectio.es\/es\/integral\/pimes\/pimes-acompanamiento-gestion-laboral\/#breadcrumb\"},\"inLanguage\":\"es\",\"potentialAction\":[{\"@type\":\"ReadAction\",\"target\":[\"https:\/\/www.affectio.es\/es\/integral\/pimes\/pimes-acompanamiento-gestion-laboral\/\"]}]},{\"@type\":\"BreadcrumbList\",\"@id\":\"https:\/\/www.affectio.es\/es\/integral\/pimes\/pimes-acompanamiento-gestion-laboral\/#breadcrumb\",\"itemListElement\":[{\"@type\":\"ListItem\",\"position\":1,\"name\":\"Portada\",\"item\":\"https:\/\/www.affectio.es\/es\/\"},{\"@type\":\"ListItem\",\"position\":2,\"name\":\"Integral\",\"item\":\"https:\/\/www.affectio.es\/es\/integral\/\"},{\"@type\":\"ListItem\",\"position\":3,\"name\":\"PIME&#8217;s\",\"item\":\"https:\/\/www.affectio.es\/es\/integral\/pimes\/\"},{\"@type\":\"ListItem\",\"position\":4,\"name\":\"PIME&#8217;s &#8211; Acompa\u00f1amiento Gesti\u00f3n Laboral\"}]},{\"@type\":\"WebSite\",\"@id\":\"https:\/\/www.affectio.es\/es\/#website\",\"url\":\"https:\/\/www.affectio.es\/es\/\",\"name\":\"Affectio Group\",\"description\":\"Affectio Group es la expresi\u00f3n del v\u00ednculo entre los m\u00e1s de 30 profesionales de Integral\u00ae y de Idea Iuris\u00ae, basado en la mutua confianza y en su deseo de aunar sus contrastadas solvencia y experiencia\",\"potentialAction\":[{\"@type\":\"SearchAction\",\"target\":{\"@type\":\"EntryPoint\",\"urlTemplate\":\"https:\/\/www.affectio.es\/es\/?s={search_term_string}\"},\"query-input\":{\"@type\":\"PropertyValueSpecification\",\"valueRequired\":true,\"valueName\":\"search_term_string\"}}],\"inLanguage\":\"es\"}]}<\/script>\n<!-- \/ Yoast SEO plugin. -->","yoast_head_json":{"title":"PIME's - Acompa\u00f1amiento Gesti\u00f3n Laboral - Affectio Group","description":"N\u00f3minas y Seguridad Social, Contrataci\u00f3n, Prevenci\u00f3n del Conflicto Laboral, Prevenci\u00f3n de Riesgos Laborales, Inspecciones de Trabajo...","robots":{"index":"index","follow":"follow","max-snippet":"max-snippet:-1","max-image-preview":"max-image-preview:large","max-video-preview":"max-video-preview:-1"},"canonical":"https:\/\/www.affectio.es\/es\/integral\/pimes\/pimes-acompanamiento-gestion-laboral\/","og_locale":"es_ES","og_type":"article","og_title":"PIME's - Acompa\u00f1amiento Gesti\u00f3n Laboral - Affectio Group","og_description":"N\u00f3minas y Seguridad Social, Contrataci\u00f3n, Prevenci\u00f3n del Conflicto Laboral, Prevenci\u00f3n de Riesgos Laborales, Inspecciones de Trabajo...","og_url":"https:\/\/www.affectio.es\/es\/integral\/pimes\/pimes-acompanamiento-gestion-laboral\/","og_site_name":"Affectio Group","article_modified_time":"2022-11-17T13:10:12+00:00","twitter_card":"summary_large_image","twitter_misc":{"Tiempo de lectura":"5 minutos"},"schema":{"@context":"https:\/\/schema.org","@graph":[{"@type":"WebPage","@id":"https:\/\/www.affectio.es\/es\/integral\/pimes\/pimes-acompanamiento-gestion-laboral\/","url":"https:\/\/www.affectio.es\/es\/integral\/pimes\/pimes-acompanamiento-gestion-laboral\/","name":"PIME's - Acompa\u00f1amiento Gesti\u00f3n Laboral - Affectio Group","isPartOf":{"@id":"https:\/\/www.affectio.es\/es\/#website"},"datePublished":"2020-09-29T10:27:53+00:00","dateModified":"2022-11-17T13:10:12+00:00","description":"N\u00f3minas y Seguridad Social, Contrataci\u00f3n, Prevenci\u00f3n del Conflicto Laboral, Prevenci\u00f3n de Riesgos Laborales, Inspecciones de Trabajo...","breadcrumb":{"@id":"https:\/\/www.affectio.es\/es\/integral\/pimes\/pimes-acompanamiento-gestion-laboral\/#breadcrumb"},"inLanguage":"es","potentialAction":[{"@type":"ReadAction","target":["https:\/\/www.affectio.es\/es\/integral\/pimes\/pimes-acompanamiento-gestion-laboral\/"]}]},{"@type":"BreadcrumbList","@id":"https:\/\/www.affectio.es\/es\/integral\/pimes\/pimes-acompanamiento-gestion-laboral\/#breadcrumb","itemListElement":[{"@type":"ListItem","position":1,"name":"Portada","item":"https:\/\/www.affectio.es\/es\/"},{"@type":"ListItem","position":2,"name":"Integral","item":"https:\/\/www.affectio.es\/es\/integral\/"},{"@type":"ListItem","position":3,"name":"PIME&#8217;s","item":"https:\/\/www.affectio.es\/es\/integral\/pimes\/"},{"@type":"ListItem","position":4,"name":"PIME&#8217;s &#8211; Acompa\u00f1amiento Gesti\u00f3n Laboral"}]},{"@type":"WebSite","@id":"https:\/\/www.affectio.es\/es\/#website","url":"https:\/\/www.affectio.es\/es\/","name":"Affectio Group","description":"Affectio Group es la expresi\u00f3n del v\u00ednculo entre los m\u00e1s de 30 profesionales de Integral\u00ae y de Idea Iuris\u00ae, basado en la mutua confianza y en su deseo de aunar sus contrastadas solvencia y experiencia","potentialAction":[{"@type":"SearchAction","target":{"@type":"EntryPoint","urlTemplate":"https:\/\/www.affectio.es\/es\/?s={search_term_string}"},"query-input":{"@type":"PropertyValueSpecification","valueRequired":true,"valueName":"search_term_string"}}],"inLanguage":"es"}]}},"_links":{"self":[{"href":"https:\/\/www.affectio.es\/es\/wp-json\/wp\/v2\/pages\/97","targetHints":{"allow":["GET"]}}],"collection":[{"href":"https:\/\/www.affectio.es\/es\/wp-json\/wp\/v2\/pages"}],"about":[{"href":"https:\/\/www.affectio.es\/es\/wp-json\/wp\/v2\/types\/page"}],"author":[{"embeddable":true,"href":"https:\/\/www.affectio.es\/es\/wp-json\/wp\/v2\/users\/1"}],"replies":[{"embeddable":true,"href":"https:\/\/www.affectio.es\/es\/wp-json\/wp\/v2\/comments?post=97"}],"version-history":[{"count":6,"href":"https:\/\/www.affectio.es\/es\/wp-json\/wp\/v2\/pages\/97\/revisions"}],"predecessor-version":[{"id":1721,"href":"https:\/\/www.affectio.es\/es\/wp-json\/wp\/v2\/pages\/97\/revisions\/1721"}],"up":[{"embeddable":true,"href":"https:\/\/www.affectio.es\/es\/wp-json\/wp\/v2\/pages\/93"}],"wp:attachment":[{"href":"https:\/\/www.affectio.es\/es\/wp-json\/wp\/v2\/media?parent=97"}],"curies":[{"name":"wp","href":"https:\/\/api.w.org\/{rel}","templated":true}]}}