{"id":87,"date":"2020-09-29T10:26:01","date_gmt":"2020-09-29T10:26:01","guid":{"rendered":"https:\/\/www.affectio.es\/?page_id=87"},"modified":"2020-10-14T09:28:22","modified_gmt":"2020-10-14T09:28:22","slug":"escuelas-y-centros-educativos-implantacion-del-sello-de-innovacion-educativa-smart","status":"publish","type":"page","link":"https:\/\/www.affectio.es\/es\/integral\/escuelas-y-centros-educativos\/escuelas-y-centros-educativos-implantacion-del-sello-de-innovacion-educativa-smart\/","title":{"rendered":"Escuelas y centros educativos &#8211; Implantaci\u00f3n del Sello de innovaci\u00f3n educativa Smart"},"content":{"rendered":"<div class=\"wpb-content-wrapper\"><p>[vc_row css=\u00bb.vc_custom_1601393550421{margin-bottom: -80px !important;}\u00bb][vc_column][vc_column_text]<\/p>\n<h1><span style=\"color: #2a2a69;\">Escuelas y centros educativos<\/span><\/h1>\n<p>[\/vc_column_text][vc_column_text css=\u00bb.vc_custom_1585329180306{margin-top: 0px !important;margin-bottom: 0px !important;padding-top: 0px !important;padding-bottom: 0px !important;}\u00bb el_id=\u00bbdivconsultoria-actividadcomercialymarketing\u00bb][\/vc_column_text]<div id=\"ultimate-heading-177069e340297cd20\" class=\"uvc-heading ult-adjust-bottom-margin ultimate-heading-177069e340297cd20 uvc-8058 color-title\" data-hspacer=\"no_spacer\"  data-halign=\"left\" style=\"text-align:left\"><div class=\"uvc-heading-spacer no_spacer\" style=\"top\"><\/div><div class=\"uvc-main-heading ult-responsive\"  data-ultimate-target='.uvc-heading.ultimate-heading-177069e340297cd20 h2'  data-responsive-json-new='{\"font-size\":\"desktop:30px;\",\"line-height\":\"desktop:40px;\"}' ><h2 style=\"font-weight:bold;color:#28a7fb;margin-top:25px;margin-bottom:25px;\">Implantaci\u00f3n del Sello de innovaci\u00f3n educativa Smart<\/h2><\/div><\/div>[vc_column_text css=\u00bb.vc_custom_1585753643634{padding-bottom: 30px !important;}\u00bb]<\/p>\n<div style=\"text-align: justify;\">\n<p>Nuestra divisi\u00f3n de consultor\u00eda cuenta con un equipo dotado de amplia experiencia en el acompa\u00f1amiento y asesoramiento a escuelas y centros educativos. La actuaci\u00f3n de nuestro equipo consultor se focaliza en la implantaci\u00f3n de proyectos en \u00e1reas como la estrategia, la mejora de la actividad comercial y marketing, las personas y la innovaci\u00f3n.<br \/>\nSomos partners de Fundaci\u00f3 Tr@ms para la implantaci\u00f3n en las escuelas y centros educativos del <a href=\"https:\/\/www.segellsmart.org\" target=\"_blank\" rel=\"noopener noreferrer\">Sello SMART<\/a> como marco de excelencia educativa en los \u00e1mbitos de estrategia, gesti\u00f3n, comunidad educativa, producto, comunicaci\u00f3n y marketing.<\/p>\n<\/div>\n<p>[\/vc_column_text][vc_column_text css=\u00bb.vc_custom_1585329191387{margin-top: 0px !important;margin-bottom: 0px !important;padding-top: 0px !important;padding-bottom: 0px !important;}\u00bb el_id=\u00bbdivconsultoria-actividadcomercial\u00bb][\/vc_column_text]<div id=\"ultimate-heading-138669e340297ce70\" class=\"uvc-heading ult-adjust-bottom-margin ultimate-heading-138669e340297ce70 uvc-4107 color-title\" data-hspacer=\"line_only\"  data-halign=\"left\" style=\"text-align:left\"><div class=\"uvc-main-heading ult-responsive\"  data-ultimate-target='.uvc-heading.ultimate-heading-138669e340297ce70 h2'  data-responsive-json-new='{\"font-size\":\"desktop:30px;\",\"line-height\":\"desktop:40px;\"}' ><h2 style=\"font-weight:bold;color:#333366;margin-top:25px;margin-bottom:25px;\">Implantaci\u00f3n del Sello SMART (co-creaci\u00f3n Fundaci\u00f3 Tr@ms \u2013 Entidad validadora UOC)<\/h2><\/div><div class=\"uvc-heading-spacer line_only\" style=\"topheight:1px;\"><span class=\"uvc-headings-line\" style=\"border-style:solid;border-bottom-width:1px;border-color:#3f4a9a;width:autopx;\"><\/span><\/div><\/div>[vc_column_text css=\u00bb.vc_custom_1602667684096{padding-top: 30px !important;padding-bottom: 30px !important;}\u00bb]<\/p>\n<div style=\"text-align: justify;\">\n<p>Acompa\u00f1amos a las escuelas durante el proceso de implantaci\u00f3n y acreditaci\u00f3n del sello SMART, consistente en establecer un marco com\u00fan para promover en las escuelas un alto nivel de calidad educativa e innovaci\u00f3n desde una \u00f3ptica global de actuaci\u00f3n.<\/p>\n<p>Sello SMART.<br \/>\n\u00c1mbitos que se desarrollan en el <a href=\"https:\/\/www.segellsmart.org\" target=\"_blank\" rel=\"noopener noreferrer\">sello SMART<\/a>:<\/p>\n<p><strong>\u2022 Comunidad educativa.<\/strong><br \/>\nFacilitar la implicaci\u00f3n y la motivaci\u00f3n del equipo docente, desplegando aspectos tan importantes como la formaci\u00f3n, la autonom\u00eda en el desarrollo de actividades, as\u00ed como la gesti\u00f3n del conocimiento y la relaci\u00f3n con el centro educativo, en un marco de mejora y de participaci\u00f3n.<\/p>\n<p><strong>\u2022 Los alumnos.<\/strong><br \/>\nAcompa\u00f1amiento integral al alumno, a la calidad de su formaci\u00f3n, la integraci\u00f3n de valores y la disponibilidad de ambientes de trabajo que ayudan a la participaci\u00f3n y a la creatividad de los alumnos.<\/p>\n<p><strong>\u2022 Sociedad.<\/strong><br \/>\nFortalecimiento de la relaci\u00f3n de la escuela con la sociedad y sus grupos de inter\u00e9s para asegurar una fluidez en la comunicaci\u00f3n y en la presentaci\u00f3n activa de los elementos diferenciadores y de valor que la escuela aporta en los sus \u00e1mbitos en los que genera impacto. El despliegue de las diversas l\u00edneas de actuaci\u00f3n planteadas deben facilitar a la escuela posicionarse como la mejor alternativa en la elecci\u00f3n de a las familias.<\/p>\n<p><strong>\u2022 Producto y metodolog\u00edas.<\/strong><br \/>\nMejora de la calidad educativa de la escuela y la integraci\u00f3n en el alumno de las competencias y habilidades necesarias para adaptarse y aprovechar las oportunidades de un entorno din\u00e1mico, fomentando la innovaci\u00f3n pedag\u00f3gica y la utilizaci\u00f3n de la tecnolog\u00eda y de los idiomas de forma integral.<\/p>\n<\/div>\n<p>[\/vc_column_text][\/vc_column][\/vc_row]<\/p>\n<\/div>","protected":false},"excerpt":{"rendered":"<p>[vc_row css=\u00bb.vc_custom_1601393550421{margin-bottom: -80px !important;}\u00bb][vc_column][vc_column_text] Escuelas y centros educativos [\/vc_column_text][vc_column_text css=\u00bb.vc_custom_1585329180306{margin-top: 0px !important;margin-bottom: 0px !important;padding-top: 0px !important;padding-bottom: 0px !important;}\u00bb el_id=\u00bbdivconsultoria-actividadcomercialymarketing\u00bb][\/vc_column_text][vc_column_text css=\u00bb.vc_custom_1585753643634{padding-bottom: 30px !important;}\u00bb] Nuestra divisi\u00f3n de consultor\u00eda cuenta con un equipo dotado de amplia experiencia en el acompa\u00f1amiento y asesoramiento a escuelas y centros educativos. La actuaci\u00f3n de nuestro equipo consultor se focaliza en la implantaci\u00f3n&hellip;<\/p>\n","protected":false},"author":1,"featured_media":0,"parent":81,"menu_order":0,"comment_status":"closed","ping_status":"closed","template":"","meta":{"footnotes":""},"class_list":["post-87","page","type-page","status-publish","hentry","description-off"],"yoast_head":"<!-- This site is optimized with the Yoast SEO plugin v26.9 - https:\/\/yoast.com\/product\/yoast-seo-wordpress\/ -->\n<title>Escuelas y centros educativos - Implantaci\u00f3n del Sello de innovaci\u00f3n educativa Smart - Affectio Group<\/title>\n<meta name=\"description\" content=\"Acompa\u00f1amos a las escuelas durante el proceso de implantaci\u00f3n y acreditaci\u00f3n del sello SMART, consistente en establecer un marco com\u00fan...\" \/>\n<meta name=\"robots\" content=\"index, follow, max-snippet:-1, max-image-preview:large, max-video-preview:-1\" \/>\n<link rel=\"canonical\" href=\"https:\/\/www.affectio.es\/es\/integral\/escuelas-y-centros-educativos\/escuelas-y-centros-educativos-implantacion-del-sello-de-innovacion-educativa-smart\/\" \/>\n<meta property=\"og:locale\" content=\"es_ES\" \/>\n<meta property=\"og:type\" content=\"article\" \/>\n<meta property=\"og:title\" content=\"Escuelas y centros educativos - Implantaci\u00f3n del Sello de innovaci\u00f3n educativa Smart - Affectio Group\" \/>\n<meta property=\"og:description\" content=\"Acompa\u00f1amos a las escuelas durante el proceso de implantaci\u00f3n y acreditaci\u00f3n del sello SMART, consistente en establecer un marco com\u00fan...\" \/>\n<meta property=\"og:url\" content=\"https:\/\/www.affectio.es\/es\/integral\/escuelas-y-centros-educativos\/escuelas-y-centros-educativos-implantacion-del-sello-de-innovacion-educativa-smart\/\" \/>\n<meta property=\"og:site_name\" content=\"Affectio Group\" \/>\n<meta property=\"article:modified_time\" content=\"2020-10-14T09:28:22+00:00\" \/>\n<meta name=\"twitter:card\" content=\"summary_large_image\" \/>\n<meta name=\"twitter:label1\" content=\"Tiempo de lectura\" \/>\n\t<meta name=\"twitter:data1\" content=\"3 minutos\" \/>\n<script type=\"application\/ld+json\" class=\"yoast-schema-graph\">{\"@context\":\"https:\/\/schema.org\",\"@graph\":[{\"@type\":\"WebPage\",\"@id\":\"https:\/\/www.affectio.es\/es\/integral\/escuelas-y-centros-educativos\/escuelas-y-centros-educativos-implantacion-del-sello-de-innovacion-educativa-smart\/\",\"url\":\"https:\/\/www.affectio.es\/es\/integral\/escuelas-y-centros-educativos\/escuelas-y-centros-educativos-implantacion-del-sello-de-innovacion-educativa-smart\/\",\"name\":\"Escuelas y centros educativos - Implantaci\u00f3n del Sello de innovaci\u00f3n educativa Smart - Affectio Group\",\"isPartOf\":{\"@id\":\"https:\/\/www.affectio.es\/es\/#website\"},\"datePublished\":\"2020-09-29T10:26:01+00:00\",\"dateModified\":\"2020-10-14T09:28:22+00:00\",\"description\":\"Acompa\u00f1amos a las escuelas durante el proceso de implantaci\u00f3n y acreditaci\u00f3n del sello SMART, consistente en establecer un marco com\u00fan...\",\"breadcrumb\":{\"@id\":\"https:\/\/www.affectio.es\/es\/integral\/escuelas-y-centros-educativos\/escuelas-y-centros-educativos-implantacion-del-sello-de-innovacion-educativa-smart\/#breadcrumb\"},\"inLanguage\":\"es\",\"potentialAction\":[{\"@type\":\"ReadAction\",\"target\":[\"https:\/\/www.affectio.es\/es\/integral\/escuelas-y-centros-educativos\/escuelas-y-centros-educativos-implantacion-del-sello-de-innovacion-educativa-smart\/\"]}]},{\"@type\":\"BreadcrumbList\",\"@id\":\"https:\/\/www.affectio.es\/es\/integral\/escuelas-y-centros-educativos\/escuelas-y-centros-educativos-implantacion-del-sello-de-innovacion-educativa-smart\/#breadcrumb\",\"itemListElement\":[{\"@type\":\"ListItem\",\"position\":1,\"name\":\"Portada\",\"item\":\"https:\/\/www.affectio.es\/es\/\"},{\"@type\":\"ListItem\",\"position\":2,\"name\":\"Integral\",\"item\":\"https:\/\/www.affectio.es\/es\/integral\/\"},{\"@type\":\"ListItem\",\"position\":3,\"name\":\"Escuelas y centros educativos\",\"item\":\"https:\/\/www.affectio.es\/es\/integral\/escoles-centres-educatius\/\"},{\"@type\":\"ListItem\",\"position\":4,\"name\":\"Escuelas y centros educativos &#8211; Implantaci\u00f3n del Sello de innovaci\u00f3n educativa Smart\"}]},{\"@type\":\"WebSite\",\"@id\":\"https:\/\/www.affectio.es\/es\/#website\",\"url\":\"https:\/\/www.affectio.es\/es\/\",\"name\":\"Affectio Group\",\"description\":\"Affectio Group es la expresi\u00f3n del v\u00ednculo entre los m\u00e1s de 30 profesionales de Integral\u00ae y de Idea Iuris\u00ae, basado en la mutua confianza y en su deseo de aunar sus contrastadas solvencia y experiencia\",\"potentialAction\":[{\"@type\":\"SearchAction\",\"target\":{\"@type\":\"EntryPoint\",\"urlTemplate\":\"https:\/\/www.affectio.es\/es\/?s={search_term_string}\"},\"query-input\":{\"@type\":\"PropertyValueSpecification\",\"valueRequired\":true,\"valueName\":\"search_term_string\"}}],\"inLanguage\":\"es\"}]}<\/script>\n<!-- \/ Yoast SEO plugin. -->","yoast_head_json":{"title":"Escuelas y centros educativos - Implantaci\u00f3n del Sello de innovaci\u00f3n educativa Smart - Affectio Group","description":"Acompa\u00f1amos a las escuelas durante el proceso de implantaci\u00f3n y acreditaci\u00f3n del sello SMART, consistente en establecer un marco com\u00fan...","robots":{"index":"index","follow":"follow","max-snippet":"max-snippet:-1","max-image-preview":"max-image-preview:large","max-video-preview":"max-video-preview:-1"},"canonical":"https:\/\/www.affectio.es\/es\/integral\/escuelas-y-centros-educativos\/escuelas-y-centros-educativos-implantacion-del-sello-de-innovacion-educativa-smart\/","og_locale":"es_ES","og_type":"article","og_title":"Escuelas y centros educativos - Implantaci\u00f3n del Sello de innovaci\u00f3n educativa Smart - Affectio Group","og_description":"Acompa\u00f1amos a las escuelas durante el proceso de implantaci\u00f3n y acreditaci\u00f3n del sello SMART, consistente en establecer un marco com\u00fan...","og_url":"https:\/\/www.affectio.es\/es\/integral\/escuelas-y-centros-educativos\/escuelas-y-centros-educativos-implantacion-del-sello-de-innovacion-educativa-smart\/","og_site_name":"Affectio Group","article_modified_time":"2020-10-14T09:28:22+00:00","twitter_card":"summary_large_image","twitter_misc":{"Tiempo de lectura":"3 minutos"},"schema":{"@context":"https:\/\/schema.org","@graph":[{"@type":"WebPage","@id":"https:\/\/www.affectio.es\/es\/integral\/escuelas-y-centros-educativos\/escuelas-y-centros-educativos-implantacion-del-sello-de-innovacion-educativa-smart\/","url":"https:\/\/www.affectio.es\/es\/integral\/escuelas-y-centros-educativos\/escuelas-y-centros-educativos-implantacion-del-sello-de-innovacion-educativa-smart\/","name":"Escuelas y centros educativos - Implantaci\u00f3n del Sello de innovaci\u00f3n educativa Smart - Affectio Group","isPartOf":{"@id":"https:\/\/www.affectio.es\/es\/#website"},"datePublished":"2020-09-29T10:26:01+00:00","dateModified":"2020-10-14T09:28:22+00:00","description":"Acompa\u00f1amos a las escuelas durante el proceso de implantaci\u00f3n y acreditaci\u00f3n del sello SMART, consistente en establecer un marco com\u00fan...","breadcrumb":{"@id":"https:\/\/www.affectio.es\/es\/integral\/escuelas-y-centros-educativos\/escuelas-y-centros-educativos-implantacion-del-sello-de-innovacion-educativa-smart\/#breadcrumb"},"inLanguage":"es","potentialAction":[{"@type":"ReadAction","target":["https:\/\/www.affectio.es\/es\/integral\/escuelas-y-centros-educativos\/escuelas-y-centros-educativos-implantacion-del-sello-de-innovacion-educativa-smart\/"]}]},{"@type":"BreadcrumbList","@id":"https:\/\/www.affectio.es\/es\/integral\/escuelas-y-centros-educativos\/escuelas-y-centros-educativos-implantacion-del-sello-de-innovacion-educativa-smart\/#breadcrumb","itemListElement":[{"@type":"ListItem","position":1,"name":"Portada","item":"https:\/\/www.affectio.es\/es\/"},{"@type":"ListItem","position":2,"name":"Integral","item":"https:\/\/www.affectio.es\/es\/integral\/"},{"@type":"ListItem","position":3,"name":"Escuelas y centros educativos","item":"https:\/\/www.affectio.es\/es\/integral\/escoles-centres-educatius\/"},{"@type":"ListItem","position":4,"name":"Escuelas y centros educativos &#8211; Implantaci\u00f3n del Sello de innovaci\u00f3n educativa Smart"}]},{"@type":"WebSite","@id":"https:\/\/www.affectio.es\/es\/#website","url":"https:\/\/www.affectio.es\/es\/","name":"Affectio Group","description":"Affectio Group es la expresi\u00f3n del v\u00ednculo entre los m\u00e1s de 30 profesionales de Integral\u00ae y de Idea Iuris\u00ae, basado en la mutua confianza y en su deseo de aunar sus contrastadas solvencia y experiencia","potentialAction":[{"@type":"SearchAction","target":{"@type":"EntryPoint","urlTemplate":"https:\/\/www.affectio.es\/es\/?s={search_term_string}"},"query-input":{"@type":"PropertyValueSpecification","valueRequired":true,"valueName":"search_term_string"}}],"inLanguage":"es"}]}},"_links":{"self":[{"href":"https:\/\/www.affectio.es\/es\/wp-json\/wp\/v2\/pages\/87","targetHints":{"allow":["GET"]}}],"collection":[{"href":"https:\/\/www.affectio.es\/es\/wp-json\/wp\/v2\/pages"}],"about":[{"href":"https:\/\/www.affectio.es\/es\/wp-json\/wp\/v2\/types\/page"}],"author":[{"embeddable":true,"href":"https:\/\/www.affectio.es\/es\/wp-json\/wp\/v2\/users\/1"}],"replies":[{"embeddable":true,"href":"https:\/\/www.affectio.es\/es\/wp-json\/wp\/v2\/comments?post=87"}],"version-history":[{"count":4,"href":"https:\/\/www.affectio.es\/es\/wp-json\/wp\/v2\/pages\/87\/revisions"}],"predecessor-version":[{"id":1347,"href":"https:\/\/www.affectio.es\/es\/wp-json\/wp\/v2\/pages\/87\/revisions\/1347"}],"up":[{"embeddable":true,"href":"https:\/\/www.affectio.es\/es\/wp-json\/wp\/v2\/pages\/81"}],"wp:attachment":[{"href":"https:\/\/www.affectio.es\/es\/wp-json\/wp\/v2\/media?parent=87"}],"curies":[{"name":"wp","href":"https:\/\/api.w.org\/{rel}","templated":true}]}}