{"id":75,"date":"2020-09-29T10:24:35","date_gmt":"2020-09-29T10:24:35","guid":{"rendered":"https:\/\/www.affectio.es\/?page_id=75"},"modified":"2020-10-14T09:05:51","modified_gmt":"2020-10-14T09:05:51","slug":"economia-social-actividad-comercial-y-marketing","status":"publish","type":"page","link":"https:\/\/www.affectio.es\/es\/integral\/economia-social\/economia-social-actividad-comercial-y-marketing\/","title":{"rendered":"Econom\u00eda Social &#8211; Actividad comercial y marketing"},"content":{"rendered":"<div class=\"wpb-content-wrapper\"><p>[vc_row][vc_column][vc_column_text]<\/p>\n<h1><span style=\"color: #2a2a69;\">Econom\u00eda social<\/span><\/h1>\n<p>[\/vc_column_text][vc_column_text css=\u00bb.vc_custom_1585329180306{margin-top: 0px !important;margin-bottom: 0px !important;padding-top: 0px !important;padding-bottom: 0px !important;}\u00bb el_id=\u00bbdivconsultoria-actividadcomercialymarketing\u00bb][\/vc_column_text]<div id=\"ultimate-heading-508469e3402b0a346\" class=\"uvc-heading ult-adjust-bottom-margin ultimate-heading-508469e3402b0a346 uvc-7085 color-title\" data-hspacer=\"no_spacer\"  data-halign=\"left\" style=\"text-align:left\"><div class=\"uvc-heading-spacer no_spacer\" style=\"top\"><\/div><div class=\"uvc-main-heading ult-responsive\"  data-ultimate-target='.uvc-heading.ultimate-heading-508469e3402b0a346 h2'  data-responsive-json-new='{\"font-size\":\"desktop:30px;\",\"line-height\":\"desktop:40px;\"}' ><h2 style=\"font-weight:bold;color:#28a7fb;margin-top:25px;margin-bottom:25px;\">Actividad comercial y marketing<\/h2><\/div><\/div>[vc_column_text css=\u00bb.vc_custom_1585329005669{padding-bottom: 30px !important;}\u00bb]<\/p>\n<div style=\"text-align: justify;\">\n<p>Nuestro equipo dispone de expertos con una amplia experiencia en el acompa\u00f1amiento y asesoramiento a empresas y entidades, especialmente de peque\u00f1a y mediana dimensi\u00f3n. Nuestra filosof\u00eda de trabajo se basa en la proximidad, la flexibilidad y el rigor profesional.<br \/>\nNuestro asesoramiento identifica las necesidades de nuestros clientes implantar soluciones pr\u00e1cticas y realistas para cada situaci\u00f3n. Todos los proyectos son dirigidos por consultores seniors, que cuentan con el soporte de m\u00e1s de 30 profesionales especializados en los diversos campos de conocimiento vinculados a la empresa.<\/div>\n<p>[\/vc_column_text][vc_column_text css=\u00bb.vc_custom_1585329191387{margin-top: 0px !important;margin-bottom: 0px !important;padding-top: 0px !important;padding-bottom: 0px !important;}\u00bb el_id=\u00bbdivconsultoria-actividadcomercial\u00bb][\/vc_column_text]<div id=\"ultimate-heading-38369e3402b0a417\" class=\"uvc-heading ult-adjust-bottom-margin ultimate-heading-38369e3402b0a417 uvc-2338 color-title\" data-hspacer=\"line_only\"  data-halign=\"left\" style=\"text-align:left\"><div class=\"uvc-main-heading ult-responsive\"  data-ultimate-target='.uvc-heading.ultimate-heading-38369e3402b0a417 h2'  data-responsive-json-new='{\"font-size\":\"desktop:30px;\",\"line-height\":\"desktop:40px;\"}' ><h2 style=\"font-weight:bold;color:#333366;margin-top:25px;margin-bottom:25px;\">Actividad comercial<\/h2><\/div><div class=\"uvc-heading-spacer line_only\" style=\"topheight:1px;\"><span class=\"uvc-headings-line\" style=\"border-style:solid;border-bottom-width:1px;border-color:#3f4a9a;width:autopx;\"><\/span><\/div><\/div>[vc_column_text css=\u00bb.vc_custom_1585329059164{padding-top: 30px !important;padding-bottom: 30px !important;}\u00bb]<\/p>\n<div style=\"text-align: justify;\">\n<p><strong>\u2022 Mejora de las ventas y la actividad comercial.<\/strong><br \/>\nDefinimos estrategias concretas y pr\u00e1cticas, utilizando las herramientas necesarias para mejorar las ventas, la gesti\u00f3n y segmentaci\u00f3n de clientes, la generaci\u00f3n de argumentarios de venta, y el reenfoque de la cartera de productos y servicios a partir de criterios de rentabilidad y rotaci\u00f3n.<br \/>\n<strong>\u2022 Reestructuraci\u00f3n del departamento comercial y focalizaci\u00f3n de los objetivos comerciales.<\/strong><br \/>\nTrabajamos conjuntamente con la Direcci\u00f3n de la empresa y el responsable del departamento Comercial para definir los puntos de mejora vinculados a una actuaci\u00f3n proactiva que facilite la consecuci\u00f3n de los objetivos comerciales, como pueden ser la captaci\u00f3n de nuevos clientes, la generaci\u00f3n de oportunidades de negocio, o la entrada en nuevos mercados y canales de venta.<br \/>\n<strong>\u2022 Dinamizaci\u00f3n de equipos comerciales.<\/strong><br \/>\nAcompa\u00f1amos a los equipos comerciales para mejorar la eficiencia de sus acciones, a trav\u00e9s de una estructura que permita la adecuada coordinaci\u00f3n, as\u00ed como impulsar su proactividad y capacidad de respuesta para generar oportunidades de negocio, asegurar su seguimiento, y mejorar las probabilidades de \u00e9xito.<br \/>\n<strong>\u2022 Sistemas de retribuci\u00f3n espec\u00edficos para el departamento comercial.<\/strong><br \/>\nDise\u00f1amos sistemas de retribuci\u00f3n variable por objetivos que permiten relaciones win &#8211; win para la empresa y su equipo comercial, asegurando de esta forma que la masa salarial del departamento se alinea con los resultados de facturaci\u00f3n, margen y generaci\u00f3n de nuevo negocio de la empresa.<\/div>\n<p>[\/vc_column_text][vc_column_text css=\u00bb.vc_custom_1585329202806{margin-top: 0px !important;margin-bottom: 0px !important;padding-top: 0px !important;padding-bottom: 0px !important;}\u00bb el_id=\u00bbdivconsultoria-marketing\u00bb][\/vc_column_text]<div id=\"ultimate-heading-205269e3402b0a489\" class=\"uvc-heading ult-adjust-bottom-margin ultimate-heading-205269e3402b0a489 uvc-8346 color-title\" data-hspacer=\"line_only\"  data-halign=\"left\" style=\"text-align:left\"><div class=\"uvc-main-heading ult-responsive\"  data-ultimate-target='.uvc-heading.ultimate-heading-205269e3402b0a489 h2'  data-responsive-json-new='{\"font-size\":\"desktop:30px;\",\"line-height\":\"desktop:40px;\"}' ><h2 style=\"font-weight:bold;color:#333366;margin-top:25px;margin-bottom:25px;\">Marketing<\/h2><\/div><div class=\"uvc-heading-spacer line_only\" style=\"topheight:1px;\"><span class=\"uvc-headings-line\" style=\"border-style:solid;border-bottom-width:1px;border-color:#3f4a9a;width:autopx;\"><\/span><\/div><\/div>[vc_column_text css=\u00bb.vc_custom_1585329095525{padding-top: 30px !important;padding-bottom: 30px !important;}\u00bb]<\/p>\n<div style=\"text-align: justify;\">\n<p><strong>\u2022 Estrategia de Marketing<\/strong><br \/>\nAcompa\u00f1amos en la definici\u00f3n e implantaci\u00f3n de la estrategia de marketing para mejorar el posicionamiento y la visibilidad de la empresa, de su propuesta de valor, y de sus productos y servicios, siempre desde una perspectiva de utilizaci\u00f3n de los recursos adecuados y dimensionados a las posibilidades reales de la organizaci\u00f3n.<\/p>\n<p><strong>\u2022 Propuesta de valor y reenfoque de la comunicaci\u00f3n y el marketing.<\/strong><br \/>\nAyudamos a la organizaci\u00f3n identificar y\/o reenfocar su propuesta de valor, y a focalizar sus mensajes en acciones de comunicaci\u00f3n y de marketing, considerando las caracter\u00edsticas y necesidades espec\u00edficas de los clientes y mercados objetivos.<\/div>\n<p>[\/vc_column_text][\/vc_column][\/vc_row]<\/p>\n<\/div>","protected":false},"excerpt":{"rendered":"<p>[vc_row][vc_column][vc_column_text] Econom\u00eda social [\/vc_column_text][vc_column_text css=\u00bb.vc_custom_1585329180306{margin-top: 0px !important;margin-bottom: 0px !important;padding-top: 0px !important;padding-bottom: 0px !important;}\u00bb el_id=\u00bbdivconsultoria-actividadcomercialymarketing\u00bb][\/vc_column_text][vc_column_text css=\u00bb.vc_custom_1585329005669{padding-bottom: 30px !important;}\u00bb] Nuestro equipo dispone de expertos con una amplia experiencia en el acompa\u00f1amiento y asesoramiento a empresas y entidades, especialmente de peque\u00f1a y mediana dimensi\u00f3n. Nuestra filosof\u00eda de trabajo se basa en la proximidad, la flexibilidad y el rigor&hellip;<\/p>\n","protected":false},"author":1,"featured_media":0,"parent":69,"menu_order":0,"comment_status":"closed","ping_status":"closed","template":"","meta":{"footnotes":""},"class_list":["post-75","page","type-page","status-publish","hentry","description-off"],"yoast_head":"<!-- This site is optimized with the Yoast SEO plugin v26.9 - https:\/\/yoast.com\/product\/yoast-seo-wordpress\/ -->\n<title>Econom\u00eda Social - Actividad comercial y marketing - Affectio Group<\/title>\n<meta name=\"description\" content=\"Nuestro equipo dispone de expertos con una amplia experiencia en el acompa\u00f1amiento y asesoramiento a empresas y entidades...\" \/>\n<meta name=\"robots\" content=\"index, follow, max-snippet:-1, max-image-preview:large, max-video-preview:-1\" \/>\n<link rel=\"canonical\" href=\"https:\/\/www.affectio.es\/es\/integral\/economia-social\/economia-social-actividad-comercial-y-marketing\/\" \/>\n<meta property=\"og:locale\" content=\"es_ES\" \/>\n<meta property=\"og:type\" content=\"article\" \/>\n<meta property=\"og:title\" content=\"Econom\u00eda Social - Actividad comercial y marketing - Affectio Group\" \/>\n<meta property=\"og:description\" content=\"Nuestro equipo dispone de expertos con una amplia experiencia en el acompa\u00f1amiento y asesoramiento a empresas y entidades...\" \/>\n<meta property=\"og:url\" content=\"https:\/\/www.affectio.es\/es\/integral\/economia-social\/economia-social-actividad-comercial-y-marketing\/\" \/>\n<meta property=\"og:site_name\" content=\"Affectio Group\" \/>\n<meta property=\"article:modified_time\" content=\"2020-10-14T09:05:51+00:00\" \/>\n<meta name=\"twitter:card\" content=\"summary_large_image\" \/>\n<meta name=\"twitter:label1\" content=\"Tiempo de lectura\" \/>\n\t<meta name=\"twitter:data1\" content=\"4 minutos\" \/>\n<script type=\"application\/ld+json\" class=\"yoast-schema-graph\">{\"@context\":\"https:\/\/schema.org\",\"@graph\":[{\"@type\":\"WebPage\",\"@id\":\"https:\/\/www.affectio.es\/es\/integral\/economia-social\/economia-social-actividad-comercial-y-marketing\/\",\"url\":\"https:\/\/www.affectio.es\/es\/integral\/economia-social\/economia-social-actividad-comercial-y-marketing\/\",\"name\":\"Econom\u00eda Social - Actividad comercial y marketing - Affectio Group\",\"isPartOf\":{\"@id\":\"https:\/\/www.affectio.es\/es\/#website\"},\"datePublished\":\"2020-09-29T10:24:35+00:00\",\"dateModified\":\"2020-10-14T09:05:51+00:00\",\"description\":\"Nuestro equipo dispone de expertos con una amplia experiencia en el acompa\u00f1amiento y asesoramiento a empresas y entidades...\",\"breadcrumb\":{\"@id\":\"https:\/\/www.affectio.es\/es\/integral\/economia-social\/economia-social-actividad-comercial-y-marketing\/#breadcrumb\"},\"inLanguage\":\"es\",\"potentialAction\":[{\"@type\":\"ReadAction\",\"target\":[\"https:\/\/www.affectio.es\/es\/integral\/economia-social\/economia-social-actividad-comercial-y-marketing\/\"]}]},{\"@type\":\"BreadcrumbList\",\"@id\":\"https:\/\/www.affectio.es\/es\/integral\/economia-social\/economia-social-actividad-comercial-y-marketing\/#breadcrumb\",\"itemListElement\":[{\"@type\":\"ListItem\",\"position\":1,\"name\":\"Portada\",\"item\":\"https:\/\/www.affectio.es\/es\/\"},{\"@type\":\"ListItem\",\"position\":2,\"name\":\"Integral\",\"item\":\"https:\/\/www.affectio.es\/es\/integral\/\"},{\"@type\":\"ListItem\",\"position\":3,\"name\":\"Econom\u00eda Social\",\"item\":\"https:\/\/www.affectio.es\/es\/integral\/economia-social\/\"},{\"@type\":\"ListItem\",\"position\":4,\"name\":\"Econom\u00eda Social &#8211; Actividad comercial y marketing\"}]},{\"@type\":\"WebSite\",\"@id\":\"https:\/\/www.affectio.es\/es\/#website\",\"url\":\"https:\/\/www.affectio.es\/es\/\",\"name\":\"Affectio Group\",\"description\":\"Affectio Group es la expresi\u00f3n del v\u00ednculo entre los m\u00e1s de 30 profesionales de Integral\u00ae y de Idea Iuris\u00ae, basado en la mutua confianza y en su deseo de aunar sus contrastadas solvencia y experiencia\",\"potentialAction\":[{\"@type\":\"SearchAction\",\"target\":{\"@type\":\"EntryPoint\",\"urlTemplate\":\"https:\/\/www.affectio.es\/es\/?s={search_term_string}\"},\"query-input\":{\"@type\":\"PropertyValueSpecification\",\"valueRequired\":true,\"valueName\":\"search_term_string\"}}],\"inLanguage\":\"es\"}]}<\/script>\n<!-- \/ Yoast SEO plugin. -->","yoast_head_json":{"title":"Econom\u00eda Social - Actividad comercial y marketing - Affectio Group","description":"Nuestro equipo dispone de expertos con una amplia experiencia en el acompa\u00f1amiento y asesoramiento a empresas y entidades...","robots":{"index":"index","follow":"follow","max-snippet":"max-snippet:-1","max-image-preview":"max-image-preview:large","max-video-preview":"max-video-preview:-1"},"canonical":"https:\/\/www.affectio.es\/es\/integral\/economia-social\/economia-social-actividad-comercial-y-marketing\/","og_locale":"es_ES","og_type":"article","og_title":"Econom\u00eda Social - Actividad comercial y marketing - Affectio Group","og_description":"Nuestro equipo dispone de expertos con una amplia experiencia en el acompa\u00f1amiento y asesoramiento a empresas y entidades...","og_url":"https:\/\/www.affectio.es\/es\/integral\/economia-social\/economia-social-actividad-comercial-y-marketing\/","og_site_name":"Affectio Group","article_modified_time":"2020-10-14T09:05:51+00:00","twitter_card":"summary_large_image","twitter_misc":{"Tiempo de lectura":"4 minutos"},"schema":{"@context":"https:\/\/schema.org","@graph":[{"@type":"WebPage","@id":"https:\/\/www.affectio.es\/es\/integral\/economia-social\/economia-social-actividad-comercial-y-marketing\/","url":"https:\/\/www.affectio.es\/es\/integral\/economia-social\/economia-social-actividad-comercial-y-marketing\/","name":"Econom\u00eda Social - Actividad comercial y marketing - Affectio Group","isPartOf":{"@id":"https:\/\/www.affectio.es\/es\/#website"},"datePublished":"2020-09-29T10:24:35+00:00","dateModified":"2020-10-14T09:05:51+00:00","description":"Nuestro equipo dispone de expertos con una amplia experiencia en el acompa\u00f1amiento y asesoramiento a empresas y entidades...","breadcrumb":{"@id":"https:\/\/www.affectio.es\/es\/integral\/economia-social\/economia-social-actividad-comercial-y-marketing\/#breadcrumb"},"inLanguage":"es","potentialAction":[{"@type":"ReadAction","target":["https:\/\/www.affectio.es\/es\/integral\/economia-social\/economia-social-actividad-comercial-y-marketing\/"]}]},{"@type":"BreadcrumbList","@id":"https:\/\/www.affectio.es\/es\/integral\/economia-social\/economia-social-actividad-comercial-y-marketing\/#breadcrumb","itemListElement":[{"@type":"ListItem","position":1,"name":"Portada","item":"https:\/\/www.affectio.es\/es\/"},{"@type":"ListItem","position":2,"name":"Integral","item":"https:\/\/www.affectio.es\/es\/integral\/"},{"@type":"ListItem","position":3,"name":"Econom\u00eda Social","item":"https:\/\/www.affectio.es\/es\/integral\/economia-social\/"},{"@type":"ListItem","position":4,"name":"Econom\u00eda Social &#8211; Actividad comercial y marketing"}]},{"@type":"WebSite","@id":"https:\/\/www.affectio.es\/es\/#website","url":"https:\/\/www.affectio.es\/es\/","name":"Affectio Group","description":"Affectio Group es la expresi\u00f3n del v\u00ednculo entre los m\u00e1s de 30 profesionales de Integral\u00ae y de Idea Iuris\u00ae, basado en la mutua confianza y en su deseo de aunar sus contrastadas solvencia y experiencia","potentialAction":[{"@type":"SearchAction","target":{"@type":"EntryPoint","urlTemplate":"https:\/\/www.affectio.es\/es\/?s={search_term_string}"},"query-input":{"@type":"PropertyValueSpecification","valueRequired":true,"valueName":"search_term_string"}}],"inLanguage":"es"}]}},"_links":{"self":[{"href":"https:\/\/www.affectio.es\/es\/wp-json\/wp\/v2\/pages\/75","targetHints":{"allow":["GET"]}}],"collection":[{"href":"https:\/\/www.affectio.es\/es\/wp-json\/wp\/v2\/pages"}],"about":[{"href":"https:\/\/www.affectio.es\/es\/wp-json\/wp\/v2\/types\/page"}],"author":[{"embeddable":true,"href":"https:\/\/www.affectio.es\/es\/wp-json\/wp\/v2\/users\/1"}],"replies":[{"embeddable":true,"href":"https:\/\/www.affectio.es\/es\/wp-json\/wp\/v2\/comments?post=75"}],"version-history":[{"count":3,"href":"https:\/\/www.affectio.es\/es\/wp-json\/wp\/v2\/pages\/75\/revisions"}],"predecessor-version":[{"id":225,"href":"https:\/\/www.affectio.es\/es\/wp-json\/wp\/v2\/pages\/75\/revisions\/225"}],"up":[{"embeddable":true,"href":"https:\/\/www.affectio.es\/es\/wp-json\/wp\/v2\/pages\/69"}],"wp:attachment":[{"href":"https:\/\/www.affectio.es\/es\/wp-json\/wp\/v2\/media?parent=75"}],"curies":[{"name":"wp","href":"https:\/\/api.w.org\/{rel}","templated":true}]}}