{"id":44,"date":"2020-09-29T10:20:03","date_gmt":"2020-09-29T10:20:03","guid":{"rendered":"https:\/\/www.affectio.es\/?page_id=44"},"modified":"2020-10-14T08:12:39","modified_gmt":"2020-10-14T08:12:39","slug":"colectivos-profesionales-y-empresariales","status":"publish","type":"page","link":"https:\/\/www.affectio.es\/es\/integral\/colectivos-profesionales-y-empresariales\/","title":{"rendered":"Colectivos Profesionales y Empresariales"},"content":{"rendered":"<div class=\"wpb-content-wrapper\"><p>[vc_row css=\u00bb.vc_custom_1601393707046{margin-bottom: -80px !important;}\u00bb][vc_column][vc_column_text css=\u00bb.vc_custom_1585748832639{margin-bottom: 15px !important;}\u00bb]<\/p>\n<h1><span style=\"color: #2a2a69;\">Colectivos Profesionales y Empresariales<\/span><\/h1>\n<p>[\/vc_column_text][vc_single_image image=\u00bb250&#8243; img_size=\u00bbfull\u00bb][vc_tta_accordion shape=\u00bbsquare\u00bb color=\u00bbblue\u00bb c_icon=\u00bbtriangle\u00bb active_section=\u00bb6&#8243; collapsible_all=\u00bbtrue\u00bb css=\u00bb.vc_custom_1585671931818{margin-top: 0px !important;}\u00bb][vc_tta_section title=\u00bbAcompa\u00f1amiento contable, econ\u00f3mico-financiero y fiscal\u00bb tab_id=\u00bb1585329346755-4f16c9a9-4856&#8243;]<div class=\"standard-arrow bullet-top\"><p><a href=\"https:\/\/www.affectio.es\/es\/integral\/colectivos-profesionales-y-empresariales\/colectivos-profesionales-y-empresariales-acompanamiento-contable-economico-financiero-y-fiscal\/\">+ Acompa\u00f1amiento contable, econ\u00f3mico-financiero y fiscal<\/a><\/p>\n<ul>\n<li><a href=\"https:\/\/www.affectio.es\/es\/integral\/colectivos-profesionales-y-empresariales\/colectivos-profesionales-y-empresariales-acompanamiento-contable-economico-financiero-y-fiscal\/#!\/diveconomica-confeccioncontabilidad\">Confecci\u00f3n de la Contabilidad (el primer paso)<\/a><\/li>\n<li><a href=\"https:\/\/www.affectio.es\/es\/integral\/colectivos-profesionales-y-empresariales\/colectivos-profesionales-y-empresariales-acompanamiento-contable-economico-financiero-y-fiscal\/#!\/diveconomica-situacioneconomica\">Situaci\u00f3n Econ\u00f3mica y Toma de Decisiones<\/a><\/li>\n<li><a href=\"https:\/\/www.affectio.es\/es\/integral\/colectivos-profesionales-y-empresariales\/colectivos-profesionales-y-empresariales-acompanamiento-contable-economico-financiero-y-fiscal\/#!\/diveconomica-situacionfinanciera\">Situaci\u00f3n Financiera y Toma de Decisiones<\/a><\/li>\n<li><a href=\"https:\/\/www.affectio.es\/es\/integral\/colectivos-profesionales-y-empresariales\/colectivos-profesionales-y-empresariales-acompanamiento-contable-economico-financiero-y-fiscal\/#!\/diveconomica-planificacionfiscal\">Planificaci\u00f3n Fiscal<\/a><\/li>\n<li><a href=\"https:\/\/www.affectio.es\/es\/integral\/colectivos-profesionales-y-empresariales\/colectivos-profesionales-y-empresariales-acompanamiento-contable-economico-financiero-y-fiscal\/#!\/diveconomica-gesti\u00f3nimpuestos\">Gesti\u00f3n y liquidaci\u00f3n de Impuestos<\/a><\/li>\n<li><a href=\"https:\/\/www.affectio.es\/es\/integral\/colectivos-profesionales-y-empresariales\/colectivos-profesionales-y-empresariales-acompanamiento-contable-economico-financiero-y-fiscal\/#!\/diveconomica-integracionequipos\">Integraci\u00f3n en Equipos Directivos<\/a><\/li>\n<li><a href=\"https:\/\/www.affectio.es\/es\/integral\/colectivos-profesionales-y-empresariales\/colectivos-profesionales-y-empresariales-acompanamiento-contable-economico-financiero-y-fiscal\/#!\/diveconomica-inicioactividad\">Inicio de la Actividad \/ Lanzamiento de Nuevos Proyectos<\/a><\/li>\n<\/ul>\n<\/div>[\/vc_tta_section][vc_tta_section title=\u00bbAcompa\u00f1amiento Gesti\u00f3n Laboral\u00bb tab_id=\u00bb1585329346780-0368f6c8-3581&#8243;]<div class=\"standard-arrow bullet-top\"><p><a href=\"https:\/\/www.affectio.es\/es\/integral\/colectivos-profesionales-y-empresariales\/colectivos-profesionales-y-empresariales-acompanamiento-gestion-laboral\/\">+ Acompa\u00f1amiento Gesti\u00f3n Laboral<\/a><\/p>\n<ul>\n<li><a href=\"https:\/\/www.affectio.es\/es\/integral\/colectivos-profesionales-y-empresariales\/colectivos-profesionales-y-empresariales-acompanamiento-gestion-laboral\/#!\/diveconomica-nominas\">N\u00f3minas y Seguridad Social<\/a><\/li>\n<li><a href=\"https:\/\/www.affectio.es\/es\/integral\/colectivos-profesionales-y-empresariales\/colectivos-profesionales-y-empresariales-acompanamiento-gestion-laboral\/#!\/diveconomica-contratacion\">Contrataci\u00f3n<\/a><\/li>\n<li><a href=\"https:\/\/www.affectio.es\/es\/integral\/colectivos-profesionales-y-empresariales\/colectivos-profesionales-y-empresariales-acompanamiento-gestion-laboral\/#!\/diveconomica-prevencionconflicto\">Prevenci\u00f3n del Conflicto Laboral<\/a><\/li>\n<li><a href=\"https:\/\/www.affectio.es\/es\/integral\/colectivos-profesionales-y-empresariales\/colectivos-profesionales-y-empresariales-acompanamiento-gestion-laboral\/#!\/diveconomica-prevencionriesgos\">Prevenci\u00f3n de Riesgos Laborales<\/a><\/li>\n<li><a href=\"https:\/\/www.affectio.es\/es\/integral\/colectivos-profesionales-y-empresariales\/colectivos-profesionales-y-empresariales-acompanamiento-gestion-laboral\/#!\/diveconomica-inspeccionestrabajo\">Inspecciones de Trabajo y Seguridad Social<\/a><\/li>\n<li><a href=\"https:\/\/www.affectio.es\/es\/integral\/colectivos-profesionales-y-empresariales\/colectivos-profesionales-y-empresariales-acompanamiento-gestion-laboral\/#!\/diveconomica-extranjeria\">Extranjer\u00eda<\/a><\/li>\n<\/ul>\n<\/div>[\/vc_tta_section][vc_tta_section title=\u00bbPersonas, estrategia y organizaci\u00f3n\u00bb tab_id=\u00bb1585330139924-b2163218-0075&#8243;]<div class=\"standard-arrow bullet-top\"><p><a href=\"https:\/\/www.affectio.es\/es\/integral\/colectivos-profesionales-y-empresariales\/colectivos-profesionales-y-empresariales-personas-estrategia-y-organizacion\/\">+ Personas, estrategia y organizaci\u00f3n<\/a><\/p>\n<ul>\n<li><a href=\"https:\/\/www.affectio.es\/es\/integral\/colectivos-profesionales-y-empresariales\/colectivos-profesionales-y-empresariales-personas-estrategia-y-organizacion\/#!\/divconsultoria-personas\">Personas<\/a><\/li>\n<li><a href=\"https:\/\/www.affectio.es\/es\/integral\/colectivos-profesionales-y-empresariales\/colectivos-profesionales-y-empresariales-personas-estrategia-y-organizacion\/#!\/divconsultoria-estrategia\">Estrategia<\/a><\/li>\n<li><a href=\"https:\/\/www.affectio.es\/es\/integral\/colectivos-profesionales-y-empresariales\/colectivos-profesionales-y-empresariales-personas-estrategia-y-organizacion\/#!\/divconsultoria-organizacion\">Organizaci\u00f3n<\/a><\/li>\n<\/ul>\n<\/div>[\/vc_tta_section][vc_tta_section title=\u00bbActividad comercial y marketing\u00bb tab_id=\u00bb1585330180279-3c75dd91-13a5&#8243;]<div class=\"standard-arrow bullet-top\"><p><a href=\"https:\/\/www.affectio.es\/es\/integral\/colectivos-profesionales-y-empresariales\/colectivos-profesionales-y-empresariales-actividad-comercial-y-marketing\/\">+ Actividad comercial y marketing<\/a><\/p>\n<ul>\n<li><a href=\"https:\/\/www.affectio.es\/es\/integral\/colectivos-profesionales-y-empresariales\/colectivos-profesionales-y-empresariales-actividad-comercial-y-marketing\/#!\/divconsultoria-actividadcomercial\">Actividad comercial<\/a><\/li>\n<li><a href=\"https:\/\/www.affectio.es\/es\/integral\/colectivos-profesionales-y-empresariales\/colectivos-profesionales-y-empresariales-actividad-comercial-y-marketing\/#!\/divconsultoria-marketing\">Marketing<\/a><\/li>\n<\/ul>\n<\/div>[\/vc_tta_section][vc_tta_section title=\u00bbAsesoramiento jur\u00eddico\u00bb tab_id=\u00bb1585330252666-3cec9e6f-c8e1&#8243;]<div class=\"standard-arrow list-divider bullet-top\"><p><a href=\"https:\/\/www.affectio.es\/es\/idea-iuris\/\">+ Idea Iuris<\/a><\/p>\n<\/div>[\/vc_tta_section][\/vc_tta_accordion][vc_separator style=\u00bbdotted\u00bb border_width=\u00bb5&#8243; css=\u00bb.vc_custom_1581016127915{margin-top: 50px !important;margin-bottom: 75px !important;}\u00bb][\/vc_column][\/vc_row]<\/p>\n<\/div>","protected":false},"excerpt":{"rendered":"<p>[vc_row css=\u00bb.vc_custom_1601393707046{margin-bottom: -80px !important;}\u00bb][vc_column][vc_column_text css=\u00bb.vc_custom_1585748832639{margin-bottom: 15px !important;}\u00bb] Colectivos Profesionales y Empresariales [\/vc_column_text][vc_single_image image=\u00bb250&#8243; img_size=\u00bbfull\u00bb][vc_tta_accordion shape=\u00bbsquare\u00bb color=\u00bbblue\u00bb c_icon=\u00bbtriangle\u00bb active_section=\u00bb6&#8243; collapsible_all=\u00bbtrue\u00bb css=\u00bb.vc_custom_1585671931818{margin-top: 0px !important;}\u00bb][vc_tta_section title=\u00bbAcompa\u00f1amiento contable, econ\u00f3mico-financiero y fiscal\u00bb tab_id=\u00bb1585329346755-4f16c9a9-4856&#8243;][\/vc_tta_section][vc_tta_section title=\u00bbAcompa\u00f1amiento Gesti\u00f3n Laboral\u00bb tab_id=\u00bb1585329346780-0368f6c8-3581&#8243;][\/vc_tta_section][vc_tta_section title=\u00bbPersonas, estrategia y organizaci\u00f3n\u00bb tab_id=\u00bb1585330139924-b2163218-0075&#8243;][\/vc_tta_section][vc_tta_section title=\u00bbActividad comercial y marketing\u00bb tab_id=\u00bb1585330180279-3c75dd91-13a5&#8243;][\/vc_tta_section][vc_tta_section title=\u00bbAsesoramiento jur\u00eddico\u00bb tab_id=\u00bb1585330252666-3cec9e6f-c8e1&#8243;][\/vc_tta_section][\/vc_tta_accordion][vc_separator style=\u00bbdotted\u00bb border_width=\u00bb5&#8243; css=\u00bb.vc_custom_1581016127915{margin-top: 50px !important;margin-bottom: 75px !important;}\u00bb][\/vc_column][\/vc_row]<\/p>\n","protected":false},"author":1,"featured_media":0,"parent":34,"menu_order":0,"comment_status":"closed","ping_status":"closed","template":"","meta":{"footnotes":""},"class_list":["post-44","page","type-page","status-publish","hentry","description-off"],"yoast_head":"<!-- This site is optimized with the Yoast SEO plugin v26.9 - https:\/\/yoast.com\/product\/yoast-seo-wordpress\/ -->\n<title>Colectivos Profesionales y Empresariales - Affectio Group<\/title>\n<meta name=\"description\" content=\"Acompa\u00f1amiento contable, econ\u00f3mico-financiero y fiscal, Acompa\u00f1amiento Gesti\u00f3n Laboral, Personas, estrategia y organizaci\u00f3n, etc.\" \/>\n<meta name=\"robots\" content=\"index, follow, max-snippet:-1, max-image-preview:large, max-video-preview:-1\" \/>\n<link rel=\"canonical\" href=\"https:\/\/www.affectio.es\/es\/integral\/colectivos-profesionales-y-empresariales\/\" \/>\n<meta property=\"og:locale\" content=\"es_ES\" \/>\n<meta property=\"og:type\" content=\"article\" \/>\n<meta property=\"og:title\" content=\"Colectivos Profesionales y Empresariales - Affectio Group\" \/>\n<meta property=\"og:description\" content=\"Acompa\u00f1amiento contable, econ\u00f3mico-financiero y fiscal, Acompa\u00f1amiento Gesti\u00f3n Laboral, Personas, estrategia y organizaci\u00f3n, etc.\" \/>\n<meta property=\"og:url\" content=\"https:\/\/www.affectio.es\/es\/integral\/colectivos-profesionales-y-empresariales\/\" \/>\n<meta property=\"og:site_name\" content=\"Affectio Group\" \/>\n<meta property=\"article:modified_time\" content=\"2020-10-14T08:12:39+00:00\" \/>\n<meta name=\"twitter:card\" content=\"summary_large_image\" \/>\n<meta name=\"twitter:label1\" content=\"Tiempo de lectura\" \/>\n\t<meta name=\"twitter:data1\" content=\"2 minutos\" \/>\n<script type=\"application\/ld+json\" class=\"yoast-schema-graph\">{\"@context\":\"https:\/\/schema.org\",\"@graph\":[{\"@type\":\"WebPage\",\"@id\":\"https:\/\/www.affectio.es\/es\/integral\/colectivos-profesionales-y-empresariales\/\",\"url\":\"https:\/\/www.affectio.es\/es\/integral\/colectivos-profesionales-y-empresariales\/\",\"name\":\"Colectivos Profesionales y Empresariales - Affectio Group\",\"isPartOf\":{\"@id\":\"https:\/\/www.affectio.es\/es\/#website\"},\"datePublished\":\"2020-09-29T10:20:03+00:00\",\"dateModified\":\"2020-10-14T08:12:39+00:00\",\"description\":\"Acompa\u00f1amiento contable, econ\u00f3mico-financiero y fiscal, Acompa\u00f1amiento Gesti\u00f3n Laboral, Personas, estrategia y organizaci\u00f3n, etc.\",\"breadcrumb\":{\"@id\":\"https:\/\/www.affectio.es\/es\/integral\/colectivos-profesionales-y-empresariales\/#breadcrumb\"},\"inLanguage\":\"es\",\"potentialAction\":[{\"@type\":\"ReadAction\",\"target\":[\"https:\/\/www.affectio.es\/es\/integral\/colectivos-profesionales-y-empresariales\/\"]}]},{\"@type\":\"BreadcrumbList\",\"@id\":\"https:\/\/www.affectio.es\/es\/integral\/colectivos-profesionales-y-empresariales\/#breadcrumb\",\"itemListElement\":[{\"@type\":\"ListItem\",\"position\":1,\"name\":\"Portada\",\"item\":\"https:\/\/www.affectio.es\/es\/\"},{\"@type\":\"ListItem\",\"position\":2,\"name\":\"Integral\",\"item\":\"https:\/\/www.affectio.es\/es\/integral\/\"},{\"@type\":\"ListItem\",\"position\":3,\"name\":\"Colectivos Profesionales y Empresariales\"}]},{\"@type\":\"WebSite\",\"@id\":\"https:\/\/www.affectio.es\/es\/#website\",\"url\":\"https:\/\/www.affectio.es\/es\/\",\"name\":\"Affectio Group\",\"description\":\"Affectio Group es la expresi\u00f3n del v\u00ednculo entre los m\u00e1s de 30 profesionales de Integral\u00ae y de Idea Iuris\u00ae, basado en la mutua confianza y en su deseo de aunar sus contrastadas solvencia y experiencia\",\"potentialAction\":[{\"@type\":\"SearchAction\",\"target\":{\"@type\":\"EntryPoint\",\"urlTemplate\":\"https:\/\/www.affectio.es\/es\/?s={search_term_string}\"},\"query-input\":{\"@type\":\"PropertyValueSpecification\",\"valueRequired\":true,\"valueName\":\"search_term_string\"}}],\"inLanguage\":\"es\"}]}<\/script>\n<!-- \/ Yoast SEO plugin. -->","yoast_head_json":{"title":"Colectivos Profesionales y Empresariales - Affectio Group","description":"Acompa\u00f1amiento contable, econ\u00f3mico-financiero y fiscal, Acompa\u00f1amiento Gesti\u00f3n Laboral, Personas, estrategia y organizaci\u00f3n, etc.","robots":{"index":"index","follow":"follow","max-snippet":"max-snippet:-1","max-image-preview":"max-image-preview:large","max-video-preview":"max-video-preview:-1"},"canonical":"https:\/\/www.affectio.es\/es\/integral\/colectivos-profesionales-y-empresariales\/","og_locale":"es_ES","og_type":"article","og_title":"Colectivos Profesionales y Empresariales - Affectio Group","og_description":"Acompa\u00f1amiento contable, econ\u00f3mico-financiero y fiscal, Acompa\u00f1amiento Gesti\u00f3n Laboral, Personas, estrategia y organizaci\u00f3n, etc.","og_url":"https:\/\/www.affectio.es\/es\/integral\/colectivos-profesionales-y-empresariales\/","og_site_name":"Affectio Group","article_modified_time":"2020-10-14T08:12:39+00:00","twitter_card":"summary_large_image","twitter_misc":{"Tiempo de lectura":"2 minutos"},"schema":{"@context":"https:\/\/schema.org","@graph":[{"@type":"WebPage","@id":"https:\/\/www.affectio.es\/es\/integral\/colectivos-profesionales-y-empresariales\/","url":"https:\/\/www.affectio.es\/es\/integral\/colectivos-profesionales-y-empresariales\/","name":"Colectivos Profesionales y Empresariales - Affectio Group","isPartOf":{"@id":"https:\/\/www.affectio.es\/es\/#website"},"datePublished":"2020-09-29T10:20:03+00:00","dateModified":"2020-10-14T08:12:39+00:00","description":"Acompa\u00f1amiento contable, econ\u00f3mico-financiero y fiscal, Acompa\u00f1amiento Gesti\u00f3n Laboral, Personas, estrategia y organizaci\u00f3n, etc.","breadcrumb":{"@id":"https:\/\/www.affectio.es\/es\/integral\/colectivos-profesionales-y-empresariales\/#breadcrumb"},"inLanguage":"es","potentialAction":[{"@type":"ReadAction","target":["https:\/\/www.affectio.es\/es\/integral\/colectivos-profesionales-y-empresariales\/"]}]},{"@type":"BreadcrumbList","@id":"https:\/\/www.affectio.es\/es\/integral\/colectivos-profesionales-y-empresariales\/#breadcrumb","itemListElement":[{"@type":"ListItem","position":1,"name":"Portada","item":"https:\/\/www.affectio.es\/es\/"},{"@type":"ListItem","position":2,"name":"Integral","item":"https:\/\/www.affectio.es\/es\/integral\/"},{"@type":"ListItem","position":3,"name":"Colectivos Profesionales y Empresariales"}]},{"@type":"WebSite","@id":"https:\/\/www.affectio.es\/es\/#website","url":"https:\/\/www.affectio.es\/es\/","name":"Affectio Group","description":"Affectio Group es la expresi\u00f3n del v\u00ednculo entre los m\u00e1s de 30 profesionales de Integral\u00ae y de Idea Iuris\u00ae, basado en la mutua confianza y en su deseo de aunar sus contrastadas solvencia y experiencia","potentialAction":[{"@type":"SearchAction","target":{"@type":"EntryPoint","urlTemplate":"https:\/\/www.affectio.es\/es\/?s={search_term_string}"},"query-input":{"@type":"PropertyValueSpecification","valueRequired":true,"valueName":"search_term_string"}}],"inLanguage":"es"}]}},"_links":{"self":[{"href":"https:\/\/www.affectio.es\/es\/wp-json\/wp\/v2\/pages\/44","targetHints":{"allow":["GET"]}}],"collection":[{"href":"https:\/\/www.affectio.es\/es\/wp-json\/wp\/v2\/pages"}],"about":[{"href":"https:\/\/www.affectio.es\/es\/wp-json\/wp\/v2\/types\/page"}],"author":[{"embeddable":true,"href":"https:\/\/www.affectio.es\/es\/wp-json\/wp\/v2\/users\/1"}],"replies":[{"embeddable":true,"href":"https:\/\/www.affectio.es\/es\/wp-json\/wp\/v2\/comments?post=44"}],"version-history":[{"count":5,"href":"https:\/\/www.affectio.es\/es\/wp-json\/wp\/v2\/pages\/44\/revisions"}],"predecessor-version":[{"id":1343,"href":"https:\/\/www.affectio.es\/es\/wp-json\/wp\/v2\/pages\/44\/revisions\/1343"}],"up":[{"embeddable":true,"href":"https:\/\/www.affectio.es\/es\/wp-json\/wp\/v2\/pages\/34"}],"wp:attachment":[{"href":"https:\/\/www.affectio.es\/es\/wp-json\/wp\/v2\/media?parent=44"}],"curies":[{"name":"wp","href":"https:\/\/api.w.org\/{rel}","templated":true}]}}