{"id":38,"date":"2020-09-29T10:19:10","date_gmt":"2020-09-29T10:19:10","guid":{"rendered":"https:\/\/www.affectio.es\/?page_id=38"},"modified":"2022-11-17T13:43:32","modified_gmt":"2022-11-17T13:43:32","slug":"asesoramiento-financiero-y-fiscal","status":"publish","type":"page","link":"https:\/\/www.affectio.es\/es\/integral\/asesoramiento-financiero-y-fiscal\/","title":{"rendered":"Asesoramiento. Financiero y fiscal"},"content":{"rendered":"<div class=\"wpb-content-wrapper\"><p>[vc_row][vc_column]<div id=\"ultimate-heading-776369e34029804d6\" class=\"uvc-heading ult-adjust-bottom-margin ultimate-heading-776369e34029804d6 uvc-6422 \" data-hspacer=\"no_spacer\"  data-halign=\"left\" style=\"text-align:left\"><div class=\"uvc-heading-spacer no_spacer\" style=\"top\"><\/div><div class=\"uvc-main-heading ult-responsive\"  data-ultimate-target='.uvc-heading.ultimate-heading-776369e34029804d6 h2'  data-responsive-json-new='{\"font-size\":\"desktop:24px;\",\"line-height\":\"desktop:30px;\"}' ><h2 style=\"font-weight:bold;margin-bottom:22px;\">ASESORAMIENTO. FINANCIERO Y FISCAL<\/h2><\/div><div class=\"uvc-sub-heading ult-responsive\"  data-ultimate-target='.uvc-heading.ultimate-heading-776369e34029804d6 .uvc-sub-heading '  data-responsive-json-new='{\"font-size\":\"desktop:14px;\",\"line-height\":\"desktop:28px;\"}'  style=\"font-weight:normal;margin-bottom:30px;\"><\/p>\n<div style=\"text-align: justify;\">\n<p><strong>El principal objetivo de nuestra divisi\u00f3n econ\u00f3mica es facilitar que la Toma de Decisiones Econ\u00f3micas, Financieras y Fiscales, sea informada y consciente<\/strong>. La gesti\u00f3n de una actividad econ\u00f3mica exige conocer con precisi\u00f3n tanto la <strong>Situaci\u00f3n Econ\u00f3mica<\/strong> (ingresos y costes) como la <strong>Situaci\u00f3n Financiera<\/strong> (considerando las necesidades a corto y largo plazo). Y el primer paso es una correcta <strong>Confecci\u00f3n de la Contabilidad<\/strong>, puesto que una contabilidad bien elaborada permite tambi\u00e9n la <strong>Planificaci\u00f3n<\/strong> y el cumplimiento de las <strong>Obligaciones Fiscales<\/strong>.<\/p>\n<p><strong>Acompa\u00f1amos<\/strong> a nuestros clientes en la <strong>toma de decisiones<\/strong>, aport\u00e1ndoles informaci\u00f3n y ayuda, al tiempo que un soporte permanente en sus actuaciones.<\/p>\n<p>&nbsp;<\/p>\n<\/div>\n<p><\/div><\/div>[vc_separator][\/vc_column][vc_column][\/vc_column][\/vc_row][vc_row css=\u00bb.vc_custom_1601387280630{margin-bottom: -80px !important;}\u00bb][vc_column][vc_single_image image=\u00bb197&#8243; img_size=\u00bbfull\u00bb css=\u00bb.vc_custom_1601387489535{padding-bottom: 20px !important;}\u00bb]<div id=\"ultimate-heading-520869e34029805d0\" class=\"uvc-heading ult-adjust-bottom-margin ultimate-heading-520869e34029805d0 uvc-6348 color-title\" data-hspacer=\"line_only\"  data-halign=\"left\" style=\"text-align:left\"><div class=\"uvc-main-heading ult-responsive\"  data-ultimate-target='.uvc-heading.ultimate-heading-520869e34029805d0 h2'  data-responsive-json-new='{\"font-size\":\"desktop:30px;\",\"line-height\":\"desktop:40px;\"}' ><h2 style=\"font-weight:bold;color:#333366;margin-top:25px;margin-bottom:25px;\">Confecci\u00f3n de la Contabilidad (el primer paso)<\/h2><\/div><div class=\"uvc-heading-spacer line_only\" style=\"topheight:1px;\"><span class=\"uvc-headings-line\" style=\"border-style:solid;border-bottom-width:1px;border-color:#3f4a9a;width:autopx;\"><\/span><\/div><\/div>[vc_column_text css=\u00bb.vc_custom_1668686622454{padding-top: 30px !important;padding-bottom: 30px !important;}\u00bb]<\/p>\n<div style=\"text-align: justify;\">\n<p>Aseguramos la adecuada elaboraci\u00f3n de la Contabilidad, en tiempo y forma, para dar cumplimiento a las obligaciones legales y fiscales de la actividad y evitar que la gesti\u00f3n se resienta.<\/p>\n<\/div>\n<p>[\/vc_column_text][vc_column_text css=\u00bb.vc_custom_1585327643564{margin-top: 0px !important;margin-bottom: 0px !important;padding-top: 0px !important;padding-bottom: 0px !important;}\u00bb el_id=\u00bbdiveconomica-situacioneconomica\u00bb][\/vc_column_text]<div id=\"ultimate-heading-130969e3402980654\" class=\"uvc-heading ult-adjust-bottom-margin ultimate-heading-130969e3402980654 uvc-7053 color-title\" data-hspacer=\"line_only\"  data-halign=\"left\" style=\"text-align:left\"><div class=\"uvc-main-heading ult-responsive\"  data-ultimate-target='.uvc-heading.ultimate-heading-130969e3402980654 h2'  data-responsive-json-new='{\"font-size\":\"desktop:30px;\",\"line-height\":\"desktop:40px;\"}' ><h2 style=\"font-weight:bold;color:#333366;margin-top:25px;margin-bottom:25px;\">Situaci\u00f3n Econ\u00f3mica y Toma de Decisiones<\/h2><\/div><div class=\"uvc-heading-spacer line_only\" style=\"topheight:1px;\"><span class=\"uvc-headings-line\" style=\"border-style:solid;border-bottom-width:1px;border-color:#3f4a9a;width:autopx;\"><\/span><\/div><\/div>[vc_column_text css=\u00bb.vc_custom_1668686714237{padding-top: 30px !important;padding-bottom: 30px !important;}\u00bb]<\/p>\n<div style=\"text-align: justify;\">\n<p>Acompa\u00f1amos en la toma de decisiones econ\u00f3micas para facilitar la comprensi\u00f3n de la relaci\u00f3n entre los ingresos y los costes, y c\u00f3mo evolucionan los gastos en funci\u00f3n de los ingresos.<\/p>\n<\/div>\n<p>[\/vc_column_text][vc_column_text css=\u00bb.vc_custom_1585327652655{margin-top: 0px !important;margin-bottom: 0px !important;padding-top: 0px !important;padding-bottom: 0px !important;}\u00bb el_id=\u00bbdiveconomica-situacionfinanciera\u00bb][\/vc_column_text]<div id=\"ultimate-heading-674569e34029806ce\" class=\"uvc-heading ult-adjust-bottom-margin ultimate-heading-674569e34029806ce uvc-5313 color-title\" data-hspacer=\"line_only\"  data-halign=\"left\" style=\"text-align:left\"><div class=\"uvc-main-heading ult-responsive\"  data-ultimate-target='.uvc-heading.ultimate-heading-674569e34029806ce h2'  data-responsive-json-new='{\"font-size\":\"desktop:30px;\",\"line-height\":\"desktop:40px;\"}' ><h2 style=\"font-weight:bold;color:#333366;margin-top:25px;margin-bottom:25px;\">Situaci\u00f3n Financiera y Toma de Decisiones<\/h2><\/div><div class=\"uvc-heading-spacer line_only\" style=\"topheight:1px;\"><span class=\"uvc-headings-line\" style=\"border-style:solid;border-bottom-width:1px;border-color:#3f4a9a;width:autopx;\"><\/span><\/div><\/div>[vc_column_text css=\u00bb.vc_custom_1668686691365{padding-top: 30px !important;padding-bottom: 30px !important;}\u00bb]<\/p>\n<div style=\"text-align: justify;\">\n<p>Facilitamos conocer y comprender la din\u00e1mica financiera, permitiendo mantener una actitud proactiva, anticipando las necesidades y, cuando es necesario, afrontar en las mejores condiciones la negociaci\u00f3n bancaria.<\/p>\n<\/div>\n<p>[\/vc_column_text][vc_column_text css=\u00bb.vc_custom_1585327660586{margin-top: 0px !important;margin-bottom: 0px !important;padding-top: 0px !important;padding-bottom: 0px !important;}\u00bb el_id=\u00bbdiveconomica-planificacionfiscal\u00bb][\/vc_column_text]<div id=\"ultimate-heading-202369e3402980737\" class=\"uvc-heading ult-adjust-bottom-margin ultimate-heading-202369e3402980737 uvc-5379 color-title\" data-hspacer=\"line_only\"  data-halign=\"left\" style=\"text-align:left\"><div class=\"uvc-main-heading ult-responsive\"  data-ultimate-target='.uvc-heading.ultimate-heading-202369e3402980737 h2'  data-responsive-json-new='{\"font-size\":\"desktop:30px;\",\"line-height\":\"desktop:40px;\"}' ><h2 style=\"font-weight:bold;color:#333366;margin-top:25px;margin-bottom:25px;\">Planificaci\u00f3n Fiscal<\/h2><\/div><div class=\"uvc-heading-spacer line_only\" style=\"topheight:1px;\"><span class=\"uvc-headings-line\" style=\"border-style:solid;border-bottom-width:1px;border-color:#3f4a9a;width:autopx;\"><\/span><\/div><\/div>[vc_column_text css=\u00bb.vc_custom_1668686737471{padding-top: 30px !important;padding-bottom: 30px !important;}\u00bb]<\/p>\n<div style=\"text-align: justify;\">\n<p>Llevamos a cabo la Planificaci\u00f3n Fiscal, entendida como la minimizaci\u00f3n de los costes fiscales, sumando ahorro a una correcta tributaci\u00f3n, sin dejar cabos sueltos.<\/p>\n<\/div>\n<p>[\/vc_column_text][vc_column_text css=\u00bb.vc_custom_1585327676809{margin-top: 0px !important;margin-bottom: 0px !important;padding-top: 0px !important;padding-bottom: 0px !important;}\u00bb el_id=\u00bbdiveconomica-gesti\u00f3nimpuestos\u00bb][\/vc_column_text]<div id=\"ultimate-heading-378469e34029807a4\" class=\"uvc-heading ult-adjust-bottom-margin ultimate-heading-378469e34029807a4 uvc-459 color-title\" data-hspacer=\"line_only\"  data-halign=\"left\" style=\"text-align:left\"><div class=\"uvc-main-heading ult-responsive\"  data-ultimate-target='.uvc-heading.ultimate-heading-378469e34029807a4 h2'  data-responsive-json-new='{\"font-size\":\"desktop:30px;\",\"line-height\":\"desktop:40px;\"}' ><h2 style=\"font-weight:bold;color:#333366;margin-top:25px;margin-bottom:25px;\">Gesti\u00f3n y liquidaci\u00f3n de Impuestos<\/h2><\/div><div class=\"uvc-heading-spacer line_only\" style=\"topheight:1px;\"><span class=\"uvc-headings-line\" style=\"border-style:solid;border-bottom-width:1px;border-color:#3f4a9a;width:autopx;\"><\/span><\/div><\/div>[vc_column_text css=\u00bb.vc_custom_1668686770164{padding-top: 30px !important;padding-bottom: 30px !important;}\u00bb]<\/p>\n<div style=\"text-align: justify;\">\n<p>Nos encargamos de la liquidaci\u00f3n de tipo de impuestos, IVA, Sociedades, Renta, etc.., de acuerdo con la legislaci\u00f3n vigente en cada momento, materializando as\u00ed las decisiones fiscales.<\/p>\n<\/div>\n<p>[\/vc_column_text][vc_column_text css=\u00bb.vc_custom_1585327685550{margin-top: 0px !important;margin-bottom: 0px !important;padding-top: 0px !important;padding-bottom: 0px !important;}\u00bb el_id=\u00bbdiveconomica-integracionequipos\u00bb][\/vc_column_text]<div id=\"ultimate-heading-515369e3402980841\" class=\"uvc-heading ult-adjust-bottom-margin ultimate-heading-515369e3402980841 uvc-1258 color-title\" data-hspacer=\"line_only\"  data-halign=\"left\" style=\"text-align:left\"><div class=\"uvc-main-heading ult-responsive\"  data-ultimate-target='.uvc-heading.ultimate-heading-515369e3402980841 h2'  data-responsive-json-new='{\"font-size\":\"desktop:30px;\",\"line-height\":\"desktop:40px;\"}' ><h2 style=\"font-weight:bold;color:#333366;margin-top:25px;margin-bottom:25px;\">Integraci\u00f3n en Equipos Directivos<\/h2><\/div><div class=\"uvc-heading-spacer line_only\" style=\"topheight:1px;\"><span class=\"uvc-headings-line\" style=\"border-style:solid;border-bottom-width:1px;border-color:#3f4a9a;width:autopx;\"><\/span><\/div><\/div>[vc_column_text css=\u00bb.vc_custom_1668686796932{padding-top: 30px !important;padding-bottom: 30px !important;}\u00bb]<\/p>\n<div style=\"text-align: justify;\">\n<p>Nos integramos en el Equipo Directivo de la Organizaci\u00f3n, compartiendo y aportando nuestra experiencia y conocimiento tanto en las decisiones operativas como en las de alcance estrat\u00e9gico.<\/p>\n<\/div>\n<p>[\/vc_column_text][vc_column_text css=\u00bb.vc_custom_1585327695282{margin-top: 0px !important;margin-bottom: 0px !important;padding-top: 0px !important;padding-bottom: 0px !important;}\u00bb el_id=\u00bbdiveconomica-inicioactividad\u00bb][\/vc_column_text]<div id=\"ultimate-heading-394469e34029808b0\" class=\"uvc-heading ult-adjust-bottom-margin ultimate-heading-394469e34029808b0 uvc-2953 color-title\" data-hspacer=\"line_only\"  data-halign=\"left\" style=\"text-align:left\"><div class=\"uvc-main-heading ult-responsive\"  data-ultimate-target='.uvc-heading.ultimate-heading-394469e34029808b0 h2'  data-responsive-json-new='{\"font-size\":\"desktop:30px;\",\"line-height\":\"desktop:40px;\"}' ><h2 style=\"font-weight:bold;color:#333366;margin-top:25px;margin-bottom:25px;\">Inicio de la Actividad \/ Lanzamiento de Nuevos Proyectos<\/h2><\/div><div class=\"uvc-heading-spacer line_only\" style=\"topheight:1px;\"><span class=\"uvc-headings-line\" style=\"border-style:solid;border-bottom-width:1px;border-color:#3f4a9a;width:autopx;\"><\/span><\/div><\/div>[vc_column_text css=\u00bb.vc_custom_1668686831404{padding-top: 30px !important;padding-bottom: 30px !important;}\u00bb]<\/p>\n<div style=\"text-align: justify;\">\n<p>Acompa\u00f1amos en la puesta en marcha de nuevas actividades, as\u00ed como el lanzamiento de nuevos productos o el planteamiento de nuevos proyectos de envergadura. Elaboramos el Plan de Viabilidad considerando las distintas perspectivas: econom\u00eda, finanzas, mercado.<\/p>\n<\/div>\n<p>[\/vc_column_text][vc_separator style=\u00bbdouble\u00bb border_width=\u00bb2&#8243; css=\u00bb.vc_custom_1581012067783{margin-top: 30px !important;margin-bottom: 30px !important;}\u00bb][\/vc_column][\/vc_row]<\/p>\n<\/div>","protected":false},"excerpt":{"rendered":"<p>[vc_row][vc_column][vc_separator][\/vc_column][vc_column][\/vc_column][\/vc_row][vc_row css=\u00bb.vc_custom_1601387280630{margin-bottom: -80px !important;}\u00bb][vc_column][vc_single_image image=\u00bb197&#8243; img_size=\u00bbfull\u00bb css=\u00bb.vc_custom_1601387489535{padding-bottom: 20px !important;}\u00bb][vc_column_text css=\u00bb.vc_custom_1668686622454{padding-top: 30px !important;padding-bottom: 30px !important;}\u00bb] Aseguramos la adecuada elaboraci\u00f3n de la Contabilidad, en tiempo y forma, para dar cumplimiento a las obligaciones legales y fiscales de la actividad y evitar que la gesti\u00f3n se resienta. [\/vc_column_text][vc_column_text css=\u00bb.vc_custom_1585327643564{margin-top: 0px !important;margin-bottom: 0px !important;padding-top: 0px !important;padding-bottom: 0px !important;}\u00bb el_id=\u00bbdiveconomica-situacioneconomica\u00bb][\/vc_column_text][vc_column_text&hellip;<\/p>\n","protected":false},"author":1,"featured_media":0,"parent":34,"menu_order":0,"comment_status":"closed","ping_status":"closed","template":"","meta":{"footnotes":""},"class_list":["post-38","page","type-page","status-publish","hentry","description-off"],"yoast_head":"<!-- This site is optimized with the Yoast SEO plugin v26.9 - https:\/\/yoast.com\/product\/yoast-seo-wordpress\/ -->\n<title>Asesoramiento. Financiero y fiscal - Affectio Group %<\/title>\n<meta name=\"description\" content=\"El objetivo central del acompa\u00f1amiento de INTEGRAL es facilitar que la Toma de Decisiones Econ\u00f3micas, Financieras y Fiscales sea informada...\" \/>\n<meta name=\"robots\" content=\"index, follow, max-snippet:-1, max-image-preview:large, max-video-preview:-1\" \/>\n<link rel=\"canonical\" href=\"https:\/\/www.affectio.es\/es\/integral\/asesoramiento-financiero-y-fiscal\/\" \/>\n<meta property=\"og:locale\" content=\"es_ES\" \/>\n<meta property=\"og:type\" content=\"article\" \/>\n<meta property=\"og:title\" content=\"Asesoramiento. Financiero y fiscal - Affectio Group %\" \/>\n<meta property=\"og:description\" content=\"El objetivo central del acompa\u00f1amiento de INTEGRAL es facilitar que la Toma de Decisiones Econ\u00f3micas, Financieras y Fiscales sea informada...\" \/>\n<meta property=\"og:url\" content=\"https:\/\/www.affectio.es\/es\/integral\/asesoramiento-financiero-y-fiscal\/\" \/>\n<meta property=\"og:site_name\" content=\"Affectio Group\" \/>\n<meta property=\"article:modified_time\" content=\"2022-11-17T13:43:32+00:00\" \/>\n<meta name=\"twitter:card\" content=\"summary_large_image\" \/>\n<meta name=\"twitter:label1\" content=\"Tiempo de lectura\" \/>\n\t<meta name=\"twitter:data1\" content=\"6 minutos\" \/>\n<script type=\"application\/ld+json\" class=\"yoast-schema-graph\">{\"@context\":\"https:\/\/schema.org\",\"@graph\":[{\"@type\":\"WebPage\",\"@id\":\"https:\/\/www.affectio.es\/es\/integral\/asesoramiento-financiero-y-fiscal\/\",\"url\":\"https:\/\/www.affectio.es\/es\/integral\/asesoramiento-financiero-y-fiscal\/\",\"name\":\"Asesoramiento. Financiero y fiscal - Affectio Group %\",\"isPartOf\":{\"@id\":\"https:\/\/www.affectio.es\/es\/#website\"},\"datePublished\":\"2020-09-29T10:19:10+00:00\",\"dateModified\":\"2022-11-17T13:43:32+00:00\",\"description\":\"El objetivo central del acompa\u00f1amiento de INTEGRAL es facilitar que la Toma de Decisiones Econ\u00f3micas, Financieras y Fiscales sea informada...\",\"breadcrumb\":{\"@id\":\"https:\/\/www.affectio.es\/es\/integral\/asesoramiento-financiero-y-fiscal\/#breadcrumb\"},\"inLanguage\":\"es\",\"potentialAction\":[{\"@type\":\"ReadAction\",\"target\":[\"https:\/\/www.affectio.es\/es\/integral\/asesoramiento-financiero-y-fiscal\/\"]}]},{\"@type\":\"BreadcrumbList\",\"@id\":\"https:\/\/www.affectio.es\/es\/integral\/asesoramiento-financiero-y-fiscal\/#breadcrumb\",\"itemListElement\":[{\"@type\":\"ListItem\",\"position\":1,\"name\":\"Portada\",\"item\":\"https:\/\/www.affectio.es\/es\/\"},{\"@type\":\"ListItem\",\"position\":2,\"name\":\"Integral\",\"item\":\"https:\/\/www.affectio.es\/es\/integral\/\"},{\"@type\":\"ListItem\",\"position\":3,\"name\":\"Asesoramiento. Financiero y fiscal\"}]},{\"@type\":\"WebSite\",\"@id\":\"https:\/\/www.affectio.es\/es\/#website\",\"url\":\"https:\/\/www.affectio.es\/es\/\",\"name\":\"Affectio Group\",\"description\":\"Affectio Group es la expresi\u00f3n del v\u00ednculo entre los m\u00e1s de 30 profesionales de Integral\u00ae y de Idea Iuris\u00ae, basado en la mutua confianza y en su deseo de aunar sus contrastadas solvencia y experiencia\",\"potentialAction\":[{\"@type\":\"SearchAction\",\"target\":{\"@type\":\"EntryPoint\",\"urlTemplate\":\"https:\/\/www.affectio.es\/es\/?s={search_term_string}\"},\"query-input\":{\"@type\":\"PropertyValueSpecification\",\"valueRequired\":true,\"valueName\":\"search_term_string\"}}],\"inLanguage\":\"es\"}]}<\/script>\n<!-- \/ Yoast SEO plugin. -->","yoast_head_json":{"title":"Asesoramiento. Financiero y fiscal - Affectio Group %","description":"El objetivo central del acompa\u00f1amiento de INTEGRAL es facilitar que la Toma de Decisiones Econ\u00f3micas, Financieras y Fiscales sea informada...","robots":{"index":"index","follow":"follow","max-snippet":"max-snippet:-1","max-image-preview":"max-image-preview:large","max-video-preview":"max-video-preview:-1"},"canonical":"https:\/\/www.affectio.es\/es\/integral\/asesoramiento-financiero-y-fiscal\/","og_locale":"es_ES","og_type":"article","og_title":"Asesoramiento. Financiero y fiscal - Affectio Group %","og_description":"El objetivo central del acompa\u00f1amiento de INTEGRAL es facilitar que la Toma de Decisiones Econ\u00f3micas, Financieras y Fiscales sea informada...","og_url":"https:\/\/www.affectio.es\/es\/integral\/asesoramiento-financiero-y-fiscal\/","og_site_name":"Affectio Group","article_modified_time":"2022-11-17T13:43:32+00:00","twitter_card":"summary_large_image","twitter_misc":{"Tiempo de lectura":"6 minutos"},"schema":{"@context":"https:\/\/schema.org","@graph":[{"@type":"WebPage","@id":"https:\/\/www.affectio.es\/es\/integral\/asesoramiento-financiero-y-fiscal\/","url":"https:\/\/www.affectio.es\/es\/integral\/asesoramiento-financiero-y-fiscal\/","name":"Asesoramiento. Financiero y fiscal - Affectio Group %","isPartOf":{"@id":"https:\/\/www.affectio.es\/es\/#website"},"datePublished":"2020-09-29T10:19:10+00:00","dateModified":"2022-11-17T13:43:32+00:00","description":"El objetivo central del acompa\u00f1amiento de INTEGRAL es facilitar que la Toma de Decisiones Econ\u00f3micas, Financieras y Fiscales sea informada...","breadcrumb":{"@id":"https:\/\/www.affectio.es\/es\/integral\/asesoramiento-financiero-y-fiscal\/#breadcrumb"},"inLanguage":"es","potentialAction":[{"@type":"ReadAction","target":["https:\/\/www.affectio.es\/es\/integral\/asesoramiento-financiero-y-fiscal\/"]}]},{"@type":"BreadcrumbList","@id":"https:\/\/www.affectio.es\/es\/integral\/asesoramiento-financiero-y-fiscal\/#breadcrumb","itemListElement":[{"@type":"ListItem","position":1,"name":"Portada","item":"https:\/\/www.affectio.es\/es\/"},{"@type":"ListItem","position":2,"name":"Integral","item":"https:\/\/www.affectio.es\/es\/integral\/"},{"@type":"ListItem","position":3,"name":"Asesoramiento. Financiero y fiscal"}]},{"@type":"WebSite","@id":"https:\/\/www.affectio.es\/es\/#website","url":"https:\/\/www.affectio.es\/es\/","name":"Affectio Group","description":"Affectio Group es la expresi\u00f3n del v\u00ednculo entre los m\u00e1s de 30 profesionales de Integral\u00ae y de Idea Iuris\u00ae, basado en la mutua confianza y en su deseo de aunar sus contrastadas solvencia y experiencia","potentialAction":[{"@type":"SearchAction","target":{"@type":"EntryPoint","urlTemplate":"https:\/\/www.affectio.es\/es\/?s={search_term_string}"},"query-input":{"@type":"PropertyValueSpecification","valueRequired":true,"valueName":"search_term_string"}}],"inLanguage":"es"}]}},"_links":{"self":[{"href":"https:\/\/www.affectio.es\/es\/wp-json\/wp\/v2\/pages\/38","targetHints":{"allow":["GET"]}}],"collection":[{"href":"https:\/\/www.affectio.es\/es\/wp-json\/wp\/v2\/pages"}],"about":[{"href":"https:\/\/www.affectio.es\/es\/wp-json\/wp\/v2\/types\/page"}],"author":[{"embeddable":true,"href":"https:\/\/www.affectio.es\/es\/wp-json\/wp\/v2\/users\/1"}],"replies":[{"embeddable":true,"href":"https:\/\/www.affectio.es\/es\/wp-json\/wp\/v2\/comments?post=38"}],"version-history":[{"count":8,"href":"https:\/\/www.affectio.es\/es\/wp-json\/wp\/v2\/pages\/38\/revisions"}],"predecessor-version":[{"id":1738,"href":"https:\/\/www.affectio.es\/es\/wp-json\/wp\/v2\/pages\/38\/revisions\/1738"}],"up":[{"embeddable":true,"href":"https:\/\/www.affectio.es\/es\/wp-json\/wp\/v2\/pages\/34"}],"wp:attachment":[{"href":"https:\/\/www.affectio.es\/es\/wp-json\/wp\/v2\/media?parent=38"}],"curies":[{"name":"wp","href":"https:\/\/api.w.org\/{rel}","templated":true}]}}