{"id":34,"date":"2020-09-29T10:18:39","date_gmt":"2020-09-29T10:18:39","guid":{"rendered":"https:\/\/www.affectio.es\/?page_id=34"},"modified":"2026-02-13T11:40:07","modified_gmt":"2026-02-13T11:40:07","slug":"integral","status":"publish","type":"page","link":"https:\/\/www.affectio.es\/es\/integral\/","title":{"rendered":"Integral"},"content":{"rendered":"<div class=\"wpb-content-wrapper\"><p>[vc_row css=\u00bb.vc_custom_1601386151287{margin-bottom: -80px !important;}\u00bb][vc_column][vc_single_image image=\u00bb2033&#8243; img_size=\u00bbfull\u00bb css=\u00bb.vc_custom_1770982804243{padding-bottom: 20px !important;}\u00bb][vc_column_text css=\u00bb.vc_custom_1585329202806{margin-top: 0px !important;margin-bottom: 0px !important;padding-top: 0px !important;padding-bottom: 0px !important;}\u00bb][\/vc_column_text]<div id=\"ultimate-heading-721869eb54e0a561a\" class=\"uvc-heading ult-adjust-bottom-margin ultimate-heading-721869eb54e0a561a uvc-7489 \" data-hspacer=\"line_only\"  data-halign=\"left\" style=\"text-align:left\"><div class=\"uvc-main-heading ult-responsive\"  data-ultimate-target='.uvc-heading.ultimate-heading-721869eb54e0a561a h2'  data-responsive-json-new='{\"font-size\":\"desktop:24px;\",\"line-height\":\"desktop:30px;\"}' ><h2 style=\"font-weight:bold;margin-bottom:25px;\">INTEGRAL<\/h2><\/div><div class=\"uvc-heading-spacer line_only\" style=\"topheight:1px;\"><span class=\"uvc-headings-line\" style=\"border-style:solid;border-bottom-width:1px;border-color:#3f4a9a;width:autopx;\"><\/span><\/div><\/div>[vc_column_text css=\u00bb.vc_custom_1585560367170{padding-top: 30px !important;padding-bottom: 30px !important;}\u00bb]<\/p>\n<div style=\"text-align: justify;\">\n<p><strong>Integral<\/strong> es una Asesor\u00eda y Consultor\u00eda barcelonesa, creada en 1987, que viene aportando soluciones especializadas en los \u00e1mbitos econ\u00f3mico y de desarrollo organizacional, contando siempre con una visi\u00f3n global de las organizaciones y de los mercados en los que operan.<\/p>\n<p><strong>Integral<\/strong> favorece la adecuaci\u00f3n de los sistemas organizativos, de los m\u00e9todos y de las personas, a las necesidades de adaptaci\u00f3n de la empresa. Necesidades derivadas de los factores de evoluci\u00f3n internos y externos que provocan cambios tanto a corto como a largo plazo.<\/p>\n<p><strong>Nuestra Misi\u00f3n<\/strong><br \/>\nIntegral, mediante la prestaci\u00f3n de servicios profesionales y empresariales de calidad, aspira a ofrecer a las personas que lo forman un lugar donde labrarse su propio camino, asumiendo como elementos esenciales: el trabajo en equipo, la profunda convicci\u00f3n de que tan solo el trabajo bien hecho es \u00fatil y la absoluta lealtad a la obra colectiva que d\u00eda tras d\u00eda se debe construir.<\/p>\n<p><strong>Nuestros Principios de Actuaci\u00f3n<\/strong><br \/>\nLas necesidades de la organizaci\u00f3n como referencia en la personalizaci\u00f3n de las soluciones.<br \/>\nLa aplicaci\u00f3n de metodolog\u00edas y tecnolog\u00edas innovadoras para actuar en un entorno en continua evoluci\u00f3n.<br \/>\nUna visi\u00f3n estrat\u00e9gica dela empresa como forma de anticiparse al futuro.<br \/>\nUna intervenci\u00f3n multidisciplinar ante realidades complejas.<\/p>\n<\/div>\n<p>[\/vc_column_text][vc_column_text css=\u00bb.vc_custom_1585329202806{margin-top: 0px !important;margin-bottom: 0px !important;padding-top: 0px !important;padding-bottom: 0px !important;}\u00bb][\/vc_column_text][vc_row_inner css=\u00bb.vc_custom_1462354927208{padding-top: 22px !important;padding-bottom: 20px !important;}\u00bb][vc_column_inner width=\u00bb1\/2&#8243;]<div id=\"ultimate-heading-591069eb54e0a5743\" class=\"uvc-heading ult-adjust-bottom-margin ultimate-heading-591069eb54e0a5743 uvc-2342 \" data-hspacer=\"line_only\"  data-halign=\"left\" style=\"text-align:left\"><div class=\"uvc-main-heading ult-responsive\"  data-ultimate-target='.uvc-heading.ultimate-heading-591069eb54e0a5743 h2'  data-responsive-json-new='{\"font-size\":\"desktop:24px;\",\"line-height\":\"desktop:30px;\"}' ><h2 style=\"font-weight:bold;margin-bottom:25px;\">Divisi\u00f3n econ\u00f3mica<\/h2><\/div><div class=\"uvc-heading-spacer line_only\" style=\"topheight:1px;\"><span class=\"uvc-headings-line\" style=\"border-style:solid;border-bottom-width:1px;border-color:#3f4a9a;width:autopx;\"><\/span><\/div><\/div>[vc_column_text css=\u00bb.vc_custom_1668686357249{padding-top: 30px !important;padding-bottom: 30px !important;}\u00bb]<\/p>\n<div style=\"text-align: justify;\">\n<p><strong>El principal objetivo de nuestra divisi\u00f3n econ\u00f3mica es facilitar que la Toma de Decisiones Econ\u00f3micas, Financieras y Fiscales, sea informada y consciente<\/strong>. La gesti\u00f3n de una actividad econ\u00f3mica exige conocer con precisi\u00f3n tanto la <strong>Situaci\u00f3n Econ\u00f3mica<\/strong> (ingresos y costes) como la <strong>Situaci\u00f3n Financiera<\/strong> (considerando las necesidades a corto y largo plazo). Y el primer paso es una correcta <strong>Confecci\u00f3n de la Contabilidad<\/strong>, puesto que una contabilidad bien elaborada permite tambi\u00e9n la <strong>Planificaci\u00f3n<\/strong> y el cumplimiento de las <strong>Obligaciones Fiscales<\/strong>.<\/p>\n<p><strong>Acompa\u00f1amos<\/strong> a nuestros clientes en la <strong>toma de decisiones<\/strong>, aport\u00e1ndoles informaci\u00f3n y ayuda, al tiempo que un soporte permanente en sus actuaciones.<\/p>\n<\/div>\n<p>[\/vc_column_text][\/vc_column_inner][vc_column_inner width=\u00bb1\/2&#8243;]<div id=\"ultimate-heading-142569eb54e0a57f2\" class=\"uvc-heading ult-adjust-bottom-margin ultimate-heading-142569eb54e0a57f2 uvc-7897 \" data-hspacer=\"line_only\"  data-halign=\"left\" style=\"text-align:left\"><div class=\"uvc-main-heading ult-responsive\"  data-ultimate-target='.uvc-heading.ultimate-heading-142569eb54e0a57f2 h2'  data-responsive-json-new='{\"font-size\":\"desktop:24px;\",\"line-height\":\"desktop:30px;\"}' ><h2 style=\"font-weight:bold;margin-bottom:25px;\">Divisi\u00f3n de consultor\u00eda<\/h2><\/div><div class=\"uvc-heading-spacer line_only\" style=\"topheight:1px;\"><span class=\"uvc-headings-line\" style=\"border-style:solid;border-bottom-width:1px;border-color:#3f4a9a;width:autopx;\"><\/span><\/div><\/div>[vc_column_text css=\u00bb.vc_custom_1601457104619{padding-top: 30px !important;padding-bottom: 30px !important;}\u00bb]<\/p>\n<div style=\"text-align: justify;\">\n<p>Nuestra divisi\u00f3n de consultor\u00eda cuenta con un equipo experto con una amplia experiencia en el acompa\u00f1amiento y asesoramiento a empresas y entidades. La actuaci\u00f3n de nuestro equipo consultor facilita la implantaci\u00f3n de proyectos en \u00e1reas como la estrategia, la mejora de la actividad comercial y marketing, las personas y la innovaci\u00f3n.<br \/>\nEstamos especializados en el asesoramiento a peque\u00f1as y medianas empresas, a menudo familiares, escuelas y centros educativos, as\u00ed como cooperativas y entidades de la econom\u00eda social.<br \/>\nDesde 2005, somos partner de PIMEC para la dinamizaci\u00f3n estrat\u00e9gica y comercial de sus empresas afiliadas. Somos tambi\u00e9n el partner de Fundaci\u00f3 Tr@ms para la implantaci\u00f3n en las escuelas y centros educativos del <a href=\"https:\/\/www.segellsmart.org\" target=\"_blank\" rel=\"noopener noreferrer\"><strong>Sello SMART<\/strong><\/a> (Tr@ms, Integral y UOC) como marco de excelencia educativa en los \u00e1mbitos de estrategia, gesti\u00f3n, comunidad educativa, producto, comunicaci\u00f3n y marketing.<\/p>\n<\/div>\n<p>[\/vc_column_text][\/vc_column_inner][\/vc_row_inner][\/vc_column][\/vc_row][vc_row full_width=\u00bbstretch_row\u00bb content_placement=\u00bbmiddle\u00bb bg_type=\u00bbbg_color\u00bb bg_color_value=\u00bb#4b7889&#8243; css=\u00bb.vc_custom_1585563404482{padding-top: 40px !important;padding-bottom: 40px !important;}\u00bb][vc_column][vc_row_inner content_placement=\u00bbmiddle\u00bb][vc_column_inner width=\u00bb1\/4&#8243; offset=\u00bbvc_hidden-xs\u00bb][vc_single_image image=\u00bb1437&#8243;][\/vc_column_inner][vc_column_inner width=\u00bb3\/4&#8243;][vc_column_text]<\/p>\n<div class=\"estilbcorp\" style=\"font-size: 24px; font-weight: bold;\"><a href=\"https:\/\/www.affectio.es\/es\/integral\/integral-ha-sido-reconocida-dentro-del-universo-b-corp\/\">Integral ha sido reconocida dentro del universo B Corp (m\u00e1s de 2.500 empresas en todo el mundo) como \u201cBest For The World 2021\u201d en la categor\u00eda de personas empleadas.<\/a><\/div>\n<p>[\/vc_column_text][\/vc_column_inner][\/vc_row_inner][\/vc_column][\/vc_row][vc_row full_width=\u00bbstretch_row\u00bb content_placement=\u00bbmiddle\u00bb bg_type=\u00bbbg_color\u00bb bg_color_value=\u00bb#165d89&#8243; css=\u00bb.vc_custom_1601387085123{margin-top: 40px !important;padding-top: 40px !important;padding-bottom: 40px !important;}\u00bb][vc_column][vc_row_inner content_placement=\u00bbmiddle\u00bb][vc_column_inner width=\u00bb1\/4&#8243; offset=\u00bbvc_hidden-xs\u00bb][vc_single_image image=\u00bb189&#8243; img_size=\u00bbfull\u00bb onclick=\u00bbcustom_link\u00bb link=\u00bbhttps:\/\/www.affectio.es\/cooperativas-construir-una-relacion-con-vosotros\/\u00bb][\/vc_column_inner][vc_column_inner width=\u00bb3\/4&#8243;][vc_column_text]<\/p>\n<div class=\"estilbcorp\" style=\"font-size: 24px; font-weight: bold;\"><a href=\"https:\/\/www.affectio.es\/es\/integral\/cooperativas-construir-una-relacion-con-vosotros\/\">En Integral creemos en la relaci\u00f3n a largo plazo, basada en la confianza, el compromiso y la transparencia.<br \/>\nAportando valor desde nuestra manera de hacer.<\/a><\/div>\n<p>[\/vc_column_text][\/vc_column_inner][\/vc_row_inner][\/vc_column][\/vc_row]<\/p>\n<\/div>","protected":false},"excerpt":{"rendered":"<p>[vc_row css=\u00bb.vc_custom_1601386151287{margin-bottom: -80px !important;}\u00bb][vc_column][vc_single_image image=\u00bb2033&#8243; img_size=\u00bbfull\u00bb css=\u00bb.vc_custom_1770982804243{padding-bottom: 20px !important;}\u00bb][vc_column_text css=\u00bb.vc_custom_1585329202806{margin-top: 0px !important;margin-bottom: 0px !important;padding-top: 0px !important;padding-bottom: 0px !important;}\u00bb][\/vc_column_text][vc_column_text css=\u00bb.vc_custom_1585560367170{padding-top: 30px !important;padding-bottom: 30px !important;}\u00bb] Integral es una Asesor\u00eda y Consultor\u00eda barcelonesa, creada en 1987, que viene aportando soluciones especializadas en los \u00e1mbitos econ\u00f3mico y de desarrollo organizacional, contando siempre con una visi\u00f3n global de las organizaciones&hellip;<\/p>\n","protected":false},"author":1,"featured_media":0,"parent":0,"menu_order":0,"comment_status":"closed","ping_status":"closed","template":"","meta":{"footnotes":""},"class_list":["post-34","page","type-page","status-publish","hentry","description-off"],"yoast_head":"<!-- This site is optimized with the Yoast SEO plugin v26.9 - https:\/\/yoast.com\/product\/yoast-seo-wordpress\/ -->\n<title>Integral - Affectio Group<\/title>\n<meta name=\"description\" content=\"Integral es una Asesor\u00eda y Consultor\u00eda barcelonesa que viene aportando soluciones los \u00e1mbitos econ\u00f3mico y de desarrollo organizacional.\" \/>\n<meta name=\"robots\" content=\"index, follow, max-snippet:-1, max-image-preview:large, max-video-preview:-1\" \/>\n<link rel=\"canonical\" href=\"https:\/\/www.affectio.es\/es\/integral\/\" \/>\n<meta property=\"og:locale\" content=\"es_ES\" \/>\n<meta property=\"og:type\" content=\"article\" \/>\n<meta property=\"og:title\" content=\"Integral - Affectio Group\" \/>\n<meta property=\"og:description\" content=\"Integral es una Asesor\u00eda y Consultor\u00eda barcelonesa que viene aportando soluciones los \u00e1mbitos econ\u00f3mico y de desarrollo organizacional.\" \/>\n<meta property=\"og:url\" content=\"https:\/\/www.affectio.es\/es\/integral\/\" \/>\n<meta property=\"og:site_name\" content=\"Affectio Group\" \/>\n<meta property=\"article:modified_time\" content=\"2026-02-13T11:40:07+00:00\" \/>\n<meta name=\"twitter:card\" content=\"summary_large_image\" \/>\n<meta name=\"twitter:label1\" content=\"Tiempo de lectura\" \/>\n\t<meta name=\"twitter:data1\" content=\"5 minutos\" \/>\n<script type=\"application\/ld+json\" class=\"yoast-schema-graph\">{\"@context\":\"https:\/\/schema.org\",\"@graph\":[{\"@type\":\"WebPage\",\"@id\":\"https:\/\/www.affectio.es\/es\/integral\/\",\"url\":\"https:\/\/www.affectio.es\/es\/integral\/\",\"name\":\"Integral - Affectio Group\",\"isPartOf\":{\"@id\":\"https:\/\/www.affectio.es\/es\/#website\"},\"datePublished\":\"2020-09-29T10:18:39+00:00\",\"dateModified\":\"2026-02-13T11:40:07+00:00\",\"description\":\"Integral es una Asesor\u00eda y Consultor\u00eda barcelonesa que viene aportando soluciones los \u00e1mbitos econ\u00f3mico y de desarrollo organizacional.\",\"breadcrumb\":{\"@id\":\"https:\/\/www.affectio.es\/es\/integral\/#breadcrumb\"},\"inLanguage\":\"es\",\"potentialAction\":[{\"@type\":\"ReadAction\",\"target\":[\"https:\/\/www.affectio.es\/es\/integral\/\"]}]},{\"@type\":\"BreadcrumbList\",\"@id\":\"https:\/\/www.affectio.es\/es\/integral\/#breadcrumb\",\"itemListElement\":[{\"@type\":\"ListItem\",\"position\":1,\"name\":\"Portada\",\"item\":\"https:\/\/www.affectio.es\/es\/\"},{\"@type\":\"ListItem\",\"position\":2,\"name\":\"Integral\"}]},{\"@type\":\"WebSite\",\"@id\":\"https:\/\/www.affectio.es\/es\/#website\",\"url\":\"https:\/\/www.affectio.es\/es\/\",\"name\":\"Affectio Group\",\"description\":\"Affectio Group es la expresi\u00f3n del v\u00ednculo entre los m\u00e1s de 30 profesionales de Integral\u00ae y de Idea Iuris\u00ae, basado en la mutua confianza y en su deseo de aunar sus contrastadas solvencia y experiencia\",\"potentialAction\":[{\"@type\":\"SearchAction\",\"target\":{\"@type\":\"EntryPoint\",\"urlTemplate\":\"https:\/\/www.affectio.es\/es\/?s={search_term_string}\"},\"query-input\":{\"@type\":\"PropertyValueSpecification\",\"valueRequired\":true,\"valueName\":\"search_term_string\"}}],\"inLanguage\":\"es\"}]}<\/script>\n<!-- \/ Yoast SEO plugin. -->","yoast_head_json":{"title":"Integral - Affectio Group","description":"Integral es una Asesor\u00eda y Consultor\u00eda barcelonesa que viene aportando soluciones los \u00e1mbitos econ\u00f3mico y de desarrollo organizacional.","robots":{"index":"index","follow":"follow","max-snippet":"max-snippet:-1","max-image-preview":"max-image-preview:large","max-video-preview":"max-video-preview:-1"},"canonical":"https:\/\/www.affectio.es\/es\/integral\/","og_locale":"es_ES","og_type":"article","og_title":"Integral - Affectio Group","og_description":"Integral es una Asesor\u00eda y Consultor\u00eda barcelonesa que viene aportando soluciones los \u00e1mbitos econ\u00f3mico y de desarrollo organizacional.","og_url":"https:\/\/www.affectio.es\/es\/integral\/","og_site_name":"Affectio Group","article_modified_time":"2026-02-13T11:40:07+00:00","twitter_card":"summary_large_image","twitter_misc":{"Tiempo de lectura":"5 minutos"},"schema":{"@context":"https:\/\/schema.org","@graph":[{"@type":"WebPage","@id":"https:\/\/www.affectio.es\/es\/integral\/","url":"https:\/\/www.affectio.es\/es\/integral\/","name":"Integral - Affectio Group","isPartOf":{"@id":"https:\/\/www.affectio.es\/es\/#website"},"datePublished":"2020-09-29T10:18:39+00:00","dateModified":"2026-02-13T11:40:07+00:00","description":"Integral es una Asesor\u00eda y Consultor\u00eda barcelonesa que viene aportando soluciones los \u00e1mbitos econ\u00f3mico y de desarrollo organizacional.","breadcrumb":{"@id":"https:\/\/www.affectio.es\/es\/integral\/#breadcrumb"},"inLanguage":"es","potentialAction":[{"@type":"ReadAction","target":["https:\/\/www.affectio.es\/es\/integral\/"]}]},{"@type":"BreadcrumbList","@id":"https:\/\/www.affectio.es\/es\/integral\/#breadcrumb","itemListElement":[{"@type":"ListItem","position":1,"name":"Portada","item":"https:\/\/www.affectio.es\/es\/"},{"@type":"ListItem","position":2,"name":"Integral"}]},{"@type":"WebSite","@id":"https:\/\/www.affectio.es\/es\/#website","url":"https:\/\/www.affectio.es\/es\/","name":"Affectio Group","description":"Affectio Group es la expresi\u00f3n del v\u00ednculo entre los m\u00e1s de 30 profesionales de Integral\u00ae y de Idea Iuris\u00ae, basado en la mutua confianza y en su deseo de aunar sus contrastadas solvencia y experiencia","potentialAction":[{"@type":"SearchAction","target":{"@type":"EntryPoint","urlTemplate":"https:\/\/www.affectio.es\/es\/?s={search_term_string}"},"query-input":{"@type":"PropertyValueSpecification","valueRequired":true,"valueName":"search_term_string"}}],"inLanguage":"es"}]}},"_links":{"self":[{"href":"https:\/\/www.affectio.es\/es\/wp-json\/wp\/v2\/pages\/34","targetHints":{"allow":["GET"]}}],"collection":[{"href":"https:\/\/www.affectio.es\/es\/wp-json\/wp\/v2\/pages"}],"about":[{"href":"https:\/\/www.affectio.es\/es\/wp-json\/wp\/v2\/types\/page"}],"author":[{"embeddable":true,"href":"https:\/\/www.affectio.es\/es\/wp-json\/wp\/v2\/users\/1"}],"replies":[{"embeddable":true,"href":"https:\/\/www.affectio.es\/es\/wp-json\/wp\/v2\/comments?post=34"}],"version-history":[{"count":20,"href":"https:\/\/www.affectio.es\/es\/wp-json\/wp\/v2\/pages\/34\/revisions"}],"predecessor-version":[{"id":1946,"href":"https:\/\/www.affectio.es\/es\/wp-json\/wp\/v2\/pages\/34\/revisions\/1946"}],"wp:attachment":[{"href":"https:\/\/www.affectio.es\/es\/wp-json\/wp\/v2\/media?parent=34"}],"curies":[{"name":"wp","href":"https:\/\/api.w.org\/{rel}","templated":true}]}}