{"id":18,"date":"2020-09-29T10:16:06","date_gmt":"2020-09-29T10:16:06","guid":{"rendered":"https:\/\/www.affectio.es\/?page_id=18"},"modified":"2020-10-14T08:44:22","modified_gmt":"2020-10-14T08:44:22","slug":"cooperativas-construir-una-relacion-con-vosotros","status":"publish","type":"page","link":"https:\/\/www.affectio.es\/es\/integral\/cooperativas-construir-una-relacion-con-vosotros\/","title":{"rendered":"Cooperativas. Construir una relaci\u00f3n con vosotros"},"content":{"rendered":"<div class=\"wpb-content-wrapper\"><p>[vc_row content_placement=\u00bbtop\u00bb][vc_column width=\u00bb1\/4&#8243;][vc_single_image image=\u00bb173&#8243; img_size=\u00bbfull\u00bb css=\u00bb.vc_custom_1601395089707{margin-bottom: 20px !important;}\u00bb][\/vc_column][vc_column width=\u00bb3\/4&#8243;][vc_column_text css=\u00bb.vc_custom_1585607825770{margin-bottom: 30px !important;padding-top: 0px !important;}\u00bb]<\/p>\n<div style=\"text-align: justify;\">\n<h4>En Integral creemos en la relaci\u00f3n a largo plazo, basada en la confianza, el compromiso y la transparencia.<br \/>\nAportando valor desde nuestra manera de hacer.<\/h4>\n<\/div>\n<p>[\/vc_column_text][\/vc_column][\/vc_row][vc_row css=\u00bb.vc_custom_1601394889691{margin-bottom: -80px !important;}\u00bb][vc_column][vc_row_inner css=\u00bb.vc_custom_1585564359290{margin-top: 20px !important;}\u00bb][vc_column_inner width=\u00bb1\/3&#8243;][vc_single_image image=\u00bb272&#8243; img_size=\u00bbfull\u00bb alignment=\u00bbcenter\u00bb][vc_column_text css=\u00bb.vc_custom_1585607963077{padding-top: 15px !important;padding-bottom: 30px !important;}\u00bb]<\/p>\n<h4>Visi\u00f3n global<\/h4>\n<p>A menudo la toma de decisiones en un \u00e1mbito de la Cooperativa no tiene en cuenta otros \u00e1mbitos y esto puede generar m\u00e1s adelante un problema.<br \/>\nOs aseguramos que desde la prestaci\u00f3n del servicio desde cualquier m\u00f3dulo siempre tendremos en cuenta las repercusiones para la realidad de toda la Cooperativa, manteniendo permanentemente una Visi\u00f3n Global.[\/vc_column_text][\/vc_column_inner][vc_column_inner width=\u00bb1\/3&#8243;][vc_single_image image=\u00bb273&#8243; img_size=\u00bbfull\u00bb alignment=\u00bbcenter\u00bb][vc_column_text css=\u00bb.vc_custom_1585607992891{padding-top: 15px !important;padding-bottom: 30px !important;}\u00bb]<\/p>\n<h4>Implicaci\u00f3n<\/h4>\n<p>La Cooperativa, dispondr\u00e1 de un consultor de referencia facilitando la comunicaci\u00f3n, la coordinaci\u00f3n y la calidad en la prestaci\u00f3n de los servicios; asegurando igualmente, que en todo momento todas y cada una de las necesidades, sean atendidas.[\/vc_column_text][\/vc_column_inner][vc_column_inner width=\u00bb1\/3&#8243;][vc_single_image image=\u00bb274&#8243; img_size=\u00bbfull\u00bb alignment=\u00bbcenter\u00bb][vc_column_text css=\u00bb.vc_custom_1585608046857{padding-top: 15px !important;padding-bottom: 30px !important;}\u00bb]<\/p>\n<h4>Agilidad<\/h4>\n<p>Para cualquier consulta, vuestro consultor de referencia se pondr\u00e1 en contacto con vosotros en un periodo m\u00e1ximo de 24 horas.<br \/>\nNo obstante, si la consulta es muy urgente, siempre podr\u00e1 contar con uno de nuestros profesionales que resolver\u00e1n sus inquietudes lo antes posible.[\/vc_column_text][\/vc_column_inner][\/vc_row_inner][vc_row_inner css=\u00bb.vc_custom_1585564359290{margin-top: 20px !important;}\u00bb][vc_column_inner width=\u00bb1\/3&#8243;][vc_single_image image=\u00bb275&#8243; img_size=\u00bbfull\u00bb alignment=\u00bbcenter\u00bb][vc_column_text css=\u00bb.vc_custom_1585608127544{padding-top: 15px !important;padding-bottom: 30px !important;}\u00bb]<\/p>\n<h4>Soporte en las decisiones<\/h4>\n<p>La gesti\u00f3n empresarial y el proceso de toma de decisiones a menudo es complejo a las cooperativas, en Integral lo entendemos y por tanto os acompa\u00f1amos con un criterio objetivo y profesional a tomar las mejores decisiones posibles para vuestra Cooperativa.[\/vc_column_text][\/vc_column_inner][vc_column_inner width=\u00bb1\/3&#8243;][vc_single_image image=\u00bb276&#8243; img_size=\u00bbfull\u00bb alignment=\u00bbcenter\u00bb][vc_column_text css=\u00bb.vc_custom_1585608162824{padding-top: 15px !important;padding-bottom: 30px !important;}\u00bb]<\/p>\n<h4>Proximidad<\/h4>\n<p>Porque el lugar donde pasa \u00abtodo\u00bb es la Cooperativa, nuestro consultor le acompa\u00f1ar\u00e1, siempre que sea necesario, desde su sede, \u00abin situ\u00bb, ahorrando su tiempo y estando siempre cercano a la acci\u00f3n.[\/vc_column_text][\/vc_column_inner][vc_column_inner width=\u00bb1\/3&#8243;][\/vc_column_inner][\/vc_row_inner][vc_separator style=\u00bbdouble\u00bb border_width=\u00bb2&#8243; css=\u00bb.vc_custom_1581012067783{margin-top: 30px !important;margin-bottom: 30px !important;}\u00bb][\/vc_column][\/vc_row]<\/p>\n<\/div>","protected":false},"excerpt":{"rendered":"<p>[vc_row content_placement=\u00bbtop\u00bb][vc_column width=\u00bb1\/4&#8243;][vc_single_image image=\u00bb173&#8243; img_size=\u00bbfull\u00bb css=\u00bb.vc_custom_1601395089707{margin-bottom: 20px !important;}\u00bb][\/vc_column][vc_column width=\u00bb3\/4&#8243;][vc_column_text css=\u00bb.vc_custom_1585607825770{margin-bottom: 30px !important;padding-top: 0px !important;}\u00bb] En Integral creemos en la relaci\u00f3n a largo plazo, basada en la confianza, el compromiso y la transparencia. Aportando valor desde nuestra manera de hacer. [\/vc_column_text][\/vc_column][\/vc_row][vc_row css=\u00bb.vc_custom_1601394889691{margin-bottom: -80px !important;}\u00bb][vc_column][vc_row_inner css=\u00bb.vc_custom_1585564359290{margin-top: 20px !important;}\u00bb][vc_column_inner width=\u00bb1\/3&#8243;][vc_single_image image=\u00bb272&#8243; img_size=\u00bbfull\u00bb alignment=\u00bbcenter\u00bb][vc_column_text css=\u00bb.vc_custom_1585607963077{padding-top: 15px !important;padding-bottom: 30px !important;}\u00bb]&hellip;<\/p>\n","protected":false},"author":1,"featured_media":0,"parent":34,"menu_order":0,"comment_status":"closed","ping_status":"closed","template":"","meta":{"footnotes":""},"class_list":["post-18","page","type-page","status-publish","hentry","description-off"],"yoast_head":"<!-- This site is optimized with the Yoast SEO plugin v26.9 - https:\/\/yoast.com\/product\/yoast-seo-wordpress\/ -->\n<title>Cooperativas. Construir una relaci\u00f3n con vosotros - Affectio Group<\/title>\n<meta name=\"description\" content=\"En Integral creemos en la relaci\u00f3n a largo plazo, basada en la confianza, el compromiso y la transparencia. Aportando valor desde...\" \/>\n<meta name=\"robots\" content=\"index, follow, max-snippet:-1, max-image-preview:large, max-video-preview:-1\" \/>\n<link rel=\"canonical\" href=\"https:\/\/www.affectio.es\/es\/integral\/cooperativas-construir-una-relacion-con-vosotros\/\" \/>\n<meta property=\"og:locale\" content=\"es_ES\" \/>\n<meta property=\"og:type\" content=\"article\" \/>\n<meta property=\"og:title\" content=\"Cooperativas. Construir una relaci\u00f3n con vosotros - Affectio Group\" \/>\n<meta property=\"og:description\" content=\"En Integral creemos en la relaci\u00f3n a largo plazo, basada en la confianza, el compromiso y la transparencia. Aportando valor desde...\" \/>\n<meta property=\"og:url\" content=\"https:\/\/www.affectio.es\/es\/integral\/cooperativas-construir-una-relacion-con-vosotros\/\" \/>\n<meta property=\"og:site_name\" content=\"Affectio Group\" \/>\n<meta property=\"article:modified_time\" content=\"2020-10-14T08:44:22+00:00\" \/>\n<meta name=\"twitter:card\" content=\"summary_large_image\" \/>\n<meta name=\"twitter:label1\" content=\"Tiempo de lectura\" \/>\n\t<meta name=\"twitter:data1\" content=\"3 minutos\" \/>\n<script type=\"application\/ld+json\" class=\"yoast-schema-graph\">{\"@context\":\"https:\/\/schema.org\",\"@graph\":[{\"@type\":\"WebPage\",\"@id\":\"https:\/\/www.affectio.es\/es\/integral\/cooperativas-construir-una-relacion-con-vosotros\/\",\"url\":\"https:\/\/www.affectio.es\/es\/integral\/cooperativas-construir-una-relacion-con-vosotros\/\",\"name\":\"Cooperativas. Construir una relaci\u00f3n con vosotros - Affectio Group\",\"isPartOf\":{\"@id\":\"https:\/\/www.affectio.es\/es\/#website\"},\"datePublished\":\"2020-09-29T10:16:06+00:00\",\"dateModified\":\"2020-10-14T08:44:22+00:00\",\"description\":\"En Integral creemos en la relaci\u00f3n a largo plazo, basada en la confianza, el compromiso y la transparencia. Aportando valor desde...\",\"breadcrumb\":{\"@id\":\"https:\/\/www.affectio.es\/es\/integral\/cooperativas-construir-una-relacion-con-vosotros\/#breadcrumb\"},\"inLanguage\":\"es\",\"potentialAction\":[{\"@type\":\"ReadAction\",\"target\":[\"https:\/\/www.affectio.es\/es\/integral\/cooperativas-construir-una-relacion-con-vosotros\/\"]}]},{\"@type\":\"BreadcrumbList\",\"@id\":\"https:\/\/www.affectio.es\/es\/integral\/cooperativas-construir-una-relacion-con-vosotros\/#breadcrumb\",\"itemListElement\":[{\"@type\":\"ListItem\",\"position\":1,\"name\":\"Portada\",\"item\":\"https:\/\/www.affectio.es\/es\/\"},{\"@type\":\"ListItem\",\"position\":2,\"name\":\"Integral\",\"item\":\"https:\/\/www.affectio.es\/es\/integral\/\"},{\"@type\":\"ListItem\",\"position\":3,\"name\":\"Cooperativas. Construir una relaci\u00f3n con vosotros\"}]},{\"@type\":\"WebSite\",\"@id\":\"https:\/\/www.affectio.es\/es\/#website\",\"url\":\"https:\/\/www.affectio.es\/es\/\",\"name\":\"Affectio Group\",\"description\":\"Affectio Group es la expresi\u00f3n del v\u00ednculo entre los m\u00e1s de 30 profesionales de Integral\u00ae y de Idea Iuris\u00ae, basado en la mutua confianza y en su deseo de aunar sus contrastadas solvencia y experiencia\",\"potentialAction\":[{\"@type\":\"SearchAction\",\"target\":{\"@type\":\"EntryPoint\",\"urlTemplate\":\"https:\/\/www.affectio.es\/es\/?s={search_term_string}\"},\"query-input\":{\"@type\":\"PropertyValueSpecification\",\"valueRequired\":true,\"valueName\":\"search_term_string\"}}],\"inLanguage\":\"es\"}]}<\/script>\n<!-- \/ Yoast SEO plugin. -->","yoast_head_json":{"title":"Cooperativas. Construir una relaci\u00f3n con vosotros - Affectio Group","description":"En Integral creemos en la relaci\u00f3n a largo plazo, basada en la confianza, el compromiso y la transparencia. Aportando valor desde...","robots":{"index":"index","follow":"follow","max-snippet":"max-snippet:-1","max-image-preview":"max-image-preview:large","max-video-preview":"max-video-preview:-1"},"canonical":"https:\/\/www.affectio.es\/es\/integral\/cooperativas-construir-una-relacion-con-vosotros\/","og_locale":"es_ES","og_type":"article","og_title":"Cooperativas. Construir una relaci\u00f3n con vosotros - Affectio Group","og_description":"En Integral creemos en la relaci\u00f3n a largo plazo, basada en la confianza, el compromiso y la transparencia. Aportando valor desde...","og_url":"https:\/\/www.affectio.es\/es\/integral\/cooperativas-construir-una-relacion-con-vosotros\/","og_site_name":"Affectio Group","article_modified_time":"2020-10-14T08:44:22+00:00","twitter_card":"summary_large_image","twitter_misc":{"Tiempo de lectura":"3 minutos"},"schema":{"@context":"https:\/\/schema.org","@graph":[{"@type":"WebPage","@id":"https:\/\/www.affectio.es\/es\/integral\/cooperativas-construir-una-relacion-con-vosotros\/","url":"https:\/\/www.affectio.es\/es\/integral\/cooperativas-construir-una-relacion-con-vosotros\/","name":"Cooperativas. Construir una relaci\u00f3n con vosotros - Affectio Group","isPartOf":{"@id":"https:\/\/www.affectio.es\/es\/#website"},"datePublished":"2020-09-29T10:16:06+00:00","dateModified":"2020-10-14T08:44:22+00:00","description":"En Integral creemos en la relaci\u00f3n a largo plazo, basada en la confianza, el compromiso y la transparencia. Aportando valor desde...","breadcrumb":{"@id":"https:\/\/www.affectio.es\/es\/integral\/cooperativas-construir-una-relacion-con-vosotros\/#breadcrumb"},"inLanguage":"es","potentialAction":[{"@type":"ReadAction","target":["https:\/\/www.affectio.es\/es\/integral\/cooperativas-construir-una-relacion-con-vosotros\/"]}]},{"@type":"BreadcrumbList","@id":"https:\/\/www.affectio.es\/es\/integral\/cooperativas-construir-una-relacion-con-vosotros\/#breadcrumb","itemListElement":[{"@type":"ListItem","position":1,"name":"Portada","item":"https:\/\/www.affectio.es\/es\/"},{"@type":"ListItem","position":2,"name":"Integral","item":"https:\/\/www.affectio.es\/es\/integral\/"},{"@type":"ListItem","position":3,"name":"Cooperativas. Construir una relaci\u00f3n con vosotros"}]},{"@type":"WebSite","@id":"https:\/\/www.affectio.es\/es\/#website","url":"https:\/\/www.affectio.es\/es\/","name":"Affectio Group","description":"Affectio Group es la expresi\u00f3n del v\u00ednculo entre los m\u00e1s de 30 profesionales de Integral\u00ae y de Idea Iuris\u00ae, basado en la mutua confianza y en su deseo de aunar sus contrastadas solvencia y experiencia","potentialAction":[{"@type":"SearchAction","target":{"@type":"EntryPoint","urlTemplate":"https:\/\/www.affectio.es\/es\/?s={search_term_string}"},"query-input":{"@type":"PropertyValueSpecification","valueRequired":true,"valueName":"search_term_string"}}],"inLanguage":"es"}]}},"_links":{"self":[{"href":"https:\/\/www.affectio.es\/es\/wp-json\/wp\/v2\/pages\/18","targetHints":{"allow":["GET"]}}],"collection":[{"href":"https:\/\/www.affectio.es\/es\/wp-json\/wp\/v2\/pages"}],"about":[{"href":"https:\/\/www.affectio.es\/es\/wp-json\/wp\/v2\/types\/page"}],"author":[{"embeddable":true,"href":"https:\/\/www.affectio.es\/es\/wp-json\/wp\/v2\/users\/1"}],"replies":[{"embeddable":true,"href":"https:\/\/www.affectio.es\/es\/wp-json\/wp\/v2\/comments?post=18"}],"version-history":[{"count":4,"href":"https:\/\/www.affectio.es\/es\/wp-json\/wp\/v2\/pages\/18\/revisions"}],"predecessor-version":[{"id":277,"href":"https:\/\/www.affectio.es\/es\/wp-json\/wp\/v2\/pages\/18\/revisions\/277"}],"up":[{"embeddable":true,"href":"https:\/\/www.affectio.es\/es\/wp-json\/wp\/v2\/pages\/34"}],"wp:attachment":[{"href":"https:\/\/www.affectio.es\/es\/wp-json\/wp\/v2\/media?parent=18"}],"curies":[{"name":"wp","href":"https:\/\/api.w.org\/{rel}","templated":true}]}}