{"id":14,"date":"2020-09-29T10:15:13","date_gmt":"2020-09-29T10:15:13","guid":{"rendered":"https:\/\/www.affectio.es\/?page_id=14"},"modified":"2026-02-13T11:51:13","modified_gmt":"2026-02-13T11:51:13","slug":"affectio-group","status":"publish","type":"page","link":"https:\/\/www.affectio.es\/es\/","title":{"rendered":"Affectio Group"},"content":{"rendered":"<div class=\"wpb-content-wrapper\"><p>[vc_row gap=\u00bb30&#8243; equal_height=\u00bbyes\u00bb bg_type=\u00bbbg_color\u00bb bg_override=\u00bbex-full\u00bb type=\u00bbvc_default\u00bb css=\u00bb.vc_custom_1600190341500{margin-top: -80px !important;padding-top: 60px !important;padding-right: 25px !important;padding-bottom: 80px !important;padding-left: 25px !important;}\u00bb bg_color_value=\u00bb#ffffff\u00bb][vc_column width=\u00bb2\/3&#8243; offset=\u00bbvc_col-lg-offset-2 vc_col-md-offset-2 vc_col-sm-offset-2&#8243;]<div id=\"ultimate-heading-68146a06e805c9634\" class=\"uvc-heading ult-adjust-bottom-margin ultimate-heading-68146a06e805c9634 uvc-1123  uvc-heading-default-font-sizes\" data-hspacer=\"no_spacer\"  data-halign=\"center\" style=\"text-align:center\"><div class=\"uvc-heading-spacer no_spacer\" style=\"top\"><\/div><div class=\"uvc-main-heading ult-responsive\"  data-ultimate-target='.uvc-heading.ultimate-heading-68146a06e805c9634 h1'  data-responsive-json-new='{\"font-size\":\"\",\"line-height\":\"\"}' ><h1 style=\"font-weight:bold;\">Affectio Group<\/h1><\/div><\/div>[vc_column_text]<\/p>\n<p style=\"text-align: center; color: #9a9a9a; font-size: 18px; line-height: 30px;\">Affectio Group es la expresi\u00f3n del v\u00ednculo entre los m\u00e1s de 30 profesionales de <a href=\"https:\/\/www.affectio.es\/es\/integral\/\">Integral\u00ae<\/a> y de <a href=\"https:\/\/www.affectio.es\/es\/idea-iuris\/\">Idea Iuris\u00ae<\/a>, basado en la mutua confianza y en su deseo de aunar sus contrastadas solvencia y experiencia.<\/p>\n<p>[\/vc_column_text][vc_row_inner content_placement=\u00bbmiddle\u00bb css=\u00bb.vc_custom_1585580111295{margin-top: 25px !important;}\u00bb][vc_column_inner offset=\u00bbvc_hidden-lg vc_hidden-md\u00bb]<style type=\"text\/css\" data-type=\"the7_shortcodes-inline-css\">#default-btn-f167f774ccf631eb7f9146347b980fb9.ico-right-side > i {\n  margin-right: 0px;\n  margin-left: 8px;\n}\n#default-btn-f167f774ccf631eb7f9146347b980fb9 > i {\n  margin-right: 8px;\n}\n<\/style><a href=\"https:\/\/www.affectio.es\/idea-iuris\/\" class=\"default-btn-shortcode dt-btn dt-btn-m link-hover-off btn-inline-left  vc_custom_1601408683462\" id=\"default-btn-f167f774ccf631eb7f9146347b980fb9\" style=\"width:120px;\" title=\"Integral\"><span>Idea Iuris<\/span><\/a><style type=\"text\/css\" data-type=\"the7_shortcodes-inline-css\">#default-btn-8c1a298a11b1119c4e19d47b279ca33b.ico-right-side > i {\n  margin-right: 0px;\n  margin-left: 8px;\n}\n#default-btn-8c1a298a11b1119c4e19d47b279ca33b > i {\n  margin-right: 8px;\n}\n<\/style><a href=\"https:\/\/www.affectio.es\/integral\/\" class=\"default-btn-shortcode dt-btn dt-btn-m link-hover-off btn-inline-left  vc_custom_1601408695623\" id=\"default-btn-8c1a298a11b1119c4e19d47b279ca33b\" style=\"width:120px;\" title=\"Integral\"><span>Integral<\/span><\/a>[\/vc_column_inner][\/vc_row_inner][\/vc_column][\/vc_row][vc_row full_width=\u00bbstretch_row_content_no_spaces\u00bb][vc_column][vc_single_image image=\u00bb2036&#8243; img_size=\u00bbfull\u00bb css=\u00bb.vc_custom_1770983470603{margin-bottom: 0px !important;}\u00bb][\/vc_column][\/vc_row][vc_row gap=\u00bb30&#8243; equal_height=\u00bbyes\u00bb bg_type=\u00bbbg_color\u00bb bg_override=\u00bbex-full\u00bb type=\u00bbvc_default\u00bb css=\u00bb.vc_custom_1601409993369{padding-top: 60px !important;padding-right: 25px !important;padding-bottom: 80px !important;padding-left: 25px !important;}\u00bb bg_color_value=\u00bb#f4f4f4&#8243;][vc_column width=\u00bb2\/3&#8243; css=\u00bb.vc_custom_1571939563704{padding-top: 30px !important;padding-right: 20px !important;padding-bottom: 40px !important;padding-left: 20px !important;background-color: #3f4a9a !important;}\u00bb offset=\u00bbvc_col-lg-offset-0 vc_col-lg-4 vc_col-md-offset-0 vc_col-md-4 vc_col-sm-offset-2&#8243;]<div class=\"ult-just-icon-wrapper   vc_custom_1601408849839\"><div class=\"align-icon\" style=\"text-align:center;\">\n<div class=\"aio-icon-img \" style=\"font-size:40px;background:#ffffff;border-style:solid;border-color:#ffffff;border-width:3px;padding:25px;border-radius:500px;display:inline-block;\" >\n\t<img decoding=\"async\" class=\"img-icon\" alt=\"Icono Affectio Group divisi\u00f3n jur\u00eddica\" src=\"https:\/\/www.affectio.es\/wp-content\/uploads\/2020\/09\/icono-affectio-group-division-juridica.jpg\"\/>\n<\/div><\/div><\/div><div id=\"ultimate-heading-35046a06e805ca1f4\" class=\"uvc-heading ult-adjust-bottom-margin ultimate-heading-35046a06e805ca1f4 uvc-4197  uvc-heading-default-font-sizes\" data-hspacer=\"no_spacer\"  data-halign=\"center\" style=\"text-align:center\"><div class=\"uvc-heading-spacer no_spacer\" style=\"top\"><\/div><div class=\"uvc-main-heading ult-responsive\"  data-ultimate-target='.uvc-heading.ultimate-heading-35046a06e805ca1f4 h3'  data-responsive-json-new='{\"font-size\":\"\",\"line-height\":\"\"}' ><h3 style=\"font-weight:bold;color:#ffffff;\">DIVISI\u00d3N JUR\u00cdDICA<\/h3><\/div><div class=\"uvc-sub-heading ult-responsive\"  data-ultimate-target='.uvc-heading.ultimate-heading-35046a06e805ca1f4 .uvc-sub-heading '  data-responsive-json-new='{\"font-size\":\"desktop:14px;\",\"line-height\":\"desktop:28px;\"}'  style=\"font-weight:normal;color:#ffffff;margin-top:10px;margin-bottom:20px;\"><strong>IDEA IURIS\u00ae<\/strong> nace en 1998 tras m\u00e1s de 30 a\u00f1os de experiencia de sus socios, tanto en el ejercicio profesional de la abogac\u00eda en prestigiosos bufetes espa\u00f1oles y brit\u00e1nicos (en Londres) como en la Administraci\u00f3n de Justicia espa\u00f1ola.<\/div><\/div><div class=\" vc_custom_1601408931685 ubtn-ctn-center \"><a class=\"ubtn-link ult-adjust-bottom-margin ubtn-center ubtn-custom \" href=\"https:\/\/www.affectio.es\/idea-iuris\/\" title=\"Idea Iuris\" ><button type=\"button\" id=\"ubtn-8339\"  class=\"ubtn ult-adjust-bottom-margin ult-responsive ubtn-custom ubtn-fade-bg  none  ubtn-center   tooltip-6a06e805ca308\"  data-hover=\"#28a7fb\" data-border-color=\"rgba(255,255,255,0.4)\" data-bg=\"rgba(255,255,255,0.01)\" data-hover-bg=\"#ffffff\" data-border-hover=\"#ffffff\" data-shadow-hover=\"\" data-shadow-click=\"none\" data-shadow=\"\" data-shd-shadow=\"\"  data-ultimate-target='#ubtn-8339'  data-responsive-json-new='{\"font-size\":\"desktop:12px;\",\"line-height\":\"desktop:12px;\"}'  style=\"font-family:&#039;Montserrat&#039;;font-weight:normal;font-style:normal;width:px;min-height:34px;padding:5px 12px;border-radius:0px;border-width:2px;border-color:rgba(255,255,255,0.4);border-style:solid;background: rgba(255,255,255,0.01);color: #ffffff;\"><span class=\"ubtn-hover\" style=\"background-color:#ffffff\"><\/span><span class=\"ubtn-data ubtn-text \" >M\u00c1S INFORMACI\u00d3N<\/span><\/button><\/a><\/div>[\/vc_column][vc_column width=\u00bb2\/3&#8243; css=\u00bb.vc_custom_1571939549837{padding-top: 30px !important;padding-right: 20px !important;padding-bottom: 40px !important;padding-left: 20px !important;background-color: #25368c !important;}\u00bb offset=\u00bbvc_col-lg-offset-0 vc_col-lg-4 vc_col-md-offset-0 vc_col-md-4 vc_col-sm-offset-2&#8243;]<div class=\"ult-just-icon-wrapper   vc_custom_1601408888404\"><div class=\"align-icon\" style=\"text-align:center;\">\n<div class=\"aio-icon-img \" style=\"font-size:40px;background:#ffffff;border-style:solid;border-color:#ffffff;border-width:3px;padding:25px;border-radius:500px;display:inline-block;\" >\n\t<img decoding=\"async\" class=\"img-icon\" alt=\"Icono Affectio Group divisi\u00f3n econ\u00f3mica\" src=\"https:\/\/www.affectio.es\/wp-content\/uploads\/2020\/09\/icono-affectio-group-division-economica.jpg\"\/>\n<\/div><\/div><\/div><div id=\"ultimate-heading-45996a06e805caa59\" class=\"uvc-heading ult-adjust-bottom-margin ultimate-heading-45996a06e805caa59 uvc-2851  uvc-heading-default-font-sizes\" data-hspacer=\"no_spacer\"  data-halign=\"center\" style=\"text-align:center\"><div class=\"uvc-heading-spacer no_spacer\" style=\"top\"><\/div><div class=\"uvc-main-heading ult-responsive\"  data-ultimate-target='.uvc-heading.ultimate-heading-45996a06e805caa59 h3'  data-responsive-json-new='{\"font-size\":\"\",\"line-height\":\"\"}' ><h3 style=\"font-weight:bold;color:#ffffff;\">DIVISI\u00d3N ECON\u00d3MICA<\/h3><\/div><div class=\"uvc-sub-heading ult-responsive\"  data-ultimate-target='.uvc-heading.ultimate-heading-45996a06e805caa59 .uvc-sub-heading '  data-responsive-json-new='{\"font-size\":\"desktop:14px;\",\"line-height\":\"desktop:28px;\"}'  style=\"font-weight:normal;color:#ffffff;margin-top:10px;margin-bottom:20px;\">El objetivo central del acompa\u00f1amiento de INTEGRAL es facilitar que la Toma de Decisiones Econ\u00f3micas, Financieras y Fiscales, sea informada y consciente. La gesti\u00f3n de una actividad econ\u00f3mica exige conocer con precisi\u00f3n tanto la Situaci\u00f3n Econ\u00f3mica (ingresos y costes) como la Situaci\u00f3n Financiera (considerando las necesidades a corto y largo plazo).<\/div><\/div><div class=\" vc_custom_1601408942890 ubtn-ctn-center \"><a class=\"ubtn-link ult-adjust-bottom-margin ubtn-center ubtn-custom \" href=\"https:\/\/www.affectio.es\/integral\/\" title=\"Integral\" ><button type=\"button\" id=\"ubtn-7135\"  class=\"ubtn ult-adjust-bottom-margin ult-responsive ubtn-custom ubtn-fade-bg  none  ubtn-center   tooltip-6a06e805cab59\"  data-hover=\"#28a7fb\" data-border-color=\"rgba(255,255,255,0.4)\" data-bg=\"rgba(255,255,255,0.01)\" data-hover-bg=\"#ffffff\" data-border-hover=\"#ffffff\" data-shadow-hover=\"\" data-shadow-click=\"none\" data-shadow=\"\" data-shd-shadow=\"\"  data-ultimate-target='#ubtn-7135'  data-responsive-json-new='{\"font-size\":\"desktop:12px;\",\"line-height\":\"desktop:12px;\"}'  style=\"font-family:&#039;Montserrat&#039;;font-weight:normal;font-style:normal;width:px;min-height:34px;padding:5px 12px;border-radius:0px;border-width:2px;border-color:rgba(255,255,255,0.4);border-style:solid;background: rgba(255,255,255,0.01);color: #ffffff;\"><span class=\"ubtn-hover\" style=\"background-color:#ffffff\"><\/span><span class=\"ubtn-data ubtn-text \" >M\u00c1S INFORMACI\u00d3N<\/span><\/button><\/a><\/div>[\/vc_column][vc_column width=\u00bb2\/3&#8243; css=\u00bb.vc_custom_1571939534813{padding-top: 30px !important;padding-right: 20px !important;padding-bottom: 40px !important;padding-left: 20px !important;background-color: #2a2a69 !important;}\u00bb offset=\u00bbvc_col-lg-offset-0 vc_col-lg-4 vc_col-md-offset-0 vc_col-md-4 vc_col-sm-offset-2&#8243;]<div class=\"ult-just-icon-wrapper   vc_custom_1601408909285\"><div class=\"align-icon\" style=\"text-align:center;\">\n<div class=\"aio-icon-img \" style=\"font-size:40px;background:#ffffff;border-style:solid;border-color:#ffffff;border-width:3px;padding:25px;border-radius:500px;display:inline-block;\" >\n\t<img decoding=\"async\" class=\"img-icon\" alt=\"Icono Affectio Group divisi\u00f3n consultor\u00eda\" src=\"https:\/\/www.affectio.es\/wp-content\/uploads\/2020\/09\/icono-affectio-group-division-consultoria.jpg\"\/>\n<\/div><\/div><\/div><div id=\"ultimate-heading-91006a06e805cb1c5\" class=\"uvc-heading ult-adjust-bottom-margin ultimate-heading-91006a06e805cb1c5 uvc-9309  uvc-heading-default-font-sizes\" data-hspacer=\"no_spacer\"  data-halign=\"center\" style=\"text-align:center\"><div class=\"uvc-heading-spacer no_spacer\" style=\"top\"><\/div><div class=\"uvc-main-heading ult-responsive\"  data-ultimate-target='.uvc-heading.ultimate-heading-91006a06e805cb1c5 h3'  data-responsive-json-new='{\"font-size\":\"\",\"line-height\":\"\"}' ><h3 style=\"font-weight:bold;color:#ffffff;\">DIVISI\u00d3N CONSULTOR\u00cdA<\/h3><\/div><div class=\"uvc-sub-heading ult-responsive\"  data-ultimate-target='.uvc-heading.ultimate-heading-91006a06e805cb1c5 .uvc-sub-heading '  data-responsive-json-new='{\"font-size\":\"desktop:14px;\",\"line-height\":\"desktop:28px;\"}'  style=\"font-weight:normal;color:#ffffff;margin-top:10px;margin-bottom:20px;\">Nuestra divisi\u00f3n de consultor\u00eda cuenta con un equipo experto con una amplia experiencia en el acompa\u00f1amiento y asesoramiento a empresas y entidades. La actuaci\u00f3n de nuestro equipo consultor facilita la implantaci\u00f3n de proyectos en \u00e1reas como la estrategia, la mejora de la actividad comercial y marketing, las personas y la innovaci\u00f3n.<\/div><\/div><div class=\" vc_custom_1601408955817 ubtn-ctn-center \"><a class=\"ubtn-link ult-adjust-bottom-margin ubtn-center ubtn-custom \" href=\"https:\/\/www.affectio.es\/integral\/\" title=\"Integral\" ><button type=\"button\" id=\"ubtn-6860\"  class=\"ubtn ult-adjust-bottom-margin ult-responsive ubtn-custom ubtn-fade-bg  none  ubtn-center   tooltip-6a06e805cb2aa\"  data-hover=\"#28a7fb\" data-border-color=\"rgba(255,255,255,0.4)\" data-bg=\"rgba(255,255,255,0.01)\" data-hover-bg=\"#ffffff\" data-border-hover=\"#ffffff\" data-shadow-hover=\"\" data-shadow-click=\"none\" data-shadow=\"\" data-shd-shadow=\"\"  data-ultimate-target='#ubtn-6860'  data-responsive-json-new='{\"font-size\":\"desktop:12px;\",\"line-height\":\"desktop:12px;\"}'  style=\"font-family:&#039;Montserrat&#039;;font-weight:normal;font-style:normal;width:px;min-height:34px;padding:5px 12px;border-radius:0px;border-width:2px;border-color:rgba(255,255,255,0.4);border-style:solid;background: rgba(255,255,255,0.01);color: #ffffff;\"><span class=\"ubtn-hover\" style=\"background-color:#ffffff\"><\/span><span class=\"ubtn-data ubtn-text \" >M\u00c1S INFORMACI\u00d3N<\/span><\/button><\/a><\/div>[\/vc_column][\/vc_row][vc_row full_width=\u00bbstretch_row\u00bb equal_height=\u00bbyes\u00bb content_placement=\u00bbmiddle\u00bb type=\u00bbvc_default\u00bb css=\u00bb.vc_custom_1581117279973{margin-top: 0px !important;padding-top: 40px !important;padding-bottom: 40px !important;background-color: #2a2a69 !important;}\u00bb][vc_column offset=\u00bbvc_col-lg-8 vc_col-md-8 vc_col-xs-12&#8243;][vc_row_inner][vc_column_inner offset=\u00bbvc_hidden-sm vc_hidden-xs\u00bb]<div id=\"ultimate-heading-28146a06e805cb3a3\" class=\"uvc-heading ult-adjust-bottom-margin ultimate-heading-28146a06e805cb3a3 uvc-1319 \" data-hspacer=\"no_spacer\"  data-halign=\"left\" style=\"text-align:left\"><div class=\"uvc-heading-spacer no_spacer\" style=\"top\"><\/div><div class=\"uvc-main-heading ult-responsive\"  data-ultimate-target='.uvc-heading.ultimate-heading-28146a06e805cb3a3 h2'  data-responsive-json-new='{\"font-size\":\"desktop:30px;\",\"line-height\":\"desktop:40px;\"}' ><h2 style=\"--font-weight:theme;color:#ffffff;margin-bottom:10px;\">Contacte con nosotros<\/h2><\/div><div class=\"uvc-sub-heading ult-responsive\"  data-ultimate-target='.uvc-heading.ultimate-heading-28146a06e805cb3a3 .uvc-sub-heading '  data-responsive-json-new='{\"font-size\":\"desktop:17px;\",\"line-height\":\"desktop:27px;\"}'  style=\"font-weight:normal;color:#ffffff;\">Si necesita m\u00e1s informaci\u00f3n, p\u00f3ngase en contacto con nosotros.<\/div><\/div>[\/vc_column_inner][\/vc_row_inner][\/vc_column][vc_column offset=\u00bbvc_col-lg-4 vc_col-md-4 vc_hidden-sm vc_col-xs-12 vc_hidden-xs\u00bb]<div class=\" vc_custom_1601408978745 ubtn-ctn-right \"><a class=\"ubtn-link ult-adjust-bottom-margin ubtn-right ubtn-custom \" href=\"https:\/\/www.affectio.es\/contacto\/\" title=\"Contacto\" ><button type=\"button\" id=\"ubtn-7607\"  class=\"ubtn ult-adjust-bottom-margin ult-responsive ubtn-custom ubtn-fade-bg  none  ubtn-right   tooltip-6a06e805cb476\"  data-hover=\"#2a2a69\" data-border-color=\"rgba(255,255,255,0.4)\" data-bg=\"rgba(255,255,255,0.01)\" data-hover-bg=\"#ffffff\" data-border-hover=\"#ffffff\" data-shadow-hover=\"\" data-shadow-click=\"none\" data-shadow=\"\" data-shd-shadow=\"\"  data-ultimate-target='#ubtn-7607'  data-responsive-json-new='{\"font-size\":\"desktop:20px;\",\"line-height\":\"desktop:20px;\"}'  style=\"font-family:&#039;Montserrat&#039;;font-weight:700;width:px;min-height:38px;padding:15px 25px;border-radius:0px;border-width:4px;border-color:rgba(255,255,255,0.4);border-style:solid;background: rgba(255,255,255,0.01);color: #ffffff;\"><span class=\"ubtn-hover\" style=\"background-color:#ffffff\"><\/span><span class=\"ubtn-data ubtn-text \" >Contactar<\/span><\/button><\/a><\/div>[\/vc_column][\/vc_row]<\/p>\n<\/div>","protected":false},"excerpt":{"rendered":"<p>[vc_row gap=\u00bb30&#8243; equal_height=\u00bbyes\u00bb bg_type=\u00bbbg_color\u00bb bg_override=\u00bbex-full\u00bb type=\u00bbvc_default\u00bb css=\u00bb.vc_custom_1600190341500{margin-top: -80px !important;padding-top: 60px !important;padding-right: 25px !important;padding-bottom: 80px !important;padding-left: 25px !important;}\u00bb bg_color_value=\u00bb#ffffff\u00bb][vc_column width=\u00bb2\/3&#8243; offset=\u00bbvc_col-lg-offset-2 vc_col-md-offset-2 vc_col-sm-offset-2&#8243;][vc_column_text] Affectio Group es la expresi\u00f3n del v\u00ednculo entre los m\u00e1s de 30 profesionales de Integral\u00ae y de Idea Iuris\u00ae, basado en la mutua confianza y en su deseo de aunar sus contrastadas solvencia&hellip;<\/p>\n","protected":false},"author":1,"featured_media":0,"parent":0,"menu_order":0,"comment_status":"closed","ping_status":"closed","template":"","meta":{"footnotes":""},"class_list":["post-14","page","type-page","status-publish","hentry","description-off"],"yoast_head":"<!-- This site is optimized with the Yoast SEO plugin v26.9 - https:\/\/yoast.com\/product\/yoast-seo-wordpress\/ -->\n<title>Affectio Group - Affectio Group<\/title>\n<meta name=\"description\" content=\"Affectio Group es el v\u00ednculo entre los m\u00e1s de 30 profesionales de Integral\u00ae y de Idea Iuris\u00ae. Divisi\u00f3n jur\u00eddica, econ\u00f3mica y consultor\u00eda.\" \/>\n<meta name=\"robots\" content=\"index, follow, max-snippet:-1, max-image-preview:large, max-video-preview:-1\" \/>\n<link rel=\"canonical\" href=\"https:\/\/www.affectio.es\/es\/\" \/>\n<meta property=\"og:locale\" content=\"es_ES\" \/>\n<meta property=\"og:type\" content=\"article\" \/>\n<meta property=\"og:title\" content=\"Affectio Group - Affectio Group\" \/>\n<meta property=\"og:description\" content=\"Affectio Group es el v\u00ednculo entre los m\u00e1s de 30 profesionales de Integral\u00ae y de Idea Iuris\u00ae. Divisi\u00f3n jur\u00eddica, econ\u00f3mica y consultor\u00eda.\" \/>\n<meta property=\"og:url\" content=\"https:\/\/www.affectio.es\/es\/\" \/>\n<meta property=\"og:site_name\" content=\"Affectio Group\" \/>\n<meta property=\"article:modified_time\" content=\"2026-02-13T11:51:13+00:00\" \/>\n<meta name=\"twitter:card\" content=\"summary_large_image\" \/>\n<meta name=\"twitter:label1\" content=\"Tiempo de lectura\" \/>\n\t<meta name=\"twitter:data1\" content=\"8 minutos\" \/>\n<script type=\"application\/ld+json\" class=\"yoast-schema-graph\">{\"@context\":\"https:\/\/schema.org\",\"@graph\":[{\"@type\":\"WebPage\",\"@id\":\"https:\/\/www.affectio.es\/es\/\",\"url\":\"https:\/\/www.affectio.es\/es\/\",\"name\":\"Affectio Group - Affectio Group\",\"isPartOf\":{\"@id\":\"https:\/\/www.affectio.es\/es\/#website\"},\"datePublished\":\"2020-09-29T10:15:13+00:00\",\"dateModified\":\"2026-02-13T11:51:13+00:00\",\"description\":\"Affectio Group es el v\u00ednculo entre los m\u00e1s de 30 profesionales de Integral\u00ae y de Idea Iuris\u00ae. Divisi\u00f3n jur\u00eddica, econ\u00f3mica y consultor\u00eda.\",\"breadcrumb\":{\"@id\":\"https:\/\/www.affectio.es\/es\/#breadcrumb\"},\"inLanguage\":\"es\",\"potentialAction\":[{\"@type\":\"ReadAction\",\"target\":[\"https:\/\/www.affectio.es\/es\/\"]}]},{\"@type\":\"BreadcrumbList\",\"@id\":\"https:\/\/www.affectio.es\/es\/#breadcrumb\",\"itemListElement\":[{\"@type\":\"ListItem\",\"position\":1,\"name\":\"Portada\",\"item\":\"https:\/\/www.affectio.es\/es\/\"},{\"@type\":\"ListItem\",\"position\":2,\"name\":\"Affectio Group\"}]},{\"@type\":\"WebSite\",\"@id\":\"https:\/\/www.affectio.es\/es\/#website\",\"url\":\"https:\/\/www.affectio.es\/es\/\",\"name\":\"Affectio Group\",\"description\":\"Affectio Group es la expresi\u00f3n del v\u00ednculo entre los m\u00e1s de 30 profesionales de Integral\u00ae y de Idea Iuris\u00ae, basado en la mutua confianza y en su deseo de aunar sus contrastadas solvencia y experiencia\",\"potentialAction\":[{\"@type\":\"SearchAction\",\"target\":{\"@type\":\"EntryPoint\",\"urlTemplate\":\"https:\/\/www.affectio.es\/es\/?s={search_term_string}\"},\"query-input\":{\"@type\":\"PropertyValueSpecification\",\"valueRequired\":true,\"valueName\":\"search_term_string\"}}],\"inLanguage\":\"es\"}]}<\/script>\n<!-- \/ Yoast SEO plugin. -->","yoast_head_json":{"title":"Affectio Group - Affectio Group","description":"Affectio Group es el v\u00ednculo entre los m\u00e1s de 30 profesionales de Integral\u00ae y de Idea Iuris\u00ae. Divisi\u00f3n jur\u00eddica, econ\u00f3mica y consultor\u00eda.","robots":{"index":"index","follow":"follow","max-snippet":"max-snippet:-1","max-image-preview":"max-image-preview:large","max-video-preview":"max-video-preview:-1"},"canonical":"https:\/\/www.affectio.es\/es\/","og_locale":"es_ES","og_type":"article","og_title":"Affectio Group - Affectio Group","og_description":"Affectio Group es el v\u00ednculo entre los m\u00e1s de 30 profesionales de Integral\u00ae y de Idea Iuris\u00ae. Divisi\u00f3n jur\u00eddica, econ\u00f3mica y consultor\u00eda.","og_url":"https:\/\/www.affectio.es\/es\/","og_site_name":"Affectio Group","article_modified_time":"2026-02-13T11:51:13+00:00","twitter_card":"summary_large_image","twitter_misc":{"Tiempo de lectura":"8 minutos"},"schema":{"@context":"https:\/\/schema.org","@graph":[{"@type":"WebPage","@id":"https:\/\/www.affectio.es\/es\/","url":"https:\/\/www.affectio.es\/es\/","name":"Affectio Group - Affectio Group","isPartOf":{"@id":"https:\/\/www.affectio.es\/es\/#website"},"datePublished":"2020-09-29T10:15:13+00:00","dateModified":"2026-02-13T11:51:13+00:00","description":"Affectio Group es el v\u00ednculo entre los m\u00e1s de 30 profesionales de Integral\u00ae y de Idea Iuris\u00ae. Divisi\u00f3n jur\u00eddica, econ\u00f3mica y consultor\u00eda.","breadcrumb":{"@id":"https:\/\/www.affectio.es\/es\/#breadcrumb"},"inLanguage":"es","potentialAction":[{"@type":"ReadAction","target":["https:\/\/www.affectio.es\/es\/"]}]},{"@type":"BreadcrumbList","@id":"https:\/\/www.affectio.es\/es\/#breadcrumb","itemListElement":[{"@type":"ListItem","position":1,"name":"Portada","item":"https:\/\/www.affectio.es\/es\/"},{"@type":"ListItem","position":2,"name":"Affectio Group"}]},{"@type":"WebSite","@id":"https:\/\/www.affectio.es\/es\/#website","url":"https:\/\/www.affectio.es\/es\/","name":"Affectio Group","description":"Affectio Group es la expresi\u00f3n del v\u00ednculo entre los m\u00e1s de 30 profesionales de Integral\u00ae y de Idea Iuris\u00ae, basado en la mutua confianza y en su deseo de aunar sus contrastadas solvencia y experiencia","potentialAction":[{"@type":"SearchAction","target":{"@type":"EntryPoint","urlTemplate":"https:\/\/www.affectio.es\/es\/?s={search_term_string}"},"query-input":{"@type":"PropertyValueSpecification","valueRequired":true,"valueName":"search_term_string"}}],"inLanguage":"es"}]}},"_links":{"self":[{"href":"https:\/\/www.affectio.es\/es\/wp-json\/wp\/v2\/pages\/14","targetHints":{"allow":["GET"]}}],"collection":[{"href":"https:\/\/www.affectio.es\/es\/wp-json\/wp\/v2\/pages"}],"about":[{"href":"https:\/\/www.affectio.es\/es\/wp-json\/wp\/v2\/types\/page"}],"author":[{"embeddable":true,"href":"https:\/\/www.affectio.es\/es\/wp-json\/wp\/v2\/users\/1"}],"replies":[{"embeddable":true,"href":"https:\/\/www.affectio.es\/es\/wp-json\/wp\/v2\/comments?post=14"}],"version-history":[{"count":14,"href":"https:\/\/www.affectio.es\/es\/wp-json\/wp\/v2\/pages\/14\/revisions"}],"predecessor-version":[{"id":1949,"href":"https:\/\/www.affectio.es\/es\/wp-json\/wp\/v2\/pages\/14\/revisions\/1949"}],"wp:attachment":[{"href":"https:\/\/www.affectio.es\/es\/wp-json\/wp\/v2\/media?parent=14"}],"curies":[{"name":"wp","href":"https:\/\/api.w.org\/{rel}","templated":true}]}}