{"id":107,"date":"2020-09-29T10:29:36","date_gmt":"2020-09-29T10:29:36","guid":{"rendered":"https:\/\/www.affectio.es\/?page_id=107"},"modified":"2021-11-19T10:54:00","modified_gmt":"2021-11-19T10:54:00","slug":"contacto","status":"publish","type":"page","link":"https:\/\/www.affectio.es\/es\/contacto\/","title":{"rendered":"Contacto"},"content":{"rendered":"<div class=\"wpb-content-wrapper\"><p>[vc_row full_width=\u00bbstretch_row_content_no_spaces\u00bb equal_height=\u00bbyes\u00bb content_placement=\u00bbmiddle\u00bb type=\u00bbvc_default\u00bb][vc_column width=\u00bb1\/2&#8243; css=\u00bb.vc_custom_1475955675069{padding-top: 50px !important;padding-bottom: 60px !important;background-color: #ffffff !important;}\u00bb offset=\u00bbvc_col-lg-4 vc_col-md-4&#8243;]<div class=\"ult-just-icon-wrapper accent-icon-color  vc_custom_1597081846738\"><div class=\"align-icon\" style=\"text-align:center;\">\n<div class=\"aio-icon none \"  style=\"font-size:64px;display:inline-block;\">\n\t<i class=\"icomoon-free-social-contact-16x16-location\"><\/i>\n<\/div><\/div><\/div><div id=\"ultimate-heading-664369d1d730dae40\" class=\"uvc-heading ult-adjust-bottom-margin ultimate-heading-664369d1d730dae40 uvc-7588 \" data-hspacer=\"no_spacer\"  data-halign=\"center\" style=\"text-align:center\"><div class=\"uvc-heading-spacer no_spacer\" style=\"top\"><\/div><div class=\"uvc-main-heading ult-responsive\"  data-ultimate-target='.uvc-heading.ultimate-heading-664369d1d730dae40 h2'  data-responsive-json-new='{\"font-size\":\"desktop:15px;\",\"line-height\":\"desktop:26px;\"}' ><h2 style=\"--font-weight:theme;color:#2a2a69;\">Idea Iuris:<\/h2><\/div><div class=\"uvc-sub-heading ult-responsive\"  data-ultimate-target='.uvc-heading.ultimate-heading-664369d1d730dae40 .uvc-sub-heading '  data-responsive-json-new='{\"font-size\":\"desktop:18px;\",\"line-height\":\"desktop:30px;\"}'  style=\"font-weight:normal;color:#3b3f4a;\">Avda. Diagonal 442-Bis \u2013 2\u00aa Planta<br \/>\n08037 Barcelona (Spain)<br \/>\nP\u00ba de la Castellana, 91 \u2013 4\u00ba 1\u00aa<br \/>\n28046 Madrid (Spain)<\/div><\/div><div id=\"ultimate-heading-34069d1d730daf2b\" class=\"uvc-heading ult-adjust-bottom-margin ultimate-heading-34069d1d730daf2b uvc-8798 \" data-hspacer=\"no_spacer\"  data-halign=\"center\" style=\"text-align:center\"><div class=\"uvc-heading-spacer no_spacer\" style=\"top\"><\/div><div class=\"uvc-main-heading ult-responsive\"  data-ultimate-target='.uvc-heading.ultimate-heading-34069d1d730daf2b h2'  data-responsive-json-new='{\"font-size\":\"desktop:15px;\",\"line-height\":\"desktop:26px;\"}' ><h2 style=\"--font-weight:theme;color:#2a2a69;\">Integral:<\/h2><\/div><div class=\"uvc-sub-heading ult-responsive\"  data-ultimate-target='.uvc-heading.ultimate-heading-34069d1d730daf2b .uvc-sub-heading '  data-responsive-json-new='{\"font-size\":\"desktop:18px;\",\"line-height\":\"desktop:30px;\"}'  style=\"font-weight:normal;color:#3b3f4a;\">Avda. Diagonal 442-Bis \u2013 2\u00aa Planta<br \/>\n08037 Barcelona (Spain)<\/div><\/div>[\/vc_column][vc_column width=\u00bb1\/2&#8243; css=\u00bb.vc_custom_1601410684794{padding-top: 30% !important;padding-bottom: 30% !important;background-image: url(https:\/\/www.affectio.es\/wp-content\/uploads\/2020\/09\/affectio-group-contacto-idea-iuris-madrid.jpg?id=294) !important;background-position: center !important;background-repeat: no-repeat !important;background-size: cover !important;}\u00bb offset=\u00bbvc_col-lg-4 vc_col-md-4&#8243;][\/vc_column][vc_column width=\u00bb1\/2&#8243; css=\u00bb.vc_custom_1475955685440{padding-top: 50px !important;padding-bottom: 60px !important;background-color: #ffffff !important;}\u00bb offset=\u00bbvc_col-lg-4 vc_col-md-4&#8243;]<div class=\"ult-just-icon-wrapper accent-icon-color  vc_custom_1597081885022\"><div class=\"align-icon\" style=\"text-align:center;\">\n<div class=\"aio-icon none \"  style=\"font-size:64px;display:inline-block;\">\n\t<i class=\"icomoon-the7-font-the7-phone-02\"><\/i>\n<\/div><\/div><\/div><div id=\"ultimate-heading-388669d1d730db05e\" class=\"uvc-heading ult-adjust-bottom-margin ultimate-heading-388669d1d730db05e uvc-1103 \" data-hspacer=\"no_spacer\"  data-halign=\"center\" style=\"text-align:center\"><div class=\"uvc-heading-spacer no_spacer\" style=\"top\"><\/div><div class=\"uvc-main-heading ult-responsive\"  data-ultimate-target='.uvc-heading.ultimate-heading-388669d1d730db05e h2'  data-responsive-json-new='{\"font-size\":\"desktop:15px;\",\"line-height\":\"desktop:26px;\"}' ><h2 style=\"--font-weight:theme;color:#2a2a69;\">Idea Iuris:<\/h2><\/div><div class=\"uvc-sub-heading ult-responsive\"  data-ultimate-target='.uvc-heading.ultimate-heading-388669d1d730db05e .uvc-sub-heading '  data-responsive-json-new='{\"font-size\":\"desktop:18px;\",\"line-height\":\"desktop:30px;\"}'  style=\"font-weight:normal;color:#3b3f4a;\">(+34) 932072990<br \/>\n(+34) 914058381<\/div><\/div><div id=\"ultimate-heading-724369d1d730db102\" class=\"uvc-heading ult-adjust-bottom-margin ultimate-heading-724369d1d730db102 uvc-5092 \" data-hspacer=\"no_spacer\"  data-halign=\"center\" style=\"text-align:center\"><div class=\"uvc-heading-spacer no_spacer\" style=\"top\"><\/div><div class=\"uvc-main-heading ult-responsive\"  data-ultimate-target='.uvc-heading.ultimate-heading-724369d1d730db102 h2'  data-responsive-json-new='{\"font-size\":\"desktop:15px;\",\"line-height\":\"desktop:26px;\"}' ><h2 style=\"--font-weight:theme;color:#2a2a69;\">Integral:<\/h2><\/div><div class=\"uvc-sub-heading ult-responsive\"  data-ultimate-target='.uvc-heading.ultimate-heading-724369d1d730db102 .uvc-sub-heading '  data-responsive-json-new='{\"font-size\":\"desktop:18px;\",\"line-height\":\"desktop:30px;\"}'  style=\"font-weight:normal;color:#3b3f4a;\">(34) 932080732<\/div><\/div>[\/vc_column][vc_column width=\u00bb1\/2&#8243; css=\u00bb.vc_custom_1601410628606{padding-top: 30% !important;padding-bottom: 30% !important;background-image: url(https:\/\/www.affectio.es\/wp-content\/uploads\/2020\/09\/affectio-group-contacto-01.jpg?id=292) !important;background-position: center !important;background-repeat: no-repeat !important;background-size: cover !important;}\u00bb offset=\u00bbvc_col-lg-4 vc_col-md-4&#8243;][\/vc_column][vc_column width=\u00bb1\/2&#8243; css=\u00bb.vc_custom_1475955680425{padding-top: 50px !important;padding-bottom: 60px !important;background-color: #ffffff !important;}\u00bb offset=\u00bbvc_col-lg-4 vc_col-md-4&#8243;]<div class=\"ult-just-icon-wrapper accent-icon-color  vc_custom_1597081872658\"><div class=\"align-icon\" style=\"text-align:center;\">\n<div class=\"aio-icon none \"  style=\"font-size:64px;display:inline-block;\">\n\t<i class=\"icomoon-the7-font-the7-mail-03\"><\/i>\n<\/div><\/div><\/div><div id=\"ultimate-heading-575469d1d730db20e\" class=\"uvc-heading ult-adjust-bottom-margin ultimate-heading-575469d1d730db20e uvc-4508 \" data-hspacer=\"no_spacer\"  data-halign=\"center\" style=\"text-align:center\"><div class=\"uvc-heading-spacer no_spacer\" style=\"top\"><\/div><div class=\"uvc-main-heading ult-responsive\"  data-ultimate-target='.uvc-heading.ultimate-heading-575469d1d730db20e h2'  data-responsive-json-new='{\"font-size\":\"desktop:15px;\",\"line-height\":\"desktop:26px;\"}' ><h2 style=\"--font-weight:theme;color:#2a2a69;\">Idea Iuris:<\/h2><\/div><div class=\"uvc-sub-heading ult-responsive\"  data-ultimate-target='.uvc-heading.ultimate-heading-575469d1d730db20e .uvc-sub-heading '  data-responsive-json-new='{\"font-size\":\"desktop:18px;\",\"line-height\":\"desktop:30px;\"}'  style=\"font-weight:normal;color:#3b3f4a;\">Jos\u00e9 Luis Mart\u00edn<br \/>\n<a href=\"mailto:jlmartin@ideaiuris.com\">jlmartin@ideaiuris.com<\/a><\/div><\/div><div id=\"ultimate-heading-643969d1d730db2c7\" class=\"uvc-heading ult-adjust-bottom-margin ultimate-heading-643969d1d730db2c7 uvc-1872 \" data-hspacer=\"no_spacer\"  data-halign=\"center\" style=\"text-align:center\"><div class=\"uvc-heading-spacer no_spacer\" style=\"top\"><\/div><div class=\"uvc-main-heading ult-responsive\"  data-ultimate-target='.uvc-heading.ultimate-heading-643969d1d730db2c7 h2'  data-responsive-json-new='{\"font-size\":\"desktop:15px;\",\"line-height\":\"desktop:26px;\"}' ><h2 style=\"--font-weight:theme;color:#2a2a69;\">Integral:<\/h2><\/div><div class=\"uvc-sub-heading ult-responsive\"  data-ultimate-target='.uvc-heading.ultimate-heading-643969d1d730db2c7 .uvc-sub-heading '  data-responsive-json-new='{\"font-size\":\"desktop:18px;\",\"line-height\":\"desktop:30px;\"}'  style=\"font-weight:normal;color:#3b3f4a;\">Carlos Pulido<br \/>\n<a href=\"mailto:cpulido@grupintegral.es\">cpulido@grupintegral.es<\/a><br \/>\nMayte Famadas<br \/>\n<a href=\"mailto:mfamadas@grupintegral.es\">mfamadas@grupintegral.es<\/a><\/div><\/div>[\/vc_column][vc_column width=\u00bb1\/2&#8243; css=\u00bb.vc_custom_1601410658029{padding-top: 30% !important;padding-bottom: 30% !important;background-image: url(https:\/\/www.affectio.es\/wp-content\/uploads\/2020\/09\/affectio-group-contacto-02.jpg?id=293) !important;background-position: center !important;background-repeat: no-repeat !important;background-size: cover !important;}\u00bb offset=\u00bbvc_col-lg-4 vc_col-md-4&#8243;][\/vc_column][\/vc_row]<\/p>\n<\/div>","protected":false},"excerpt":{"rendered":"<p>[vc_row full_width=\u00bbstretch_row_content_no_spaces\u00bb equal_height=\u00bbyes\u00bb content_placement=\u00bbmiddle\u00bb type=\u00bbvc_default\u00bb][vc_column width=\u00bb1\/2&#8243; css=\u00bb.vc_custom_1475955675069{padding-top: 50px !important;padding-bottom: 60px !important;background-color: #ffffff !important;}\u00bb offset=\u00bbvc_col-lg-4 vc_col-md-4&#8243;][\/vc_column][vc_column width=\u00bb1\/2&#8243; css=\u00bb.vc_custom_1601410684794{padding-top: 30% !important;padding-bottom: 30% !important;background-image: url(https:\/\/www.affectio.es\/wp-content\/uploads\/2020\/09\/affectio-group-contacto-idea-iuris-madrid.jpg?id=294) !important;background-position: center !important;background-repeat: no-repeat !important;background-size: cover !important;}\u00bb offset=\u00bbvc_col-lg-4 vc_col-md-4&#8243;][\/vc_column][vc_column width=\u00bb1\/2&#8243; css=\u00bb.vc_custom_1475955685440{padding-top: 50px !important;padding-bottom: 60px !important;background-color: #ffffff !important;}\u00bb offset=\u00bbvc_col-lg-4 vc_col-md-4&#8243;][\/vc_column][vc_column width=\u00bb1\/2&#8243; css=\u00bb.vc_custom_1601410628606{padding-top: 30% !important;padding-bottom: 30% !important;background-image: url(https:\/\/www.affectio.es\/wp-content\/uploads\/2020\/09\/affectio-group-contacto-01.jpg?id=292) !important;background-position: center !important;background-repeat: no-repeat !important;background-size: cover !important;}\u00bb&hellip;<\/p>\n","protected":false},"author":1,"featured_media":0,"parent":0,"menu_order":0,"comment_status":"closed","ping_status":"closed","template":"","meta":{"footnotes":""},"class_list":["post-107","page","type-page","status-publish","hentry","description-off"],"yoast_head":"<!-- This site is optimized with the Yoast SEO plugin v26.9 - https:\/\/yoast.com\/product\/yoast-seo-wordpress\/ -->\n<title>Contacto - Affectio Group<\/title>\n<meta name=\"description\" content=\"Idea Iuris Barcelona: (+34) 932072990. Idea Iuris Madrid: (+34) 914058381. Integral: (34) 932080732.\" \/>\n<meta name=\"robots\" content=\"index, follow, max-snippet:-1, max-image-preview:large, max-video-preview:-1\" \/>\n<link rel=\"canonical\" href=\"https:\/\/www.affectio.es\/es\/contacto\/\" \/>\n<meta property=\"og:locale\" content=\"es_ES\" \/>\n<meta property=\"og:type\" content=\"article\" \/>\n<meta property=\"og:title\" content=\"Contacto - Affectio Group\" \/>\n<meta property=\"og:description\" content=\"Idea Iuris Barcelona: (+34) 932072990. Idea Iuris Madrid: (+34) 914058381. Integral: (34) 932080732.\" \/>\n<meta property=\"og:url\" content=\"https:\/\/www.affectio.es\/es\/contacto\/\" \/>\n<meta property=\"og:site_name\" content=\"Affectio Group\" \/>\n<meta property=\"article:modified_time\" content=\"2021-11-19T10:54:00+00:00\" \/>\n<meta name=\"twitter:card\" content=\"summary_large_image\" \/>\n<meta name=\"twitter:label1\" content=\"Tiempo de lectura\" \/>\n\t<meta name=\"twitter:data1\" content=\"3 minutos\" \/>\n<script type=\"application\/ld+json\" class=\"yoast-schema-graph\">{\"@context\":\"https:\/\/schema.org\",\"@graph\":[{\"@type\":\"WebPage\",\"@id\":\"https:\/\/www.affectio.es\/es\/contacto\/\",\"url\":\"https:\/\/www.affectio.es\/es\/contacto\/\",\"name\":\"Contacto - Affectio Group\",\"isPartOf\":{\"@id\":\"https:\/\/www.affectio.es\/es\/#website\"},\"datePublished\":\"2020-09-29T10:29:36+00:00\",\"dateModified\":\"2021-11-19T10:54:00+00:00\",\"description\":\"Idea Iuris Barcelona: (+34) 932072990. Idea Iuris Madrid: (+34) 914058381. Integral: (34) 932080732.\",\"breadcrumb\":{\"@id\":\"https:\/\/www.affectio.es\/es\/contacto\/#breadcrumb\"},\"inLanguage\":\"es\",\"potentialAction\":[{\"@type\":\"ReadAction\",\"target\":[\"https:\/\/www.affectio.es\/es\/contacto\/\"]}]},{\"@type\":\"BreadcrumbList\",\"@id\":\"https:\/\/www.affectio.es\/es\/contacto\/#breadcrumb\",\"itemListElement\":[{\"@type\":\"ListItem\",\"position\":1,\"name\":\"Portada\",\"item\":\"https:\/\/www.affectio.es\/es\/\"},{\"@type\":\"ListItem\",\"position\":2,\"name\":\"Contacto\"}]},{\"@type\":\"WebSite\",\"@id\":\"https:\/\/www.affectio.es\/es\/#website\",\"url\":\"https:\/\/www.affectio.es\/es\/\",\"name\":\"Affectio Group\",\"description\":\"Affectio Group es la expresi\u00f3n del v\u00ednculo entre los m\u00e1s de 30 profesionales de Integral\u00ae y de Idea Iuris\u00ae, basado en la mutua confianza y en su deseo de aunar sus contrastadas solvencia y experiencia\",\"potentialAction\":[{\"@type\":\"SearchAction\",\"target\":{\"@type\":\"EntryPoint\",\"urlTemplate\":\"https:\/\/www.affectio.es\/es\/?s={search_term_string}\"},\"query-input\":{\"@type\":\"PropertyValueSpecification\",\"valueRequired\":true,\"valueName\":\"search_term_string\"}}],\"inLanguage\":\"es\"}]}<\/script>\n<!-- \/ Yoast SEO plugin. -->","yoast_head_json":{"title":"Contacto - Affectio Group","description":"Idea Iuris Barcelona: (+34) 932072990. Idea Iuris Madrid: (+34) 914058381. Integral: (34) 932080732.","robots":{"index":"index","follow":"follow","max-snippet":"max-snippet:-1","max-image-preview":"max-image-preview:large","max-video-preview":"max-video-preview:-1"},"canonical":"https:\/\/www.affectio.es\/es\/contacto\/","og_locale":"es_ES","og_type":"article","og_title":"Contacto - Affectio Group","og_description":"Idea Iuris Barcelona: (+34) 932072990. Idea Iuris Madrid: (+34) 914058381. Integral: (34) 932080732.","og_url":"https:\/\/www.affectio.es\/es\/contacto\/","og_site_name":"Affectio Group","article_modified_time":"2021-11-19T10:54:00+00:00","twitter_card":"summary_large_image","twitter_misc":{"Tiempo de lectura":"3 minutos"},"schema":{"@context":"https:\/\/schema.org","@graph":[{"@type":"WebPage","@id":"https:\/\/www.affectio.es\/es\/contacto\/","url":"https:\/\/www.affectio.es\/es\/contacto\/","name":"Contacto - Affectio Group","isPartOf":{"@id":"https:\/\/www.affectio.es\/es\/#website"},"datePublished":"2020-09-29T10:29:36+00:00","dateModified":"2021-11-19T10:54:00+00:00","description":"Idea Iuris Barcelona: (+34) 932072990. Idea Iuris Madrid: (+34) 914058381. Integral: (34) 932080732.","breadcrumb":{"@id":"https:\/\/www.affectio.es\/es\/contacto\/#breadcrumb"},"inLanguage":"es","potentialAction":[{"@type":"ReadAction","target":["https:\/\/www.affectio.es\/es\/contacto\/"]}]},{"@type":"BreadcrumbList","@id":"https:\/\/www.affectio.es\/es\/contacto\/#breadcrumb","itemListElement":[{"@type":"ListItem","position":1,"name":"Portada","item":"https:\/\/www.affectio.es\/es\/"},{"@type":"ListItem","position":2,"name":"Contacto"}]},{"@type":"WebSite","@id":"https:\/\/www.affectio.es\/es\/#website","url":"https:\/\/www.affectio.es\/es\/","name":"Affectio Group","description":"Affectio Group es la expresi\u00f3n del v\u00ednculo entre los m\u00e1s de 30 profesionales de Integral\u00ae y de Idea Iuris\u00ae, basado en la mutua confianza y en su deseo de aunar sus contrastadas solvencia y experiencia","potentialAction":[{"@type":"SearchAction","target":{"@type":"EntryPoint","urlTemplate":"https:\/\/www.affectio.es\/es\/?s={search_term_string}"},"query-input":{"@type":"PropertyValueSpecification","valueRequired":true,"valueName":"search_term_string"}}],"inLanguage":"es"}]}},"_links":{"self":[{"href":"https:\/\/www.affectio.es\/es\/wp-json\/wp\/v2\/pages\/107","targetHints":{"allow":["GET"]}}],"collection":[{"href":"https:\/\/www.affectio.es\/es\/wp-json\/wp\/v2\/pages"}],"about":[{"href":"https:\/\/www.affectio.es\/es\/wp-json\/wp\/v2\/types\/page"}],"author":[{"embeddable":true,"href":"https:\/\/www.affectio.es\/es\/wp-json\/wp\/v2\/users\/1"}],"replies":[{"embeddable":true,"href":"https:\/\/www.affectio.es\/es\/wp-json\/wp\/v2\/comments?post=107"}],"version-history":[{"count":8,"href":"https:\/\/www.affectio.es\/es\/wp-json\/wp\/v2\/pages\/107\/revisions"}],"predecessor-version":[{"id":1468,"href":"https:\/\/www.affectio.es\/es\/wp-json\/wp\/v2\/pages\/107\/revisions\/1468"}],"wp:attachment":[{"href":"https:\/\/www.affectio.es\/es\/wp-json\/wp\/v2\/media?parent=107"}],"curies":[{"name":"wp","href":"https:\/\/api.w.org\/{rel}","templated":true}]}}