{"id":954,"date":"2020-09-29T10:23:10","date_gmt":"2020-09-29T10:23:10","guid":{"rendered":"https:\/\/www.affectio.es\/integral\/cooperatives\/cooperativas-actividad-comercial-y-marketing\/"},"modified":"2020-10-14T08:40:34","modified_gmt":"2020-10-14T08:40:34","slug":"cooperatives-business-marketing","status":"publish","type":"page","link":"https:\/\/www.affectio.es\/en\/integral\/cooperatives\/cooperatives-business-marketing\/","title":{"rendered":"Cooperatives &#8211; Business and marketing"},"content":{"rendered":"<div class=\"wpb-content-wrapper\"><p>[vc_row css=&#8221;.vc_custom_1601392985208{margin-bottom: -80px !important;}&#8221;][vc_column][vc_column_text]<\/p>\n<h1><span style=\"color: #2a2a69;\">Cooperatives<\/span><\/h1>\n<p>[\/vc_column_text][vc_column_text css=&#8221;.vc_custom_1585329180306{margin-top: 0px !important;margin-bottom: 0px !important;padding-top: 0px !important;padding-bottom: 0px !important;}&#8221; el_id=&#8221;divconsultoria-actividadcomercialymarketing&#8221;][\/vc_column_text]<div id=\"ultimate-heading-516969e3404bbd22d\" class=\"uvc-heading ult-adjust-bottom-margin ultimate-heading-516969e3404bbd22d uvc-5005 color-title\" data-hspacer=\"no_spacer\"  data-halign=\"left\" style=\"text-align:left\"><div class=\"uvc-heading-spacer no_spacer\" style=\"top\"><\/div><div class=\"uvc-main-heading ult-responsive\"  data-ultimate-target='.uvc-heading.ultimate-heading-516969e3404bbd22d h2'  data-responsive-json-new='{\"font-size\":\"desktop:30px;\",\"line-height\":\"desktop:40px;\"}' ><h2 style=\"font-weight:bold;color:#28a7fb;margin-top:25px;margin-bottom:25px;\">Business and marketing<\/h2><\/div><\/div>[vc_column_text css=&#8221;.vc_custom_1601499397738{padding-bottom: 30px !important;}&#8221;]<\/p>\n<div style=\"text-align: justify;\">\n<p>Integral is recognized as one of the reference entities in cooperative and social economy sphere. Our consulting division is an expert in advising cooperatives and their governing councils. We have a team of professionals with extensive experience in the support and advice to cooperatives from a perspective based on proximity, participation and flexibility.<\/p>\n<\/div>\n<p>[\/vc_column_text][vc_column_text css=&#8221;.vc_custom_1585329191387{margin-top: 0px !important;margin-bottom: 0px !important;padding-top: 0px !important;padding-bottom: 0px !important;}&#8221; el_id=&#8221;divconsultoria-actividadcomercial&#8221;][\/vc_column_text]<div id=\"ultimate-heading-436569e3404bbd301\" class=\"uvc-heading ult-adjust-bottom-margin ultimate-heading-436569e3404bbd301 uvc-4243 color-title\" data-hspacer=\"line_only\"  data-halign=\"left\" style=\"text-align:left\"><div class=\"uvc-main-heading ult-responsive\"  data-ultimate-target='.uvc-heading.ultimate-heading-436569e3404bbd301 h2'  data-responsive-json-new='{\"font-size\":\"desktop:30px;\",\"line-height\":\"desktop:40px;\"}' ><h2 style=\"font-weight:bold;color:#333366;margin-top:25px;margin-bottom:25px;\">Commercial activity<\/h2><\/div><div class=\"uvc-heading-spacer line_only\" style=\"topheight:1px;\"><span class=\"uvc-headings-line\" style=\"border-style:solid;border-bottom-width:1px;border-color:#3f4a9a;width:autopx;\"><\/span><\/div><\/div>[vc_column_text css=&#8221;.vc_custom_1601499884207{padding-top: 30px !important;padding-bottom: 30px !important;}&#8221;]<\/p>\n<div style=\"text-align: justify;\">\n<p><strong>\u2022 Improvement sales and commercial activity.<\/strong><br \/>\nWe define concrete and practical strategies using the necessary tools to improve sales, management and customer segmentation. We support the generation of sales pitches and the refocusing of the portfolio of products and services based on criteria of profitability, turnover and future commercial interests.<br \/>\n<strong>\u2022 Marketing strategy.<\/strong><br \/>\nWe support the definition and implementation of the marketing strategy to improve the positioning and visibility of the cooperative, its products and services (value proposition), while maintaining a perspective of using appropriate resources and sized to the real possibilities of the cooperative.<br \/>\n<strong>\u2022 Value proposition and refocus of communication and marketing.<\/strong><br \/>\nWe help the organization to and \/ or refocus its value proposition, and focus its messages on communication and marketing actions, considering the specific characteristics and needs of its customers and market.<\/p>\n<\/div>\n<p>[\/vc_column_text][vc_column_text css=&#8221;.vc_custom_1585740038043{margin-top: 0px !important;margin-bottom: 0px !important;padding-top: 0px !important;padding-bottom: 0px !important;}&#8221; el_id=&#8221;divconsultoria-estrategia&#8221;][\/vc_column_text]<div id=\"ultimate-heading-708169e3404bbd382\" class=\"uvc-heading ult-adjust-bottom-margin ultimate-heading-708169e3404bbd382 uvc-2375 color-title\" data-hspacer=\"line_only\"  data-halign=\"left\" style=\"text-align:left\"><div class=\"uvc-main-heading ult-responsive\"  data-ultimate-target='.uvc-heading.ultimate-heading-708169e3404bbd382 h2'  data-responsive-json-new='{\"font-size\":\"desktop:30px;\",\"line-height\":\"desktop:40px;\"}' ><h2 style=\"font-weight:bold;color:#333366;margin-top:25px;margin-bottom:25px;\">Strategy<\/h2><\/div><div class=\"uvc-heading-spacer line_only\" style=\"topheight:1px;\"><span class=\"uvc-headings-line\" style=\"border-style:solid;border-bottom-width:1px;border-color:#3f4a9a;width:autopx;\"><\/span><\/div><\/div>[vc_column_text css=&#8221;.vc_custom_1601499908788{padding-top: 30px !important;padding-bottom: 30px !important;}&#8221;]<\/p>\n<div style=\"text-align: justify;\">\n<p><strong>\u2022 Definition of the strategic plan and support in the implementation process.<\/strong><br \/>\nWe assist cooperatives in developing their strategic plan, defining its objectives from participatory processes that allow the involvement of partner people, helping to value the central feature that identifies the cooperative society.<\/p>\n<p><strong>\u2022 Preparation of the Annual Management Plan.<\/strong><br \/>\nFocused on the cooperative\u2019s action in the short term, we support the definition and deployment of annual roadmaps that allow to guide resources and actions towards the achievement of the objectives approved by the Assembly.<\/p>\n<\/div>\n<p>[\/vc_column_text][vc_column_text css=&#8221;.vc_custom_1585739861715{margin-top: 0px !important;margin-bottom: 0px !important;padding-top: 0px !important;padding-bottom: 0px !important;}&#8221; el_id=&#8221;divconsultoria-organizacion&#8221;][\/vc_column_text]<div id=\"ultimate-heading-609469e3404bbd3ef\" class=\"uvc-heading ult-adjust-bottom-margin ultimate-heading-609469e3404bbd3ef uvc-1426 color-title\" data-hspacer=\"line_only\"  data-halign=\"left\" style=\"text-align:left\"><div class=\"uvc-main-heading ult-responsive\"  data-ultimate-target='.uvc-heading.ultimate-heading-609469e3404bbd3ef h2'  data-responsive-json-new='{\"font-size\":\"desktop:30px;\",\"line-height\":\"desktop:40px;\"}' ><h2 style=\"font-weight:bold;color:#333366;margin-top:25px;margin-bottom:25px;\">Organization<\/h2><\/div><div class=\"uvc-heading-spacer line_only\" style=\"topheight:1px;\"><span class=\"uvc-headings-line\" style=\"border-style:solid;border-bottom-width:1px;border-color:#3f4a9a;width:autopx;\"><\/span><\/div><\/div>[vc_column_text css=&#8221;.vc_custom_1601499931413{padding-top: 30px !important;padding-bottom: 30px !important;}&#8221;]<\/p>\n<div style=\"text-align: justify;\">\n<p><strong>\u2022 Implementation of innovation processes and development of new business lines. <\/strong><br \/>\nWe promote the generation and subsequent implementation of innovation systems that allow the cooperative to ensure a constant influx of new ideas, while accompanying in the concreteness, development and promotion of new lines of action including the realization of its Business Plan.<\/p>\n<\/div>\n<p>[\/vc_column_text][vc_column_text css=&#8221;.vc_custom_1585739878196{margin-top: 0px !important;margin-bottom: 0px !important;padding-top: 0px !important;padding-bottom: 0px !important;}&#8221; el_id=&#8221;divconsultoria-dinamizacion&#8221;][\/vc_column_text]<div id=\"ultimate-heading-488069e3404bbd465\" class=\"uvc-heading ult-adjust-bottom-margin ultimate-heading-488069e3404bbd465 uvc-4727 color-title\" data-hspacer=\"line_only\"  data-halign=\"left\" style=\"text-align:left\"><div class=\"uvc-main-heading ult-responsive\"  data-ultimate-target='.uvc-heading.ultimate-heading-488069e3404bbd465 h2'  data-responsive-json-new='{\"font-size\":\"desktop:30px;\",\"line-height\":\"desktop:40px;\"}' ><h2 style=\"font-weight:bold;color:#333366;margin-top:25px;margin-bottom:25px;\">Strategy and Territorial revitalization<\/h2><\/div><div class=\"uvc-heading-spacer line_only\" style=\"topheight:1px;\"><span class=\"uvc-headings-line\" style=\"border-style:solid;border-bottom-width:1px;border-color:#3f4a9a;width:autopx;\"><\/span><\/div><\/div>[vc_column_text css=&#8221;.vc_custom_1601500038246{padding-top: 30px !important;padding-bottom: 30px !important;}&#8221;]<\/p>\n<div style=\"text-align: justify;\">\n<p><strong>\u2022 Aracoop Cooperative Program and Ateneus.<\/strong><br \/>\nWe accompany the implementation of territorial programs structures linked to cooperatives and social economy (Program Aracoop and Ateneos Cooperativos) in order to spread, extend, strengthen and renew the sector.<br \/>\n<strong>\u2022 Sectorial and territorial studies of cooperative tissue.<\/strong><br \/>\nWe conduct studies that provide insight into sectorial and territorial reality, facilitating the planning of actions to improve the cooperative tissue.<br \/>\n<strong>\u2022 Realization of the Master Plan \/ Strategic Plan of the territory.<\/strong><br \/>\nWe accompany the territories in defining its Master Plan \/ Strategic and in its implementation through a process of territorial agreement that considers its stakeholders. We generate viable and operational action plans in order to strengthen and streamline the cooperative sector.<br \/>\n<strong>\u2022 Revitalization of concerted processes- local agents.<\/strong><br \/>\nWe accompany processes of revitalization of spaces participated by local actors (economic and social) to generate synergies and stimulate local economic growth, based on the perspective provided by the present potential cooperative reality.<br \/>\n<strong>\u2022 Accompaniment in the professionalism and growth of the cooperative tissue &#8211; priority sectors.<\/strong><br \/>\nWe design processes of professionalization and improvement of the cooperative fabric of the territories, through specific actions in organizations linked to sectors of particular interest to the respective territories.<br \/>\nNew trends in cooperative development of tissue: <a href=\"https:\/\/www.affectio.es\/en\/integral\/circular-economy\/\">Circular Economy<\/a>.<\/p>\n<\/div>\n<p>[\/vc_column_text][\/vc_column][\/vc_row]<\/p>\n<\/div>","protected":false},"excerpt":{"rendered":"<p>[vc_row css=&#8221;.vc_custom_1601392985208{margin-bottom: -80px !important;}&#8221;][vc_column][vc_column_text] Cooperatives [\/vc_column_text][vc_column_text css=&#8221;.vc_custom_1585329180306{margin-top: 0px !important;margin-bottom: 0px !important;padding-top: 0px !important;padding-bottom: 0px !important;}&#8221; el_id=&#8221;divconsultoria-actividadcomercialymarketing&#8221;][\/vc_column_text][vc_column_text css=&#8221;.vc_custom_1601499397738{padding-bottom: 30px !important;}&#8221;] Integral is recognized as one of the reference entities in cooperative and social economy sphere. Our consulting division is an expert in advising cooperatives and their governing councils. We have a team of professionals with extensive&hellip;<\/p>\n","protected":false},"author":1,"featured_media":0,"parent":805,"menu_order":0,"comment_status":"closed","ping_status":"closed","template":"","meta":{"footnotes":""},"class_list":["post-954","page","type-page","status-publish","hentry","description-off"],"yoast_head":"<!-- This site is optimized with the Yoast SEO plugin v26.9 - https:\/\/yoast.com\/product\/yoast-seo-wordpress\/ -->\n<title>Cooperatives - Business and marketing - Affectio Group<\/title>\n<meta name=\"description\" content=\"Integral is recognized as one of the reference entities in cooperative and social economy sphere. Our consulting division is an expert in...\" \/>\n<meta name=\"robots\" content=\"index, follow, max-snippet:-1, max-image-preview:large, max-video-preview:-1\" \/>\n<link rel=\"canonical\" href=\"https:\/\/www.affectio.es\/en\/integral\/cooperatives\/cooperatives-business-marketing\/\" \/>\n<meta property=\"og:locale\" content=\"en_US\" \/>\n<meta property=\"og:type\" content=\"article\" \/>\n<meta property=\"og:title\" content=\"Cooperatives - Business and marketing - Affectio Group\" \/>\n<meta property=\"og:description\" content=\"Integral is recognized as one of the reference entities in cooperative and social economy sphere. Our consulting division is an expert in...\" \/>\n<meta property=\"og:url\" content=\"https:\/\/www.affectio.es\/en\/integral\/cooperatives\/cooperatives-business-marketing\/\" \/>\n<meta property=\"og:site_name\" content=\"Affectio Group\" \/>\n<meta property=\"article:modified_time\" content=\"2020-10-14T08:40:34+00:00\" \/>\n<meta name=\"twitter:card\" content=\"summary_large_image\" \/>\n<meta name=\"twitter:label1\" content=\"Est. reading time\" \/>\n\t<meta name=\"twitter:data1\" content=\"5 minutes\" \/>\n<script type=\"application\/ld+json\" class=\"yoast-schema-graph\">{\"@context\":\"https:\/\/schema.org\",\"@graph\":[{\"@type\":\"WebPage\",\"@id\":\"https:\/\/www.affectio.es\/en\/integral\/cooperatives\/cooperatives-business-marketing\/\",\"url\":\"https:\/\/www.affectio.es\/en\/integral\/cooperatives\/cooperatives-business-marketing\/\",\"name\":\"Cooperatives - Business and marketing - Affectio Group\",\"isPartOf\":{\"@id\":\"https:\/\/www.affectio.es\/en\/#website\"},\"datePublished\":\"2020-09-29T10:23:10+00:00\",\"dateModified\":\"2020-10-14T08:40:34+00:00\",\"description\":\"Integral is recognized as one of the reference entities in cooperative and social economy sphere. Our consulting division is an expert in...\",\"breadcrumb\":{\"@id\":\"https:\/\/www.affectio.es\/en\/integral\/cooperatives\/cooperatives-business-marketing\/#breadcrumb\"},\"inLanguage\":\"en-US\",\"potentialAction\":[{\"@type\":\"ReadAction\",\"target\":[\"https:\/\/www.affectio.es\/en\/integral\/cooperatives\/cooperatives-business-marketing\/\"]}]},{\"@type\":\"BreadcrumbList\",\"@id\":\"https:\/\/www.affectio.es\/en\/integral\/cooperatives\/cooperatives-business-marketing\/#breadcrumb\",\"itemListElement\":[{\"@type\":\"ListItem\",\"position\":1,\"name\":\"Portada\",\"item\":\"https:\/\/www.affectio.es\/en\/\"},{\"@type\":\"ListItem\",\"position\":2,\"name\":\"Integral\",\"item\":\"https:\/\/www.affectio.es\/en\/integral\/\"},{\"@type\":\"ListItem\",\"position\":3,\"name\":\"Cooperatives\",\"item\":\"https:\/\/www.affectio.es\/en\/integral\/cooperatives\/\"},{\"@type\":\"ListItem\",\"position\":4,\"name\":\"Cooperatives &#8211; Business and marketing\"}]},{\"@type\":\"WebSite\",\"@id\":\"https:\/\/www.affectio.es\/en\/#website\",\"url\":\"https:\/\/www.affectio.es\/en\/\",\"name\":\"Affectio Group\",\"description\":\"Affectio Group es la expresi\u00f3n del v\u00ednculo entre los m\u00e1s de 30 profesionales de Integral\u00ae y de Idea Iuris\u00ae, basado en la mutua confianza y en su deseo de aunar sus contrastadas solvencia y experiencia\",\"potentialAction\":[{\"@type\":\"SearchAction\",\"target\":{\"@type\":\"EntryPoint\",\"urlTemplate\":\"https:\/\/www.affectio.es\/en\/?s={search_term_string}\"},\"query-input\":{\"@type\":\"PropertyValueSpecification\",\"valueRequired\":true,\"valueName\":\"search_term_string\"}}],\"inLanguage\":\"en-US\"}]}<\/script>\n<!-- \/ Yoast SEO plugin. -->","yoast_head_json":{"title":"Cooperatives - Business and marketing - Affectio Group","description":"Integral is recognized as one of the reference entities in cooperative and social economy sphere. Our consulting division is an expert in...","robots":{"index":"index","follow":"follow","max-snippet":"max-snippet:-1","max-image-preview":"max-image-preview:large","max-video-preview":"max-video-preview:-1"},"canonical":"https:\/\/www.affectio.es\/en\/integral\/cooperatives\/cooperatives-business-marketing\/","og_locale":"en_US","og_type":"article","og_title":"Cooperatives - Business and marketing - Affectio Group","og_description":"Integral is recognized as one of the reference entities in cooperative and social economy sphere. Our consulting division is an expert in...","og_url":"https:\/\/www.affectio.es\/en\/integral\/cooperatives\/cooperatives-business-marketing\/","og_site_name":"Affectio Group","article_modified_time":"2020-10-14T08:40:34+00:00","twitter_card":"summary_large_image","twitter_misc":{"Est. reading time":"5 minutes"},"schema":{"@context":"https:\/\/schema.org","@graph":[{"@type":"WebPage","@id":"https:\/\/www.affectio.es\/en\/integral\/cooperatives\/cooperatives-business-marketing\/","url":"https:\/\/www.affectio.es\/en\/integral\/cooperatives\/cooperatives-business-marketing\/","name":"Cooperatives - Business and marketing - Affectio Group","isPartOf":{"@id":"https:\/\/www.affectio.es\/en\/#website"},"datePublished":"2020-09-29T10:23:10+00:00","dateModified":"2020-10-14T08:40:34+00:00","description":"Integral is recognized as one of the reference entities in cooperative and social economy sphere. Our consulting division is an expert in...","breadcrumb":{"@id":"https:\/\/www.affectio.es\/en\/integral\/cooperatives\/cooperatives-business-marketing\/#breadcrumb"},"inLanguage":"en-US","potentialAction":[{"@type":"ReadAction","target":["https:\/\/www.affectio.es\/en\/integral\/cooperatives\/cooperatives-business-marketing\/"]}]},{"@type":"BreadcrumbList","@id":"https:\/\/www.affectio.es\/en\/integral\/cooperatives\/cooperatives-business-marketing\/#breadcrumb","itemListElement":[{"@type":"ListItem","position":1,"name":"Portada","item":"https:\/\/www.affectio.es\/en\/"},{"@type":"ListItem","position":2,"name":"Integral","item":"https:\/\/www.affectio.es\/en\/integral\/"},{"@type":"ListItem","position":3,"name":"Cooperatives","item":"https:\/\/www.affectio.es\/en\/integral\/cooperatives\/"},{"@type":"ListItem","position":4,"name":"Cooperatives &#8211; Business and marketing"}]},{"@type":"WebSite","@id":"https:\/\/www.affectio.es\/en\/#website","url":"https:\/\/www.affectio.es\/en\/","name":"Affectio Group","description":"Affectio Group es la expresi\u00f3n del v\u00ednculo entre los m\u00e1s de 30 profesionales de Integral\u00ae y de Idea Iuris\u00ae, basado en la mutua confianza y en su deseo de aunar sus contrastadas solvencia y experiencia","potentialAction":[{"@type":"SearchAction","target":{"@type":"EntryPoint","urlTemplate":"https:\/\/www.affectio.es\/en\/?s={search_term_string}"},"query-input":{"@type":"PropertyValueSpecification","valueRequired":true,"valueName":"search_term_string"}}],"inLanguage":"en-US"}]}},"_links":{"self":[{"href":"https:\/\/www.affectio.es\/en\/wp-json\/wp\/v2\/pages\/954","targetHints":{"allow":["GET"]}}],"collection":[{"href":"https:\/\/www.affectio.es\/en\/wp-json\/wp\/v2\/pages"}],"about":[{"href":"https:\/\/www.affectio.es\/en\/wp-json\/wp\/v2\/types\/page"}],"author":[{"embeddable":true,"href":"https:\/\/www.affectio.es\/en\/wp-json\/wp\/v2\/users\/1"}],"replies":[{"embeddable":true,"href":"https:\/\/www.affectio.es\/en\/wp-json\/wp\/v2\/comments?post=954"}],"version-history":[{"count":4,"href":"https:\/\/www.affectio.es\/en\/wp-json\/wp\/v2\/pages\/954\/revisions"}],"predecessor-version":[{"id":1345,"href":"https:\/\/www.affectio.es\/en\/wp-json\/wp\/v2\/pages\/954\/revisions\/1345"}],"up":[{"embeddable":true,"href":"https:\/\/www.affectio.es\/en\/wp-json\/wp\/v2\/pages\/805"}],"wp:attachment":[{"href":"https:\/\/www.affectio.es\/en\/wp-json\/wp\/v2\/media?parent=954"}],"curies":[{"name":"wp","href":"https:\/\/api.w.org\/{rel}","templated":true}]}}