{"id":919,"date":"2020-09-29T10:24:50","date_gmt":"2020-09-29T10:24:50","guid":{"rendered":"https:\/\/www.affectio.es\/integral\/social-economy\/economia-social-personas-estrategia-y-organizacion\/"},"modified":"2020-10-14T09:09:33","modified_gmt":"2020-10-14T09:09:33","slug":"economia-social-personas-estrategia-y-organizacion","status":"publish","type":"page","link":"https:\/\/www.affectio.es\/en\/integral\/social-economy\/economia-social-personas-estrategia-y-organizacion\/","title":{"rendered":"Social Economy &#8211; People, Strategy and Organization"},"content":{"rendered":"<div class=\"wpb-content-wrapper\"><p>[vc_row css=&#8221;.vc_custom_1601392457104{margin-bottom: -80px !important;}&#8221;][vc_column][vc_column_text]<\/p>\n<h1><span style=\"color: #2a2a69;\">Social Economy<\/span><\/h1>\n<p>[\/vc_column_text][vc_column_text css=&#8221;.vc_custom_1585328905363{margin-top: 0px !important;margin-bottom: 0px !important;padding-top: 0px !important;padding-bottom: 0px !important;}&#8221; el_id=&#8221;divconsultoria-personasestrategiaorganizacion&#8221;][\/vc_column_text]<div id=\"ultimate-heading-498569e34ce99a933\" class=\"uvc-heading ult-adjust-bottom-margin ultimate-heading-498569e34ce99a933 uvc-9841 color-title\" data-hspacer=\"no_spacer\"  data-halign=\"left\" style=\"text-align:left\"><div class=\"uvc-heading-spacer no_spacer\" style=\"top\"><\/div><div class=\"uvc-main-heading ult-responsive\"  data-ultimate-target='.uvc-heading.ultimate-heading-498569e34ce99a933 h2'  data-responsive-json-new='{\"font-size\":\"desktop:30px;\",\"line-height\":\"desktop:40px;\"}' ><h2 style=\"font-weight:bold;color:#28a7fb;margin-top:25px;margin-bottom:25px;\">People, Strategy and Organization<\/h2><\/div><\/div>[vc_column_text css=&#8221;.vc_custom_1601496848841{padding-bottom: 30px !important;}&#8221;]<\/p>\n<div style=\"text-align: justify;\">\n<p>Our team has experts with extensive experience in accompanying and advising companies and entities, especially small and medium size. Our philosophy is based on proximity, flexibility and professional rigor.<br \/>\nOur advice identifies the needs of our clients implements practical and realistic solutions for each situation. All projects are led by senior consultants who have the support of more than 30 professionals in the various fields of knowledge related to the company.<\/p>\n<\/div>\n<p>[\/vc_column_text][vc_column_text css=&#8221;.vc_custom_1585328916512{margin-top: 0px !important;margin-bottom: 0px !important;padding-top: 0px !important;padding-bottom: 0px !important;}&#8221; el_id=&#8221;divconsultoria-personas&#8221;][\/vc_column_text]<div id=\"ultimate-heading-529669e34ce99aa38\" class=\"uvc-heading ult-adjust-bottom-margin ultimate-heading-529669e34ce99aa38 uvc-9314 color-title\" data-hspacer=\"line_only\"  data-halign=\"left\" style=\"text-align:left\"><div class=\"uvc-main-heading ult-responsive\"  data-ultimate-target='.uvc-heading.ultimate-heading-529669e34ce99aa38 h2'  data-responsive-json-new='{\"font-size\":\"desktop:30px;\",\"line-height\":\"desktop:40px;\"}' ><h2 style=\"font-weight:bold;color:#333366;margin-top:25px;margin-bottom:25px;\">People<\/h2><\/div><div class=\"uvc-heading-spacer line_only\" style=\"topheight:1px;\"><span class=\"uvc-headings-line\" style=\"border-style:solid;border-bottom-width:1px;border-color:#3f4a9a;width:autopx;\"><\/span><\/div><\/div>[vc_column_text css=&#8221;.vc_custom_1601496884527{padding-top: 30px !important;padding-bottom: 30px !important;}&#8221;]<\/p>\n<div style=\"text-align: justify;\">\n<p><strong>\u2022 Coach Executive.<\/strong><br \/>\nWe assist people who have responsibilities in the organization to help them enhance their management skills and abilities (team management, leadership, communication, negotiation and conflict situations).<br \/>\n<strong>\u2022 Coach for Succession.<\/strong><br \/>\nWe accompany the process of self-succession of family businesses, from their design to direct support to everyone involved (generation happens and succeeded generation) in order to facilitate the desired family relief.<br \/>\n<strong>\u2022 Management teams.<\/strong><br \/>\nWithin the development process and strategic implementation, we facilitate and accompany the establishment of management teams. Defining its functions and strategic scope.<\/p>\n<\/div>\n<p>[\/vc_column_text][vc_column_text css=&#8221;.vc_custom_1585328928921{margin-top: 0px !important;margin-bottom: 0px !important;padding-top: 0px !important;padding-bottom: 0px !important;}&#8221; el_id=&#8221;divconsultoria-estrategia&#8221;][\/vc_column_text]<div id=\"ultimate-heading-514769e34ce99aac6\" class=\"uvc-heading ult-adjust-bottom-margin ultimate-heading-514769e34ce99aac6 uvc-387 color-title\" data-hspacer=\"line_only\"  data-halign=\"left\" style=\"text-align:left\"><div class=\"uvc-main-heading ult-responsive\"  data-ultimate-target='.uvc-heading.ultimate-heading-514769e34ce99aac6 h2'  data-responsive-json-new='{\"font-size\":\"desktop:30px;\",\"line-height\":\"desktop:40px;\"}' ><h2 style=\"font-weight:bold;color:#333366;margin-top:25px;margin-bottom:25px;\">Strategy<\/h2><\/div><div class=\"uvc-heading-spacer line_only\" style=\"topheight:1px;\"><span class=\"uvc-headings-line\" style=\"border-style:solid;border-bottom-width:1px;border-color:#3f4a9a;width:autopx;\"><\/span><\/div><\/div>[vc_column_text css=&#8221;.vc_custom_1601496995646{padding-top: 30px !important;padding-bottom: 30px !important;}&#8221;]<\/p>\n<div style=\"text-align: justify;\">\n<p><strong>\u2022 Generation Strategic Plan and support in its implementation.<\/strong><br \/>\nWe support the elaboration of the Strategic Plan considering the business model and the proposed current and future value of the organization. We facilitate the effective deployment of the strategy through defining actions, schedules, responsibilities and implementation costs. Our consulting team to support the implementation of actions in areas such as business and marketing, finance, organizational management or process improvement.<br \/>\n<strong>\u2022 Dimensiona program for growing businesses in collaboration with PIMEC (<a href=\"https:\/\/www.pimec.org\/es\" target=\"_blank\" rel=\"noopener noreferrer\">includes special conditions<\/a>).<\/strong><br \/>\nAs Pimec partners, we implemented the Dimensiona PIME program, designed to maximize the possibilities of optimization (focus on profitability) and business growth. This program has a special bonus for Pimec members. <a href=\"https:\/\/www.pimec.org\/ca\/pimes-autonoms\/serveis\/estrategia-empresarial\" target=\"_blank\" rel=\"noopener noreferrer\">More information<\/a>.<br \/>\n<strong>\u2022 Preparation of the Annual Management Plan.<\/strong><br \/>\nFrom the short term, we define and accompany the deployment of Management Plans that guide company\u2019s resources and actions towards achieving its annual objectives.<\/p>\n<\/div>\n<p>[\/vc_column_text][vc_column_text css=&#8221;.vc_custom_1585328938472{margin-top: 0px !important;margin-bottom: 0px !important;padding-top: 0px !important;padding-bottom: 0px !important;}&#8221; el_id=&#8221;divconsultoria-organizacion&#8221;][\/vc_column_text]<div id=\"ultimate-heading-48169e34ce99ab5a\" class=\"uvc-heading ult-adjust-bottom-margin ultimate-heading-48169e34ce99ab5a uvc-6009 color-title\" data-hspacer=\"line_only\"  data-halign=\"left\" style=\"text-align:left\"><div class=\"uvc-main-heading ult-responsive\"  data-ultimate-target='.uvc-heading.ultimate-heading-48169e34ce99ab5a h2'  data-responsive-json-new='{\"font-size\":\"desktop:30px;\",\"line-height\":\"desktop:40px;\"}' ><h2 style=\"font-weight:bold;color:#333366;margin-top:25px;margin-bottom:25px;\">Organization<\/h2><\/div><div class=\"uvc-heading-spacer line_only\" style=\"topheight:1px;\"><span class=\"uvc-headings-line\" style=\"border-style:solid;border-bottom-width:1px;border-color:#3f4a9a;width:autopx;\"><\/span><\/div><\/div>[vc_column_text css=&#8221;.vc_custom_1601497032433{padding-top: 30px !important;padding-bottom: 30px !important;}&#8221;]<\/p>\n<div style=\"text-align: justify;\">\n<p><strong>\u2022 Analysis and improvement of processes improvement, global map and job descriptions.<\/strong><br \/>\nWe document organizational processes, and define and identify processes improvements that achieve higher levels of efficiency, productivity and coordination between processes and across different departments. The implementation is carried out through a participatory process with those responsible for the organization in which we collect dysfunctions and points of improvement are analysed for eventual application in the operation of each department.<br \/>\nTo ensure consistency between the process and its operational deployment, we analyse and modify, where appropriate, the organization\u2019s job descriptions.<br \/>\n<strong>\u2022 Implementation of innovation processes and development of new business lines. <\/strong><br \/>\nWe promote the generation and subsequent implementation of innovation systems that enable organizations to ensure a constant flow of new ideas, while accompanying in the realization, development and promotion of new lines of action which may include carrying out the corresponding business plan.<\/p>\n<\/div>\n<p>[\/vc_column_text][\/vc_column][\/vc_row]<\/p>\n<\/div>","protected":false},"excerpt":{"rendered":"<p>[vc_row css=&#8221;.vc_custom_1601392457104{margin-bottom: -80px !important;}&#8221;][vc_column][vc_column_text] Social Economy [\/vc_column_text][vc_column_text css=&#8221;.vc_custom_1585328905363{margin-top: 0px !important;margin-bottom: 0px !important;padding-top: 0px !important;padding-bottom: 0px !important;}&#8221; el_id=&#8221;divconsultoria-personasestrategiaorganizacion&#8221;][\/vc_column_text][vc_column_text css=&#8221;.vc_custom_1601496848841{padding-bottom: 30px !important;}&#8221;] Our team has experts with extensive experience in accompanying and advising companies and entities, especially small and medium size. Our philosophy is based on proximity, flexibility and professional rigor. Our advice identifies the needs of&hellip;<\/p>\n","protected":false},"author":1,"featured_media":0,"parent":811,"menu_order":0,"comment_status":"closed","ping_status":"closed","template":"","meta":{"footnotes":""},"class_list":["post-919","page","type-page","status-publish","hentry","description-off"],"yoast_head":"<!-- This site is optimized with the Yoast SEO plugin v26.9 - https:\/\/yoast.com\/product\/yoast-seo-wordpress\/ -->\n<title>Social Economy - People, Strategy and Organization - Affectio Group<\/title>\n<meta name=\"description\" content=\"All projects are led by senior consultants who have the support of more than 30 professionals in the various fields of knowledge related...\" \/>\n<meta name=\"robots\" content=\"index, follow, max-snippet:-1, max-image-preview:large, max-video-preview:-1\" \/>\n<link rel=\"canonical\" href=\"https:\/\/www.affectio.es\/en\/integral\/social-economy\/economia-social-personas-estrategia-y-organizacion\/\" \/>\n<meta property=\"og:locale\" content=\"en_US\" \/>\n<meta property=\"og:type\" content=\"article\" \/>\n<meta property=\"og:title\" content=\"Social Economy - People, Strategy and Organization - Affectio Group\" \/>\n<meta property=\"og:description\" content=\"All projects are led by senior consultants who have the support of more than 30 professionals in the various fields of knowledge related...\" \/>\n<meta property=\"og:url\" content=\"https:\/\/www.affectio.es\/en\/integral\/social-economy\/economia-social-personas-estrategia-y-organizacion\/\" \/>\n<meta property=\"og:site_name\" content=\"Affectio Group\" \/>\n<meta property=\"article:modified_time\" content=\"2020-10-14T09:09:33+00:00\" \/>\n<meta name=\"twitter:card\" content=\"summary_large_image\" \/>\n<meta name=\"twitter:label1\" content=\"Est. reading time\" \/>\n\t<meta name=\"twitter:data1\" content=\"5 minutes\" \/>\n<script type=\"application\/ld+json\" class=\"yoast-schema-graph\">{\"@context\":\"https:\/\/schema.org\",\"@graph\":[{\"@type\":\"WebPage\",\"@id\":\"https:\/\/www.affectio.es\/en\/integral\/social-economy\/economia-social-personas-estrategia-y-organizacion\/\",\"url\":\"https:\/\/www.affectio.es\/en\/integral\/social-economy\/economia-social-personas-estrategia-y-organizacion\/\",\"name\":\"Social Economy - People, Strategy and Organization - Affectio Group\",\"isPartOf\":{\"@id\":\"https:\/\/www.affectio.es\/en\/#website\"},\"datePublished\":\"2020-09-29T10:24:50+00:00\",\"dateModified\":\"2020-10-14T09:09:33+00:00\",\"description\":\"All projects are led by senior consultants who have the support of more than 30 professionals in the various fields of knowledge related...\",\"breadcrumb\":{\"@id\":\"https:\/\/www.affectio.es\/en\/integral\/social-economy\/economia-social-personas-estrategia-y-organizacion\/#breadcrumb\"},\"inLanguage\":\"en-US\",\"potentialAction\":[{\"@type\":\"ReadAction\",\"target\":[\"https:\/\/www.affectio.es\/en\/integral\/social-economy\/economia-social-personas-estrategia-y-organizacion\/\"]}]},{\"@type\":\"BreadcrumbList\",\"@id\":\"https:\/\/www.affectio.es\/en\/integral\/social-economy\/economia-social-personas-estrategia-y-organizacion\/#breadcrumb\",\"itemListElement\":[{\"@type\":\"ListItem\",\"position\":1,\"name\":\"Portada\",\"item\":\"https:\/\/www.affectio.es\/en\/\"},{\"@type\":\"ListItem\",\"position\":2,\"name\":\"Integral\",\"item\":\"https:\/\/www.affectio.es\/en\/integral\/\"},{\"@type\":\"ListItem\",\"position\":3,\"name\":\"Social economy\",\"item\":\"https:\/\/www.affectio.es\/en\/integral\/economia-social\/\"},{\"@type\":\"ListItem\",\"position\":4,\"name\":\"Social Economy &#8211; People, Strategy and Organization\"}]},{\"@type\":\"WebSite\",\"@id\":\"https:\/\/www.affectio.es\/en\/#website\",\"url\":\"https:\/\/www.affectio.es\/en\/\",\"name\":\"Affectio Group\",\"description\":\"Affectio Group es la expresi\u00f3n del v\u00ednculo entre los m\u00e1s de 30 profesionales de Integral\u00ae y de Idea Iuris\u00ae, basado en la mutua confianza y en su deseo de aunar sus contrastadas solvencia y experiencia\",\"potentialAction\":[{\"@type\":\"SearchAction\",\"target\":{\"@type\":\"EntryPoint\",\"urlTemplate\":\"https:\/\/www.affectio.es\/en\/?s={search_term_string}\"},\"query-input\":{\"@type\":\"PropertyValueSpecification\",\"valueRequired\":true,\"valueName\":\"search_term_string\"}}],\"inLanguage\":\"en-US\"}]}<\/script>\n<!-- \/ Yoast SEO plugin. -->","yoast_head_json":{"title":"Social Economy - People, Strategy and Organization - Affectio Group","description":"All projects are led by senior consultants who have the support of more than 30 professionals in the various fields of knowledge related...","robots":{"index":"index","follow":"follow","max-snippet":"max-snippet:-1","max-image-preview":"max-image-preview:large","max-video-preview":"max-video-preview:-1"},"canonical":"https:\/\/www.affectio.es\/en\/integral\/social-economy\/economia-social-personas-estrategia-y-organizacion\/","og_locale":"en_US","og_type":"article","og_title":"Social Economy - People, Strategy and Organization - Affectio Group","og_description":"All projects are led by senior consultants who have the support of more than 30 professionals in the various fields of knowledge related...","og_url":"https:\/\/www.affectio.es\/en\/integral\/social-economy\/economia-social-personas-estrategia-y-organizacion\/","og_site_name":"Affectio Group","article_modified_time":"2020-10-14T09:09:33+00:00","twitter_card":"summary_large_image","twitter_misc":{"Est. reading time":"5 minutes"},"schema":{"@context":"https:\/\/schema.org","@graph":[{"@type":"WebPage","@id":"https:\/\/www.affectio.es\/en\/integral\/social-economy\/economia-social-personas-estrategia-y-organizacion\/","url":"https:\/\/www.affectio.es\/en\/integral\/social-economy\/economia-social-personas-estrategia-y-organizacion\/","name":"Social Economy - People, Strategy and Organization - Affectio Group","isPartOf":{"@id":"https:\/\/www.affectio.es\/en\/#website"},"datePublished":"2020-09-29T10:24:50+00:00","dateModified":"2020-10-14T09:09:33+00:00","description":"All projects are led by senior consultants who have the support of more than 30 professionals in the various fields of knowledge related...","breadcrumb":{"@id":"https:\/\/www.affectio.es\/en\/integral\/social-economy\/economia-social-personas-estrategia-y-organizacion\/#breadcrumb"},"inLanguage":"en-US","potentialAction":[{"@type":"ReadAction","target":["https:\/\/www.affectio.es\/en\/integral\/social-economy\/economia-social-personas-estrategia-y-organizacion\/"]}]},{"@type":"BreadcrumbList","@id":"https:\/\/www.affectio.es\/en\/integral\/social-economy\/economia-social-personas-estrategia-y-organizacion\/#breadcrumb","itemListElement":[{"@type":"ListItem","position":1,"name":"Portada","item":"https:\/\/www.affectio.es\/en\/"},{"@type":"ListItem","position":2,"name":"Integral","item":"https:\/\/www.affectio.es\/en\/integral\/"},{"@type":"ListItem","position":3,"name":"Social economy","item":"https:\/\/www.affectio.es\/en\/integral\/economia-social\/"},{"@type":"ListItem","position":4,"name":"Social Economy &#8211; People, Strategy and Organization"}]},{"@type":"WebSite","@id":"https:\/\/www.affectio.es\/en\/#website","url":"https:\/\/www.affectio.es\/en\/","name":"Affectio Group","description":"Affectio Group es la expresi\u00f3n del v\u00ednculo entre los m\u00e1s de 30 profesionales de Integral\u00ae y de Idea Iuris\u00ae, basado en la mutua confianza y en su deseo de aunar sus contrastadas solvencia y experiencia","potentialAction":[{"@type":"SearchAction","target":{"@type":"EntryPoint","urlTemplate":"https:\/\/www.affectio.es\/en\/?s={search_term_string}"},"query-input":{"@type":"PropertyValueSpecification","valueRequired":true,"valueName":"search_term_string"}}],"inLanguage":"en-US"}]}},"_links":{"self":[{"href":"https:\/\/www.affectio.es\/en\/wp-json\/wp\/v2\/pages\/919","targetHints":{"allow":["GET"]}}],"collection":[{"href":"https:\/\/www.affectio.es\/en\/wp-json\/wp\/v2\/pages"}],"about":[{"href":"https:\/\/www.affectio.es\/en\/wp-json\/wp\/v2\/types\/page"}],"author":[{"embeddable":true,"href":"https:\/\/www.affectio.es\/en\/wp-json\/wp\/v2\/users\/1"}],"replies":[{"embeddable":true,"href":"https:\/\/www.affectio.es\/en\/wp-json\/wp\/v2\/comments?post=919"}],"version-history":[{"count":3,"href":"https:\/\/www.affectio.es\/en\/wp-json\/wp\/v2\/pages\/919\/revisions"}],"predecessor-version":[{"id":940,"href":"https:\/\/www.affectio.es\/en\/wp-json\/wp\/v2\/pages\/919\/revisions\/940"}],"up":[{"embeddable":true,"href":"https:\/\/www.affectio.es\/en\/wp-json\/wp\/v2\/pages\/811"}],"wp:attachment":[{"href":"https:\/\/www.affectio.es\/en\/wp-json\/wp\/v2\/media?parent=919"}],"curies":[{"name":"wp","href":"https:\/\/api.w.org\/{rel}","templated":true}]}}