{"id":716,"date":"2020-09-29T10:27:41","date_gmt":"2020-09-29T10:27:41","guid":{"rendered":"https:\/\/www.affectio.es\/integral\/pimes\/pimes-acompanamiento-contable-economico-financiero-y-fiscal\/"},"modified":"2020-10-14T09:44:04","modified_gmt":"2020-10-14T09:44:04","slug":"pimes-accounting-economic-financial-fiscal-accompaniment","status":"publish","type":"page","link":"https:\/\/www.affectio.es\/en\/integral\/pimes\/pimes-accounting-economic-financial-fiscal-accompaniment\/","title":{"rendered":"PIME&#8217;s &#8211; Accounting, Economic-Financial and Fiscal Accompaniment"},"content":{"rendered":"<div class=\"wpb-content-wrapper\"><p>[vc_row css=&#8221;.vc_custom_1601391391158{margin-bottom: -80px !important;}&#8221;][vc_column][vc_column_text]<\/p>\n<h1><span style=\"color: #2a2a69;\">PIME&#8217;s<\/span><\/h1>\n<p>[\/vc_column_text][vc_column_text css=&#8221;.vc_custom_1585327593053{margin-top: 0px !important;margin-bottom: 0px !important;padding-top: 0px !important;padding-bottom: 0px !important;}&#8221; el_id=&#8221;diveconomica-acompanamientocontableconomico&#8221;][\/vc_column_text]<div id=\"ultimate-heading-77769e341263f50f\" class=\"uvc-heading ult-adjust-bottom-margin ultimate-heading-77769e341263f50f uvc-4305 color-title\" data-hspacer=\"no_spacer\"  data-halign=\"left\" style=\"text-align:left\"><div class=\"uvc-heading-spacer no_spacer\" style=\"top\"><\/div><div class=\"uvc-main-heading ult-responsive\"  data-ultimate-target='.uvc-heading.ultimate-heading-77769e341263f50f h2'  data-responsive-json-new='{\"font-size\":\"desktop:30px;\",\"line-height\":\"desktop:40px;\"}' ><h2 style=\"font-weight:bold;color:#28a7fb;margin-top:25px;margin-bottom:25px;\">Accounting, Economic-Financial and Fiscal Accompaniment<\/h2><\/div><\/div>[vc_column_text css=&#8221;.vc_custom_1601469296400{padding-bottom: 30px !important;}&#8221;]<\/p>\n<div style=\"text-align: justify;\">\n<p>The first aim of our support is to ensure the proper preparation of accounting. It is essential, if accounting information is incorrect or delayed, management will be seriously resented.<br \/>\nOf course, accounting will also allow compliance with legal and fiscal obligations of the activity.<\/p>\n<\/div>\n<p>[\/vc_column_text][vc_column_text css=&#8221;.vc_custom_1585327695282{margin-top: 0px !important;margin-bottom: 0px !important;padding-top: 0px !important;padding-bottom: 0px !important;}&#8221;][\/vc_column_text]<style type=\"text\/css\" data-type=\"the7_shortcodes-inline-css\">#default-btn-239216f8a7283b026a98289b4561251e.ico-right-side > i {\n  margin-right: 0px;\n  margin-left: 8px;\n}\n#default-btn-239216f8a7283b026a98289b4561251e > i {\n  margin-right: 8px;\n}\n<\/style><a href=\"#quieroquemecontacten\" class=\"default-btn-shortcode dt-btn dt-btn-s link-hover-off anchor-link btn-inline-left \" id=\"default-btn-239216f8a7283b026a98289b4561251e\"><span>I want you to contact me<\/span><\/a>[vc_column_text css=&#8221;.vc_custom_1585327616757{margin-top: 0px !important;margin-bottom: 0px !important;padding-top: 0px !important;padding-bottom: 0px !important;}&#8221; el_id=&#8221;diveconomica-confeccioncontabilidad&#8221;][\/vc_column_text]<div id=\"ultimate-heading-884869e341263f763\" class=\"uvc-heading ult-adjust-bottom-margin ultimate-heading-884869e341263f763 uvc-5672 color-title\" data-hspacer=\"line_only\"  data-halign=\"left\" style=\"text-align:left\"><div class=\"uvc-main-heading ult-responsive\"  data-ultimate-target='.uvc-heading.ultimate-heading-884869e341263f763 h2'  data-responsive-json-new='{\"font-size\":\"desktop:30px;\",\"line-height\":\"desktop:40px;\"}' ><h2 style=\"font-weight:bold;color:#333366;margin-top:25px;margin-bottom:25px;\">Confection of Accounting (The first step)<\/h2><\/div><div class=\"uvc-heading-spacer line_only\" style=\"topheight:1px;\"><span class=\"uvc-headings-line\" style=\"border-style:solid;border-bottom-width:1px;border-color:#3f4a9a;width:autopx;\"><\/span><\/div><\/div>[vc_column_text css=&#8221;.vc_custom_1585327005330{padding-top: 30px !important;padding-bottom: 30px !important;}&#8221;]<\/p>\n<div style=\"text-align: justify;\">\n<p>El primer objetivo de nuestro acompa\u00f1amiento es asegurar la adecuada elaboraci\u00f3n de la Contabilidad. Es imprescindible, si la informaci\u00f3n contable no es correcta o se demora, la gesti\u00f3n se resentir\u00e1 gravemente.<br \/>\nPor supuesto, la Contabilidad tambi\u00e9n permitir\u00e1 dar cumplimiento a las obligaciones legales y fiscales de la actividad.<\/p>\n<\/div>\n<p>[\/vc_column_text][vc_column_text css=&#8221;.vc_custom_1585327643564{margin-top: 0px !important;margin-bottom: 0px !important;padding-top: 0px !important;padding-bottom: 0px !important;}&#8221; el_id=&#8221;diveconomica-situacioneconomica&#8221;][\/vc_column_text]<div id=\"ultimate-heading-563669e341263f80b\" class=\"uvc-heading ult-adjust-bottom-margin ultimate-heading-563669e341263f80b uvc-610 color-title\" data-hspacer=\"line_only\"  data-halign=\"left\" style=\"text-align:left\"><div class=\"uvc-main-heading ult-responsive\"  data-ultimate-target='.uvc-heading.ultimate-heading-563669e341263f80b h2'  data-responsive-json-new='{\"font-size\":\"desktop:30px;\",\"line-height\":\"desktop:40px;\"}' ><h2 style=\"font-weight:bold;color:#333366;margin-top:25px;margin-bottom:25px;\">Economic Situation and Decision Making<\/h2><\/div><div class=\"uvc-heading-spacer line_only\" style=\"topheight:1px;\"><span class=\"uvc-headings-line\" style=\"border-style:solid;border-bottom-width:1px;border-color:#3f4a9a;width:autopx;\"><\/span><\/div><\/div>[vc_column_text css=&#8221;.vc_custom_1601469316426{padding-top: 30px !important;padding-bottom: 30px !important;}&#8221;]<\/p>\n<div style=\"text-align: justify;\">\n<p>Billing, revenue involved I cost generation. Understanding the relationship between income and costs and their dynamics, i.e. how expenditures evolve according to revenue, is essential to develop a real management activity.<br \/>\nAccompanying economic decision-making is part of our core action.<\/p>\n<\/div>\n<p>[\/vc_column_text][vc_column_text css=&#8221;.vc_custom_1585327652655{margin-top: 0px !important;margin-bottom: 0px !important;padding-top: 0px !important;padding-bottom: 0px !important;}&#8221; el_id=&#8221;diveconomica-situacionfinanciera&#8221;][\/vc_column_text]<div id=\"ultimate-heading-240469e341263f894\" class=\"uvc-heading ult-adjust-bottom-margin ultimate-heading-240469e341263f894 uvc-8751 color-title\" data-hspacer=\"line_only\"  data-halign=\"left\" style=\"text-align:left\"><div class=\"uvc-main-heading ult-responsive\"  data-ultimate-target='.uvc-heading.ultimate-heading-240469e341263f894 h2'  data-responsive-json-new='{\"font-size\":\"desktop:30px;\",\"line-height\":\"desktop:40px;\"}' ><h2 style=\"font-weight:bold;color:#333366;margin-top:25px;margin-bottom:25px;\">Financial Position and Decision Making<\/h2><\/div><div class=\"uvc-heading-spacer line_only\" style=\"topheight:1px;\"><span class=\"uvc-headings-line\" style=\"border-style:solid;border-bottom-width:1px;border-color:#3f4a9a;width:autopx;\"><\/span><\/div><\/div>[vc_column_text css=&#8221;.vc_custom_1601469338205{padding-top: 30px !important;padding-bottom: 30px !important;}&#8221;]<\/p>\n<div style=\"text-align: justify;\">\n<p>If the economy is the engine of activity, funding is the lubricant that allows you to keep moving.<br \/>\nKnowing and understanding the financial dynamics, allows maintaining a proactive attitude, anticipating needs and, when necessary, facing in the best conditions the banking negotiation. Our support includes being present in it.<\/p>\n<\/div>\n<p>[\/vc_column_text][vc_column_text css=&#8221;.vc_custom_1585327660586{margin-top: 0px !important;margin-bottom: 0px !important;padding-top: 0px !important;padding-bottom: 0px !important;}&#8221; el_id=&#8221;diveconomica-planificacionfiscal&#8221;][\/vc_column_text]<div id=\"ultimate-heading-570069e341263f90f\" class=\"uvc-heading ult-adjust-bottom-margin ultimate-heading-570069e341263f90f uvc-7811 color-title\" data-hspacer=\"line_only\"  data-halign=\"left\" style=\"text-align:left\"><div class=\"uvc-main-heading ult-responsive\"  data-ultimate-target='.uvc-heading.ultimate-heading-570069e341263f90f h2'  data-responsive-json-new='{\"font-size\":\"desktop:30px;\",\"line-height\":\"desktop:40px;\"}' ><h2 style=\"font-weight:bold;color:#333366;margin-top:25px;margin-bottom:25px;\">Fiscal planning<\/h2><\/div><div class=\"uvc-heading-spacer line_only\" style=\"topheight:1px;\"><span class=\"uvc-headings-line\" style=\"border-style:solid;border-bottom-width:1px;border-color:#3f4a9a;width:autopx;\"><\/span><\/div><\/div>[vc_column_text css=&#8221;.vc_custom_1601469359266{padding-top: 30px !important;padding-bottom: 30px !important;}&#8221;]<\/p>\n<div style=\"text-align: justify;\">\n<p>The activity management, secured correctly making economic and financial decisions, also includes Planning Fiscal understood as minimizing tax costs adding savings to a correct taxation, without leaving loose ends.<\/p>\n<\/div>\n<p>[\/vc_column_text][vc_column_text css=&#8221;.vc_custom_1585327676809{margin-top: 0px !important;margin-bottom: 0px !important;padding-top: 0px !important;padding-bottom: 0px !important;}&#8221; el_id=&#8221;diveconomica-gesti\u00f3nimpuestos&#8221;][\/vc_column_text]<div id=\"ultimate-heading-641569e341263f987\" class=\"uvc-heading ult-adjust-bottom-margin ultimate-heading-641569e341263f987 uvc-5435 color-title\" data-hspacer=\"line_only\"  data-halign=\"left\" style=\"text-align:left\"><div class=\"uvc-main-heading ult-responsive\"  data-ultimate-target='.uvc-heading.ultimate-heading-641569e341263f987 h2'  data-responsive-json-new='{\"font-size\":\"desktop:30px;\",\"line-height\":\"desktop:40px;\"}' ><h2 style=\"font-weight:bold;color:#333366;margin-top:25px;margin-bottom:25px;\">Administration and Payment of Taxes<\/h2><\/div><div class=\"uvc-heading-spacer line_only\" style=\"topheight:1px;\"><span class=\"uvc-headings-line\" style=\"border-style:solid;border-bottom-width:1px;border-color:#3f4a9a;width:autopx;\"><\/span><\/div><\/div>[vc_column_text css=&#8221;.vc_custom_1601469382217{padding-top: 30px !important;padding-bottom: 30px !important;}&#8221;]<\/p>\n<div style=\"text-align: justify;\">\n<p>Tax management and settlement materializes fiscal decisions. Its incorrect completion can lead to serious repercussions.<br \/>\nOur support includes the settlement of all types of taxes, VAT, corporate, income, etc., in accordance with the legislation in force at all times.<\/p>\n<\/div>\n<p>[\/vc_column_text][vc_column_text css=&#8221;.vc_custom_1585327685550{margin-top: 0px !important;margin-bottom: 0px !important;padding-top: 0px !important;padding-bottom: 0px !important;}&#8221; el_id=&#8221;diveconomica-integracionequipos&#8221;][\/vc_column_text]<div id=\"ultimate-heading-704269e341263f9ea\" class=\"uvc-heading ult-adjust-bottom-margin ultimate-heading-704269e341263f9ea uvc-107 color-title\" data-hspacer=\"line_only\"  data-halign=\"left\" style=\"text-align:left\"><div class=\"uvc-main-heading ult-responsive\"  data-ultimate-target='.uvc-heading.ultimate-heading-704269e341263f9ea h2'  data-responsive-json-new='{\"font-size\":\"desktop:30px;\",\"line-height\":\"desktop:40px;\"}' ><h2 style=\"font-weight:bold;color:#333366;margin-top:25px;margin-bottom:25px;\">Integration into Management Teams<\/h2><\/div><div class=\"uvc-heading-spacer line_only\" style=\"topheight:1px;\"><span class=\"uvc-headings-line\" style=\"border-style:solid;border-bottom-width:1px;border-color:#3f4a9a;width:autopx;\"><\/span><\/div><\/div>[vc_column_text css=&#8221;.vc_custom_1601469406518{padding-top: 30px !important;padding-bottom: 30px !important;}&#8221;]<\/p>\n<div style=\"text-align: justify;\">\n<p>Our support reaches its best expression through our integration into the Management Team of the Organization.<br \/>\nSharing and contributing our expertise in both operational decisions and the strategic decisions. Adding up and multiplying together.<\/p>\n<\/div>\n<p>[\/vc_column_text][vc_column_text css=&#8221;.vc_custom_1585327695282{margin-top: 0px !important;margin-bottom: 0px !important;padding-top: 0px !important;padding-bottom: 0px !important;}&#8221; el_id=&#8221;diveconomica-inicioactividad&#8221;][\/vc_column_text]<div id=\"ultimate-heading-696769e341263fa4c\" class=\"uvc-heading ult-adjust-bottom-margin ultimate-heading-696769e341263fa4c uvc-7937 color-title\" data-hspacer=\"line_only\"  data-halign=\"left\" style=\"text-align:left\"><div class=\"uvc-main-heading ult-responsive\"  data-ultimate-target='.uvc-heading.ultimate-heading-696769e341263fa4c h2'  data-responsive-json-new='{\"font-size\":\"desktop:30px;\",\"line-height\":\"desktop:40px;\"}' ><h2 style=\"font-weight:bold;color:#333366;margin-top:25px;margin-bottom:25px;\">Start of Activity \/ Launch of new projects<\/h2><\/div><div class=\"uvc-heading-spacer line_only\" style=\"topheight:1px;\"><span class=\"uvc-headings-line\" style=\"border-style:solid;border-bottom-width:1px;border-color:#3f4a9a;width:autopx;\"><\/span><\/div><\/div>[vc_column_text css=&#8221;.vc_custom_1601469429368{padding-top: 30px !important;padding-bottom: 30px !important;}&#8221;]<\/p>\n<div style=\"text-align: justify;\">\n<p>The launch of new activities as well as the launch of new products or the approach of new major projects is moments that require a particular global perspective, such as that of the development of a Viability Plan.<br \/>\nEconomics, Finance and Market requires a proper combination to realize new ideas.<br \/>\nOur support is ready to respond to this with special intensity. We have participated many times in them.<\/p>\n<\/div>\n<p>[\/vc_column_text][vc_column_text css=&#8221;.vc_custom_1585850518959{margin-top: 0px !important;margin-bottom: 0px !important;padding-top: 0px !important;padding-bottom: 0px !important;}&#8221; el_id=&#8221;quieroquemecontacten&#8221;][\/vc_column_text]\n<div class=\"wpcf7 no-js\" id=\"wpcf7-f930-o1\" lang=\"es-ES\" dir=\"ltr\" data-wpcf7-id=\"930\">\n<div class=\"screen-reader-response\"><p role=\"status\" aria-live=\"polite\" aria-atomic=\"true\"><\/p> <ul><\/ul><\/div>\n<form action=\"\/en\/wp-json\/wp\/v2\/pages\/716#wpcf7-f930-o1\" method=\"post\" class=\"wpcf7-form init\" aria-label=\"Formulario de contacto\" novalidate=\"novalidate\" data-status=\"init\">\n<fieldset class=\"hidden-fields-container\"><input type=\"hidden\" name=\"_wpcf7\" value=\"930\" \/><input type=\"hidden\" name=\"_wpcf7_version\" value=\"6.1.5\" \/><input type=\"hidden\" name=\"_wpcf7_locale\" value=\"es_ES\" \/><input type=\"hidden\" name=\"_wpcf7_unit_tag\" value=\"wpcf7-f930-o1\" \/><input type=\"hidden\" name=\"_wpcf7_container_post\" value=\"0\" \/><input type=\"hidden\" name=\"_wpcf7_posted_data_hash\" value=\"\" \/><input type=\"hidden\" name=\"_wpcf7_recaptcha_response\" value=\"\" \/>\n<\/fieldset>\n<p><label> Your Name (required)<br \/>\n<span class=\"wpcf7-form-control-wrap\" data-name=\"your-name\"><input size=\"40\" maxlength=\"400\" class=\"wpcf7-form-control wpcf7-text wpcf7-validates-as-required\" aria-required=\"true\" aria-invalid=\"false\" value=\"\" type=\"text\" name=\"your-name\" \/><\/span> <\/label>\n<\/p>\n<p><label> Your Email (required)<br \/>\n<span class=\"wpcf7-form-control-wrap\" data-name=\"your-email\"><input size=\"40\" maxlength=\"400\" class=\"wpcf7-form-control wpcf7-email wpcf7-validates-as-required wpcf7-text wpcf7-validates-as-email\" aria-required=\"true\" aria-invalid=\"false\" value=\"\" type=\"email\" name=\"your-email\" \/><\/span> <\/label>\n<\/p>\n<p><label> Your Message<br \/>\n<span class=\"wpcf7-form-control-wrap\" data-name=\"your-message\"><textarea cols=\"40\" rows=\"10\" maxlength=\"2000\" class=\"wpcf7-form-control wpcf7-textarea\" aria-invalid=\"false\" name=\"your-message\"><\/textarea><\/span> <\/label>\n<\/p>\n<p><span class=\"wpcf7-form-control-wrap\" data-name=\"checkbox-859\"><span class=\"wpcf7-form-control wpcf7-checkbox wpcf7-validates-as-required\"><span class=\"wpcf7-list-item first last\"><input type=\"checkbox\" name=\"checkbox-859[]\" value=\"I have read and accept the\" \/><span class=\"wpcf7-list-item-label\">I have read and accept the<\/span><\/span><\/span><\/span><a href=\"https:\/\/www.affectio.es\/en\/legal-notice\/\">Legal notice.<\/a>\n<\/p>\n<p><span class=\"wpcf7-form-control-wrap\" data-name=\"checkbox-922\"><span class=\"wpcf7-form-control wpcf7-checkbox wpcf7-validates-as-required\"><span class=\"wpcf7-list-item first last\"><input type=\"checkbox\" name=\"checkbox-922[]\" value=\"I agree to the processing of my data to receive information via electronic channels.\" \/><span class=\"wpcf7-list-item-label\">I agree to the processing of my data to receive information via electronic channels.<\/span><\/span><\/span><\/span><a href=\"https:\/\/www.affectio.es\/en\/legal-notice\/\">Legal notice.<\/a>\n<\/p>\n<p><input class=\"wpcf7-form-control wpcf7-submit has-spinner\" type=\"submit\" value=\"Send\" \/>\n<\/p><p style=\"display: none !important;\" class=\"akismet-fields-container\" data-prefix=\"_wpcf7_ak_\"><label>&#916;<textarea name=\"_wpcf7_ak_hp_textarea\" cols=\"45\" rows=\"8\" maxlength=\"100\"><\/textarea><\/label><input type=\"hidden\" id=\"ak_js_1\" name=\"_wpcf7_ak_js\" value=\"101\"\/><script>document.getElementById( \"ak_js_1\" ).setAttribute( \"value\", ( new Date() ).getTime() );<\/script><\/p><div class=\"wpcf7-response-output\" aria-hidden=\"true\"><\/div>\n<\/form>\n<\/div>\n[\/vc_column][\/vc_row]<\/p>\n<\/div>","protected":false},"excerpt":{"rendered":"<p>[vc_row css=&#8221;.vc_custom_1601391391158{margin-bottom: -80px !important;}&#8221;][vc_column][vc_column_text] PIME&#8217;s [\/vc_column_text][vc_column_text css=&#8221;.vc_custom_1585327593053{margin-top: 0px !important;margin-bottom: 0px !important;padding-top: 0px !important;padding-bottom: 0px !important;}&#8221; el_id=&#8221;diveconomica-acompanamientocontableconomico&#8221;][\/vc_column_text][vc_column_text css=&#8221;.vc_custom_1601469296400{padding-bottom: 30px !important;}&#8221;] The first aim of our support is to ensure the proper preparation of accounting. It is essential, if accounting information is incorrect or delayed, management will be seriously resented. Of course, accounting will also allow compliance&hellip;<\/p>\n","protected":false},"author":1,"featured_media":0,"parent":711,"menu_order":0,"comment_status":"closed","ping_status":"closed","template":"","meta":{"footnotes":""},"class_list":["post-716","page","type-page","status-publish","hentry","description-off"],"yoast_head":"<!-- This site is optimized with the Yoast SEO plugin v26.9 - https:\/\/yoast.com\/product\/yoast-seo-wordpress\/ -->\n<title>PIME&#039;s - Accounting, Economic-Financial and Fiscal Accompaniment - Affectio Group<\/title>\n<meta name=\"description\" content=\"Confection of Accounting (The first step), Economic Situation and Decision Making, Financial Position and Decision Making, Fiscal planning...\" \/>\n<meta name=\"robots\" content=\"index, follow, max-snippet:-1, max-image-preview:large, max-video-preview:-1\" \/>\n<link rel=\"canonical\" href=\"https:\/\/www.affectio.es\/en\/integral\/pimes\/pimes-accounting-economic-financial-fiscal-accompaniment\/\" \/>\n<meta property=\"og:locale\" content=\"en_US\" \/>\n<meta property=\"og:type\" content=\"article\" \/>\n<meta property=\"og:title\" content=\"PIME&#039;s - Accounting, Economic-Financial and Fiscal Accompaniment - Affectio Group\" \/>\n<meta property=\"og:description\" content=\"Confection of Accounting (The first step), Economic Situation and Decision Making, Financial Position and Decision Making, Fiscal planning...\" \/>\n<meta property=\"og:url\" content=\"https:\/\/www.affectio.es\/en\/integral\/pimes\/pimes-accounting-economic-financial-fiscal-accompaniment\/\" \/>\n<meta property=\"og:site_name\" content=\"Affectio Group\" \/>\n<meta property=\"article:modified_time\" content=\"2020-10-14T09:44:04+00:00\" \/>\n<meta name=\"twitter:card\" content=\"summary_large_image\" \/>\n<meta name=\"twitter:label1\" content=\"Est. reading time\" \/>\n\t<meta name=\"twitter:data1\" content=\"7 minutes\" \/>\n<script type=\"application\/ld+json\" class=\"yoast-schema-graph\">{\"@context\":\"https:\/\/schema.org\",\"@graph\":[{\"@type\":\"WebPage\",\"@id\":\"https:\/\/www.affectio.es\/en\/integral\/pimes\/pimes-accounting-economic-financial-fiscal-accompaniment\/\",\"url\":\"https:\/\/www.affectio.es\/en\/integral\/pimes\/pimes-accounting-economic-financial-fiscal-accompaniment\/\",\"name\":\"PIME's - Accounting, Economic-Financial and Fiscal Accompaniment - Affectio Group\",\"isPartOf\":{\"@id\":\"https:\/\/www.affectio.es\/en\/#website\"},\"datePublished\":\"2020-09-29T10:27:41+00:00\",\"dateModified\":\"2020-10-14T09:44:04+00:00\",\"description\":\"Confection of Accounting (The first step), Economic Situation and Decision Making, Financial Position and Decision Making, Fiscal planning...\",\"breadcrumb\":{\"@id\":\"https:\/\/www.affectio.es\/en\/integral\/pimes\/pimes-accounting-economic-financial-fiscal-accompaniment\/#breadcrumb\"},\"inLanguage\":\"en-US\",\"potentialAction\":[{\"@type\":\"ReadAction\",\"target\":[\"https:\/\/www.affectio.es\/en\/integral\/pimes\/pimes-accounting-economic-financial-fiscal-accompaniment\/\"]}]},{\"@type\":\"BreadcrumbList\",\"@id\":\"https:\/\/www.affectio.es\/en\/integral\/pimes\/pimes-accounting-economic-financial-fiscal-accompaniment\/#breadcrumb\",\"itemListElement\":[{\"@type\":\"ListItem\",\"position\":1,\"name\":\"Portada\",\"item\":\"https:\/\/www.affectio.es\/en\/\"},{\"@type\":\"ListItem\",\"position\":2,\"name\":\"Integral\",\"item\":\"https:\/\/www.affectio.es\/en\/integral\/\"},{\"@type\":\"ListItem\",\"position\":3,\"name\":\"PIME&#8217;s\",\"item\":\"https:\/\/www.affectio.es\/en\/integral\/pimes\/\"},{\"@type\":\"ListItem\",\"position\":4,\"name\":\"PIME&#8217;s &#8211; Accounting, Economic-Financial and Fiscal Accompaniment\"}]},{\"@type\":\"WebSite\",\"@id\":\"https:\/\/www.affectio.es\/en\/#website\",\"url\":\"https:\/\/www.affectio.es\/en\/\",\"name\":\"Affectio Group\",\"description\":\"Affectio Group es la expresi\u00f3n del v\u00ednculo entre los m\u00e1s de 30 profesionales de Integral\u00ae y de Idea Iuris\u00ae, basado en la mutua confianza y en su deseo de aunar sus contrastadas solvencia y experiencia\",\"potentialAction\":[{\"@type\":\"SearchAction\",\"target\":{\"@type\":\"EntryPoint\",\"urlTemplate\":\"https:\/\/www.affectio.es\/en\/?s={search_term_string}\"},\"query-input\":{\"@type\":\"PropertyValueSpecification\",\"valueRequired\":true,\"valueName\":\"search_term_string\"}}],\"inLanguage\":\"en-US\"}]}<\/script>\n<!-- \/ Yoast SEO plugin. -->","yoast_head_json":{"title":"PIME's - Accounting, Economic-Financial and Fiscal Accompaniment - Affectio Group","description":"Confection of Accounting (The first step), Economic Situation and Decision Making, Financial Position and Decision Making, Fiscal planning...","robots":{"index":"index","follow":"follow","max-snippet":"max-snippet:-1","max-image-preview":"max-image-preview:large","max-video-preview":"max-video-preview:-1"},"canonical":"https:\/\/www.affectio.es\/en\/integral\/pimes\/pimes-accounting-economic-financial-fiscal-accompaniment\/","og_locale":"en_US","og_type":"article","og_title":"PIME's - Accounting, Economic-Financial and Fiscal Accompaniment - Affectio Group","og_description":"Confection of Accounting (The first step), Economic Situation and Decision Making, Financial Position and Decision Making, Fiscal planning...","og_url":"https:\/\/www.affectio.es\/en\/integral\/pimes\/pimes-accounting-economic-financial-fiscal-accompaniment\/","og_site_name":"Affectio Group","article_modified_time":"2020-10-14T09:44:04+00:00","twitter_card":"summary_large_image","twitter_misc":{"Est. reading time":"7 minutes"},"schema":{"@context":"https:\/\/schema.org","@graph":[{"@type":"WebPage","@id":"https:\/\/www.affectio.es\/en\/integral\/pimes\/pimes-accounting-economic-financial-fiscal-accompaniment\/","url":"https:\/\/www.affectio.es\/en\/integral\/pimes\/pimes-accounting-economic-financial-fiscal-accompaniment\/","name":"PIME's - Accounting, Economic-Financial and Fiscal Accompaniment - Affectio Group","isPartOf":{"@id":"https:\/\/www.affectio.es\/en\/#website"},"datePublished":"2020-09-29T10:27:41+00:00","dateModified":"2020-10-14T09:44:04+00:00","description":"Confection of Accounting (The first step), Economic Situation and Decision Making, Financial Position and Decision Making, Fiscal planning...","breadcrumb":{"@id":"https:\/\/www.affectio.es\/en\/integral\/pimes\/pimes-accounting-economic-financial-fiscal-accompaniment\/#breadcrumb"},"inLanguage":"en-US","potentialAction":[{"@type":"ReadAction","target":["https:\/\/www.affectio.es\/en\/integral\/pimes\/pimes-accounting-economic-financial-fiscal-accompaniment\/"]}]},{"@type":"BreadcrumbList","@id":"https:\/\/www.affectio.es\/en\/integral\/pimes\/pimes-accounting-economic-financial-fiscal-accompaniment\/#breadcrumb","itemListElement":[{"@type":"ListItem","position":1,"name":"Portada","item":"https:\/\/www.affectio.es\/en\/"},{"@type":"ListItem","position":2,"name":"Integral","item":"https:\/\/www.affectio.es\/en\/integral\/"},{"@type":"ListItem","position":3,"name":"PIME&#8217;s","item":"https:\/\/www.affectio.es\/en\/integral\/pimes\/"},{"@type":"ListItem","position":4,"name":"PIME&#8217;s &#8211; Accounting, Economic-Financial and Fiscal Accompaniment"}]},{"@type":"WebSite","@id":"https:\/\/www.affectio.es\/en\/#website","url":"https:\/\/www.affectio.es\/en\/","name":"Affectio Group","description":"Affectio Group es la expresi\u00f3n del v\u00ednculo entre los m\u00e1s de 30 profesionales de Integral\u00ae y de Idea Iuris\u00ae, basado en la mutua confianza y en su deseo de aunar sus contrastadas solvencia y experiencia","potentialAction":[{"@type":"SearchAction","target":{"@type":"EntryPoint","urlTemplate":"https:\/\/www.affectio.es\/en\/?s={search_term_string}"},"query-input":{"@type":"PropertyValueSpecification","valueRequired":true,"valueName":"search_term_string"}}],"inLanguage":"en-US"}]}},"_links":{"self":[{"href":"https:\/\/www.affectio.es\/en\/wp-json\/wp\/v2\/pages\/716","targetHints":{"allow":["GET"]}}],"collection":[{"href":"https:\/\/www.affectio.es\/en\/wp-json\/wp\/v2\/pages"}],"about":[{"href":"https:\/\/www.affectio.es\/en\/wp-json\/wp\/v2\/types\/page"}],"author":[{"embeddable":true,"href":"https:\/\/www.affectio.es\/en\/wp-json\/wp\/v2\/users\/1"}],"replies":[{"embeddable":true,"href":"https:\/\/www.affectio.es\/en\/wp-json\/wp\/v2\/comments?post=716"}],"version-history":[{"count":4,"href":"https:\/\/www.affectio.es\/en\/wp-json\/wp\/v2\/pages\/716\/revisions"}],"predecessor-version":[{"id":1099,"href":"https:\/\/www.affectio.es\/en\/wp-json\/wp\/v2\/pages\/716\/revisions\/1099"}],"up":[{"embeddable":true,"href":"https:\/\/www.affectio.es\/en\/wp-json\/wp\/v2\/pages\/711"}],"wp:attachment":[{"href":"https:\/\/www.affectio.es\/en\/wp-json\/wp\/v2\/media?parent=716"}],"curies":[{"name":"wp","href":"https:\/\/api.w.org\/{rel}","templated":true}]}}