{"id":711,"date":"2020-09-29T10:27:29","date_gmt":"2020-09-29T10:27:29","guid":{"rendered":"https:\/\/www.affectio.es\/integral\/pimes\/"},"modified":"2020-10-14T09:41:46","modified_gmt":"2020-10-14T09:41:46","slug":"pimes","status":"publish","type":"page","link":"https:\/\/www.affectio.es\/en\/integral\/pimes\/","title":{"rendered":"PIME&#8217;s"},"content":{"rendered":"<div class=\"wpb-content-wrapper\"><p>[vc_row css=&#8221;.vc_custom_1601389012630{margin-bottom: -80px !important;}&#8221;][vc_column][vc_column_text css=&#8221;.vc_custom_1585671728022{margin-bottom: 15px !important;}&#8221;]<\/p>\n<h1><span style=\"color: #2a2a69;\">PIME&#8217;s<\/span><\/h1>\n<p>[\/vc_column_text][vc_single_image image=&#8221;712&#8243; img_size=&#8221;full&#8221;][vc_tta_accordion shape=&#8221;square&#8221; color=&#8221;blue&#8221; c_icon=&#8221;triangle&#8221; active_section=&#8221;6&#8243; collapsible_all=&#8221;true&#8221; css=&#8221;.vc_custom_1585671931818{margin-top: 0px !important;}&#8221;][vc_tta_section title=&#8221;Accounting, Economic-Financial and Fiscal Accompaniment&#8221; tab_id=&#8221;1585329346755-4f16c9a9-4856&#8243;]<div class=\"standard-arrow bullet-top\"><p><a href=\"https:\/\/www.affectio.es\/es\/integral\/pimes\/pimes-acompanamiento-contable-economico-financiero-y-fiscal\/\">+ Accounting, Economic-Financial and Fiscal Accompaniment<\/a><\/p>\n<ul>\n<li><a href=\"https:\/\/www.affectio.es\/es\/integral\/pimes\/pimes-acompanamiento-contable-economico-financiero-y-fiscal\/#!\/diveconomica-confeccioncontabilidad\">Confection of Accounting (The first step)<\/a><\/li>\n<li><a href=\"https:\/\/www.affectio.es\/es\/integral\/pimes\/pimes-acompanamiento-contable-economico-financiero-y-fiscal\/#!\/diveconomica-situacioneconomica\">Economic Situation and Decision Making<\/a><\/li>\n<li><a href=\"https:\/\/www.affectio.es\/es\/integral\/pimes\/pimes-acompanamiento-contable-economico-financiero-y-fiscal\/#!\/diveconomica-situacionfinanciera\">Financial Position and Decision Making<\/a><\/li>\n<li><a href=\"https:\/\/www.affectio.es\/es\/integral\/pimes\/pimes-acompanamiento-contable-economico-financiero-y-fiscal\/#!\/diveconomica-planificacionfiscal\">Fiscal planning<\/a><\/li>\n<li><a href=\"https:\/\/www.affectio.es\/es\/integral\/pimes\/pimes-acompanamiento-contable-economico-financiero-y-fiscal\/#!\/diveconomica-gesti\u00f3nimpuestos\">Administration and Payment of Taxes<\/a><\/li>\n<li><a href=\"https:\/\/www.affectio.es\/es\/integral\/pimes\/pimes-acompanamiento-contable-economico-financiero-y-fiscal\/#!\/diveconomica-integracionequipos\">Integration into Management Teams<\/a><\/li>\n<li><a href=\"https:\/\/www.affectio.es\/es\/integral\/pimes\/pimes-acompanamiento-contable-economico-financiero-y-fiscal\/#!\/diveconomica-inicioactividad\">Start of Activity \/ Launch of new projects<\/a><\/li>\n<\/ul>\n<\/div>[\/vc_tta_section][vc_tta_section title=&#8221;Accompaniment Labour Management&#8221; tab_id=&#8221;1585329346780-0368f6c8-3581&#8243;]<div class=\"standard-arrow bullet-top\"><p><a href=\"https:\/\/www.affectio.es\/es\/integral\/pimes\/pimes-acompanamiento-gestion-laboral\/\">+ Accompaniment Labour Management<\/a><\/p>\n<ul>\n<li><a href=\"https:\/\/www.affectio.es\/es\/integral\/pimes\/pimes-acompanamiento-gestion-laboral\/#!\/diveconomica-nominas\">Payrolls and Social Security<\/a><\/li>\n<li><a href=\"https:\/\/www.affectio.es\/es\/integral\/pimes\/pimes-acompanamiento-gestion-laboral\/#!\/diveconomica-contratacion\">Engagement<\/a><\/li>\n<li><a href=\"https:\/\/www.affectio.es\/es\/integral\/pimes\/pimes-acompanamiento-gestion-laboral\/#!\/diveconomica-prevencionconflicto\">Conflict prevention Labour<\/a><\/li>\n<li><a href=\"https:\/\/www.affectio.es\/es\/integral\/pimes\/pimes-acompanamiento-gestion-laboral\/#!\/diveconomica-prevencionriesgos\">Occupational Risk Prevention<\/a><\/li>\n<li><a href=\"https:\/\/www.affectio.es\/es\/integral\/pimes\/pimes-acompanamiento-gestion-laboral\/#!\/diveconomica-inspeccionestrabajo\">Labour and social security inspections<\/a><\/li>\n<li><a href=\"https:\/\/www.affectio.es\/es\/integral\/pimes\/pimes-acompanamiento-gestion-laboral\/#!\/diveconomica-extranjeria\">Foreigner<\/a><\/li>\n<\/ul>\n<\/div>[\/vc_tta_section][vc_tta_section title=&#8221;People, Strategy and Organization&#8221; tab_id=&#8221;1585330139924-b2163218-0075&#8243;]<div class=\"standard-arrow bullet-top\"><p><a href=\"https:\/\/www.affectio.es\/es\/integral\/pimes\/pimes-personas-estrategia-y-organizacion\/\">+ People, Strategy and Organization<\/a><\/p>\n<ul>\n<li><a href=\"https:\/\/www.affectio.es\/es\/integral\/pimes\/pimes-personas-estrategia-y-organizacion\/#!\/divconsultoria-personas\">People<\/a><\/li>\n<li><a href=\"https:\/\/www.affectio.es\/es\/integral\/pimes\/pimes-personas-estrategia-y-organizacion\/#!\/divconsultoria-estrategia\">Strategy<\/a><\/li>\n<li><a href=\"https:\/\/www.affectio.es\/es\/integral\/pimes\/pimes-personas-estrategia-y-organizacion\/#!\/divconsultoria-organizacion\">Organization<\/a><\/li>\n<\/ul>\n<\/div>[\/vc_tta_section][vc_tta_section title=&#8221;Commercial activity and Marketing&#8221; tab_id=&#8221;1585330180279-3c75dd91-13a5&#8243;]<div class=\"standard-arrow bullet-top\"><p><a href=\"https:\/\/www.affectio.es\/es\/integral\/pimes\/pimes-actividad-comercial-y-marketing\/\">+ Commercial activity and Marketing<\/a><\/p>\n<ul>\n<li><a href=\"https:\/\/www.affectio.es\/es\/integral\/pimes\/pimes-actividad-comercial-y-marketing\/#!\/divconsultoria-actividadcomercial\">Commercial activity<\/a><\/li>\n<li><a href=\"https:\/\/www.affectio.es\/es\/integral\/pimes\/pimes-actividad-comercial-y-marketing\/#!\/divconsultoria-marketing\">Marketing<\/a><\/li>\n<\/ul>\n<\/div>[\/vc_tta_section][vc_tta_section title=&#8221;Legal&#8221; tab_id=&#8221;1585330252666-3cec9e6f-c8e1&#8243;]<div class=\"standard-arrow list-divider bullet-top\"><p><a href=\"https:\/\/www.affectio.es\/es\/idea-iuris\/\">+ Idea Iuris<\/a><\/p>\n<\/div>[\/vc_tta_section][\/vc_tta_accordion][vc_separator style=&#8221;dotted&#8221; border_width=&#8221;5&#8243; css=&#8221;.vc_custom_1581016127915{margin-top: 50px !important;margin-bottom: 75px !important;}&#8221;][\/vc_column][\/vc_row]<\/p>\n<\/div>","protected":false},"excerpt":{"rendered":"<p>[vc_row css=&#8221;.vc_custom_1601389012630{margin-bottom: -80px !important;}&#8221;][vc_column][vc_column_text css=&#8221;.vc_custom_1585671728022{margin-bottom: 15px !important;}&#8221;] PIME&#8217;s [\/vc_column_text][vc_single_image image=&#8221;712&#8243; img_size=&#8221;full&#8221;][vc_tta_accordion shape=&#8221;square&#8221; color=&#8221;blue&#8221; c_icon=&#8221;triangle&#8221; active_section=&#8221;6&#8243; collapsible_all=&#8221;true&#8221; css=&#8221;.vc_custom_1585671931818{margin-top: 0px !important;}&#8221;][vc_tta_section title=&#8221;Accounting, Economic-Financial and Fiscal Accompaniment&#8221; tab_id=&#8221;1585329346755-4f16c9a9-4856&#8243;][\/vc_tta_section][vc_tta_section title=&#8221;Accompaniment Labour Management&#8221; tab_id=&#8221;1585329346780-0368f6c8-3581&#8243;][\/vc_tta_section][vc_tta_section title=&#8221;People, Strategy and Organization&#8221; tab_id=&#8221;1585330139924-b2163218-0075&#8243;][\/vc_tta_section][vc_tta_section title=&#8221;Commercial activity and Marketing&#8221; tab_id=&#8221;1585330180279-3c75dd91-13a5&#8243;][\/vc_tta_section][vc_tta_section title=&#8221;Legal&#8221; tab_id=&#8221;1585330252666-3cec9e6f-c8e1&#8243;][\/vc_tta_section][\/vc_tta_accordion][vc_separator style=&#8221;dotted&#8221; border_width=&#8221;5&#8243; css=&#8221;.vc_custom_1581016127915{margin-top: 50px !important;margin-bottom: 75px !important;}&#8221;][\/vc_column][\/vc_row]<\/p>\n","protected":false},"author":1,"featured_media":0,"parent":638,"menu_order":0,"comment_status":"closed","ping_status":"closed","template":"","meta":{"footnotes":""},"class_list":["post-711","page","type-page","status-publish","hentry","description-off"],"yoast_head":"<!-- This site is optimized with the Yoast SEO plugin v26.9 - https:\/\/yoast.com\/product\/yoast-seo-wordpress\/ -->\n<title>PIME&#039;s - Affectio Group<\/title>\n<meta name=\"description\" content=\"Accounting, Economic-Financial and Fiscal Accompaniment, Accompaniment Labour Management, People, Strategy and Organization, etc.\" \/>\n<meta name=\"robots\" content=\"index, follow, max-snippet:-1, max-image-preview:large, max-video-preview:-1\" \/>\n<link rel=\"canonical\" href=\"https:\/\/www.affectio.es\/en\/integral\/pimes\/\" \/>\n<meta property=\"og:locale\" content=\"en_US\" \/>\n<meta property=\"og:type\" content=\"article\" \/>\n<meta property=\"og:title\" content=\"PIME&#039;s - Affectio Group\" \/>\n<meta property=\"og:description\" content=\"Accounting, Economic-Financial and Fiscal Accompaniment, Accompaniment Labour Management, People, Strategy and Organization, etc.\" \/>\n<meta property=\"og:url\" content=\"https:\/\/www.affectio.es\/en\/integral\/pimes\/\" \/>\n<meta property=\"og:site_name\" content=\"Affectio Group\" \/>\n<meta property=\"article:modified_time\" content=\"2020-10-14T09:41:46+00:00\" \/>\n<meta name=\"twitter:card\" content=\"summary_large_image\" \/>\n<meta name=\"twitter:label1\" content=\"Est. reading time\" \/>\n\t<meta name=\"twitter:data1\" content=\"1 minute\" \/>\n<script type=\"application\/ld+json\" class=\"yoast-schema-graph\">{\"@context\":\"https:\/\/schema.org\",\"@graph\":[{\"@type\":\"WebPage\",\"@id\":\"https:\/\/www.affectio.es\/en\/integral\/pimes\/\",\"url\":\"https:\/\/www.affectio.es\/en\/integral\/pimes\/\",\"name\":\"PIME's - Affectio Group\",\"isPartOf\":{\"@id\":\"https:\/\/www.affectio.es\/en\/#website\"},\"datePublished\":\"2020-09-29T10:27:29+00:00\",\"dateModified\":\"2020-10-14T09:41:46+00:00\",\"description\":\"Accounting, Economic-Financial and Fiscal Accompaniment, Accompaniment Labour Management, People, Strategy and Organization, etc.\",\"breadcrumb\":{\"@id\":\"https:\/\/www.affectio.es\/en\/integral\/pimes\/#breadcrumb\"},\"inLanguage\":\"en-US\",\"potentialAction\":[{\"@type\":\"ReadAction\",\"target\":[\"https:\/\/www.affectio.es\/en\/integral\/pimes\/\"]}]},{\"@type\":\"BreadcrumbList\",\"@id\":\"https:\/\/www.affectio.es\/en\/integral\/pimes\/#breadcrumb\",\"itemListElement\":[{\"@type\":\"ListItem\",\"position\":1,\"name\":\"Portada\",\"item\":\"https:\/\/www.affectio.es\/en\/\"},{\"@type\":\"ListItem\",\"position\":2,\"name\":\"Integral\",\"item\":\"https:\/\/www.affectio.es\/en\/integral\/\"},{\"@type\":\"ListItem\",\"position\":3,\"name\":\"PIME&#8217;s\"}]},{\"@type\":\"WebSite\",\"@id\":\"https:\/\/www.affectio.es\/en\/#website\",\"url\":\"https:\/\/www.affectio.es\/en\/\",\"name\":\"Affectio Group\",\"description\":\"Affectio Group es la expresi\u00f3n del v\u00ednculo entre los m\u00e1s de 30 profesionales de Integral\u00ae y de Idea Iuris\u00ae, basado en la mutua confianza y en su deseo de aunar sus contrastadas solvencia y experiencia\",\"potentialAction\":[{\"@type\":\"SearchAction\",\"target\":{\"@type\":\"EntryPoint\",\"urlTemplate\":\"https:\/\/www.affectio.es\/en\/?s={search_term_string}\"},\"query-input\":{\"@type\":\"PropertyValueSpecification\",\"valueRequired\":true,\"valueName\":\"search_term_string\"}}],\"inLanguage\":\"en-US\"}]}<\/script>\n<!-- \/ Yoast SEO plugin. -->","yoast_head_json":{"title":"PIME's - Affectio Group","description":"Accounting, Economic-Financial and Fiscal Accompaniment, Accompaniment Labour Management, People, Strategy and Organization, etc.","robots":{"index":"index","follow":"follow","max-snippet":"max-snippet:-1","max-image-preview":"max-image-preview:large","max-video-preview":"max-video-preview:-1"},"canonical":"https:\/\/www.affectio.es\/en\/integral\/pimes\/","og_locale":"en_US","og_type":"article","og_title":"PIME's - Affectio Group","og_description":"Accounting, Economic-Financial and Fiscal Accompaniment, Accompaniment Labour Management, People, Strategy and Organization, etc.","og_url":"https:\/\/www.affectio.es\/en\/integral\/pimes\/","og_site_name":"Affectio Group","article_modified_time":"2020-10-14T09:41:46+00:00","twitter_card":"summary_large_image","twitter_misc":{"Est. reading time":"1 minute"},"schema":{"@context":"https:\/\/schema.org","@graph":[{"@type":"WebPage","@id":"https:\/\/www.affectio.es\/en\/integral\/pimes\/","url":"https:\/\/www.affectio.es\/en\/integral\/pimes\/","name":"PIME's - Affectio Group","isPartOf":{"@id":"https:\/\/www.affectio.es\/en\/#website"},"datePublished":"2020-09-29T10:27:29+00:00","dateModified":"2020-10-14T09:41:46+00:00","description":"Accounting, Economic-Financial and Fiscal Accompaniment, Accompaniment Labour Management, People, Strategy and Organization, etc.","breadcrumb":{"@id":"https:\/\/www.affectio.es\/en\/integral\/pimes\/#breadcrumb"},"inLanguage":"en-US","potentialAction":[{"@type":"ReadAction","target":["https:\/\/www.affectio.es\/en\/integral\/pimes\/"]}]},{"@type":"BreadcrumbList","@id":"https:\/\/www.affectio.es\/en\/integral\/pimes\/#breadcrumb","itemListElement":[{"@type":"ListItem","position":1,"name":"Portada","item":"https:\/\/www.affectio.es\/en\/"},{"@type":"ListItem","position":2,"name":"Integral","item":"https:\/\/www.affectio.es\/en\/integral\/"},{"@type":"ListItem","position":3,"name":"PIME&#8217;s"}]},{"@type":"WebSite","@id":"https:\/\/www.affectio.es\/en\/#website","url":"https:\/\/www.affectio.es\/en\/","name":"Affectio Group","description":"Affectio Group es la expresi\u00f3n del v\u00ednculo entre los m\u00e1s de 30 profesionales de Integral\u00ae y de Idea Iuris\u00ae, basado en la mutua confianza y en su deseo de aunar sus contrastadas solvencia y experiencia","potentialAction":[{"@type":"SearchAction","target":{"@type":"EntryPoint","urlTemplate":"https:\/\/www.affectio.es\/en\/?s={search_term_string}"},"query-input":{"@type":"PropertyValueSpecification","valueRequired":true,"valueName":"search_term_string"}}],"inLanguage":"en-US"}]}},"_links":{"self":[{"href":"https:\/\/www.affectio.es\/en\/wp-json\/wp\/v2\/pages\/711","targetHints":{"allow":["GET"]}}],"collection":[{"href":"https:\/\/www.affectio.es\/en\/wp-json\/wp\/v2\/pages"}],"about":[{"href":"https:\/\/www.affectio.es\/en\/wp-json\/wp\/v2\/types\/page"}],"author":[{"embeddable":true,"href":"https:\/\/www.affectio.es\/en\/wp-json\/wp\/v2\/users\/1"}],"replies":[{"embeddable":true,"href":"https:\/\/www.affectio.es\/en\/wp-json\/wp\/v2\/comments?post=711"}],"version-history":[{"count":3,"href":"https:\/\/www.affectio.es\/en\/wp-json\/wp\/v2\/pages\/711\/revisions"}],"predecessor-version":[{"id":1056,"href":"https:\/\/www.affectio.es\/en\/wp-json\/wp\/v2\/pages\/711\/revisions\/1056"}],"up":[{"embeddable":true,"href":"https:\/\/www.affectio.es\/en\/wp-json\/wp\/v2\/pages\/638"}],"wp:attachment":[{"href":"https:\/\/www.affectio.es\/en\/wp-json\/wp\/v2\/media?parent=711"}],"curies":[{"name":"wp","href":"https:\/\/api.w.org\/{rel}","templated":true}]}}