{"id":673,"date":"2020-09-29T10:19:31","date_gmt":"2020-09-29T10:19:31","guid":{"rendered":"https:\/\/www.affectio.es\/integral\/asesoramiento-gestion-laboral\/"},"modified":"2020-10-14T08:07:32","modified_gmt":"2020-10-14T08:07:32","slug":"accompaniment-labour-management","status":"publish","type":"page","link":"https:\/\/www.affectio.es\/en\/integral\/accompaniment-labour-management\/","title":{"rendered":"Accompaniment. Labour Management"},"content":{"rendered":"<div class=\"wpb-content-wrapper\"><p>[vc_row][vc_column]<div id=\"ultimate-heading-399169eb54e74a1a8\" class=\"uvc-heading ult-adjust-bottom-margin ultimate-heading-399169eb54e74a1a8 uvc-6858 \" data-hspacer=\"no_spacer\"  data-halign=\"left\" style=\"text-align:left\"><div class=\"uvc-heading-spacer no_spacer\" style=\"top\"><\/div><div class=\"uvc-main-heading ult-responsive\"  data-ultimate-target='.uvc-heading.ultimate-heading-399169eb54e74a1a8 h2'  data-responsive-json-new='{\"font-size\":\"desktop:24px;\",\"line-height\":\"desktop:30px;\"}' ><h2 style=\"font-weight:bold;margin-bottom:22px;\">ACCOMPANIMENT. LABOUR MANAGEMENT<\/h2><\/div><div class=\"uvc-sub-heading ult-responsive\"  data-ultimate-target='.uvc-heading.ultimate-heading-399169eb54e74a1a8 .uvc-sub-heading '  data-responsive-json-new='{\"font-size\":\"desktop:14px;\",\"line-height\":\"desktop:28px;\"}'  style=\"font-weight:normal;margin-bottom:30px;\"><\/p>\n<div style=\"text-align: justify;\">\n<p>The <strong>Labour management<\/strong> It is one of the most sensitive issues in an organization. Must be able to materialize its <strong>Labour policy<\/strong> while remaining attentive to the full compliance with many provisions, mainly from the Labour Law, to which it is subject. Our accompaniment is designed to anticipate and manage situations that may arise, adopting special flexibility to walk together on whatever each moment demands.<br \/>\nUndoubtedly Payrolls and <strong>Social Security<\/strong> represent the central focus of the <strong>Labour management<\/strong>, Proper preparation is the first and essential step. But first the Procurement intervenes again its necessary to suit primarily the needs of the organization and complies with the provisions that may affect it.<br \/>\nAfterwards our experience tells us that the organization must maintain at all times an attitude oriented <strong>Prevention of the labour conflict<\/strong>, we are with it in that and also, during it, when it has not been possible to avoid it. <strong>Occupational Risk Prevention<\/strong> is another area where perseverance and care is vital.<br \/>\nOur support provides an active willingness to minimize the possibility of intervention of the <strong>Labour and Social Security Inspectorate<\/strong> our task is that these bodies should never deal with the organizations with which we walk.<br \/>\nWe also note that given its impact we have developed extensive experience in the field of <strong>foreigner<\/strong>.<\/p>\n<\/div>\n<p><\/div><\/div>[vc_separator][\/vc_column][\/vc_row][vc_row css=&#8221;.vc_custom_1601388051910{margin-bottom: -80px !important;}&#8221;][vc_column][vc_single_image image=&#8221;674&#8243; img_size=&#8221;full&#8221; css=&#8221;.vc_custom_1601388219739{padding-bottom: 20px !important;}&#8221;][vc_column_text css=&#8221;.vc_custom_1585328024833{margin-top: 0px !important;margin-bottom: 0px !important;padding-top: 0px !important;padding-bottom: 0px !important;}&#8221; el_id=&#8221;diveconomica-nominas&#8221;][\/vc_column_text]<div id=\"ultimate-heading-193669eb54e74a2ae\" class=\"uvc-heading ult-adjust-bottom-margin ultimate-heading-193669eb54e74a2ae uvc-8569 color-title\" data-hspacer=\"line_only\"  data-halign=\"left\" style=\"text-align:left\"><div class=\"uvc-main-heading ult-responsive\"  data-ultimate-target='.uvc-heading.ultimate-heading-193669eb54e74a2ae h2'  data-responsive-json-new='{\"font-size\":\"desktop:30px;\",\"line-height\":\"desktop:40px;\"}' ><h2 style=\"font-weight:bold;color:#333366;margin-top:25px;margin-bottom:25px;\">Payrolls and Social Security<\/h2><\/div><div class=\"uvc-heading-spacer line_only\" style=\"topheight:1px;\"><span class=\"uvc-headings-line\" style=\"border-style:solid;border-bottom-width:1px;border-color:#3f4a9a;width:autopx;\"><\/span><\/div><\/div>[vc_column_text css=&#8221;.vc_custom_1601461532707{padding-top: 30px !important;padding-bottom: 30px !important;}&#8221;]<\/p>\n<div style=\"text-align: justify;\">\n<p>We develop holistically Payroll and Social Security management.<br \/>\nIn the payroll we add to its realization, the issuance of cost assessment list, the highs \/ variations \/ low of people, the monitoring of casualties, the framing of partners and administrators, as well as advice on pensions.<br \/>\nRegarding the contribution to Social Security, in addition to its calculation and preparation, we take the correct direct debit of the payment as well as the management of deferments of fees and resources for debt claim.<br \/>\nNaturally, we deal with advice on personal income tax (IRPF) and its return.<\/p>\n<\/div>\n<p>[\/vc_column_text][vc_column_text css=&#8221;.vc_custom_1585333097407{margin-top: 0px !important;margin-bottom: 0px !important;padding-top: 0px !important;padding-bottom: 0px !important;}&#8221; el_id=&#8221;diveconomica-contratacion&#8221;][\/vc_column_text]<div id=\"ultimate-heading-559569eb54e74a330\" class=\"uvc-heading ult-adjust-bottom-margin ultimate-heading-559569eb54e74a330 uvc-3668 color-title\" data-hspacer=\"line_only\"  data-halign=\"left\" style=\"text-align:left\"><div class=\"uvc-main-heading ult-responsive\"  data-ultimate-target='.uvc-heading.ultimate-heading-559569eb54e74a330 h2'  data-responsive-json-new='{\"font-size\":\"desktop:30px;\",\"line-height\":\"desktop:40px;\"}' ><h2 style=\"font-weight:bold;color:#333366;margin-top:25px;margin-bottom:25px;\">Engagement<\/h2><\/div><div class=\"uvc-heading-spacer line_only\" style=\"topheight:1px;\"><span class=\"uvc-headings-line\" style=\"border-style:solid;border-bottom-width:1px;border-color:#3f4a9a;width:autopx;\"><\/span><\/div><\/div>[vc_column_text css=&#8221;.vc_custom_1601461614597{padding-top: 30px !important;padding-bottom: 30px !important;}&#8221;]<\/p>\n<div style=\"text-align: justify;\">\n<p>Correct hiring greatly reduces changes of conflict, while helping to optimize both the cost over the life of the contract and that may occur at the end the employment relationship.<br \/>\nHiring is the first step in development of good labour management.<\/p>\n<\/div>\n<p>[\/vc_column_text][vc_column_text css=&#8221;.vc_custom_1585333106080{margin-top: 0px !important;margin-bottom: 0px !important;padding-top: 0px !important;padding-bottom: 0px !important;}&#8221; el_id=&#8221;diveconomica-prevencionconflicto&#8221;][\/vc_column_text]<div id=\"ultimate-heading-371069eb54e74a3cc\" class=\"uvc-heading ult-adjust-bottom-margin ultimate-heading-371069eb54e74a3cc uvc-3836 color-title\" data-hspacer=\"line_only\"  data-halign=\"left\" style=\"text-align:left\"><div class=\"uvc-main-heading ult-responsive\"  data-ultimate-target='.uvc-heading.ultimate-heading-371069eb54e74a3cc h2'  data-responsive-json-new='{\"font-size\":\"desktop:30px;\",\"line-height\":\"desktop:40px;\"}' ><h2 style=\"font-weight:bold;color:#333366;margin-top:25px;margin-bottom:25px;\">Conflict prevention Labour<\/h2><\/div><div class=\"uvc-heading-spacer line_only\" style=\"topheight:1px;\"><span class=\"uvc-headings-line\" style=\"border-style:solid;border-bottom-width:1px;border-color:#3f4a9a;width:autopx;\"><\/span><\/div><\/div>[vc_column_text css=&#8221;.vc_custom_1601461735797{padding-top: 30px !important;padding-bottom: 30px !important;}&#8221;]<\/p>\n<div style=\"text-align: justify;\">\n<p>Our support is permanently aimed at the prevention and avoidance of the labour dispute, always considering that the conflict is better than ever does occur.<br \/>\nHowever, we act quickly and firmly if the conflict has become inevitable. We will also be at that time.<\/p>\n<\/div>\n<p>[\/vc_column_text][vc_column_text css=&#8221;.vc_custom_1585333065715{margin-top: 0px !important;margin-bottom: 0px !important;padding-top: 0px !important;padding-bottom: 0px !important;}&#8221; el_id=&#8221;diveconomica-prevencionriesgos&#8221;][\/vc_column_text]<div id=\"ultimate-heading-309169eb54e74a44c\" class=\"uvc-heading ult-adjust-bottom-margin ultimate-heading-309169eb54e74a44c uvc-477 color-title\" data-hspacer=\"line_only\"  data-halign=\"left\" style=\"text-align:left\"><div class=\"uvc-main-heading ult-responsive\"  data-ultimate-target='.uvc-heading.ultimate-heading-309169eb54e74a44c h2'  data-responsive-json-new='{\"font-size\":\"desktop:30px;\",\"line-height\":\"desktop:40px;\"}' ><h2 style=\"font-weight:bold;color:#333366;margin-top:25px;margin-bottom:25px;\">Occupational Risk Prevention<\/h2><\/div><div class=\"uvc-heading-spacer line_only\" style=\"topheight:1px;\"><span class=\"uvc-headings-line\" style=\"border-style:solid;border-bottom-width:1px;border-color:#3f4a9a;width:autopx;\"><\/span><\/div><\/div>[vc_column_text css=&#8221;.vc_custom_1601461873828{padding-top: 30px !important;padding-bottom: 30px !important;}&#8221;]<\/p>\n<div style=\"text-align: justify;\">\n<p>We collaborate actively and permanently with the Occupational Risk Prevention Entity that the organization has chosen.<br \/>\nWe provide a service and advisory perspective to the Prevention of Occupational Risks.<\/p>\n<\/div>\n<p>[\/vc_column_text][vc_column_text css=&#8221;.vc_custom_1585328205713{margin-top: 0px !important;margin-bottom: 0px !important;padding-top: 0px !important;padding-bottom: 0px !important;}&#8221; el_id=&#8221;inspeccionestrabajo&#8221;][\/vc_column_text]<div id=\"ultimate-heading-891469eb54e74a4e4\" class=\"uvc-heading ult-adjust-bottom-margin ultimate-heading-891469eb54e74a4e4 uvc-3618 color-title\" data-hspacer=\"line_only\"  data-halign=\"left\" style=\"text-align:left\"><div class=\"uvc-main-heading ult-responsive\"  data-ultimate-target='.uvc-heading.ultimate-heading-891469eb54e74a4e4 h2'  data-responsive-json-new='{\"font-size\":\"desktop:30px;\",\"line-height\":\"desktop:40px;\"}' ><h2 style=\"font-weight:bold;color:#333366;margin-top:25px;margin-bottom:25px;\">Labour and social security inspections<\/h2><\/div><div class=\"uvc-heading-spacer line_only\" style=\"topheight:1px;\"><span class=\"uvc-headings-line\" style=\"border-style:solid;border-bottom-width:1px;border-color:#3f4a9a;width:autopx;\"><\/span><\/div><\/div>[vc_column_text css=&#8221;.vc_custom_1601461951456{padding-top: 30px !important;padding-bottom: 30px !important;}&#8221;]<\/p>\n<div style=\"text-align: justify;\">\n<p>We accompany our endeavours in the development of proper labour management in all its aspects.<br \/>\nOur goal is to keep the organizations we walk together, with a rate of virtually zero inspections as a result of mismanagement.<\/p>\n<\/div>\n<p>[\/vc_column_text][vc_column_text css=&#8221;.vc_custom_1585328235470{margin-top: 0px !important;margin-bottom: 0px !important;padding-top: 0px !important;padding-bottom: 0px !important;}&#8221; el_id=&#8221;extranjeria&#8221;][\/vc_column_text]<div id=\"ultimate-heading-431169eb54e74a554\" class=\"uvc-heading ult-adjust-bottom-margin ultimate-heading-431169eb54e74a554 uvc-7082 color-title\" data-hspacer=\"line_only\"  data-halign=\"left\" style=\"text-align:left\"><div class=\"uvc-main-heading ult-responsive\"  data-ultimate-target='.uvc-heading.ultimate-heading-431169eb54e74a554 h2'  data-responsive-json-new='{\"font-size\":\"desktop:30px;\",\"line-height\":\"desktop:40px;\"}' ><h2 style=\"font-weight:bold;color:#333366;margin-top:25px;margin-bottom:25px;\">Foreigner<\/h2><\/div><div class=\"uvc-heading-spacer line_only\" style=\"topheight:1px;\"><span class=\"uvc-headings-line\" style=\"border-style:solid;border-bottom-width:1px;border-color:#3f4a9a;width:autopx;\"><\/span><\/div><\/div>[vc_column_text css=&#8221;.vc_custom_1601462049503{padding-top: 30px !important;padding-bottom: 30px !important;}&#8221;]<\/p>\n<div style=\"text-align: justify;\">\n<p>The contracts that we can consider within the concept of \u201cforeigners\u201d are subject to very specific conditions.<br \/>\nWe have developed more than important experience in this particular field of hiring.<\/p>\n<\/div>\n<p>[\/vc_column_text][vc_separator style=&#8221;double&#8221; border_width=&#8221;2&#8243; css=&#8221;.vc_custom_1581012067783{margin-top: 30px !important;margin-bottom: 30px !important;}&#8221;][\/vc_column][\/vc_row]<\/p>\n<\/div>","protected":false},"excerpt":{"rendered":"<p>[vc_row][vc_column][vc_separator][\/vc_column][\/vc_row][vc_row css=&#8221;.vc_custom_1601388051910{margin-bottom: -80px !important;}&#8221;][vc_column][vc_single_image image=&#8221;674&#8243; img_size=&#8221;full&#8221; css=&#8221;.vc_custom_1601388219739{padding-bottom: 20px !important;}&#8221;][vc_column_text css=&#8221;.vc_custom_1585328024833{margin-top: 0px !important;margin-bottom: 0px !important;padding-top: 0px !important;padding-bottom: 0px !important;}&#8221; el_id=&#8221;diveconomica-nominas&#8221;][\/vc_column_text][vc_column_text css=&#8221;.vc_custom_1601461532707{padding-top: 30px !important;padding-bottom: 30px !important;}&#8221;] We develop holistically Payroll and Social Security management. In the payroll we add to its realization, the issuance of cost assessment list, the highs \/ variations \/ low of people, the&hellip;<\/p>\n","protected":false},"author":1,"featured_media":0,"parent":638,"menu_order":0,"comment_status":"closed","ping_status":"closed","template":"","meta":{"footnotes":""},"class_list":["post-673","page","type-page","status-publish","hentry","description-off"],"yoast_head":"<!-- This site is optimized with the Yoast SEO plugin v26.9 - https:\/\/yoast.com\/product\/yoast-seo-wordpress\/ -->\n<title>Accompaniment. Labour Management - Affectio Group<\/title>\n<meta name=\"description\" content=\"Debe ser capaz de materializar su Pol\u00edtica Laboral al tiempo que permanecer atenta al cumplimiento de las numerosas disposiciones...\" \/>\n<meta name=\"robots\" content=\"index, follow, max-snippet:-1, max-image-preview:large, max-video-preview:-1\" \/>\n<link rel=\"canonical\" href=\"https:\/\/www.affectio.es\/en\/integral\/accompaniment-labour-management\/\" \/>\n<meta property=\"og:locale\" content=\"en_US\" \/>\n<meta property=\"og:type\" content=\"article\" \/>\n<meta property=\"og:title\" content=\"Accompaniment. Labour Management - Affectio Group\" \/>\n<meta property=\"og:description\" content=\"Debe ser capaz de materializar su Pol\u00edtica Laboral al tiempo que permanecer atenta al cumplimiento de las numerosas disposiciones...\" \/>\n<meta property=\"og:url\" content=\"https:\/\/www.affectio.es\/en\/integral\/accompaniment-labour-management\/\" \/>\n<meta property=\"og:site_name\" content=\"Affectio Group\" \/>\n<meta property=\"article:modified_time\" content=\"2020-10-14T08:07:32+00:00\" \/>\n<meta name=\"twitter:card\" content=\"summary_large_image\" \/>\n<meta name=\"twitter:label1\" content=\"Est. reading time\" \/>\n\t<meta name=\"twitter:data1\" content=\"6 minutes\" \/>\n<script type=\"application\/ld+json\" class=\"yoast-schema-graph\">{\"@context\":\"https:\/\/schema.org\",\"@graph\":[{\"@type\":\"WebPage\",\"@id\":\"https:\/\/www.affectio.es\/en\/integral\/accompaniment-labour-management\/\",\"url\":\"https:\/\/www.affectio.es\/en\/integral\/accompaniment-labour-management\/\",\"name\":\"Accompaniment. Labour Management - Affectio Group\",\"isPartOf\":{\"@id\":\"https:\/\/www.affectio.es\/en\/#website\"},\"datePublished\":\"2020-09-29T10:19:31+00:00\",\"dateModified\":\"2020-10-14T08:07:32+00:00\",\"description\":\"Debe ser capaz de materializar su Pol\u00edtica Laboral al tiempo que permanecer atenta al cumplimiento de las numerosas disposiciones...\",\"breadcrumb\":{\"@id\":\"https:\/\/www.affectio.es\/en\/integral\/accompaniment-labour-management\/#breadcrumb\"},\"inLanguage\":\"en-US\",\"potentialAction\":[{\"@type\":\"ReadAction\",\"target\":[\"https:\/\/www.affectio.es\/en\/integral\/accompaniment-labour-management\/\"]}]},{\"@type\":\"BreadcrumbList\",\"@id\":\"https:\/\/www.affectio.es\/en\/integral\/accompaniment-labour-management\/#breadcrumb\",\"itemListElement\":[{\"@type\":\"ListItem\",\"position\":1,\"name\":\"Portada\",\"item\":\"https:\/\/www.affectio.es\/en\/\"},{\"@type\":\"ListItem\",\"position\":2,\"name\":\"Integral\",\"item\":\"https:\/\/www.affectio.es\/en\/integral\/\"},{\"@type\":\"ListItem\",\"position\":3,\"name\":\"Accompaniment. Labour Management\"}]},{\"@type\":\"WebSite\",\"@id\":\"https:\/\/www.affectio.es\/en\/#website\",\"url\":\"https:\/\/www.affectio.es\/en\/\",\"name\":\"Affectio Group\",\"description\":\"Affectio Group es la expresi\u00f3n del v\u00ednculo entre los m\u00e1s de 30 profesionales de Integral\u00ae y de Idea Iuris\u00ae, basado en la mutua confianza y en su deseo de aunar sus contrastadas solvencia y experiencia\",\"potentialAction\":[{\"@type\":\"SearchAction\",\"target\":{\"@type\":\"EntryPoint\",\"urlTemplate\":\"https:\/\/www.affectio.es\/en\/?s={search_term_string}\"},\"query-input\":{\"@type\":\"PropertyValueSpecification\",\"valueRequired\":true,\"valueName\":\"search_term_string\"}}],\"inLanguage\":\"en-US\"}]}<\/script>\n<!-- \/ Yoast SEO plugin. -->","yoast_head_json":{"title":"Accompaniment. Labour Management - Affectio Group","description":"Debe ser capaz de materializar su Pol\u00edtica Laboral al tiempo que permanecer atenta al cumplimiento de las numerosas disposiciones...","robots":{"index":"index","follow":"follow","max-snippet":"max-snippet:-1","max-image-preview":"max-image-preview:large","max-video-preview":"max-video-preview:-1"},"canonical":"https:\/\/www.affectio.es\/en\/integral\/accompaniment-labour-management\/","og_locale":"en_US","og_type":"article","og_title":"Accompaniment. Labour Management - Affectio Group","og_description":"Debe ser capaz de materializar su Pol\u00edtica Laboral al tiempo que permanecer atenta al cumplimiento de las numerosas disposiciones...","og_url":"https:\/\/www.affectio.es\/en\/integral\/accompaniment-labour-management\/","og_site_name":"Affectio Group","article_modified_time":"2020-10-14T08:07:32+00:00","twitter_card":"summary_large_image","twitter_misc":{"Est. reading time":"6 minutes"},"schema":{"@context":"https:\/\/schema.org","@graph":[{"@type":"WebPage","@id":"https:\/\/www.affectio.es\/en\/integral\/accompaniment-labour-management\/","url":"https:\/\/www.affectio.es\/en\/integral\/accompaniment-labour-management\/","name":"Accompaniment. Labour Management - Affectio Group","isPartOf":{"@id":"https:\/\/www.affectio.es\/en\/#website"},"datePublished":"2020-09-29T10:19:31+00:00","dateModified":"2020-10-14T08:07:32+00:00","description":"Debe ser capaz de materializar su Pol\u00edtica Laboral al tiempo que permanecer atenta al cumplimiento de las numerosas disposiciones...","breadcrumb":{"@id":"https:\/\/www.affectio.es\/en\/integral\/accompaniment-labour-management\/#breadcrumb"},"inLanguage":"en-US","potentialAction":[{"@type":"ReadAction","target":["https:\/\/www.affectio.es\/en\/integral\/accompaniment-labour-management\/"]}]},{"@type":"BreadcrumbList","@id":"https:\/\/www.affectio.es\/en\/integral\/accompaniment-labour-management\/#breadcrumb","itemListElement":[{"@type":"ListItem","position":1,"name":"Portada","item":"https:\/\/www.affectio.es\/en\/"},{"@type":"ListItem","position":2,"name":"Integral","item":"https:\/\/www.affectio.es\/en\/integral\/"},{"@type":"ListItem","position":3,"name":"Accompaniment. Labour Management"}]},{"@type":"WebSite","@id":"https:\/\/www.affectio.es\/en\/#website","url":"https:\/\/www.affectio.es\/en\/","name":"Affectio Group","description":"Affectio Group es la expresi\u00f3n del v\u00ednculo entre los m\u00e1s de 30 profesionales de Integral\u00ae y de Idea Iuris\u00ae, basado en la mutua confianza y en su deseo de aunar sus contrastadas solvencia y experiencia","potentialAction":[{"@type":"SearchAction","target":{"@type":"EntryPoint","urlTemplate":"https:\/\/www.affectio.es\/en\/?s={search_term_string}"},"query-input":{"@type":"PropertyValueSpecification","valueRequired":true,"valueName":"search_term_string"}}],"inLanguage":"en-US"}]}},"_links":{"self":[{"href":"https:\/\/www.affectio.es\/en\/wp-json\/wp\/v2\/pages\/673","targetHints":{"allow":["GET"]}}],"collection":[{"href":"https:\/\/www.affectio.es\/en\/wp-json\/wp\/v2\/pages"}],"about":[{"href":"https:\/\/www.affectio.es\/en\/wp-json\/wp\/v2\/types\/page"}],"author":[{"embeddable":true,"href":"https:\/\/www.affectio.es\/en\/wp-json\/wp\/v2\/users\/1"}],"replies":[{"embeddable":true,"href":"https:\/\/www.affectio.es\/en\/wp-json\/wp\/v2\/comments?post=673"}],"version-history":[{"count":5,"href":"https:\/\/www.affectio.es\/en\/wp-json\/wp\/v2\/pages\/673\/revisions"}],"predecessor-version":[{"id":687,"href":"https:\/\/www.affectio.es\/en\/wp-json\/wp\/v2\/pages\/673\/revisions\/687"}],"up":[{"embeddable":true,"href":"https:\/\/www.affectio.es\/en\/wp-json\/wp\/v2\/pages\/638"}],"wp:attachment":[{"href":"https:\/\/www.affectio.es\/en\/wp-json\/wp\/v2\/media?parent=673"}],"curies":[{"name":"wp","href":"https:\/\/api.w.org\/{rel}","templated":true}]}}