{"id":457,"date":"2020-09-29T10:15:13","date_gmt":"2020-09-29T10:15:13","guid":{"rendered":"https:\/\/www.affectio.es\/affectio-group\/"},"modified":"2026-02-13T11:49:25","modified_gmt":"2026-02-13T11:49:25","slug":"affectio-group","status":"publish","type":"page","link":"https:\/\/www.affectio.es\/en\/","title":{"rendered":"Affectio Group"},"content":{"rendered":"<div class=\"wpb-content-wrapper\"><p>[vc_row gap=&#8221;30&#8243; equal_height=&#8221;yes&#8221; bg_type=&#8221;bg_color&#8221; bg_override=&#8221;ex-full&#8221; type=&#8221;vc_default&#8221; css=&#8221;.vc_custom_1600190341500{margin-top: -80px !important;padding-top: 60px !important;padding-right: 25px !important;padding-bottom: 80px !important;padding-left: 25px !important;}&#8221; bg_color_value=&#8221;#ffffff&#8221;][vc_column width=&#8221;2\/3&#8243; offset=&#8221;vc_col-lg-offset-2 vc_col-md-offset-2 vc_col-sm-offset-2&#8243;]<div id=\"ultimate-heading-4116a0595af386d9\" class=\"uvc-heading ult-adjust-bottom-margin ultimate-heading-4116a0595af386d9 uvc-2923  uvc-heading-default-font-sizes\" data-hspacer=\"no_spacer\"  data-halign=\"center\" style=\"text-align:center\"><div class=\"uvc-heading-spacer no_spacer\" style=\"top\"><\/div><div class=\"uvc-main-heading ult-responsive\"  data-ultimate-target='.uvc-heading.ultimate-heading-4116a0595af386d9 h1'  data-responsive-json-new='{\"font-size\":\"\",\"line-height\":\"\"}' ><h1 style=\"font-weight:bold;\">Affectio Group<\/h1><\/div><\/div>[vc_column_text]<\/p>\n<p style=\"text-align: center; color: #9a9a9a; font-size: 18px; line-height: 30px;\">Affectio Group is the expression of the link between the more than 30 professionals of <a href=\"https:\/\/www.affectio.es\/en\/integral\/\">Integral\u00ae<\/a> and <a href=\"https:\/\/www.affectio.es\/en\/idea-iuris\/\">Idea Iuris<\/a>\u00ae, based on mutual trust and their desire to combine their proven solvency and experience<\/p>\n<p>[\/vc_column_text][vc_row_inner content_placement=&#8221;middle&#8221; css=&#8221;.vc_custom_1585580111295{margin-top: 25px !important;}&#8221;][vc_column_inner offset=&#8221;vc_hidden-lg vc_hidden-md&#8221;]<style type=\"text\/css\" data-type=\"the7_shortcodes-inline-css\">#default-btn-96e19c16ae0f48bfffeb06a2b78518db.ico-right-side > i {\n  margin-right: 0px;\n  margin-left: 8px;\n}\n#default-btn-96e19c16ae0f48bfffeb06a2b78518db > i {\n  margin-right: 8px;\n}\n<\/style><a href=\"https:\/\/www.affectio.es\/en\/idea-iuris\/\" class=\"default-btn-shortcode dt-btn dt-btn-m link-hover-off btn-inline-left  vc_custom_1601558539837\" id=\"default-btn-96e19c16ae0f48bfffeb06a2b78518db\" style=\"width:120px;\" title=\"Integral\"><span>Idea Iuris<\/span><\/a><style type=\"text\/css\" data-type=\"the7_shortcodes-inline-css\">#default-btn-57f5847e9bcedff009d427a2c381a4fe.ico-right-side > i {\n  margin-right: 0px;\n  margin-left: 8px;\n}\n#default-btn-57f5847e9bcedff009d427a2c381a4fe > i {\n  margin-right: 8px;\n}\n<\/style><a href=\"https:\/\/www.affectio.es\/en\/integral\/\" class=\"default-btn-shortcode dt-btn dt-btn-m link-hover-off btn-inline-left  vc_custom_1601558549096\" id=\"default-btn-57f5847e9bcedff009d427a2c381a4fe\" style=\"width:120px;\" title=\"Integral\"><span>Integral<\/span><\/a>[\/vc_column_inner][\/vc_row_inner][\/vc_column][\/vc_row][vc_row full_width=&#8221;stretch_row_content_no_spaces&#8221;][vc_column][vc_single_image image=&#8221;2034&#8243; img_size=&#8221;full&#8221; css=&#8221;.vc_custom_1770983361033{margin-bottom: 0px !important;}&#8221;][\/vc_column][\/vc_row][vc_row gap=&#8221;30&#8243; equal_height=&#8221;yes&#8221; bg_type=&#8221;bg_color&#8221; bg_override=&#8221;ex-full&#8221; type=&#8221;vc_default&#8221; css=&#8221;.vc_custom_1601409993369{padding-top: 60px !important;padding-right: 25px !important;padding-bottom: 80px !important;padding-left: 25px !important;}&#8221; bg_color_value=&#8221;#f4f4f4&#8243;][vc_column width=&#8221;2\/3&#8243; css=&#8221;.vc_custom_1571939563704{padding-top: 30px !important;padding-right: 20px !important;padding-bottom: 40px !important;padding-left: 20px !important;background-color: #3f4a9a !important;}&#8221; offset=&#8221;vc_col-lg-offset-0 vc_col-lg-4 vc_col-md-offset-0 vc_col-md-4 vc_col-sm-offset-2&#8243;]<div class=\"ult-just-icon-wrapper   vc_custom_1601408849839\"><div class=\"align-icon\" style=\"text-align:center;\">\n<div class=\"aio-icon-img \" style=\"font-size:40px;background:#ffffff;border-style:solid;border-color:#ffffff;border-width:3px;padding:25px;border-radius:500px;display:inline-block;\" >\n\t<img decoding=\"async\" class=\"img-icon\" alt=\"Icono Affectio Group divisi\u00f3n jur\u00eddica\" src=\"https:\/\/www.affectio.es\/wp-content\/uploads\/2020\/09\/icono-affectio-group-division-juridica.jpg\"\/>\n<\/div><\/div><\/div><div id=\"ultimate-heading-69196a0595af39081\" class=\"uvc-heading ult-adjust-bottom-margin ultimate-heading-69196a0595af39081 uvc-4072  uvc-heading-default-font-sizes\" data-hspacer=\"no_spacer\"  data-halign=\"center\" style=\"text-align:center\"><div class=\"uvc-heading-spacer no_spacer\" style=\"top\"><\/div><div class=\"uvc-main-heading ult-responsive\"  data-ultimate-target='.uvc-heading.ultimate-heading-69196a0595af39081 h3'  data-responsive-json-new='{\"font-size\":\"\",\"line-height\":\"\"}' ><h3 style=\"font-weight:bold;color:#ffffff;\">LEGAL DIVISION<\/h3><\/div><div class=\"uvc-sub-heading ult-responsive\"  data-ultimate-target='.uvc-heading.ultimate-heading-69196a0595af39081 .uvc-sub-heading '  data-responsive-json-new='{\"font-size\":\"desktop:14px;\",\"line-height\":\"desktop:28px;\"}'  style=\"font-weight:normal;color:#ffffff;margin-top:10px;margin-bottom:20px;\"><strong>IDEA IURIS\u00ae<\/strong> was created in 1998 with the experience of 35 years of professional practice of its founder partners in prestigious Spanish Law Firms and in London (United Kingdom), and within the Spanish Judicial System.<\/div><\/div><div class=\" vc_custom_1601558682601 ubtn-ctn-center \"><a class=\"ubtn-link ult-adjust-bottom-margin ubtn-center ubtn-custom \" href=\"https:\/\/www.affectio.es\/en\/idea-iuris\/\" title=\"Idea Iuris\" ><button type=\"button\" id=\"ubtn-8781\"  class=\"ubtn ult-adjust-bottom-margin ult-responsive ubtn-custom ubtn-fade-bg  none  ubtn-center   tooltip-6a0595af39115\"  data-hover=\"#28a7fb\" data-border-color=\"rgba(255,255,255,0.4)\" data-bg=\"rgba(255,255,255,0.01)\" data-hover-bg=\"#ffffff\" data-border-hover=\"#ffffff\" data-shadow-hover=\"\" data-shadow-click=\"none\" data-shadow=\"\" data-shd-shadow=\"\"  data-ultimate-target='#ubtn-8781'  data-responsive-json-new='{\"font-size\":\"desktop:12px;\",\"line-height\":\"desktop:12px;\"}'  style=\"font-family:&#039;Montserrat&#039;;font-weight:normal;font-style:normal;width:px;min-height:34px;padding:5px 12px;border-radius:0px;border-width:2px;border-color:rgba(255,255,255,0.4);border-style:solid;background: rgba(255,255,255,0.01);color: #ffffff;\"><span class=\"ubtn-hover\" style=\"background-color:#ffffff\"><\/span><span class=\"ubtn-data ubtn-text \" >MORE INFORMATION<\/span><\/button><\/a><\/div>[\/vc_column][vc_column width=&#8221;2\/3&#8243; css=&#8221;.vc_custom_1571939549837{padding-top: 30px !important;padding-right: 20px !important;padding-bottom: 40px !important;padding-left: 20px !important;background-color: #25368c !important;}&#8221; offset=&#8221;vc_col-lg-offset-0 vc_col-lg-4 vc_col-md-offset-0 vc_col-md-4 vc_col-sm-offset-2&#8243;]<div class=\"ult-just-icon-wrapper   vc_custom_1601408888404\"><div class=\"align-icon\" style=\"text-align:center;\">\n<div class=\"aio-icon-img \" style=\"font-size:40px;background:#ffffff;border-style:solid;border-color:#ffffff;border-width:3px;padding:25px;border-radius:500px;display:inline-block;\" >\n\t<img decoding=\"async\" class=\"img-icon\" alt=\"Icono Affectio Group divisi\u00f3n econ\u00f3mica\" src=\"https:\/\/www.affectio.es\/wp-content\/uploads\/2020\/09\/icono-affectio-group-division-economica.jpg\"\/>\n<\/div><\/div><\/div><div id=\"ultimate-heading-61176a0595af3964c\" class=\"uvc-heading ult-adjust-bottom-margin ultimate-heading-61176a0595af3964c uvc-7059  uvc-heading-default-font-sizes\" data-hspacer=\"no_spacer\"  data-halign=\"center\" style=\"text-align:center\"><div class=\"uvc-heading-spacer no_spacer\" style=\"top\"><\/div><div class=\"uvc-main-heading ult-responsive\"  data-ultimate-target='.uvc-heading.ultimate-heading-61176a0595af3964c h3'  data-responsive-json-new='{\"font-size\":\"\",\"line-height\":\"\"}' ><h3 style=\"font-weight:bold;color:#ffffff;\">ECONOMIC DIVISION<\/h3><\/div><div class=\"uvc-sub-heading ult-responsive\"  data-ultimate-target='.uvc-heading.ultimate-heading-61176a0595af3964c .uvc-sub-heading '  data-responsive-json-new='{\"font-size\":\"desktop:14px;\",\"line-height\":\"desktop:28px;\"}'  style=\"font-weight:normal;color:#ffffff;margin-top:10px;margin-bottom:20px;\">The central objective of INTEGRAL\u2019s accompaniment is to make easier to take Economic, financial and fiscal decisions, to be informed and aware. The management of an economic activity requires precise knowledge of Economic situation (Revenues and costs) as Financial situation (considering needs in the short and long term).<\/div><\/div><div class=\" vc_custom_1601558799328 ubtn-ctn-center \"><a class=\"ubtn-link ult-adjust-bottom-margin ubtn-center ubtn-custom \" href=\"https:\/\/www.affectio.es\/en\/integral\/\" title=\"Integral\" ><button type=\"button\" id=\"ubtn-4999\"  class=\"ubtn ult-adjust-bottom-margin ult-responsive ubtn-custom ubtn-fade-bg  none  ubtn-center   tooltip-6a0595af396ce\"  data-hover=\"#28a7fb\" data-border-color=\"rgba(255,255,255,0.4)\" data-bg=\"rgba(255,255,255,0.01)\" data-hover-bg=\"#ffffff\" data-border-hover=\"#ffffff\" data-shadow-hover=\"\" data-shadow-click=\"none\" data-shadow=\"\" data-shd-shadow=\"\"  data-ultimate-target='#ubtn-4999'  data-responsive-json-new='{\"font-size\":\"desktop:12px;\",\"line-height\":\"desktop:12px;\"}'  style=\"font-family:&#039;Montserrat&#039;;font-weight:normal;font-style:normal;width:px;min-height:34px;padding:5px 12px;border-radius:0px;border-width:2px;border-color:rgba(255,255,255,0.4);border-style:solid;background: rgba(255,255,255,0.01);color: #ffffff;\"><span class=\"ubtn-hover\" style=\"background-color:#ffffff\"><\/span><span class=\"ubtn-data ubtn-text \" >MORE INFORMATION<\/span><\/button><\/a><\/div>[\/vc_column][vc_column width=&#8221;2\/3&#8243; css=&#8221;.vc_custom_1571939534813{padding-top: 30px !important;padding-right: 20px !important;padding-bottom: 40px !important;padding-left: 20px !important;background-color: #2a2a69 !important;}&#8221; offset=&#8221;vc_col-lg-offset-0 vc_col-lg-4 vc_col-md-offset-0 vc_col-md-4 vc_col-sm-offset-2&#8243;]<div class=\"ult-just-icon-wrapper   vc_custom_1601408909285\"><div class=\"align-icon\" style=\"text-align:center;\">\n<div class=\"aio-icon-img \" style=\"font-size:40px;background:#ffffff;border-style:solid;border-color:#ffffff;border-width:3px;padding:25px;border-radius:500px;display:inline-block;\" >\n\t<img decoding=\"async\" class=\"img-icon\" alt=\"Icono Affectio Group divisi\u00f3n consultor\u00eda\" src=\"https:\/\/www.affectio.es\/wp-content\/uploads\/2020\/09\/icono-affectio-group-division-consultoria.jpg\"\/>\n<\/div><\/div><\/div><div id=\"ultimate-heading-8446a0595af39b99\" class=\"uvc-heading ult-adjust-bottom-margin ultimate-heading-8446a0595af39b99 uvc-1825  uvc-heading-default-font-sizes\" data-hspacer=\"no_spacer\"  data-halign=\"center\" style=\"text-align:center\"><div class=\"uvc-heading-spacer no_spacer\" style=\"top\"><\/div><div class=\"uvc-main-heading ult-responsive\"  data-ultimate-target='.uvc-heading.ultimate-heading-8446a0595af39b99 h3'  data-responsive-json-new='{\"font-size\":\"\",\"line-height\":\"\"}' ><h3 style=\"font-weight:bold;color:#ffffff;\">CONSULTING DIVISION<\/h3><\/div><div class=\"uvc-sub-heading ult-responsive\"  data-ultimate-target='.uvc-heading.ultimate-heading-8446a0595af39b99 .uvc-sub-heading '  data-responsive-json-new='{\"font-size\":\"desktop:14px;\",\"line-height\":\"desktop:28px;\"}'  style=\"font-weight:normal;color:#ffffff;margin-top:10px;margin-bottom:20px;\">Our consulting division has an expert team with extensive experience in the support and advice to companies and organizations. The performance of our team consultant facilitates the implementation of projects in areas such as strategy, improving trade and marketing activity, people and innovation.<\/div><\/div><div class=\" vc_custom_1601558892946 ubtn-ctn-center \"><a class=\"ubtn-link ult-adjust-bottom-margin ubtn-center ubtn-custom \" href=\"https:\/\/www.affectio.es\/en\/integral\/\" title=\"Integral\" ><button type=\"button\" id=\"ubtn-2308\"  class=\"ubtn ult-adjust-bottom-margin ult-responsive ubtn-custom ubtn-fade-bg  none  ubtn-center   tooltip-6a0595af39c25\"  data-hover=\"#28a7fb\" data-border-color=\"rgba(255,255,255,0.4)\" data-bg=\"rgba(255,255,255,0.01)\" data-hover-bg=\"#ffffff\" data-border-hover=\"#ffffff\" data-shadow-hover=\"\" data-shadow-click=\"none\" data-shadow=\"\" data-shd-shadow=\"\"  data-ultimate-target='#ubtn-2308'  data-responsive-json-new='{\"font-size\":\"desktop:12px;\",\"line-height\":\"desktop:12px;\"}'  style=\"font-family:&#039;Montserrat&#039;;font-weight:normal;font-style:normal;width:px;min-height:34px;padding:5px 12px;border-radius:0px;border-width:2px;border-color:rgba(255,255,255,0.4);border-style:solid;background: rgba(255,255,255,0.01);color: #ffffff;\"><span class=\"ubtn-hover\" style=\"background-color:#ffffff\"><\/span><span class=\"ubtn-data ubtn-text \" >MORE INFORMATION<\/span><\/button><\/a><\/div>[\/vc_column][\/vc_row][vc_row full_width=&#8221;stretch_row&#8221; equal_height=&#8221;yes&#8221; content_placement=&#8221;middle&#8221; type=&#8221;vc_default&#8221; css=&#8221;.vc_custom_1581117279973{margin-top: 0px !important;padding-top: 40px !important;padding-bottom: 40px !important;background-color: #2a2a69 !important;}&#8221;][vc_column offset=&#8221;vc_col-lg-8 vc_col-md-8 vc_col-xs-12&#8243;][vc_row_inner][vc_column_inner offset=&#8221;vc_hidden-sm vc_hidden-xs&#8221;]<div id=\"ultimate-heading-27346a0595af39cad\" class=\"uvc-heading ult-adjust-bottom-margin ultimate-heading-27346a0595af39cad uvc-7806 \" data-hspacer=\"no_spacer\"  data-halign=\"left\" style=\"text-align:left\"><div class=\"uvc-heading-spacer no_spacer\" style=\"top\"><\/div><div class=\"uvc-main-heading ult-responsive\"  data-ultimate-target='.uvc-heading.ultimate-heading-27346a0595af39cad h2'  data-responsive-json-new='{\"font-size\":\"desktop:30px;\",\"line-height\":\"desktop:40px;\"}' ><h2 style=\"--font-weight:theme;color:#ffffff;margin-bottom:10px;\">Contact us<\/h2><\/div><div class=\"uvc-sub-heading ult-responsive\"  data-ultimate-target='.uvc-heading.ultimate-heading-27346a0595af39cad .uvc-sub-heading '  data-responsive-json-new='{\"font-size\":\"desktop:17px;\",\"line-height\":\"desktop:27px;\"}'  style=\"font-weight:normal;color:#ffffff;\">If you need more information, please contact us.<\/div><\/div>[\/vc_column_inner][\/vc_row_inner][\/vc_column][vc_column offset=&#8221;vc_col-lg-4 vc_col-md-4 vc_hidden-sm vc_col-xs-12 vc_hidden-xs&#8221;]<div class=\" vc_custom_1601559010319 ubtn-ctn-right \"><a class=\"ubtn-link ult-adjust-bottom-margin ubtn-right ubtn-custom \" href=\"https:\/\/www.affectio.es\/en\/contacto\/\" title=\"Contact\" ><button type=\"button\" id=\"ubtn-1202\"  class=\"ubtn ult-adjust-bottom-margin ult-responsive ubtn-custom ubtn-fade-bg  none  ubtn-right   tooltip-6a0595af39d0e\"  data-hover=\"#2a2a69\" data-border-color=\"rgba(255,255,255,0.4)\" data-bg=\"rgba(255,255,255,0.01)\" data-hover-bg=\"#ffffff\" data-border-hover=\"#ffffff\" data-shadow-hover=\"\" data-shadow-click=\"none\" data-shadow=\"\" data-shd-shadow=\"\"  data-ultimate-target='#ubtn-1202'  data-responsive-json-new='{\"font-size\":\"desktop:20px;\",\"line-height\":\"desktop:20px;\"}'  style=\"font-family:&#039;Montserrat&#039;;font-weight:700;width:px;min-height:38px;padding:15px 25px;border-radius:0px;border-width:4px;border-color:rgba(255,255,255,0.4);border-style:solid;background: rgba(255,255,255,0.01);color: #ffffff;\"><span class=\"ubtn-hover\" style=\"background-color:#ffffff\"><\/span><span class=\"ubtn-data ubtn-text \" >Contact<\/span><\/button><\/a><\/div>[\/vc_column][\/vc_row]<\/p>\n<\/div>","protected":false},"excerpt":{"rendered":"<p>[vc_row gap=&#8221;30&#8243; equal_height=&#8221;yes&#8221; bg_type=&#8221;bg_color&#8221; bg_override=&#8221;ex-full&#8221; type=&#8221;vc_default&#8221; css=&#8221;.vc_custom_1600190341500{margin-top: -80px !important;padding-top: 60px !important;padding-right: 25px !important;padding-bottom: 80px !important;padding-left: 25px !important;}&#8221; bg_color_value=&#8221;#ffffff&#8221;][vc_column width=&#8221;2\/3&#8243; offset=&#8221;vc_col-lg-offset-2 vc_col-md-offset-2 vc_col-sm-offset-2&#8243;][vc_column_text] Affectio Group is the expression of the link between the more than 30 professionals of Integral\u00ae and Idea Iuris\u00ae, based on mutual trust and their desire to combine their proven solvency and experience&hellip;<\/p>\n","protected":false},"author":1,"featured_media":0,"parent":0,"menu_order":0,"comment_status":"closed","ping_status":"closed","template":"","meta":{"footnotes":""},"class_list":["post-457","page","type-page","status-publish","hentry","description-off"],"yoast_head":"<!-- This site is optimized with the Yoast SEO plugin v26.9 - https:\/\/yoast.com\/product\/yoast-seo-wordpress\/ -->\n<title>Affectio Group - Affectio Group<\/title>\n<meta name=\"description\" content=\"Affectio Group is the link between the more than 30 professionals of Integral\u00ae and Idea Iuris\u00ae. Legal, economic and consulting division.\" \/>\n<meta name=\"robots\" content=\"index, follow, max-snippet:-1, max-image-preview:large, max-video-preview:-1\" \/>\n<link rel=\"canonical\" href=\"https:\/\/www.affectio.es\/en\/\" \/>\n<meta property=\"og:locale\" content=\"en_US\" \/>\n<meta property=\"og:type\" content=\"article\" \/>\n<meta property=\"og:title\" content=\"Affectio Group - Affectio Group\" \/>\n<meta property=\"og:description\" content=\"Affectio Group is the link between the more than 30 professionals of Integral\u00ae and Idea Iuris\u00ae. Legal, economic and consulting division.\" \/>\n<meta property=\"og:url\" content=\"https:\/\/www.affectio.es\/en\/\" \/>\n<meta property=\"og:site_name\" content=\"Affectio Group\" \/>\n<meta property=\"article:modified_time\" content=\"2026-02-13T11:49:25+00:00\" \/>\n<meta name=\"twitter:card\" content=\"summary_large_image\" \/>\n<meta name=\"twitter:label1\" content=\"Est. reading time\" \/>\n\t<meta name=\"twitter:data1\" content=\"7 minutes\" \/>\n<script type=\"application\/ld+json\" class=\"yoast-schema-graph\">{\"@context\":\"https:\/\/schema.org\",\"@graph\":[{\"@type\":\"WebPage\",\"@id\":\"https:\/\/www.affectio.es\/en\/\",\"url\":\"https:\/\/www.affectio.es\/en\/\",\"name\":\"Affectio Group - Affectio Group\",\"isPartOf\":{\"@id\":\"https:\/\/www.affectio.es\/en\/#website\"},\"datePublished\":\"2020-09-29T10:15:13+00:00\",\"dateModified\":\"2026-02-13T11:49:25+00:00\",\"description\":\"Affectio Group is the link between the more than 30 professionals of Integral\u00ae and Idea Iuris\u00ae. Legal, economic and consulting division.\",\"breadcrumb\":{\"@id\":\"https:\/\/www.affectio.es\/en\/#breadcrumb\"},\"inLanguage\":\"en-US\",\"potentialAction\":[{\"@type\":\"ReadAction\",\"target\":[\"https:\/\/www.affectio.es\/en\/\"]}]},{\"@type\":\"BreadcrumbList\",\"@id\":\"https:\/\/www.affectio.es\/en\/#breadcrumb\",\"itemListElement\":[{\"@type\":\"ListItem\",\"position\":1,\"name\":\"Portada\",\"item\":\"https:\/\/www.affectio.es\/en\/\"},{\"@type\":\"ListItem\",\"position\":2,\"name\":\"Affectio Group\"}]},{\"@type\":\"WebSite\",\"@id\":\"https:\/\/www.affectio.es\/en\/#website\",\"url\":\"https:\/\/www.affectio.es\/en\/\",\"name\":\"Affectio Group\",\"description\":\"Affectio Group es la expresi\u00f3n del v\u00ednculo entre los m\u00e1s de 30 profesionales de Integral\u00ae y de Idea Iuris\u00ae, basado en la mutua confianza y en su deseo de aunar sus contrastadas solvencia y experiencia\",\"potentialAction\":[{\"@type\":\"SearchAction\",\"target\":{\"@type\":\"EntryPoint\",\"urlTemplate\":\"https:\/\/www.affectio.es\/en\/?s={search_term_string}\"},\"query-input\":{\"@type\":\"PropertyValueSpecification\",\"valueRequired\":true,\"valueName\":\"search_term_string\"}}],\"inLanguage\":\"en-US\"}]}<\/script>\n<!-- \/ Yoast SEO plugin. -->","yoast_head_json":{"title":"Affectio Group - Affectio Group","description":"Affectio Group is the link between the more than 30 professionals of Integral\u00ae and Idea Iuris\u00ae. Legal, economic and consulting division.","robots":{"index":"index","follow":"follow","max-snippet":"max-snippet:-1","max-image-preview":"max-image-preview:large","max-video-preview":"max-video-preview:-1"},"canonical":"https:\/\/www.affectio.es\/en\/","og_locale":"en_US","og_type":"article","og_title":"Affectio Group - Affectio Group","og_description":"Affectio Group is the link between the more than 30 professionals of Integral\u00ae and Idea Iuris\u00ae. Legal, economic and consulting division.","og_url":"https:\/\/www.affectio.es\/en\/","og_site_name":"Affectio Group","article_modified_time":"2026-02-13T11:49:25+00:00","twitter_card":"summary_large_image","twitter_misc":{"Est. reading time":"7 minutes"},"schema":{"@context":"https:\/\/schema.org","@graph":[{"@type":"WebPage","@id":"https:\/\/www.affectio.es\/en\/","url":"https:\/\/www.affectio.es\/en\/","name":"Affectio Group - Affectio Group","isPartOf":{"@id":"https:\/\/www.affectio.es\/en\/#website"},"datePublished":"2020-09-29T10:15:13+00:00","dateModified":"2026-02-13T11:49:25+00:00","description":"Affectio Group is the link between the more than 30 professionals of Integral\u00ae and Idea Iuris\u00ae. Legal, economic and consulting division.","breadcrumb":{"@id":"https:\/\/www.affectio.es\/en\/#breadcrumb"},"inLanguage":"en-US","potentialAction":[{"@type":"ReadAction","target":["https:\/\/www.affectio.es\/en\/"]}]},{"@type":"BreadcrumbList","@id":"https:\/\/www.affectio.es\/en\/#breadcrumb","itemListElement":[{"@type":"ListItem","position":1,"name":"Portada","item":"https:\/\/www.affectio.es\/en\/"},{"@type":"ListItem","position":2,"name":"Affectio Group"}]},{"@type":"WebSite","@id":"https:\/\/www.affectio.es\/en\/#website","url":"https:\/\/www.affectio.es\/en\/","name":"Affectio Group","description":"Affectio Group es la expresi\u00f3n del v\u00ednculo entre los m\u00e1s de 30 profesionales de Integral\u00ae y de Idea Iuris\u00ae, basado en la mutua confianza y en su deseo de aunar sus contrastadas solvencia y experiencia","potentialAction":[{"@type":"SearchAction","target":{"@type":"EntryPoint","urlTemplate":"https:\/\/www.affectio.es\/en\/?s={search_term_string}"},"query-input":{"@type":"PropertyValueSpecification","valueRequired":true,"valueName":"search_term_string"}}],"inLanguage":"en-US"}]}},"_links":{"self":[{"href":"https:\/\/www.affectio.es\/en\/wp-json\/wp\/v2\/pages\/457","targetHints":{"allow":["GET"]}}],"collection":[{"href":"https:\/\/www.affectio.es\/en\/wp-json\/wp\/v2\/pages"}],"about":[{"href":"https:\/\/www.affectio.es\/en\/wp-json\/wp\/v2\/types\/page"}],"author":[{"embeddable":true,"href":"https:\/\/www.affectio.es\/en\/wp-json\/wp\/v2\/users\/1"}],"replies":[{"embeddable":true,"href":"https:\/\/www.affectio.es\/en\/wp-json\/wp\/v2\/comments?post=457"}],"version-history":[{"count":10,"href":"https:\/\/www.affectio.es\/en\/wp-json\/wp\/v2\/pages\/457\/revisions"}],"predecessor-version":[{"id":1159,"href":"https:\/\/www.affectio.es\/en\/wp-json\/wp\/v2\/pages\/457\/revisions\/1159"}],"wp:attachment":[{"href":"https:\/\/www.affectio.es\/en\/wp-json\/wp\/v2\/media?parent=457"}],"curies":[{"name":"wp","href":"https:\/\/api.w.org\/{rel}","templated":true}]}}