{"id":1372,"date":"2020-11-10T18:15:05","date_gmt":"2020-11-10T18:15:05","guid":{"rendered":"https:\/\/www.affectio.es\/herramientas\/"},"modified":"2020-11-10T18:18:20","modified_gmt":"2020-11-10T18:18:20","slug":"tools","status":"publish","type":"page","link":"https:\/\/www.affectio.es\/en\/tools\/","title":{"rendered":"Tools"},"content":{"rendered":"<p>[ccc_currency_converter_calculator lg=&#8221;en&#8221; tz=&#8221;1&#8243; fm=&#8221;EUR&#8221; to=&#8221;USD&#8221; st=&#8221;info&#8221; bg=&#8221;FFFFFF&#8221; lr=&#8221;&#8221; rd=&#8221;&#8221;][\/ccc_currency_converter_calculator]<\/p>\n","protected":false},"excerpt":{"rendered":"<p>[ccc_currency_converter_calculator lg=&#8221;en&#8221; tz=&#8221;1&#8243; fm=&#8221;EUR&#8221; to=&#8221;USD&#8221; st=&#8221;info&#8221; bg=&#8221;FFFFFF&#8221; lr=&#8221;&#8221; rd=&#8221;&#8221;][\/ccc_currency_converter_calculator]<\/p>\n","protected":false},"author":1,"featured_media":0,"parent":0,"menu_order":0,"comment_status":"closed","ping_status":"closed","template":"","meta":{"footnotes":""},"class_list":["post-1372","page","type-page","status-publish","hentry","description-off"],"yoast_head":"<!-- This site is optimized with the Yoast SEO plugin v26.9 - https:\/\/yoast.com\/product\/yoast-seo-wordpress\/ -->\n<title>Tools - Affectio Group<\/title>\n<meta name=\"robots\" content=\"index, follow, max-snippet:-1, max-image-preview:large, max-video-preview:-1\" \/>\n<link rel=\"canonical\" href=\"https:\/\/www.affectio.es\/en\/tools\/\" \/>\n<meta property=\"og:locale\" content=\"en_US\" \/>\n<meta property=\"og:type\" content=\"article\" \/>\n<meta property=\"og:title\" content=\"Tools - Affectio Group\" \/>\n<meta property=\"og:description\" content=\"[ccc_currency_converter_calculator lg=&#8221;en&#8221; tz=&#8221;1&#8243; fm=&#8221;EUR&#8221; to=&#8221;USD&#8221; st=&#8221;info&#8221; bg=&#8221;FFFFFF&#8221; lr=&#8221;&#8221; rd=&#8221;&#8221;][\/ccc_currency_converter_calculator]\" \/>\n<meta property=\"og:url\" content=\"https:\/\/www.affectio.es\/en\/tools\/\" \/>\n<meta property=\"og:site_name\" content=\"Affectio Group\" \/>\n<meta property=\"article:modified_time\" content=\"2020-11-10T18:18:20+00:00\" \/>\n<meta name=\"twitter:card\" content=\"summary_large_image\" \/>\n<script type=\"application\/ld+json\" class=\"yoast-schema-graph\">{\"@context\":\"https:\/\/schema.org\",\"@graph\":[{\"@type\":\"WebPage\",\"@id\":\"https:\/\/www.affectio.es\/en\/tools\/\",\"url\":\"https:\/\/www.affectio.es\/en\/tools\/\",\"name\":\"Tools - Affectio Group\",\"isPartOf\":{\"@id\":\"https:\/\/www.affectio.es\/en\/#website\"},\"datePublished\":\"2020-11-10T18:15:05+00:00\",\"dateModified\":\"2020-11-10T18:18:20+00:00\",\"breadcrumb\":{\"@id\":\"https:\/\/www.affectio.es\/en\/tools\/#breadcrumb\"},\"inLanguage\":\"en-US\",\"potentialAction\":[{\"@type\":\"ReadAction\",\"target\":[\"https:\/\/www.affectio.es\/en\/tools\/\"]}]},{\"@type\":\"BreadcrumbList\",\"@id\":\"https:\/\/www.affectio.es\/en\/tools\/#breadcrumb\",\"itemListElement\":[{\"@type\":\"ListItem\",\"position\":1,\"name\":\"Portada\",\"item\":\"https:\/\/www.affectio.es\/en\/\"},{\"@type\":\"ListItem\",\"position\":2,\"name\":\"Tools\"}]},{\"@type\":\"WebSite\",\"@id\":\"https:\/\/www.affectio.es\/en\/#website\",\"url\":\"https:\/\/www.affectio.es\/en\/\",\"name\":\"Affectio Group\",\"description\":\"Affectio Group es la expresi\u00f3n del v\u00ednculo entre los m\u00e1s de 30 profesionales de Integral\u00ae y de Idea Iuris\u00ae, basado en la mutua confianza y en su deseo de aunar sus contrastadas solvencia y experiencia\",\"potentialAction\":[{\"@type\":\"SearchAction\",\"target\":{\"@type\":\"EntryPoint\",\"urlTemplate\":\"https:\/\/www.affectio.es\/en\/?s={search_term_string}\"},\"query-input\":{\"@type\":\"PropertyValueSpecification\",\"valueRequired\":true,\"valueName\":\"search_term_string\"}}],\"inLanguage\":\"en-US\"}]}<\/script>\n<!-- \/ Yoast SEO plugin. -->","yoast_head_json":{"title":"Tools - Affectio Group","robots":{"index":"index","follow":"follow","max-snippet":"max-snippet:-1","max-image-preview":"max-image-preview:large","max-video-preview":"max-video-preview:-1"},"canonical":"https:\/\/www.affectio.es\/en\/tools\/","og_locale":"en_US","og_type":"article","og_title":"Tools - Affectio Group","og_description":"[ccc_currency_converter_calculator lg=&#8221;en&#8221; tz=&#8221;1&#8243; fm=&#8221;EUR&#8221; to=&#8221;USD&#8221; st=&#8221;info&#8221; bg=&#8221;FFFFFF&#8221; lr=&#8221;&#8221; rd=&#8221;&#8221;][\/ccc_currency_converter_calculator]","og_url":"https:\/\/www.affectio.es\/en\/tools\/","og_site_name":"Affectio Group","article_modified_time":"2020-11-10T18:18:20+00:00","twitter_card":"summary_large_image","schema":{"@context":"https:\/\/schema.org","@graph":[{"@type":"WebPage","@id":"https:\/\/www.affectio.es\/en\/tools\/","url":"https:\/\/www.affectio.es\/en\/tools\/","name":"Tools - Affectio Group","isPartOf":{"@id":"https:\/\/www.affectio.es\/en\/#website"},"datePublished":"2020-11-10T18:15:05+00:00","dateModified":"2020-11-10T18:18:20+00:00","breadcrumb":{"@id":"https:\/\/www.affectio.es\/en\/tools\/#breadcrumb"},"inLanguage":"en-US","potentialAction":[{"@type":"ReadAction","target":["https:\/\/www.affectio.es\/en\/tools\/"]}]},{"@type":"BreadcrumbList","@id":"https:\/\/www.affectio.es\/en\/tools\/#breadcrumb","itemListElement":[{"@type":"ListItem","position":1,"name":"Portada","item":"https:\/\/www.affectio.es\/en\/"},{"@type":"ListItem","position":2,"name":"Tools"}]},{"@type":"WebSite","@id":"https:\/\/www.affectio.es\/en\/#website","url":"https:\/\/www.affectio.es\/en\/","name":"Affectio Group","description":"Affectio Group es la expresi\u00f3n del v\u00ednculo entre los m\u00e1s de 30 profesionales de Integral\u00ae y de Idea Iuris\u00ae, basado en la mutua confianza y en su deseo de aunar sus contrastadas solvencia y experiencia","potentialAction":[{"@type":"SearchAction","target":{"@type":"EntryPoint","urlTemplate":"https:\/\/www.affectio.es\/en\/?s={search_term_string}"},"query-input":{"@type":"PropertyValueSpecification","valueRequired":true,"valueName":"search_term_string"}}],"inLanguage":"en-US"}]}},"_links":{"self":[{"href":"https:\/\/www.affectio.es\/en\/wp-json\/wp\/v2\/pages\/1372","targetHints":{"allow":["GET"]}}],"collection":[{"href":"https:\/\/www.affectio.es\/en\/wp-json\/wp\/v2\/pages"}],"about":[{"href":"https:\/\/www.affectio.es\/en\/wp-json\/wp\/v2\/types\/page"}],"author":[{"embeddable":true,"href":"https:\/\/www.affectio.es\/en\/wp-json\/wp\/v2\/users\/1"}],"replies":[{"embeddable":true,"href":"https:\/\/www.affectio.es\/en\/wp-json\/wp\/v2\/comments?post=1372"}],"version-history":[{"count":1,"href":"https:\/\/www.affectio.es\/en\/wp-json\/wp\/v2\/pages\/1372\/revisions"}],"predecessor-version":[{"id":1375,"href":"https:\/\/www.affectio.es\/en\/wp-json\/wp\/v2\/pages\/1372\/revisions\/1375"}],"wp:attachment":[{"href":"https:\/\/www.affectio.es\/en\/wp-json\/wp\/v2\/media?parent=1372"}],"curies":[{"name":"wp","href":"https:\/\/api.w.org\/{rel}","templated":true}]}}