{"id":1165,"date":"2020-09-29T10:28:44","date_gmt":"2020-09-29T10:28:44","guid":{"rendered":"https:\/\/www.affectio.es\/integral-ha-sido-reconocida-dentro-del-universo-b-corp\/"},"modified":"2022-09-28T16:06:25","modified_gmt":"2022-09-28T16:06:25","slug":"integral-has-been-recognized-within-the-b-corp-universe","status":"publish","type":"page","link":"https:\/\/www.affectio.es\/en\/integral\/integral-has-been-recognized-within-the-b-corp-universe\/","title":{"rendered":"Integral has been recognized within the B Corp universe"},"content":{"rendered":"<div class=\"wpb-content-wrapper\"><p>[vc_row content_placement=&#8221;top&#8221;][vc_column width=&#8221;1\/4&#8243;][vc_single_image image=&#8221;1703&#8243; img_size=&#8221;full&#8221; css=&#8221;.vc_custom_1664381181364{margin-bottom: 20px !important;}&#8221;][\/vc_column][vc_column width=&#8221;3\/4&#8243;][vc_column_text css=&#8221;.vc_custom_1601559916893{margin-bottom: 30px !important;padding-top: 0px !important;}&#8221;]<\/p>\n<div style=\"text-align: justify;\">\n<h4>At Integral we are honored with this distinction. We want to share it with cooperatives, because we understand that through us, their values and their action have been recognized. We do it at the same time with the organizations and companies with which we walk. In it we recognize people determinedly oriented to build a better world.<br \/>\nB-Corp is an international movement of social companies that understand that their final objective should not be the mere obtaining of economic benefit, but the generation of positive impacts in the social and environmental sphere, and also in their environment and in the lives of their own employees. All this through processes and practices of transparency and corporate responsibility.<\/h4>\n<\/div>\n<p>[\/vc_column_text][\/vc_column][\/vc_row][vc_row][vc_column][vc_single_image image=&#8221;1166&#8243; img_size=&#8221;full&#8221; css=&#8221;.vc_custom_1601415435475{padding-bottom: 20px !important;}&#8221;][vc_column_text css=&#8221;.vc_custom_1585329191387{margin-top: 0px !important;margin-bottom: 0px !important;padding-top: 0px !important;padding-bottom: 0px !important;}&#8221; el_id=&#8221;divconsultoria-actividadcomercial&#8221;][\/vc_column_text]<div id=\"ultimate-heading-564269eb6973e29a9\" class=\"uvc-heading ult-adjust-bottom-margin ultimate-heading-564269eb6973e29a9 uvc-6232 color-title\" data-hspacer=\"line_only\"  data-halign=\"left\" style=\"text-align:left\"><div class=\"uvc-main-heading ult-responsive\"  data-ultimate-target='.uvc-heading.ultimate-heading-564269eb6973e29a9 h2'  data-responsive-json-new='{\"font-size\":\"desktop:30px;\",\"line-height\":\"desktop:40px;\"}' ><h2 style=\"font-weight:bold;color:#333366;margin-top:25px;margin-bottom:25px;\">Be the best companies for the world<\/h2><\/div><div class=\"uvc-heading-spacer line_only\" style=\"topheight:1px;\"><span class=\"uvc-headings-line\" style=\"border-style:solid;border-bottom-width:1px;border-color:#3f4a9a;width:autopx;\"><\/span><\/div><\/div>[vc_column_text css=&#8221;.vc_custom_1601559949653{padding-top: 30px !important;padding-bottom: 30px !important;}&#8221;]<\/p>\n<div style=\"text-align: justify;\">\n<p>To be the best companies for the world, and not just the world, this is the purpose of the B-Corp companies, an international movement of social enterprises that understands that its final objective should not be the mere attainment of the economic benefit, but the generation of positive impacts in the social and environmental sphere, and also in their environment and in the lives of their own employees. All this through processes and practices of transparency and corporate responsibility.<\/p><\/div>\n<p>[\/vc_column_text][vc_column_text css=&#8221;.vc_custom_1585329202806{margin-top: 0px !important;margin-bottom: 0px !important;padding-top: 0px !important;padding-bottom: 0px !important;}&#8221; el_id=&#8221;divconsultoria-marketing&#8221;][\/vc_column_text][vc_single_image image=&#8221;1174&#8243; img_size=&#8221;full&#8221; css=&#8221;.vc_custom_1601415460730{padding-bottom: 20px !important;}&#8221;]<div id=\"ultimate-heading-9669eb6973e2ad6\" class=\"uvc-heading ult-adjust-bottom-margin ultimate-heading-9669eb6973e2ad6 uvc-6923 color-title\" data-hspacer=\"line_only\"  data-halign=\"left\" style=\"text-align:left\"><div class=\"uvc-main-heading ult-responsive\"  data-ultimate-target='.uvc-heading.ultimate-heading-9669eb6973e2ad6 h2'  data-responsive-json-new='{\"font-size\":\"desktop:30px;\",\"line-height\":\"desktop:40px;\"}' ><h2 style=\"font-weight:bold;color:#333366;margin-top:25px;margin-bottom:25px;\">Companies B CORP<\/h2><\/div><div class=\"uvc-heading-spacer line_only\" style=\"topheight:1px;\"><span class=\"uvc-headings-line\" style=\"border-style:solid;border-bottom-width:1px;border-color:#3f4a9a;width:autopx;\"><\/span><\/div><\/div>[vc_column_text css=&#8221;.vc_custom_1601559976585{padding-top: 30px !important;padding-bottom: 30px !important;}&#8221;]<\/p>\n<div style=\"text-align: justify;\">\n<p>More than 2,000 companies in 50 countries are B Corp. They have successfully passed a certification process that requires time and effort.<br \/>\nThere are more than 40,000 registered companies to achieve certification, but only 2,000 so far.<br \/>\nIn Spain we are 36 companies.<\/div>\n<p>[\/vc_column_text][vc_column_text css=&#8221;.vc_custom_1585329202806{margin-top: 0px !important;margin-bottom: 0px !important;padding-top: 0px !important;padding-bottom: 0px !important;}&#8221;][\/vc_column_text][vc_single_image image=&#8221;1175&#8243; img_size=&#8221;full&#8221; css=&#8221;.vc_custom_1601415491207{padding-bottom: 20px !important;}&#8221;]<div id=\"ultimate-heading-853269eb6973e2b7f\" class=\"uvc-heading ult-adjust-bottom-margin ultimate-heading-853269eb6973e2b7f uvc-3092 color-title\" data-hspacer=\"line_only\"  data-halign=\"left\" style=\"text-align:left\"><div class=\"uvc-main-heading ult-responsive\"  data-ultimate-target='.uvc-heading.ultimate-heading-853269eb6973e2b7f h2'  data-responsive-json-new='{\"font-size\":\"desktop:30px;\",\"line-height\":\"desktop:40px;\"}' ><h2 style=\"font-weight:bold;color:#333366;margin-top:25px;margin-bottom:25px;\">Qualification of Integral in B Corp<\/h2><\/div><div class=\"uvc-heading-spacer line_only\" style=\"topheight:1px;\"><span class=\"uvc-headings-line\" style=\"border-style:solid;border-bottom-width:1px;border-color:#3f4a9a;width:autopx;\"><\/span><\/div><\/div>[vc_column_text css=&#8221;.vc_custom_1601559998962{padding-top: 30px !important;padding-bottom: 30px !important;}&#8221;]<\/p>\n<div style=\"text-align: justify;\">\n<p>The rating required to reach B Corp&#8217;s rating is 80 out of 200 points. Obtaining a mark of 108 by Integral is considered an excellent record.<\/p><\/div>\n<p>[\/vc_column_text][vc_column_text css=&#8221;.vc_custom_1585329202806{margin-top: 0px !important;margin-bottom: 0px !important;padding-top: 0px !important;padding-bottom: 0px !important;}&#8221;][\/vc_column_text]<div id=\"ultimate-heading-3469eb6973e2c32\" class=\"uvc-heading ult-adjust-bottom-margin ultimate-heading-3469eb6973e2c32 uvc-5020 color-title\" data-hspacer=\"line_only\"  data-halign=\"left\" style=\"text-align:left\"><div class=\"uvc-main-heading ult-responsive\"  data-ultimate-target='.uvc-heading.ultimate-heading-3469eb6973e2c32 h2'  data-responsive-json-new='{\"font-size\":\"desktop:30px;\",\"line-height\":\"desktop:40px;\"}' ><h2 style=\"font-weight:bold;color:#333366;margin-top:25px;margin-bottom:25px;\">Why did we become Company B Corp?<\/h2><\/div><div class=\"uvc-heading-spacer line_only\" style=\"topheight:1px;\"><span class=\"uvc-headings-line\" style=\"border-style:solid;border-bottom-width:1px;border-color:#3f4a9a;width:autopx;\"><\/span><\/div><\/div>[vc_row_inner css=&#8221;.vc_custom_1585564359290{margin-top: 20px !important;}&#8221;][vc_column_inner width=&#8221;1\/3&#8243;][vc_single_image image=&#8221;1176&#8243; img_size=&#8221;full&#8221; alignment=&#8221;center&#8221;][vc_column_text css=&#8221;.vc_custom_1601560031532{padding-top: 15px !important;padding-bottom: 30px !important;}&#8221;]<\/p>\n<h4>For our values as a cooperative company<\/h4>\n<p>It is a cooperative enterprise where each person really contributes, participating actively in the construction of everything that lives.[\/vc_column_text][\/vc_column_inner][vc_column_inner width=&#8221;1\/3&#8243;][vc_single_image image=&#8221;1177&#8243; img_size=&#8221;full&#8221; alignment=&#8221;center&#8221;][vc_column_text css=&#8221;.vc_custom_1601560050207{padding-top: 15px !important;padding-bottom: 30px !important;}&#8221;]<\/p>\n<h4>For our commitment to the environment<\/h4>\n<p>We are convinced that soon, more and more people will demand real evidence that they relate to companies that have decided to &#8220;be good&#8221; for the world. Being part of the B Corp community is our way of showing that we want to be.[\/vc_column_text][\/vc_column_inner][vc_column_inner width=&#8221;1\/3&#8243;][vc_single_image image=&#8221;1178&#8243; img_size=&#8221;full&#8221; alignment=&#8221;center&#8221;][vc_column_text css=&#8221;.vc_custom_1601560064067{padding-top: 15px !important;padding-bottom: 30px !important;}&#8221;]<\/p>\n<h4>For our commitment to humanize the economy<\/h4>\n<p>We seek for the world the same change that we try to lead. We want a decidedly more humane economy, where the person and the planet come first, really the first.[\/vc_column_text][\/vc_column_inner][\/vc_row_inner][vc_separator style=&#8221;double&#8221; border_width=&#8221;2&#8243; css=&#8221;.vc_custom_1581012067783{margin-top: 30px !important;margin-bottom: 30px !important;}&#8221;][\/vc_column][\/vc_row]<\/p>\n<\/div>","protected":false},"excerpt":{"rendered":"<p>[vc_row content_placement=&#8221;top&#8221;][vc_column width=&#8221;1\/4&#8243;][vc_single_image image=&#8221;1703&#8243; img_size=&#8221;full&#8221; css=&#8221;.vc_custom_1664381181364{margin-bottom: 20px !important;}&#8221;][\/vc_column][vc_column width=&#8221;3\/4&#8243;][vc_column_text css=&#8221;.vc_custom_1601559916893{margin-bottom: 30px !important;padding-top: 0px !important;}&#8221;] At Integral we are honored with this distinction. We want to share it with cooperatives, because we understand that through us, their values and their action have been recognized. We do it at the same time with the organizations and companies&hellip;<\/p>\n","protected":false},"author":1,"featured_media":0,"parent":638,"menu_order":0,"comment_status":"closed","ping_status":"closed","template":"","meta":{"footnotes":""},"class_list":["post-1165","page","type-page","status-publish","hentry","description-off"],"yoast_head":"<!-- This site is optimized with the Yoast SEO plugin v26.9 - https:\/\/yoast.com\/product\/yoast-seo-wordpress\/ -->\n<title>Integral has been recognized within the B Corp universe - Affectio Group<\/title>\n<meta name=\"description\" content=\"At Integral we are honored with this distinction. B-Corp is an international movement of social companies that understand that their final...\" \/>\n<meta name=\"robots\" content=\"index, follow, max-snippet:-1, max-image-preview:large, max-video-preview:-1\" \/>\n<link rel=\"canonical\" href=\"https:\/\/www.affectio.es\/en\/integral\/integral-has-been-recognized-within-the-b-corp-universe\/\" \/>\n<meta property=\"og:locale\" content=\"en_US\" \/>\n<meta property=\"og:type\" content=\"article\" \/>\n<meta property=\"og:title\" content=\"Integral has been recognized within the B Corp universe - Affectio Group\" \/>\n<meta property=\"og:description\" content=\"At Integral we are honored with this distinction. B-Corp is an international movement of social companies that understand that their final...\" \/>\n<meta property=\"og:url\" content=\"https:\/\/www.affectio.es\/en\/integral\/integral-has-been-recognized-within-the-b-corp-universe\/\" \/>\n<meta property=\"og:site_name\" content=\"Affectio Group\" \/>\n<meta property=\"article:modified_time\" content=\"2022-09-28T16:06:25+00:00\" \/>\n<meta name=\"twitter:card\" content=\"summary_large_image\" \/>\n<meta name=\"twitter:label1\" content=\"Est. reading time\" \/>\n\t<meta name=\"twitter:data1\" content=\"5 minutes\" \/>\n<script type=\"application\/ld+json\" class=\"yoast-schema-graph\">{\"@context\":\"https:\/\/schema.org\",\"@graph\":[{\"@type\":\"WebPage\",\"@id\":\"https:\/\/www.affectio.es\/en\/integral\/integral-has-been-recognized-within-the-b-corp-universe\/\",\"url\":\"https:\/\/www.affectio.es\/en\/integral\/integral-has-been-recognized-within-the-b-corp-universe\/\",\"name\":\"Integral has been recognized within the B Corp universe - Affectio Group\",\"isPartOf\":{\"@id\":\"https:\/\/www.affectio.es\/en\/#website\"},\"datePublished\":\"2020-09-29T10:28:44+00:00\",\"dateModified\":\"2022-09-28T16:06:25+00:00\",\"description\":\"At Integral we are honored with this distinction. B-Corp is an international movement of social companies that understand that their final...\",\"breadcrumb\":{\"@id\":\"https:\/\/www.affectio.es\/en\/integral\/integral-has-been-recognized-within-the-b-corp-universe\/#breadcrumb\"},\"inLanguage\":\"en-US\",\"potentialAction\":[{\"@type\":\"ReadAction\",\"target\":[\"https:\/\/www.affectio.es\/en\/integral\/integral-has-been-recognized-within-the-b-corp-universe\/\"]}]},{\"@type\":\"BreadcrumbList\",\"@id\":\"https:\/\/www.affectio.es\/en\/integral\/integral-has-been-recognized-within-the-b-corp-universe\/#breadcrumb\",\"itemListElement\":[{\"@type\":\"ListItem\",\"position\":1,\"name\":\"Portada\",\"item\":\"https:\/\/www.affectio.es\/en\/\"},{\"@type\":\"ListItem\",\"position\":2,\"name\":\"Integral\",\"item\":\"https:\/\/www.affectio.es\/en\/integral\/\"},{\"@type\":\"ListItem\",\"position\":3,\"name\":\"Integral has been recognized within the B Corp universe\"}]},{\"@type\":\"WebSite\",\"@id\":\"https:\/\/www.affectio.es\/en\/#website\",\"url\":\"https:\/\/www.affectio.es\/en\/\",\"name\":\"Affectio Group\",\"description\":\"Affectio Group es la expresi\u00f3n del v\u00ednculo entre los m\u00e1s de 30 profesionales de Integral\u00ae y de Idea Iuris\u00ae, basado en la mutua confianza y en su deseo de aunar sus contrastadas solvencia y experiencia\",\"potentialAction\":[{\"@type\":\"SearchAction\",\"target\":{\"@type\":\"EntryPoint\",\"urlTemplate\":\"https:\/\/www.affectio.es\/en\/?s={search_term_string}\"},\"query-input\":{\"@type\":\"PropertyValueSpecification\",\"valueRequired\":true,\"valueName\":\"search_term_string\"}}],\"inLanguage\":\"en-US\"}]}<\/script>\n<!-- \/ Yoast SEO plugin. -->","yoast_head_json":{"title":"Integral has been recognized within the B Corp universe - Affectio Group","description":"At Integral we are honored with this distinction. B-Corp is an international movement of social companies that understand that their final...","robots":{"index":"index","follow":"follow","max-snippet":"max-snippet:-1","max-image-preview":"max-image-preview:large","max-video-preview":"max-video-preview:-1"},"canonical":"https:\/\/www.affectio.es\/en\/integral\/integral-has-been-recognized-within-the-b-corp-universe\/","og_locale":"en_US","og_type":"article","og_title":"Integral has been recognized within the B Corp universe - Affectio Group","og_description":"At Integral we are honored with this distinction. B-Corp is an international movement of social companies that understand that their final...","og_url":"https:\/\/www.affectio.es\/en\/integral\/integral-has-been-recognized-within-the-b-corp-universe\/","og_site_name":"Affectio Group","article_modified_time":"2022-09-28T16:06:25+00:00","twitter_card":"summary_large_image","twitter_misc":{"Est. reading time":"5 minutes"},"schema":{"@context":"https:\/\/schema.org","@graph":[{"@type":"WebPage","@id":"https:\/\/www.affectio.es\/en\/integral\/integral-has-been-recognized-within-the-b-corp-universe\/","url":"https:\/\/www.affectio.es\/en\/integral\/integral-has-been-recognized-within-the-b-corp-universe\/","name":"Integral has been recognized within the B Corp universe - Affectio Group","isPartOf":{"@id":"https:\/\/www.affectio.es\/en\/#website"},"datePublished":"2020-09-29T10:28:44+00:00","dateModified":"2022-09-28T16:06:25+00:00","description":"At Integral we are honored with this distinction. B-Corp is an international movement of social companies that understand that their final...","breadcrumb":{"@id":"https:\/\/www.affectio.es\/en\/integral\/integral-has-been-recognized-within-the-b-corp-universe\/#breadcrumb"},"inLanguage":"en-US","potentialAction":[{"@type":"ReadAction","target":["https:\/\/www.affectio.es\/en\/integral\/integral-has-been-recognized-within-the-b-corp-universe\/"]}]},{"@type":"BreadcrumbList","@id":"https:\/\/www.affectio.es\/en\/integral\/integral-has-been-recognized-within-the-b-corp-universe\/#breadcrumb","itemListElement":[{"@type":"ListItem","position":1,"name":"Portada","item":"https:\/\/www.affectio.es\/en\/"},{"@type":"ListItem","position":2,"name":"Integral","item":"https:\/\/www.affectio.es\/en\/integral\/"},{"@type":"ListItem","position":3,"name":"Integral has been recognized within the B Corp universe"}]},{"@type":"WebSite","@id":"https:\/\/www.affectio.es\/en\/#website","url":"https:\/\/www.affectio.es\/en\/","name":"Affectio Group","description":"Affectio Group es la expresi\u00f3n del v\u00ednculo entre los m\u00e1s de 30 profesionales de Integral\u00ae y de Idea Iuris\u00ae, basado en la mutua confianza y en su deseo de aunar sus contrastadas solvencia y experiencia","potentialAction":[{"@type":"SearchAction","target":{"@type":"EntryPoint","urlTemplate":"https:\/\/www.affectio.es\/en\/?s={search_term_string}"},"query-input":{"@type":"PropertyValueSpecification","valueRequired":true,"valueName":"search_term_string"}}],"inLanguage":"en-US"}]}},"_links":{"self":[{"href":"https:\/\/www.affectio.es\/en\/wp-json\/wp\/v2\/pages\/1165","targetHints":{"allow":["GET"]}}],"collection":[{"href":"https:\/\/www.affectio.es\/en\/wp-json\/wp\/v2\/pages"}],"about":[{"href":"https:\/\/www.affectio.es\/en\/wp-json\/wp\/v2\/types\/page"}],"author":[{"embeddable":true,"href":"https:\/\/www.affectio.es\/en\/wp-json\/wp\/v2\/users\/1"}],"replies":[{"embeddable":true,"href":"https:\/\/www.affectio.es\/en\/wp-json\/wp\/v2\/comments?post=1165"}],"version-history":[{"count":5,"href":"https:\/\/www.affectio.es\/en\/wp-json\/wp\/v2\/pages\/1165\/revisions"}],"predecessor-version":[{"id":1706,"href":"https:\/\/www.affectio.es\/en\/wp-json\/wp\/v2\/pages\/1165\/revisions\/1706"}],"up":[{"embeddable":true,"href":"https:\/\/www.affectio.es\/en\/wp-json\/wp\/v2\/pages\/638"}],"wp:attachment":[{"href":"https:\/\/www.affectio.es\/en\/wp-json\/wp\/v2\/media?parent=1165"}],"curies":[{"name":"wp","href":"https:\/\/api.w.org\/{rel}","templated":true}]}}