{"id":1010,"date":"2020-09-29T10:20:32","date_gmt":"2020-09-29T10:20:32","guid":{"rendered":"https:\/\/www.affectio.es\/integral\/professional-business-groups\/colectivos-profesionales-y-empresariales-acompanamiento-contable-economico-financiero-y-fiscal\/"},"modified":"2020-10-14T08:20:38","modified_gmt":"2020-10-14T08:20:38","slug":"professional-business-groups-accounting-economic-financial-fiscal","status":"publish","type":"page","link":"https:\/\/www.affectio.es\/en\/integral\/professional-business-groups\/professional-business-groups-accounting-economic-financial-fiscal\/","title":{"rendered":"Professional and Business groups &#8211; Accounting, Economic-Financial and Fiscal Accompaniment"},"content":{"rendered":"<div class=\"wpb-content-wrapper\"><p>[vc_row css=&#8221;.vc_custom_1601393902010{margin-bottom: -80px !important;}&#8221;][vc_column][vc_column_text]<\/p>\n<h1><span style=\"color: #2a2a69;\">Professional and Business groups<\/span><\/h1>\n<p>[\/vc_column_text][vc_column_text css=&#8221;.vc_custom_1585327593053{margin-top: 0px !important;margin-bottom: 0px !important;padding-top: 0px !important;padding-bottom: 0px !important;}&#8221; el_id=&#8221;diveconomica-acompanamientocontableconomico&#8221;][\/vc_column_text]<div id=\"ultimate-heading-666369eb81263484a\" class=\"uvc-heading ult-adjust-bottom-margin ultimate-heading-666369eb81263484a uvc-5640 color-title\" data-hspacer=\"no_spacer\"  data-halign=\"left\" style=\"text-align:left\"><div class=\"uvc-heading-spacer no_spacer\" style=\"top\"><\/div><div class=\"uvc-main-heading ult-responsive\"  data-ultimate-target='.uvc-heading.ultimate-heading-666369eb81263484a h2'  data-responsive-json-new='{\"font-size\":\"desktop:30px;\",\"line-height\":\"desktop:40px;\"}' ><h2 style=\"font-weight:bold;color:#28a7fb;margin-top:25px;margin-bottom:25px;\">Accounting, Economic-Financial and Fiscal Accompaniment<\/h2><\/div><\/div>[vc_column_text css=&#8221;.vc_custom_1601503635440{padding-bottom: 30px !important;}&#8221;]<\/p>\n<div style=\"text-align: justify;\">\n<p>The central objective of INTEGRAL\u2019s accompaniment is to make easier to take Economic, financial and fiscal decisions, to be informed and aware. The management of an economic activity requires precise knowledge of Economic situation (Revenues and costs) as Financial situation (considering needs in the short and long term). The first step is a correct confection of accounting. A well-crafted accounting also allows Planning and compliance with Fiscal obligations.<br \/>\nINTEGRAL knows that beyond the data in the Operating Account, Balance Sheet and Tax Returns, is the need to manage, so accompanied, walking next to the people who make decisions, providing them with information and help in understanding what they need to know while offering a permanent support in their performances.<br \/>\nAccompanying our universe of collective entities, consisting of Professional Associations, Federations and Associations Business Professionals and Business, it is designed to meet their own needs, as well as attention to its members, affiliates and partners. In this regard, at INTEGRAL We have a special experience in assisting &#8220;on-line&#8221;.<\/p>\n<\/div>\n<p>[\/vc_column_text][vc_column_text css=&#8221;.vc_custom_1585327616757{margin-top: 0px !important;margin-bottom: 0px !important;padding-top: 0px !important;padding-bottom: 0px !important;}&#8221; el_id=&#8221;diveconomica-confeccioncontabilidad&#8221;][\/vc_column_text]<div id=\"ultimate-heading-905469eb8126349bd\" class=\"uvc-heading ult-adjust-bottom-margin ultimate-heading-905469eb8126349bd uvc-4066 color-title\" data-hspacer=\"line_only\"  data-halign=\"left\" style=\"text-align:left\"><div class=\"uvc-main-heading ult-responsive\"  data-ultimate-target='.uvc-heading.ultimate-heading-905469eb8126349bd h2'  data-responsive-json-new='{\"font-size\":\"desktop:30px;\",\"line-height\":\"desktop:40px;\"}' ><h2 style=\"font-weight:bold;color:#333366;margin-top:25px;margin-bottom:25px;\">Confection of Accounting (The first step)<\/h2><\/div><div class=\"uvc-heading-spacer line_only\" style=\"topheight:1px;\"><span class=\"uvc-headings-line\" style=\"border-style:solid;border-bottom-width:1px;border-color:#3f4a9a;width:autopx;\"><\/span><\/div><\/div>[vc_column_text css=&#8221;.vc_custom_1601503655500{padding-top: 30px !important;padding-bottom: 30px !important;}&#8221;]<\/p>\n<div style=\"text-align: justify;\">\n<p>The first aim of our support is to ensure the proper preparation of accounting. It is essential, if accounting information is incorrect or delayed, management will be seriously resented.<br \/>\nOf course, accounting will also allow compliance with legal and fiscal obligations of the activity.<br \/>\nIn the case of affiliated or collegiate professionals you do not need to deploy a complete accounting structure, but it is advisable to generate the necessary accounting means.<\/p>\n<\/div>\n<p>[\/vc_column_text][vc_column_text css=&#8221;.vc_custom_1585327643564{margin-top: 0px !important;margin-bottom: 0px !important;padding-top: 0px !important;padding-bottom: 0px !important;}&#8221; el_id=&#8221;diveconomica-situacioneconomica&#8221;][\/vc_column_text]<div id=\"ultimate-heading-760369eb812634a9e\" class=\"uvc-heading ult-adjust-bottom-margin ultimate-heading-760369eb812634a9e uvc-3850 color-title\" data-hspacer=\"line_only\"  data-halign=\"left\" style=\"text-align:left\"><div class=\"uvc-main-heading ult-responsive\"  data-ultimate-target='.uvc-heading.ultimate-heading-760369eb812634a9e h2'  data-responsive-json-new='{\"font-size\":\"desktop:30px;\",\"line-height\":\"desktop:40px;\"}' ><h2 style=\"font-weight:bold;color:#333366;margin-top:25px;margin-bottom:25px;\">Economic Situation and Decision Making<\/h2><\/div><div class=\"uvc-heading-spacer line_only\" style=\"topheight:1px;\"><span class=\"uvc-headings-line\" style=\"border-style:solid;border-bottom-width:1px;border-color:#3f4a9a;width:autopx;\"><\/span><\/div><\/div>[vc_column_text css=&#8221;.vc_custom_1601503682264{padding-top: 30px !important;padding-bottom: 30px !important;}&#8221;]<\/p>\n<div style=\"text-align: justify;\">\n<p>Billing, revenue involved I cost generation. Understanding the relationship between income and costs and their dynamics, i.e. how expenditures evolve according to revenue, is essential to develop a real management activity.<br \/>\nAccompanying economic decision-making is part of our core action.<\/p>\n<\/div>\n<p>[\/vc_column_text][vc_column_text css=&#8221;.vc_custom_1585327652655{margin-top: 0px !important;margin-bottom: 0px !important;padding-top: 0px !important;padding-bottom: 0px !important;}&#8221; el_id=&#8221;diveconomica-situacionfinanciera&#8221;][\/vc_column_text]<div id=\"ultimate-heading-875169eb812634b66\" class=\"uvc-heading ult-adjust-bottom-margin ultimate-heading-875169eb812634b66 uvc-2613 color-title\" data-hspacer=\"line_only\"  data-halign=\"left\" style=\"text-align:left\"><div class=\"uvc-main-heading ult-responsive\"  data-ultimate-target='.uvc-heading.ultimate-heading-875169eb812634b66 h2'  data-responsive-json-new='{\"font-size\":\"desktop:30px;\",\"line-height\":\"desktop:40px;\"}' ><h2 style=\"font-weight:bold;color:#333366;margin-top:25px;margin-bottom:25px;\">Financial Position and Decision Making<\/h2><\/div><div class=\"uvc-heading-spacer line_only\" style=\"topheight:1px;\"><span class=\"uvc-headings-line\" style=\"border-style:solid;border-bottom-width:1px;border-color:#3f4a9a;width:autopx;\"><\/span><\/div><\/div>[vc_column_text css=&#8221;.vc_custom_1601503709130{padding-top: 30px !important;padding-bottom: 30px !important;}&#8221;]<\/p>\n<div style=\"text-align: justify;\">\n<p>If the economy is the engine of activity, funding is the lubricant that allows you to keep moving.<br \/>\nKnowing and understanding the financial dynamics, allows maintaining a proactive attitude, anticipating needs and, when necessary, facing in the best conditions the banking negotiation. Our support includes being present in it.<br \/>\nOur support includes being present in it.<\/p>\n<\/div>\n<p>[\/vc_column_text][vc_column_text css=&#8221;.vc_custom_1585327660586{margin-top: 0px !important;margin-bottom: 0px !important;padding-top: 0px !important;padding-bottom: 0px !important;}&#8221; el_id=&#8221;diveconomica-planificacionfiscal&#8221;][\/vc_column_text]<div id=\"ultimate-heading-257169eb812634c33\" class=\"uvc-heading ult-adjust-bottom-margin ultimate-heading-257169eb812634c33 uvc-5541 color-title\" data-hspacer=\"line_only\"  data-halign=\"left\" style=\"text-align:left\"><div class=\"uvc-main-heading ult-responsive\"  data-ultimate-target='.uvc-heading.ultimate-heading-257169eb812634c33 h2'  data-responsive-json-new='{\"font-size\":\"desktop:30px;\",\"line-height\":\"desktop:40px;\"}' ><h2 style=\"font-weight:bold;color:#333366;margin-top:25px;margin-bottom:25px;\">Fiscal planning<\/h2><\/div><div class=\"uvc-heading-spacer line_only\" style=\"topheight:1px;\"><span class=\"uvc-headings-line\" style=\"border-style:solid;border-bottom-width:1px;border-color:#3f4a9a;width:autopx;\"><\/span><\/div><\/div>[vc_column_text css=&#8221;.vc_custom_1601503730977{padding-top: 30px !important;padding-bottom: 30px !important;}&#8221;]<\/p>\n<div style=\"text-align: justify;\">\n<p>The activity management, secured correctly making economic and financial decisions, also includes Planning Fiscal understood as minimizing tax costs adding savings to a correct taxation, without leaving loose ends.<\/p>\n<\/div>\n<p>[\/vc_column_text][vc_column_text css=&#8221;.vc_custom_1585327676809{margin-top: 0px !important;margin-bottom: 0px !important;padding-top: 0px !important;padding-bottom: 0px !important;}&#8221; el_id=&#8221;diveconomica-gesti\u00f3nimpuestos&#8221;][\/vc_column_text]<div id=\"ultimate-heading-270869eb812634d5f\" class=\"uvc-heading ult-adjust-bottom-margin ultimate-heading-270869eb812634d5f uvc-594 color-title\" data-hspacer=\"line_only\"  data-halign=\"left\" style=\"text-align:left\"><div class=\"uvc-main-heading ult-responsive\"  data-ultimate-target='.uvc-heading.ultimate-heading-270869eb812634d5f h2'  data-responsive-json-new='{\"font-size\":\"desktop:30px;\",\"line-height\":\"desktop:40px;\"}' ><h2 style=\"font-weight:bold;color:#333366;margin-top:25px;margin-bottom:25px;\">Tax management and settlement<\/h2><\/div><div class=\"uvc-heading-spacer line_only\" style=\"topheight:1px;\"><span class=\"uvc-headings-line\" style=\"border-style:solid;border-bottom-width:1px;border-color:#3f4a9a;width:autopx;\"><\/span><\/div><\/div>[vc_column_text css=&#8221;.vc_custom_1601503753038{padding-top: 30px !important;padding-bottom: 30px !important;}&#8221;]<\/p>\n<div style=\"text-align: justify;\">\n<p>Tax management and settlement materializes fiscal decisions. Its incorrect completion can lead to serious repercussions.<br \/>\nOur support includes the settlement of all types of taxes, VAT, corporate, income, etc., in accordance with the legislation in force at all times.<\/p>\n<\/div>\n<p>[\/vc_column_text][vc_column_text css=&#8221;.vc_custom_1585327685550{margin-top: 0px !important;margin-bottom: 0px !important;padding-top: 0px !important;padding-bottom: 0px !important;}&#8221; el_id=&#8221;diveconomica-integracionequipos&#8221;][\/vc_column_text]<div id=\"ultimate-heading-881769eb812634e45\" class=\"uvc-heading ult-adjust-bottom-margin ultimate-heading-881769eb812634e45 uvc-631 color-title\" data-hspacer=\"line_only\"  data-halign=\"left\" style=\"text-align:left\"><div class=\"uvc-main-heading ult-responsive\"  data-ultimate-target='.uvc-heading.ultimate-heading-881769eb812634e45 h2'  data-responsive-json-new='{\"font-size\":\"desktop:30px;\",\"line-height\":\"desktop:40px;\"}' ><h2 style=\"font-weight:bold;color:#333366;margin-top:25px;margin-bottom:25px;\">Integration into Management Teams<\/h2><\/div><div class=\"uvc-heading-spacer line_only\" style=\"topheight:1px;\"><span class=\"uvc-headings-line\" style=\"border-style:solid;border-bottom-width:1px;border-color:#3f4a9a;width:autopx;\"><\/span><\/div><\/div>[vc_column_text css=&#8221;.vc_custom_1601503772603{padding-top: 30px !important;padding-bottom: 30px !important;}&#8221;]<\/p>\n<div style=\"text-align: justify;\">\n<p>Our support reaches its best expression through our integration into the Management Team of the Organization.<br \/>\nSharing and contributing our expertise in both operational decisions and the strategic scope. Adding and multiplying together.<\/p>\n<\/div>\n<p>[\/vc_column_text][vc_column_text css=&#8221;.vc_custom_1585327695282{margin-top: 0px !important;margin-bottom: 0px !important;padding-top: 0px !important;padding-bottom: 0px !important;}&#8221; el_id=&#8221;diveconomica-inicioactividad&#8221;][\/vc_column_text]<div id=\"ultimate-heading-916169eb812634f04\" class=\"uvc-heading ult-adjust-bottom-margin ultimate-heading-916169eb812634f04 uvc-7091 color-title\" data-hspacer=\"line_only\"  data-halign=\"left\" style=\"text-align:left\"><div class=\"uvc-main-heading ult-responsive\"  data-ultimate-target='.uvc-heading.ultimate-heading-916169eb812634f04 h2'  data-responsive-json-new='{\"font-size\":\"desktop:30px;\",\"line-height\":\"desktop:40px;\"}' ><h2 style=\"font-weight:bold;color:#333366;margin-top:25px;margin-bottom:25px;\">Start of Activity \/ Launch of new projects<\/h2><\/div><div class=\"uvc-heading-spacer line_only\" style=\"topheight:1px;\"><span class=\"uvc-headings-line\" style=\"border-style:solid;border-bottom-width:1px;border-color:#3f4a9a;width:autopx;\"><\/span><\/div><\/div>[vc_column_text css=&#8221;.vc_custom_1601503794608{padding-top: 30px !important;padding-bottom: 30px !important;}&#8221;]<\/p>\n<div style=\"text-align: justify;\">\n<p>The launch of new activities as well as the launch of new products or the approach of new major projects is moments that require a particular global perspective, such as that of the development of a Viability Plan.<br \/>\nEconomics, Finance and Market requires a proper combination to realize new ideas.<br \/>\nOur support is ready to respond to this with special intensity. We have participated many times in them.<\/p>\n<\/div>\n<p>[\/vc_column_text][\/vc_column][\/vc_row]<\/p>\n<\/div>","protected":false},"excerpt":{"rendered":"<p>[vc_row css=&#8221;.vc_custom_1601393902010{margin-bottom: -80px !important;}&#8221;][vc_column][vc_column_text] Professional and Business groups [\/vc_column_text][vc_column_text css=&#8221;.vc_custom_1585327593053{margin-top: 0px !important;margin-bottom: 0px !important;padding-top: 0px !important;padding-bottom: 0px !important;}&#8221; el_id=&#8221;diveconomica-acompanamientocontableconomico&#8221;][\/vc_column_text][vc_column_text css=&#8221;.vc_custom_1601503635440{padding-bottom: 30px !important;}&#8221;] The central objective of INTEGRAL\u2019s accompaniment is to make easier to take Economic, financial and fiscal decisions, to be informed and aware. The management of an economic activity requires precise knowledge of Economic&hellip;<\/p>\n","protected":false},"author":1,"featured_media":0,"parent":793,"menu_order":0,"comment_status":"closed","ping_status":"closed","template":"","meta":{"footnotes":""},"class_list":["post-1010","page","type-page","status-publish","hentry","description-off"],"yoast_head":"<!-- This site is optimized with the Yoast SEO plugin v26.9 - https:\/\/yoast.com\/product\/yoast-seo-wordpress\/ -->\n<title>Professional and Business groups - Accounting, Economic-Financial and Fiscal Accompaniment - Affectio Group<\/title>\n<meta name=\"description\" content=\"Confection of Accounting (The first step), Economic Situation and Decision Making, Financial Position and Decision Making, Fiscal planning...\" \/>\n<meta name=\"robots\" content=\"index, follow, max-snippet:-1, max-image-preview:large, max-video-preview:-1\" \/>\n<link rel=\"canonical\" href=\"https:\/\/www.affectio.es\/en\/integral\/professional-business-groups\/professional-business-groups-accounting-economic-financial-fiscal\/\" \/>\n<meta property=\"og:locale\" content=\"en_US\" \/>\n<meta property=\"og:type\" content=\"article\" \/>\n<meta property=\"og:title\" content=\"Professional and Business groups - Accounting, Economic-Financial and Fiscal Accompaniment - Affectio Group\" \/>\n<meta property=\"og:description\" content=\"Confection of Accounting (The first step), Economic Situation and Decision Making, Financial Position and Decision Making, Fiscal planning...\" \/>\n<meta property=\"og:url\" content=\"https:\/\/www.affectio.es\/en\/integral\/professional-business-groups\/professional-business-groups-accounting-economic-financial-fiscal\/\" \/>\n<meta property=\"og:site_name\" content=\"Affectio Group\" \/>\n<meta property=\"article:modified_time\" content=\"2020-10-14T08:20:38+00:00\" \/>\n<meta name=\"twitter:card\" content=\"summary_large_image\" \/>\n<meta name=\"twitter:label1\" content=\"Est. reading time\" \/>\n\t<meta name=\"twitter:data1\" content=\"7 minutes\" \/>\n<script type=\"application\/ld+json\" class=\"yoast-schema-graph\">{\"@context\":\"https:\/\/schema.org\",\"@graph\":[{\"@type\":\"WebPage\",\"@id\":\"https:\/\/www.affectio.es\/en\/integral\/professional-business-groups\/professional-business-groups-accounting-economic-financial-fiscal\/\",\"url\":\"https:\/\/www.affectio.es\/en\/integral\/professional-business-groups\/professional-business-groups-accounting-economic-financial-fiscal\/\",\"name\":\"Professional and Business groups - Accounting, Economic-Financial and Fiscal Accompaniment - Affectio Group\",\"isPartOf\":{\"@id\":\"https:\/\/www.affectio.es\/en\/#website\"},\"datePublished\":\"2020-09-29T10:20:32+00:00\",\"dateModified\":\"2020-10-14T08:20:38+00:00\",\"description\":\"Confection of Accounting (The first step), Economic Situation and Decision Making, Financial Position and Decision Making, Fiscal planning...\",\"breadcrumb\":{\"@id\":\"https:\/\/www.affectio.es\/en\/integral\/professional-business-groups\/professional-business-groups-accounting-economic-financial-fiscal\/#breadcrumb\"},\"inLanguage\":\"en-US\",\"potentialAction\":[{\"@type\":\"ReadAction\",\"target\":[\"https:\/\/www.affectio.es\/en\/integral\/professional-business-groups\/professional-business-groups-accounting-economic-financial-fiscal\/\"]}]},{\"@type\":\"BreadcrumbList\",\"@id\":\"https:\/\/www.affectio.es\/en\/integral\/professional-business-groups\/professional-business-groups-accounting-economic-financial-fiscal\/#breadcrumb\",\"itemListElement\":[{\"@type\":\"ListItem\",\"position\":1,\"name\":\"Portada\",\"item\":\"https:\/\/www.affectio.es\/en\/\"},{\"@type\":\"ListItem\",\"position\":2,\"name\":\"Integral\",\"item\":\"https:\/\/www.affectio.es\/en\/integral\/\"},{\"@type\":\"ListItem\",\"position\":3,\"name\":\"Professional and Business groups\",\"item\":\"https:\/\/www.affectio.es\/en\/integral\/colectius-professionals-empresarials\/\"},{\"@type\":\"ListItem\",\"position\":4,\"name\":\"Professional and Business groups &#8211; Accounting, Economic-Financial and Fiscal Accompaniment\"}]},{\"@type\":\"WebSite\",\"@id\":\"https:\/\/www.affectio.es\/en\/#website\",\"url\":\"https:\/\/www.affectio.es\/en\/\",\"name\":\"Affectio Group\",\"description\":\"Affectio Group es la expresi\u00f3n del v\u00ednculo entre los m\u00e1s de 30 profesionales de Integral\u00ae y de Idea Iuris\u00ae, basado en la mutua confianza y en su deseo de aunar sus contrastadas solvencia y experiencia\",\"potentialAction\":[{\"@type\":\"SearchAction\",\"target\":{\"@type\":\"EntryPoint\",\"urlTemplate\":\"https:\/\/www.affectio.es\/en\/?s={search_term_string}\"},\"query-input\":{\"@type\":\"PropertyValueSpecification\",\"valueRequired\":true,\"valueName\":\"search_term_string\"}}],\"inLanguage\":\"en-US\"}]}<\/script>\n<!-- \/ Yoast SEO plugin. -->","yoast_head_json":{"title":"Professional and Business groups - Accounting, Economic-Financial and Fiscal Accompaniment - Affectio Group","description":"Confection of Accounting (The first step), Economic Situation and Decision Making, Financial Position and Decision Making, Fiscal planning...","robots":{"index":"index","follow":"follow","max-snippet":"max-snippet:-1","max-image-preview":"max-image-preview:large","max-video-preview":"max-video-preview:-1"},"canonical":"https:\/\/www.affectio.es\/en\/integral\/professional-business-groups\/professional-business-groups-accounting-economic-financial-fiscal\/","og_locale":"en_US","og_type":"article","og_title":"Professional and Business groups - Accounting, Economic-Financial and Fiscal Accompaniment - Affectio Group","og_description":"Confection of Accounting (The first step), Economic Situation and Decision Making, Financial Position and Decision Making, Fiscal planning...","og_url":"https:\/\/www.affectio.es\/en\/integral\/professional-business-groups\/professional-business-groups-accounting-economic-financial-fiscal\/","og_site_name":"Affectio Group","article_modified_time":"2020-10-14T08:20:38+00:00","twitter_card":"summary_large_image","twitter_misc":{"Est. reading time":"7 minutes"},"schema":{"@context":"https:\/\/schema.org","@graph":[{"@type":"WebPage","@id":"https:\/\/www.affectio.es\/en\/integral\/professional-business-groups\/professional-business-groups-accounting-economic-financial-fiscal\/","url":"https:\/\/www.affectio.es\/en\/integral\/professional-business-groups\/professional-business-groups-accounting-economic-financial-fiscal\/","name":"Professional and Business groups - Accounting, Economic-Financial and Fiscal Accompaniment - Affectio Group","isPartOf":{"@id":"https:\/\/www.affectio.es\/en\/#website"},"datePublished":"2020-09-29T10:20:32+00:00","dateModified":"2020-10-14T08:20:38+00:00","description":"Confection of Accounting (The first step), Economic Situation and Decision Making, Financial Position and Decision Making, Fiscal planning...","breadcrumb":{"@id":"https:\/\/www.affectio.es\/en\/integral\/professional-business-groups\/professional-business-groups-accounting-economic-financial-fiscal\/#breadcrumb"},"inLanguage":"en-US","potentialAction":[{"@type":"ReadAction","target":["https:\/\/www.affectio.es\/en\/integral\/professional-business-groups\/professional-business-groups-accounting-economic-financial-fiscal\/"]}]},{"@type":"BreadcrumbList","@id":"https:\/\/www.affectio.es\/en\/integral\/professional-business-groups\/professional-business-groups-accounting-economic-financial-fiscal\/#breadcrumb","itemListElement":[{"@type":"ListItem","position":1,"name":"Portada","item":"https:\/\/www.affectio.es\/en\/"},{"@type":"ListItem","position":2,"name":"Integral","item":"https:\/\/www.affectio.es\/en\/integral\/"},{"@type":"ListItem","position":3,"name":"Professional and Business groups","item":"https:\/\/www.affectio.es\/en\/integral\/colectius-professionals-empresarials\/"},{"@type":"ListItem","position":4,"name":"Professional and Business groups &#8211; Accounting, Economic-Financial and Fiscal Accompaniment"}]},{"@type":"WebSite","@id":"https:\/\/www.affectio.es\/en\/#website","url":"https:\/\/www.affectio.es\/en\/","name":"Affectio Group","description":"Affectio Group es la expresi\u00f3n del v\u00ednculo entre los m\u00e1s de 30 profesionales de Integral\u00ae y de Idea Iuris\u00ae, basado en la mutua confianza y en su deseo de aunar sus contrastadas solvencia y experiencia","potentialAction":[{"@type":"SearchAction","target":{"@type":"EntryPoint","urlTemplate":"https:\/\/www.affectio.es\/en\/?s={search_term_string}"},"query-input":{"@type":"PropertyValueSpecification","valueRequired":true,"valueName":"search_term_string"}}],"inLanguage":"en-US"}]}},"_links":{"self":[{"href":"https:\/\/www.affectio.es\/en\/wp-json\/wp\/v2\/pages\/1010","targetHints":{"allow":["GET"]}}],"collection":[{"href":"https:\/\/www.affectio.es\/en\/wp-json\/wp\/v2\/pages"}],"about":[{"href":"https:\/\/www.affectio.es\/en\/wp-json\/wp\/v2\/types\/page"}],"author":[{"embeddable":true,"href":"https:\/\/www.affectio.es\/en\/wp-json\/wp\/v2\/users\/1"}],"replies":[{"embeddable":true,"href":"https:\/\/www.affectio.es\/en\/wp-json\/wp\/v2\/comments?post=1010"}],"version-history":[{"count":3,"href":"https:\/\/www.affectio.es\/en\/wp-json\/wp\/v2\/pages\/1010\/revisions"}],"predecessor-version":[{"id":1028,"href":"https:\/\/www.affectio.es\/en\/wp-json\/wp\/v2\/pages\/1010\/revisions\/1028"}],"up":[{"embeddable":true,"href":"https:\/\/www.affectio.es\/en\/wp-json\/wp\/v2\/pages\/793"}],"wp:attachment":[{"href":"https:\/\/www.affectio.es\/en\/wp-json\/wp\/v2\/media?parent=1010"}],"curies":[{"name":"wp","href":"https:\/\/api.w.org\/{rel}","templated":true}]}}