{"id":985,"date":"2020-09-29T10:26:01","date_gmt":"2020-09-29T10:26:01","guid":{"rendered":"https:\/\/www.affectio.es\/integral\/escoles-centres-educatius\/escuelas-y-centros-educativos-implantacion-del-sello-de-innovacion-educativa-smart\/"},"modified":"2020-10-14T09:29:11","modified_gmt":"2020-10-14T09:29:11","slug":"escoles-centres-educatius-implantacio-segell-innovacio-educativa-smart","status":"publish","type":"page","link":"https:\/\/www.affectio.es\/ca\/integral\/escoles-centres-educatius\/escoles-centres-educatius-implantacio-segell-innovacio-educativa-smart\/","title":{"rendered":"Escoles i Centres Educatius &#8211; Implantaci\u00f3 del Segell d&#8217;innovaci\u00f3 educativa Smart"},"content":{"rendered":"<div class=\"wpb-content-wrapper\"><p>[vc_row css=&#8221;.vc_custom_1601393550421{margin-bottom: -80px !important;}&#8221;][vc_column][vc_column_text]<\/p>\n<h1><span style=\"color: #2a2a69;\">Escoles i Centres Educatius<\/span><\/h1>\n<p>[\/vc_column_text][vc_column_text css=&#8221;.vc_custom_1585329180306{margin-top: 0px !important;margin-bottom: 0px !important;padding-top: 0px !important;padding-bottom: 0px !important;}&#8221; el_id=&#8221;divconsultoria-actividadcomercialymarketing&#8221;][\/vc_column_text]<div id=\"ultimate-heading-799769eb57486f185\" class=\"uvc-heading ult-adjust-bottom-margin ultimate-heading-799769eb57486f185 uvc-3596 color-title\" data-hspacer=\"no_spacer\"  data-halign=\"left\" style=\"text-align:left\"><div class=\"uvc-heading-spacer no_spacer\" style=\"top\"><\/div><div class=\"uvc-main-heading ult-responsive\"  data-ultimate-target='.uvc-heading.ultimate-heading-799769eb57486f185 h2'  data-responsive-json-new='{\"font-size\":\"desktop:30px;\",\"line-height\":\"desktop:40px;\"}' ><h2 style=\"font-weight:bold;color:#28a7fb;margin-top:25px;margin-bottom:25px;\">Implantaci\u00f3 del Segell d'innovaci\u00f3 educativa Smart<\/h2><\/div><\/div>[vc_column_text css=&#8221;.vc_custom_1601501714562{padding-bottom: 30px !important;}&#8221;]<\/p>\n<div style=\"text-align: justify;\">\n<p>La nostra divisi\u00f3 de consultoria compta amb un equip dotat d\u2019\u00e0mplia experi\u00e8ncia en l&#8217;acompanyament i assessorament a escoles i centres educatius. L&#8217;actuaci\u00f3 del nostre equip consultor es focalitza en la implantaci\u00f3 de projectes en \u00e0rees com l&#8217;estrat\u00e8gia, la millora de l&#8217;activitat comercial i i del m\u00e0rqueting, les persones i la innovaci\u00f3.<br \/>\nSom partners de Fundaci\u00f3 Tr@ms per a la implantaci\u00f3 a les escoles i centres educatius del <a href=\"https:\/\/www.segellsmart.org\" target=\"_blank\" rel=\"noopener noreferrer\">Segell SMART<\/a> com a marc d&#8217;excel\u00b7l\u00e8ncia educativa en els \u00e0mbits d&#8217;estrat\u00e8gia, gesti\u00f3, comunitat educativa, producte, comunicaci\u00f3 i m\u00e0rqueting.<\/p>\n<\/div>\n<p>[\/vc_column_text][vc_column_text css=&#8221;.vc_custom_1585329191387{margin-top: 0px !important;margin-bottom: 0px !important;padding-top: 0px !important;padding-bottom: 0px !important;}&#8221; el_id=&#8221;divconsultoria-actividadcomercial&#8221;][\/vc_column_text]<div id=\"ultimate-heading-945269eb57486f263\" class=\"uvc-heading ult-adjust-bottom-margin ultimate-heading-945269eb57486f263 uvc-5487 color-title\" data-hspacer=\"line_only\"  data-halign=\"left\" style=\"text-align:left\"><div class=\"uvc-main-heading ult-responsive\"  data-ultimate-target='.uvc-heading.ultimate-heading-945269eb57486f263 h2'  data-responsive-json-new='{\"font-size\":\"desktop:30px;\",\"line-height\":\"desktop:40px;\"}' ><h2 style=\"font-weight:bold;color:#333366;margin-top:25px;margin-bottom:25px;\">Implantaci\u00f3 del Segell SMART (co-creaci\u00f3 Fundaci\u00f3 Tr@ms - Entitat validadora UOC)<\/h2><\/div><div class=\"uvc-heading-spacer line_only\" style=\"topheight:1px;\"><span class=\"uvc-headings-line\" style=\"border-style:solid;border-bottom-width:1px;border-color:#3f4a9a;width:autopx;\"><\/span><\/div><\/div>[vc_column_text css=&#8221;.vc_custom_1602667732293{padding-top: 30px !important;padding-bottom: 30px !important;}&#8221;]<\/p>\n<div style=\"text-align: justify;\">\n<p>Acompanyem les escoles durant el proc\u00e9s d&#8217;implantaci\u00f3 i acreditaci\u00f3 del segell SMART, consistent a establir un marc com\u00fa per promoure a les escoles un alt nivell de qualitat educativa i d\u2019innovaci\u00f3 des d&#8217;una \u00f2ptica global d&#8217;actuaci\u00f3.<\/p>\n<p>Segell SMART<br \/>\n\u00c0mbits que es desenvolupen en el <a href=\"https:\/\/www.segellsmart.org\" target=\"_blank\" rel=\"noopener noreferrer\">Segell SMART<\/a>:<\/p>\n<p><strong>\u2022 Comunitat educativa.<\/strong><br \/>\nFacilitar la implicaci\u00f3 i la motivaci\u00f3 de l&#8217;equip docent, desplegant aspectes tan importants com la formaci\u00f3, l&#8217;autonomia en el desenvolupament d&#8217;activitats, aix\u00ed com la gesti\u00f3 del coneixement i la relaci\u00f3 amb el centre educatiu, en un marc de millora i de participaci\u00f3.<\/p>\n<p><strong>\u2022 Els alumnes.<\/strong><br \/>\nAcompanyament integral a l&#8217;alumne, a la qualitat de la seva formaci\u00f3, la integraci\u00f3 de valors i la disponibilitat d&#8217;ambients de treball que ajuden a la participaci\u00f3 i a la creativitat dels alumnes.<\/p>\n<p><strong>\u2022 Societat.<\/strong><br \/>\nEnfortiment de la relaci\u00f3 de l&#8217;escola amb la societat i els seus grups d&#8217;inter\u00e8s per assegurar una flu\u00efdesa en la comunicaci\u00f3 i en la presentaci\u00f3 activa dels elements diferenciadors i de valor que l&#8217;escola aporta en els \u00e0mbits en qu\u00e8 genera impacte. El desplegament de les diverses l\u00ednies d&#8217;actuaci\u00f3 plantejades han de facilitar a l&#8217;escola posicionar-se com la millor alternativa en l\u2019elecci\u00f3 de les fam\u00edlies.<\/p>\n<p><strong>\u2022 Producte i metodologies.<\/strong><br \/>\nMillora de la qualitat educativa de l&#8217;escola, i integraci\u00f3 en l&#8217;alumne de les compet\u00e8ncies i habilitats necess\u00e0ries per adaptar-se i aprofitar les oportunitats d&#8217;un entorn din\u00e0mic, fomentant la innovaci\u00f3 pedag\u00f2gica i la utilitzaci\u00f3 de la tecnologia i dels idiomes de forma integral.<\/p>\n<\/div>\n<p>[\/vc_column_text][\/vc_column][\/vc_row]<\/p>\n<\/div>","protected":false},"excerpt":{"rendered":"<p>[vc_row css=&#8221;.vc_custom_1601393550421{margin-bottom: -80px !important;}&#8221;][vc_column][vc_column_text] Escoles i Centres Educatius [\/vc_column_text][vc_column_text css=&#8221;.vc_custom_1585329180306{margin-top: 0px !important;margin-bottom: 0px !important;padding-top: 0px !important;padding-bottom: 0px !important;}&#8221; el_id=&#8221;divconsultoria-actividadcomercialymarketing&#8221;][\/vc_column_text][vc_column_text css=&#8221;.vc_custom_1601501714562{padding-bottom: 30px !important;}&#8221;] La nostra divisi\u00f3 de consultoria compta amb un equip dotat d\u2019\u00e0mplia experi\u00e8ncia en l&#8217;acompanyament i assessorament a escoles i centres educatius. L&#8217;actuaci\u00f3 del nostre equip consultor es focalitza en la implantaci\u00f3 de projectes&hellip;<\/p>\n","protected":false},"author":1,"featured_media":0,"parent":797,"menu_order":0,"comment_status":"closed","ping_status":"closed","template":"","meta":{"footnotes":""},"class_list":["post-985","page","type-page","status-publish","hentry","description-off"],"yoast_head":"<!-- This site is optimized with the Yoast SEO plugin v26.9 - https:\/\/yoast.com\/product\/yoast-seo-wordpress\/ -->\n<title>Escoles i Centres Educatius - Implantaci\u00f3 del Segell d&#039;innovaci\u00f3 educativa Smart - Affectio Group<\/title>\n<meta name=\"description\" content=\"Acompanyem les escoles durant el proc\u00e9s d\u2019implantaci\u00f3 i acreditaci\u00f3 del segell SMART, consistent a establir un marc com\u00fa per promoure...\" \/>\n<meta name=\"robots\" content=\"index, follow, max-snippet:-1, max-image-preview:large, max-video-preview:-1\" \/>\n<link rel=\"canonical\" href=\"https:\/\/www.affectio.es\/ca\/integral\/escoles-centres-educatius\/escoles-centres-educatius-implantacio-segell-innovacio-educativa-smart\/\" \/>\n<meta property=\"og:locale\" content=\"ca_ES\" \/>\n<meta property=\"og:type\" content=\"article\" \/>\n<meta property=\"og:title\" content=\"Escoles i Centres Educatius - Implantaci\u00f3 del Segell d&#039;innovaci\u00f3 educativa Smart - Affectio Group\" \/>\n<meta property=\"og:description\" content=\"Acompanyem les escoles durant el proc\u00e9s d\u2019implantaci\u00f3 i acreditaci\u00f3 del segell SMART, consistent a establir un marc com\u00fa per promoure...\" \/>\n<meta property=\"og:url\" content=\"https:\/\/www.affectio.es\/ca\/integral\/escoles-centres-educatius\/escoles-centres-educatius-implantacio-segell-innovacio-educativa-smart\/\" \/>\n<meta property=\"og:site_name\" content=\"Affectio Group\" \/>\n<meta property=\"article:modified_time\" content=\"2020-10-14T09:29:11+00:00\" \/>\n<meta name=\"twitter:card\" content=\"summary_large_image\" \/>\n<meta name=\"twitter:label1\" content=\"Temps estimat de lectura\" \/>\n\t<meta name=\"twitter:data1\" content=\"3 minuts\" \/>\n<script type=\"application\/ld+json\" class=\"yoast-schema-graph\">{\"@context\":\"https:\/\/schema.org\",\"@graph\":[{\"@type\":\"WebPage\",\"@id\":\"https:\/\/www.affectio.es\/ca\/integral\/escoles-centres-educatius\/escoles-centres-educatius-implantacio-segell-innovacio-educativa-smart\/\",\"url\":\"https:\/\/www.affectio.es\/ca\/integral\/escoles-centres-educatius\/escoles-centres-educatius-implantacio-segell-innovacio-educativa-smart\/\",\"name\":\"Escoles i Centres Educatius - Implantaci\u00f3 del Segell d'innovaci\u00f3 educativa Smart - Affectio Group\",\"isPartOf\":{\"@id\":\"https:\/\/www.affectio.es\/ca\/#website\"},\"datePublished\":\"2020-09-29T10:26:01+00:00\",\"dateModified\":\"2020-10-14T09:29:11+00:00\",\"description\":\"Acompanyem les escoles durant el proc\u00e9s d\u2019implantaci\u00f3 i acreditaci\u00f3 del segell SMART, consistent a establir un marc com\u00fa per promoure...\",\"breadcrumb\":{\"@id\":\"https:\/\/www.affectio.es\/ca\/integral\/escoles-centres-educatius\/escoles-centres-educatius-implantacio-segell-innovacio-educativa-smart\/#breadcrumb\"},\"inLanguage\":\"ca\",\"potentialAction\":[{\"@type\":\"ReadAction\",\"target\":[\"https:\/\/www.affectio.es\/ca\/integral\/escoles-centres-educatius\/escoles-centres-educatius-implantacio-segell-innovacio-educativa-smart\/\"]}]},{\"@type\":\"BreadcrumbList\",\"@id\":\"https:\/\/www.affectio.es\/ca\/integral\/escoles-centres-educatius\/escoles-centres-educatius-implantacio-segell-innovacio-educativa-smart\/#breadcrumb\",\"itemListElement\":[{\"@type\":\"ListItem\",\"position\":1,\"name\":\"Portada\",\"item\":\"https:\/\/www.affectio.es\/ca\/\"},{\"@type\":\"ListItem\",\"position\":2,\"name\":\"Integral\",\"item\":\"https:\/\/www.affectio.es\/ca\/integral\/\"},{\"@type\":\"ListItem\",\"position\":3,\"name\":\"Escoles i centres educatius\",\"item\":\"https:\/\/www.affectio.es\/ca\/integral\/escoles-centres-educatius\/\"},{\"@type\":\"ListItem\",\"position\":4,\"name\":\"Escoles i Centres Educatius &#8211; Implantaci\u00f3 del Segell d&#8217;innovaci\u00f3 educativa Smart\"}]},{\"@type\":\"WebSite\",\"@id\":\"https:\/\/www.affectio.es\/ca\/#website\",\"url\":\"https:\/\/www.affectio.es\/ca\/\",\"name\":\"Affectio Group\",\"description\":\"Affectio Group es la expresi\u00f3n del v\u00ednculo entre los m\u00e1s de 30 profesionales de Integral\u00ae y de Idea Iuris\u00ae, basado en la mutua confianza y en su deseo de aunar sus contrastadas solvencia y experiencia\",\"potentialAction\":[{\"@type\":\"SearchAction\",\"target\":{\"@type\":\"EntryPoint\",\"urlTemplate\":\"https:\/\/www.affectio.es\/ca\/?s={search_term_string}\"},\"query-input\":{\"@type\":\"PropertyValueSpecification\",\"valueRequired\":true,\"valueName\":\"search_term_string\"}}],\"inLanguage\":\"ca\"}]}<\/script>\n<!-- \/ Yoast SEO plugin. -->","yoast_head_json":{"title":"Escoles i Centres Educatius - Implantaci\u00f3 del Segell d'innovaci\u00f3 educativa Smart - Affectio Group","description":"Acompanyem les escoles durant el proc\u00e9s d\u2019implantaci\u00f3 i acreditaci\u00f3 del segell SMART, consistent a establir un marc com\u00fa per promoure...","robots":{"index":"index","follow":"follow","max-snippet":"max-snippet:-1","max-image-preview":"max-image-preview:large","max-video-preview":"max-video-preview:-1"},"canonical":"https:\/\/www.affectio.es\/ca\/integral\/escoles-centres-educatius\/escoles-centres-educatius-implantacio-segell-innovacio-educativa-smart\/","og_locale":"ca_ES","og_type":"article","og_title":"Escoles i Centres Educatius - Implantaci\u00f3 del Segell d'innovaci\u00f3 educativa Smart - Affectio Group","og_description":"Acompanyem les escoles durant el proc\u00e9s d\u2019implantaci\u00f3 i acreditaci\u00f3 del segell SMART, consistent a establir un marc com\u00fa per promoure...","og_url":"https:\/\/www.affectio.es\/ca\/integral\/escoles-centres-educatius\/escoles-centres-educatius-implantacio-segell-innovacio-educativa-smart\/","og_site_name":"Affectio Group","article_modified_time":"2020-10-14T09:29:11+00:00","twitter_card":"summary_large_image","twitter_misc":{"Temps estimat de lectura":"3 minuts"},"schema":{"@context":"https:\/\/schema.org","@graph":[{"@type":"WebPage","@id":"https:\/\/www.affectio.es\/ca\/integral\/escoles-centres-educatius\/escoles-centres-educatius-implantacio-segell-innovacio-educativa-smart\/","url":"https:\/\/www.affectio.es\/ca\/integral\/escoles-centres-educatius\/escoles-centres-educatius-implantacio-segell-innovacio-educativa-smart\/","name":"Escoles i Centres Educatius - Implantaci\u00f3 del Segell d'innovaci\u00f3 educativa Smart - Affectio Group","isPartOf":{"@id":"https:\/\/www.affectio.es\/ca\/#website"},"datePublished":"2020-09-29T10:26:01+00:00","dateModified":"2020-10-14T09:29:11+00:00","description":"Acompanyem les escoles durant el proc\u00e9s d\u2019implantaci\u00f3 i acreditaci\u00f3 del segell SMART, consistent a establir un marc com\u00fa per promoure...","breadcrumb":{"@id":"https:\/\/www.affectio.es\/ca\/integral\/escoles-centres-educatius\/escoles-centres-educatius-implantacio-segell-innovacio-educativa-smart\/#breadcrumb"},"inLanguage":"ca","potentialAction":[{"@type":"ReadAction","target":["https:\/\/www.affectio.es\/ca\/integral\/escoles-centres-educatius\/escoles-centres-educatius-implantacio-segell-innovacio-educativa-smart\/"]}]},{"@type":"BreadcrumbList","@id":"https:\/\/www.affectio.es\/ca\/integral\/escoles-centres-educatius\/escoles-centres-educatius-implantacio-segell-innovacio-educativa-smart\/#breadcrumb","itemListElement":[{"@type":"ListItem","position":1,"name":"Portada","item":"https:\/\/www.affectio.es\/ca\/"},{"@type":"ListItem","position":2,"name":"Integral","item":"https:\/\/www.affectio.es\/ca\/integral\/"},{"@type":"ListItem","position":3,"name":"Escoles i centres educatius","item":"https:\/\/www.affectio.es\/ca\/integral\/escoles-centres-educatius\/"},{"@type":"ListItem","position":4,"name":"Escoles i Centres Educatius &#8211; Implantaci\u00f3 del Segell d&#8217;innovaci\u00f3 educativa Smart"}]},{"@type":"WebSite","@id":"https:\/\/www.affectio.es\/ca\/#website","url":"https:\/\/www.affectio.es\/ca\/","name":"Affectio Group","description":"Affectio Group es la expresi\u00f3n del v\u00ednculo entre los m\u00e1s de 30 profesionales de Integral\u00ae y de Idea Iuris\u00ae, basado en la mutua confianza y en su deseo de aunar sus contrastadas solvencia y experiencia","potentialAction":[{"@type":"SearchAction","target":{"@type":"EntryPoint","urlTemplate":"https:\/\/www.affectio.es\/ca\/?s={search_term_string}"},"query-input":{"@type":"PropertyValueSpecification","valueRequired":true,"valueName":"search_term_string"}}],"inLanguage":"ca"}]}},"_links":{"self":[{"href":"https:\/\/www.affectio.es\/ca\/wp-json\/wp\/v2\/pages\/985","targetHints":{"allow":["GET"]}}],"collection":[{"href":"https:\/\/www.affectio.es\/ca\/wp-json\/wp\/v2\/pages"}],"about":[{"href":"https:\/\/www.affectio.es\/ca\/wp-json\/wp\/v2\/types\/page"}],"author":[{"embeddable":true,"href":"https:\/\/www.affectio.es\/ca\/wp-json\/wp\/v2\/users\/1"}],"replies":[{"embeddable":true,"href":"https:\/\/www.affectio.es\/ca\/wp-json\/wp\/v2\/comments?post=985"}],"version-history":[{"count":4,"href":"https:\/\/www.affectio.es\/ca\/wp-json\/wp\/v2\/pages\/985\/revisions"}],"predecessor-version":[{"id":1348,"href":"https:\/\/www.affectio.es\/ca\/wp-json\/wp\/v2\/pages\/985\/revisions\/1348"}],"up":[{"embeddable":true,"href":"https:\/\/www.affectio.es\/ca\/wp-json\/wp\/v2\/pages\/797"}],"wp:attachment":[{"href":"https:\/\/www.affectio.es\/ca\/wp-json\/wp\/v2\/media?parent=985"}],"curies":[{"name":"wp","href":"https:\/\/api.w.org\/{rel}","templated":true}]}}