{"id":914,"date":"2020-09-29T10:24:35","date_gmt":"2020-09-29T10:24:35","guid":{"rendered":"https:\/\/www.affectio.es\/integral\/economia-social\/economia-social-actividad-comercial-y-marketing\/"},"modified":"2020-10-14T09:06:30","modified_gmt":"2020-10-14T09:06:30","slug":"economia-social-activitat-comercial-marqueting","status":"publish","type":"page","link":"https:\/\/www.affectio.es\/ca\/integral\/economia-social\/economia-social-activitat-comercial-marqueting\/","title":{"rendered":"Economia Social &#8211; Activitat comercial i m\u00e0rqueting"},"content":{"rendered":"<div class=\"wpb-content-wrapper\"><p>[vc_row][vc_column][vc_column_text]<\/p>\n<h1><span style=\"color: #2a2a69;\">Economia social<\/span><\/h1>\n<p>[\/vc_column_text][vc_column_text css=&#8221;.vc_custom_1585329180306{margin-top: 0px !important;margin-bottom: 0px !important;padding-top: 0px !important;padding-bottom: 0px !important;}&#8221; el_id=&#8221;divconsultoria-actividadcomercialymarketing&#8221;][\/vc_column_text]<div id=\"ultimate-heading-88969eb5990a4071\" class=\"uvc-heading ult-adjust-bottom-margin ultimate-heading-88969eb5990a4071 uvc-689 color-title\" data-hspacer=\"no_spacer\"  data-halign=\"left\" style=\"text-align:left\"><div class=\"uvc-heading-spacer no_spacer\" style=\"top\"><\/div><div class=\"uvc-main-heading ult-responsive\"  data-ultimate-target='.uvc-heading.ultimate-heading-88969eb5990a4071 h2'  data-responsive-json-new='{\"font-size\":\"desktop:30px;\",\"line-height\":\"desktop:40px;\"}' ><h2 style=\"font-weight:bold;color:#28a7fb;margin-top:25px;margin-bottom:25px;\">Activitat comercial i m\u00e0rqueting<\/h2><\/div><\/div>[vc_column_text css=&#8221;.vc_custom_1601497247953{padding-bottom: 30px !important;}&#8221;]<\/p>\n<div style=\"text-align: justify;\">\n<p>El nostre equip disposa d\u2019experts amb una \u00e0mplia experi\u00e8ncia en l&#8217;acompanyament i assessorament a empreses i entitats, especialment de petita i mitjana dimensi\u00f3. La nostra filosofia de treball es basa en la proximitat, la flexibilitat i el rigor professional.<br \/>\nEl nostre assessorament identifica les necessitats dels nostres clients implantant solucions pr\u00e0ctiques i realistes per a cada situaci\u00f3. Tots els projectes s\u00f3n dirigits per consultors s\u00e8niors, que compten amb el suport de m\u00e9s de 30 professionals especialitzats en els diversos camps de coneixement vinculats a l&#8217;empresa.<\/p>\n<\/div>\n<p>[\/vc_column_text][vc_column_text css=&#8221;.vc_custom_1585329191387{margin-top: 0px !important;margin-bottom: 0px !important;padding-top: 0px !important;padding-bottom: 0px !important;}&#8221; el_id=&#8221;divconsultoria-actividadcomercial&#8221;][\/vc_column_text]<div id=\"ultimate-heading-209069eb5990a41d3\" class=\"uvc-heading ult-adjust-bottom-margin ultimate-heading-209069eb5990a41d3 uvc-7072 color-title\" data-hspacer=\"line_only\"  data-halign=\"left\" style=\"text-align:left\"><div class=\"uvc-main-heading ult-responsive\"  data-ultimate-target='.uvc-heading.ultimate-heading-209069eb5990a41d3 h2'  data-responsive-json-new='{\"font-size\":\"desktop:30px;\",\"line-height\":\"desktop:40px;\"}' ><h2 style=\"font-weight:bold;color:#333366;margin-top:25px;margin-bottom:25px;\">Activitat comercial<\/h2><\/div><div class=\"uvc-heading-spacer line_only\" style=\"topheight:1px;\"><span class=\"uvc-headings-line\" style=\"border-style:solid;border-bottom-width:1px;border-color:#3f4a9a;width:autopx;\"><\/span><\/div><\/div>[vc_column_text css=&#8221;.vc_custom_1601497294271{padding-top: 30px !important;padding-bottom: 30px !important;}&#8221;]<\/p>\n<div style=\"text-align: justify;\">\n<p><strong>\u2022 Millora de les vendes i de l&#8217;activitat comercial.<\/strong><br \/>\nDefinim estrat\u00e8gies concretes i pr\u00e0ctiques, utilitzant les eines necess\u00e0ries per millorar les vendes, la gesti\u00f3 i la segmentaci\u00f3 de clients, la generaci\u00f3 d&#8217;argumentaris de venda, i el reenfocament de la cartera de productes i serveis a partir de criteris de rendibilitat i rotaci\u00f3.<br \/>\n<strong>\u2022 Reestructuraci\u00f3 de el departament comercial i focalitzaci\u00f3 dels objectius comercials. <\/strong><br \/>\nTreballem conjuntament amb la Direcci\u00f3 de l&#8217;empresa i el responsable del departament Comercial per definir els punts de millora vinculats a una actuaci\u00f3 proactiva que faciliti la consecuci\u00f3 dels objectius comercials, com poden ser la captaci\u00f3 de nous clients, la generaci\u00f3 d&#8217;oportunitats de negoci, o l&#8217;entrada en nous mercats i canals de venda.<br \/>\n<strong>\u2022 Dinamitzaci\u00f3 d&#8217;equips comercials.<\/strong><br \/>\nAcompanyem els equips comercials per millorar l&#8217;efici\u00e8ncia de les seves accions, a trav\u00e9s d&#8217;una estructura que permeti l&#8217;adequada coordinaci\u00f3, aix\u00ed com impulsar la seva proactivitat i capacitat de resposta per generar oportunitats de negoci, assegurar-ne el seguiment i millorar les probabilitats d&#8217;\u00e8xit.<br \/>\n<strong>\u2022 Sistemes de retribuci\u00f3 espec\u00edfics per al departament comercial.<\/strong><br \/>\nDissenyem sistemes de retribuci\u00f3 variable per objectius que permeten relacions win &#8211; win per a l&#8217;empresa i el seu equip comercial, assegurant d&#8217;aquesta manera que la massa salarial del departament s&#8217;alinea amb els resultats de facturaci\u00f3, marge i generaci\u00f3 de nou negoci de l&#8217;empresa.<\/p>\n<\/div>\n<p>[\/vc_column_text][vc_column_text css=&#8221;.vc_custom_1585329202806{margin-top: 0px !important;margin-bottom: 0px !important;padding-top: 0px !important;padding-bottom: 0px !important;}&#8221; el_id=&#8221;divconsultoria-marketing&#8221;][\/vc_column_text]<div id=\"ultimate-heading-737869eb5990a42a9\" class=\"uvc-heading ult-adjust-bottom-margin ultimate-heading-737869eb5990a42a9 uvc-4622 color-title\" data-hspacer=\"line_only\"  data-halign=\"left\" style=\"text-align:left\"><div class=\"uvc-main-heading ult-responsive\"  data-ultimate-target='.uvc-heading.ultimate-heading-737869eb5990a42a9 h2'  data-responsive-json-new='{\"font-size\":\"desktop:30px;\",\"line-height\":\"desktop:40px;\"}' ><h2 style=\"font-weight:bold;color:#333366;margin-top:25px;margin-bottom:25px;\">M\u00e0rqueting<\/h2><\/div><div class=\"uvc-heading-spacer line_only\" style=\"topheight:1px;\"><span class=\"uvc-headings-line\" style=\"border-style:solid;border-bottom-width:1px;border-color:#3f4a9a;width:autopx;\"><\/span><\/div><\/div>[vc_column_text css=&#8221;.vc_custom_1601497328166{padding-top: 30px !important;padding-bottom: 30px !important;}&#8221;]<\/p>\n<div style=\"text-align: justify;\">\n<p><strong>\u2022 Estrat\u00e8gia de M\u00e0rqueting.<\/strong><br \/>\nAcompanyem en la definici\u00f3 i implantaci\u00f3 de l&#8217;estrat\u00e8gia de m\u00e0rqueting per millorar el posicionament i la visibilitat de l&#8217;empresa, de la seva proposta de valor, i dels seus productes i serveis, sempre des d&#8217;una perspectiva d&#8217;utilitzaci\u00f3 dels recursos adequats i dimensionats a les possibilitats reals de l&#8217;organitzaci\u00f3.<br \/>\n<strong>\u2022 Proposta de valor i reenfocament de la comunicaci\u00f3 i del m\u00e0rqueting.<\/strong><br \/>\nAjudem a l&#8217;organitzaci\u00f3 o identificar i\/o reenfocar la seva proposta de valor, i a focalitzar els seus missatges en accions de comunicaci\u00f3 i de m\u00e0rqueting, considerant les caracter\u00edstiques i necessitats espec\u00edfiques dels clients i mercats objectius.<\/p>\n<\/div>\n<p>[\/vc_column_text][\/vc_column][\/vc_row]<\/p>\n<\/div>","protected":false},"excerpt":{"rendered":"<p>[vc_row][vc_column][vc_column_text] Economia social [\/vc_column_text][vc_column_text css=&#8221;.vc_custom_1585329180306{margin-top: 0px !important;margin-bottom: 0px !important;padding-top: 0px !important;padding-bottom: 0px !important;}&#8221; el_id=&#8221;divconsultoria-actividadcomercialymarketing&#8221;][\/vc_column_text][vc_column_text css=&#8221;.vc_custom_1601497247953{padding-bottom: 30px !important;}&#8221;] El nostre equip disposa d\u2019experts amb una \u00e0mplia experi\u00e8ncia en l&#8217;acompanyament i assessorament a empreses i entitats, especialment de petita i mitjana dimensi\u00f3. La nostra filosofia de treball es basa en la proximitat, la flexibilitat i el rigor&hellip;<\/p>\n","protected":false},"author":1,"featured_media":0,"parent":809,"menu_order":0,"comment_status":"closed","ping_status":"closed","template":"","meta":{"footnotes":""},"class_list":["post-914","page","type-page","status-publish","hentry","description-off"],"yoast_head":"<!-- This site is optimized with the Yoast SEO plugin v26.9 - https:\/\/yoast.com\/product\/yoast-seo-wordpress\/ -->\n<title>Economia Social - Activitat comercial i m\u00e0rqueting - Affectio Group<\/title>\n<meta name=\"description\" content=\"El nostre equip disposa d\u2019experts amb una \u00e0mplia experi\u00e8ncia en l\u2019acompanyament i assessorament a empreses i entitats, especialment de...\" \/>\n<meta name=\"robots\" content=\"index, follow, max-snippet:-1, max-image-preview:large, max-video-preview:-1\" \/>\n<link rel=\"canonical\" href=\"https:\/\/www.affectio.es\/ca\/integral\/economia-social\/economia-social-activitat-comercial-marqueting\/\" \/>\n<meta property=\"og:locale\" content=\"ca_ES\" \/>\n<meta property=\"og:type\" content=\"article\" \/>\n<meta property=\"og:title\" content=\"Economia Social - Activitat comercial i m\u00e0rqueting - Affectio Group\" \/>\n<meta property=\"og:description\" content=\"El nostre equip disposa d\u2019experts amb una \u00e0mplia experi\u00e8ncia en l\u2019acompanyament i assessorament a empreses i entitats, especialment de...\" \/>\n<meta property=\"og:url\" content=\"https:\/\/www.affectio.es\/ca\/integral\/economia-social\/economia-social-activitat-comercial-marqueting\/\" \/>\n<meta property=\"og:site_name\" content=\"Affectio Group\" \/>\n<meta property=\"article:modified_time\" content=\"2020-10-14T09:06:30+00:00\" \/>\n<meta name=\"twitter:card\" content=\"summary_large_image\" \/>\n<meta name=\"twitter:label1\" content=\"Temps estimat de lectura\" \/>\n\t<meta name=\"twitter:data1\" content=\"4 minuts\" \/>\n<script type=\"application\/ld+json\" class=\"yoast-schema-graph\">{\"@context\":\"https:\/\/schema.org\",\"@graph\":[{\"@type\":\"WebPage\",\"@id\":\"https:\/\/www.affectio.es\/ca\/integral\/economia-social\/economia-social-activitat-comercial-marqueting\/\",\"url\":\"https:\/\/www.affectio.es\/ca\/integral\/economia-social\/economia-social-activitat-comercial-marqueting\/\",\"name\":\"Economia Social - Activitat comercial i m\u00e0rqueting - Affectio Group\",\"isPartOf\":{\"@id\":\"https:\/\/www.affectio.es\/ca\/#website\"},\"datePublished\":\"2020-09-29T10:24:35+00:00\",\"dateModified\":\"2020-10-14T09:06:30+00:00\",\"description\":\"El nostre equip disposa d\u2019experts amb una \u00e0mplia experi\u00e8ncia en l\u2019acompanyament i assessorament a empreses i entitats, especialment de...\",\"breadcrumb\":{\"@id\":\"https:\/\/www.affectio.es\/ca\/integral\/economia-social\/economia-social-activitat-comercial-marqueting\/#breadcrumb\"},\"inLanguage\":\"ca\",\"potentialAction\":[{\"@type\":\"ReadAction\",\"target\":[\"https:\/\/www.affectio.es\/ca\/integral\/economia-social\/economia-social-activitat-comercial-marqueting\/\"]}]},{\"@type\":\"BreadcrumbList\",\"@id\":\"https:\/\/www.affectio.es\/ca\/integral\/economia-social\/economia-social-activitat-comercial-marqueting\/#breadcrumb\",\"itemListElement\":[{\"@type\":\"ListItem\",\"position\":1,\"name\":\"Portada\",\"item\":\"https:\/\/www.affectio.es\/ca\/\"},{\"@type\":\"ListItem\",\"position\":2,\"name\":\"Integral\",\"item\":\"https:\/\/www.affectio.es\/ca\/integral\/\"},{\"@type\":\"ListItem\",\"position\":3,\"name\":\"Economia Social\",\"item\":\"https:\/\/www.affectio.es\/ca\/integral\/economia-social\/\"},{\"@type\":\"ListItem\",\"position\":4,\"name\":\"Economia Social &#8211; Activitat comercial i m\u00e0rqueting\"}]},{\"@type\":\"WebSite\",\"@id\":\"https:\/\/www.affectio.es\/ca\/#website\",\"url\":\"https:\/\/www.affectio.es\/ca\/\",\"name\":\"Affectio Group\",\"description\":\"Affectio Group es la expresi\u00f3n del v\u00ednculo entre los m\u00e1s de 30 profesionales de Integral\u00ae y de Idea Iuris\u00ae, basado en la mutua confianza y en su deseo de aunar sus contrastadas solvencia y experiencia\",\"potentialAction\":[{\"@type\":\"SearchAction\",\"target\":{\"@type\":\"EntryPoint\",\"urlTemplate\":\"https:\/\/www.affectio.es\/ca\/?s={search_term_string}\"},\"query-input\":{\"@type\":\"PropertyValueSpecification\",\"valueRequired\":true,\"valueName\":\"search_term_string\"}}],\"inLanguage\":\"ca\"}]}<\/script>\n<!-- \/ Yoast SEO plugin. -->","yoast_head_json":{"title":"Economia Social - Activitat comercial i m\u00e0rqueting - Affectio Group","description":"El nostre equip disposa d\u2019experts amb una \u00e0mplia experi\u00e8ncia en l\u2019acompanyament i assessorament a empreses i entitats, especialment de...","robots":{"index":"index","follow":"follow","max-snippet":"max-snippet:-1","max-image-preview":"max-image-preview:large","max-video-preview":"max-video-preview:-1"},"canonical":"https:\/\/www.affectio.es\/ca\/integral\/economia-social\/economia-social-activitat-comercial-marqueting\/","og_locale":"ca_ES","og_type":"article","og_title":"Economia Social - Activitat comercial i m\u00e0rqueting - Affectio Group","og_description":"El nostre equip disposa d\u2019experts amb una \u00e0mplia experi\u00e8ncia en l\u2019acompanyament i assessorament a empreses i entitats, especialment de...","og_url":"https:\/\/www.affectio.es\/ca\/integral\/economia-social\/economia-social-activitat-comercial-marqueting\/","og_site_name":"Affectio Group","article_modified_time":"2020-10-14T09:06:30+00:00","twitter_card":"summary_large_image","twitter_misc":{"Temps estimat de lectura":"4 minuts"},"schema":{"@context":"https:\/\/schema.org","@graph":[{"@type":"WebPage","@id":"https:\/\/www.affectio.es\/ca\/integral\/economia-social\/economia-social-activitat-comercial-marqueting\/","url":"https:\/\/www.affectio.es\/ca\/integral\/economia-social\/economia-social-activitat-comercial-marqueting\/","name":"Economia Social - Activitat comercial i m\u00e0rqueting - Affectio Group","isPartOf":{"@id":"https:\/\/www.affectio.es\/ca\/#website"},"datePublished":"2020-09-29T10:24:35+00:00","dateModified":"2020-10-14T09:06:30+00:00","description":"El nostre equip disposa d\u2019experts amb una \u00e0mplia experi\u00e8ncia en l\u2019acompanyament i assessorament a empreses i entitats, especialment de...","breadcrumb":{"@id":"https:\/\/www.affectio.es\/ca\/integral\/economia-social\/economia-social-activitat-comercial-marqueting\/#breadcrumb"},"inLanguage":"ca","potentialAction":[{"@type":"ReadAction","target":["https:\/\/www.affectio.es\/ca\/integral\/economia-social\/economia-social-activitat-comercial-marqueting\/"]}]},{"@type":"BreadcrumbList","@id":"https:\/\/www.affectio.es\/ca\/integral\/economia-social\/economia-social-activitat-comercial-marqueting\/#breadcrumb","itemListElement":[{"@type":"ListItem","position":1,"name":"Portada","item":"https:\/\/www.affectio.es\/ca\/"},{"@type":"ListItem","position":2,"name":"Integral","item":"https:\/\/www.affectio.es\/ca\/integral\/"},{"@type":"ListItem","position":3,"name":"Economia Social","item":"https:\/\/www.affectio.es\/ca\/integral\/economia-social\/"},{"@type":"ListItem","position":4,"name":"Economia Social &#8211; Activitat comercial i m\u00e0rqueting"}]},{"@type":"WebSite","@id":"https:\/\/www.affectio.es\/ca\/#website","url":"https:\/\/www.affectio.es\/ca\/","name":"Affectio Group","description":"Affectio Group es la expresi\u00f3n del v\u00ednculo entre los m\u00e1s de 30 profesionales de Integral\u00ae y de Idea Iuris\u00ae, basado en la mutua confianza y en su deseo de aunar sus contrastadas solvencia y experiencia","potentialAction":[{"@type":"SearchAction","target":{"@type":"EntryPoint","urlTemplate":"https:\/\/www.affectio.es\/ca\/?s={search_term_string}"},"query-input":{"@type":"PropertyValueSpecification","valueRequired":true,"valueName":"search_term_string"}}],"inLanguage":"ca"}]}},"_links":{"self":[{"href":"https:\/\/www.affectio.es\/ca\/wp-json\/wp\/v2\/pages\/914","targetHints":{"allow":["GET"]}}],"collection":[{"href":"https:\/\/www.affectio.es\/ca\/wp-json\/wp\/v2\/pages"}],"about":[{"href":"https:\/\/www.affectio.es\/ca\/wp-json\/wp\/v2\/types\/page"}],"author":[{"embeddable":true,"href":"https:\/\/www.affectio.es\/ca\/wp-json\/wp\/v2\/users\/1"}],"replies":[{"embeddable":true,"href":"https:\/\/www.affectio.es\/ca\/wp-json\/wp\/v2\/comments?post=914"}],"version-history":[{"count":3,"href":"https:\/\/www.affectio.es\/ca\/wp-json\/wp\/v2\/pages\/914\/revisions"}],"predecessor-version":[{"id":942,"href":"https:\/\/www.affectio.es\/ca\/wp-json\/wp\/v2\/pages\/914\/revisions\/942"}],"up":[{"embeddable":true,"href":"https:\/\/www.affectio.es\/ca\/wp-json\/wp\/v2\/pages\/809"}],"wp:attachment":[{"href":"https:\/\/www.affectio.es\/ca\/wp-json\/wp\/v2\/media?parent=914"}],"curies":[{"name":"wp","href":"https:\/\/api.w.org\/{rel}","templated":true}]}}