{"id":809,"date":"2020-09-29T10:23:54","date_gmt":"2020-09-29T10:23:54","guid":{"rendered":"https:\/\/www.affectio.es\/integral\/economia-social\/"},"modified":"2020-10-14T08:59:18","modified_gmt":"2020-10-14T08:59:18","slug":"economia-social","status":"publish","type":"page","link":"https:\/\/www.affectio.es\/ca\/integral\/economia-social\/","title":{"rendered":"Economia Social"},"content":{"rendered":"<div class=\"wpb-content-wrapper\"><p>[vc_row css=&#8221;.vc_custom_1601391915553{margin-bottom: -80px !important;}&#8221;][vc_column][vc_column_text css=&#8221;.vc_custom_1601509397210{margin-bottom: 15px !important;}&#8221;]<\/p>\n<h1><span style=\"color: #2a2a69;\">Economia Social<\/span><\/h1>\n<p>[\/vc_column_text][vc_single_image image=&#8221;810&#8243; img_size=&#8221;full&#8221;][vc_tta_accordion shape=&#8221;square&#8221; color=&#8221;blue&#8221; c_icon=&#8221;triangle&#8221; active_section=&#8221;6&#8243; collapsible_all=&#8221;true&#8221; css=&#8221;.vc_custom_1585671931818{margin-top: 0px !important;}&#8221;][vc_tta_section title=&#8221;Acompanyament comptable, econ\u00f2mic-financer i fiscal&#8221; tab_id=&#8221;1585329346755-4f16c9a9-4856&#8243;]<div class=\"standard-arrow bullet-top\"><p><a href=\"https:\/\/www.affectio.es\/es\/integral\/economia-social\/economia-social-acompanamiento-contable-economico-financiero-y-fiscal\/\">+ Acompanyament comptable, econ\u00f2mic-financer i fiscal<\/a><\/p>\n<ul>\n<li><a href=\"https:\/\/www.affectio.es\/es\/integral\/economia-social\/economia-social-acompanamiento-contable-economico-financiero-y-fiscal\/#!\/diveconomica-confeccioncontabilidad\">Confecci\u00f3 de la Comptabilitat (el primer pas)<\/a><\/li>\n<li><a href=\"https:\/\/www.affectio.es\/es\/integral\/economia-social\/economia-social-acompanamiento-contable-economico-financiero-y-fiscal\/#!\/diveconomica-situacioneconomica\">Situaci\u00f3 Econ\u00f2mica i Presa de Decisions<\/a><\/li>\n<li><a href=\"https:\/\/www.affectio.es\/es\/integral\/economia-social\/economia-social-acompanamiento-contable-economico-financiero-y-fiscal\/#!\/diveconomica-situacionfinanciera\">Situaci\u00f3 Financera i Presa de Decisions<\/a><\/li>\n<li><a href=\"https:\/\/www.affectio.es\/es\/integral\/economia-social\/economia-social-acompanamiento-contable-economico-financiero-y-fiscal\/#!\/diveconomica-planificacionfiscal\">Planificaci\u00f3 Fiscal<\/a><\/li>\n<li><a href=\"https:\/\/www.affectio.es\/es\/integral\/economia-social\/economia-social-acompanamiento-contable-economico-financiero-y-fiscal\/#!\/diveconomica-gesti\u00f3nimpuestos\">Gesti\u00f3 i liquidaci\u00f3 d&#8217;Impostos<\/a><\/li>\n<li><a href=\"https:\/\/www.affectio.es\/es\/integral\/economia-social\/economia-social-acompanamiento-contable-economico-financiero-y-fiscal\/#!\/diveconomica-integracionequipos\">Integraci\u00f3 en Equips Directius<\/a><\/li>\n<li><a href=\"https:\/\/www.affectio.es\/es\/integral\/economia-social\/economia-social-acompanamiento-contable-economico-financiero-y-fiscal\/#!\/diveconomica-inicioactividad\">Inici de l&#8217;Activitat \/ Llan\u00e7ament de Nous Projectes<\/a><\/li>\n<\/ul>\n<\/div>[\/vc_tta_section][vc_tta_section title=&#8221;Acompanyament Gesti\u00f3 Laboral&#8221; tab_id=&#8221;1585329346780-0368f6c8-3581&#8243;]<div class=\"standard-arrow bullet-top\"><p><a href=\"https:\/\/www.affectio.es\/es\/integral\/pimes\/pimes-acompanamiento-gestion-laboral\/\">+ Acompanyament Gesti\u00f3 Laboral<\/a><\/p>\n<ul>\n<li><a href=\"https:\/\/www.affectio.es\/es\/integral\/economia-social\/economia-social-acompanamiento-gestion-laboral\/#!\/diveconomica-nominas\">N\u00f2mines i Seguretat Social<\/a><\/li>\n<li><a href=\"https:\/\/www.affectio.es\/es\/integral\/economia-social\/economia-social-acompanamiento-gestion-laboral\/#!\/diveconomica-contratacion\">Contractaci\u00f3<\/a><\/li>\n<li><a href=\"https:\/\/www.affectio.es\/es\/integral\/economia-social\/economia-social-acompanamiento-gestion-laboral\/#!\/diveconomica-prevencionconflicto\">Prevenci\u00f3 del Conflicte Laboral<\/a><\/li>\n<li><a href=\"https:\/\/www.affectio.es\/es\/integral\/economia-social\/economia-social-acompanamiento-gestion-laboral\/#!\/diveconomica-prevencionriesgos\">Prevenci\u00f3 de Riscos Laborals<\/a><\/li>\n<li><a href=\"https:\/\/www.affectio.es\/es\/integral\/economia-social\/economia-social-acompanamiento-gestion-laboral\/#!\/diveconomica-inspeccionestrabajo\">Inspeccions de Treball i Seguretat Social<\/a><\/li>\n<li><a href=\"https:\/\/www.affectio.es\/es\/integral\/economia-social\/economia-social-acompanamiento-gestion-laboral\/#!\/diveconomica-extranjeria\">Estrangeria<\/a><\/li>\n<\/ul>\n<\/div>[\/vc_tta_section][vc_tta_section title=&#8221;Persones, estrat\u00e8gia i organitzaci\u00f3&#8221; tab_id=&#8221;1585330139924-b2163218-0075&#8243;]<div class=\"standard-arrow bullet-top\"><p><a href=\"https:\/\/www.affectio.es\/es\/integral\/economia-social\/economia-social-personas-estrategia-y-organizacion\/\">+ Persones, estrat\u00e8gia i organitzaci\u00f3<\/a><\/p>\n<ul>\n<li><a href=\"https:\/\/www.affectio.es\/es\/integral\/economia-social\/economia-social-personas-estrategia-y-organizacion\/#!\/divconsultoria-personas\">Persones<\/a><\/li>\n<li><a href=\"https:\/\/www.affectio.es\/es\/integral\/economia-social\/economia-social-personas-estrategia-y-organizacion\/#!\/divconsultoria-estrategia\">Estrat\u00e8gia<\/a><\/li>\n<li><a href=\"https:\/\/www.affectio.es\/es\/integral\/economia-social\/economia-social-personas-estrategia-y-organizacion\/#!\/divconsultoria-organizacion\">Organitzaci\u00f3<\/a><\/li>\n<\/ul>\n<\/div>[\/vc_tta_section][vc_tta_section title=&#8221;Activitat comercial i m\u00e0rqueting&#8221; tab_id=&#8221;1585330180279-3c75dd91-13a5&#8243;]<div class=\"standard-arrow bullet-top\"><p><a href=\"https:\/\/www.affectio.es\/es\/integral\/economia-social\/economia-social-actividad-comercial-y-marketing\/\">+ Activitat comercial i m\u00e0rqueting<\/a><\/p>\n<ul>\n<li><a href=\"https:\/\/www.affectio.es\/es\/integral\/economia-social\/economia-social-actividad-comercial-y-marketing\/#!\/divconsultoria-actividadcomercial\">Activitat comercial<\/a><\/li>\n<li><a href=\"https:\/\/www.affectio.es\/es\/integral\/economia-social\/economia-social-actividad-comercial-y-marketing\/#!\/divconsultoria-marketing\">M\u00e0rqueting<\/a><\/li>\n<\/ul>\n<\/div>[\/vc_tta_section][vc_tta_section title=&#8221;Assessorament jur\u00eddic&#8221; tab_id=&#8221;1585330252666-3cec9e6f-c8e1&#8243;]<div class=\"standard-arrow list-divider bullet-top\"><p><a href=\"https:\/\/www.affectio.es\/es\/idea-iuris\/\">+ Idea Iuris<\/a><\/p>\n<\/div>[\/vc_tta_section][\/vc_tta_accordion][vc_separator style=&#8221;dotted&#8221; border_width=&#8221;5&#8243; css=&#8221;.vc_custom_1581016127915{margin-top: 50px !important;margin-bottom: 75px !important;}&#8221;][\/vc_column][\/vc_row]<\/p>\n<\/div>","protected":false},"excerpt":{"rendered":"<p>[vc_row css=&#8221;.vc_custom_1601391915553{margin-bottom: -80px !important;}&#8221;][vc_column][vc_column_text css=&#8221;.vc_custom_1601509397210{margin-bottom: 15px !important;}&#8221;] Economia Social [\/vc_column_text][vc_single_image image=&#8221;810&#8243; img_size=&#8221;full&#8221;][vc_tta_accordion shape=&#8221;square&#8221; color=&#8221;blue&#8221; c_icon=&#8221;triangle&#8221; active_section=&#8221;6&#8243; collapsible_all=&#8221;true&#8221; css=&#8221;.vc_custom_1585671931818{margin-top: 0px !important;}&#8221;][vc_tta_section title=&#8221;Acompanyament comptable, econ\u00f2mic-financer i fiscal&#8221; tab_id=&#8221;1585329346755-4f16c9a9-4856&#8243;][\/vc_tta_section][vc_tta_section title=&#8221;Acompanyament Gesti\u00f3 Laboral&#8221; tab_id=&#8221;1585329346780-0368f6c8-3581&#8243;][\/vc_tta_section][vc_tta_section title=&#8221;Persones, estrat\u00e8gia i organitzaci\u00f3&#8221; tab_id=&#8221;1585330139924-b2163218-0075&#8243;][\/vc_tta_section][vc_tta_section title=&#8221;Activitat comercial i m\u00e0rqueting&#8221; tab_id=&#8221;1585330180279-3c75dd91-13a5&#8243;][\/vc_tta_section][vc_tta_section title=&#8221;Assessorament jur\u00eddic&#8221; tab_id=&#8221;1585330252666-3cec9e6f-c8e1&#8243;][\/vc_tta_section][\/vc_tta_accordion][vc_separator style=&#8221;dotted&#8221; border_width=&#8221;5&#8243; css=&#8221;.vc_custom_1581016127915{margin-top: 50px !important;margin-bottom: 75px !important;}&#8221;][\/vc_column][\/vc_row]<\/p>\n","protected":false},"author":1,"featured_media":0,"parent":636,"menu_order":0,"comment_status":"closed","ping_status":"closed","template":"","meta":{"footnotes":""},"class_list":["post-809","page","type-page","status-publish","hentry","description-off"],"yoast_head":"<!-- This site is optimized with the Yoast SEO plugin v26.9 - https:\/\/yoast.com\/product\/yoast-seo-wordpress\/ -->\n<title>Economia Social - Affectio Group<\/title>\n<meta name=\"description\" content=\"Acompanyament comptable, econ\u00f2mic-financer i fiscal, Acompanyament Gesti\u00f3 Laboral, Persones, estrat\u00e8gia i organitzaci\u00f3, etc.\" \/>\n<meta name=\"robots\" content=\"index, follow, max-snippet:-1, max-image-preview:large, max-video-preview:-1\" \/>\n<link rel=\"canonical\" href=\"https:\/\/www.affectio.es\/ca\/integral\/economia-social\/\" \/>\n<meta property=\"og:locale\" content=\"ca_ES\" \/>\n<meta property=\"og:type\" content=\"article\" \/>\n<meta property=\"og:title\" content=\"Economia Social - Affectio Group\" \/>\n<meta property=\"og:description\" content=\"Acompanyament comptable, econ\u00f2mic-financer i fiscal, Acompanyament Gesti\u00f3 Laboral, Persones, estrat\u00e8gia i organitzaci\u00f3, etc.\" \/>\n<meta property=\"og:url\" content=\"https:\/\/www.affectio.es\/ca\/integral\/economia-social\/\" \/>\n<meta property=\"og:site_name\" content=\"Affectio Group\" \/>\n<meta property=\"article:modified_time\" content=\"2020-10-14T08:59:18+00:00\" \/>\n<meta name=\"twitter:card\" content=\"summary_large_image\" \/>\n<meta name=\"twitter:label1\" content=\"Temps estimat de lectura\" \/>\n\t<meta name=\"twitter:data1\" content=\"1 minut\" \/>\n<script type=\"application\/ld+json\" class=\"yoast-schema-graph\">{\"@context\":\"https:\/\/schema.org\",\"@graph\":[{\"@type\":\"WebPage\",\"@id\":\"https:\/\/www.affectio.es\/ca\/integral\/economia-social\/\",\"url\":\"https:\/\/www.affectio.es\/ca\/integral\/economia-social\/\",\"name\":\"Economia Social - Affectio Group\",\"isPartOf\":{\"@id\":\"https:\/\/www.affectio.es\/ca\/#website\"},\"datePublished\":\"2020-09-29T10:23:54+00:00\",\"dateModified\":\"2020-10-14T08:59:18+00:00\",\"description\":\"Acompanyament comptable, econ\u00f2mic-financer i fiscal, Acompanyament Gesti\u00f3 Laboral, Persones, estrat\u00e8gia i organitzaci\u00f3, etc.\",\"breadcrumb\":{\"@id\":\"https:\/\/www.affectio.es\/ca\/integral\/economia-social\/#breadcrumb\"},\"inLanguage\":\"ca\",\"potentialAction\":[{\"@type\":\"ReadAction\",\"target\":[\"https:\/\/www.affectio.es\/ca\/integral\/economia-social\/\"]}]},{\"@type\":\"BreadcrumbList\",\"@id\":\"https:\/\/www.affectio.es\/ca\/integral\/economia-social\/#breadcrumb\",\"itemListElement\":[{\"@type\":\"ListItem\",\"position\":1,\"name\":\"Portada\",\"item\":\"https:\/\/www.affectio.es\/ca\/\"},{\"@type\":\"ListItem\",\"position\":2,\"name\":\"Integral\",\"item\":\"https:\/\/www.affectio.es\/ca\/integral\/\"},{\"@type\":\"ListItem\",\"position\":3,\"name\":\"Economia Social\"}]},{\"@type\":\"WebSite\",\"@id\":\"https:\/\/www.affectio.es\/ca\/#website\",\"url\":\"https:\/\/www.affectio.es\/ca\/\",\"name\":\"Affectio Group\",\"description\":\"Affectio Group es la expresi\u00f3n del v\u00ednculo entre los m\u00e1s de 30 profesionales de Integral\u00ae y de Idea Iuris\u00ae, basado en la mutua confianza y en su deseo de aunar sus contrastadas solvencia y experiencia\",\"potentialAction\":[{\"@type\":\"SearchAction\",\"target\":{\"@type\":\"EntryPoint\",\"urlTemplate\":\"https:\/\/www.affectio.es\/ca\/?s={search_term_string}\"},\"query-input\":{\"@type\":\"PropertyValueSpecification\",\"valueRequired\":true,\"valueName\":\"search_term_string\"}}],\"inLanguage\":\"ca\"}]}<\/script>\n<!-- \/ Yoast SEO plugin. -->","yoast_head_json":{"title":"Economia Social - Affectio Group","description":"Acompanyament comptable, econ\u00f2mic-financer i fiscal, Acompanyament Gesti\u00f3 Laboral, Persones, estrat\u00e8gia i organitzaci\u00f3, etc.","robots":{"index":"index","follow":"follow","max-snippet":"max-snippet:-1","max-image-preview":"max-image-preview:large","max-video-preview":"max-video-preview:-1"},"canonical":"https:\/\/www.affectio.es\/ca\/integral\/economia-social\/","og_locale":"ca_ES","og_type":"article","og_title":"Economia Social - Affectio Group","og_description":"Acompanyament comptable, econ\u00f2mic-financer i fiscal, Acompanyament Gesti\u00f3 Laboral, Persones, estrat\u00e8gia i organitzaci\u00f3, etc.","og_url":"https:\/\/www.affectio.es\/ca\/integral\/economia-social\/","og_site_name":"Affectio Group","article_modified_time":"2020-10-14T08:59:18+00:00","twitter_card":"summary_large_image","twitter_misc":{"Temps estimat de lectura":"1 minut"},"schema":{"@context":"https:\/\/schema.org","@graph":[{"@type":"WebPage","@id":"https:\/\/www.affectio.es\/ca\/integral\/economia-social\/","url":"https:\/\/www.affectio.es\/ca\/integral\/economia-social\/","name":"Economia Social - Affectio Group","isPartOf":{"@id":"https:\/\/www.affectio.es\/ca\/#website"},"datePublished":"2020-09-29T10:23:54+00:00","dateModified":"2020-10-14T08:59:18+00:00","description":"Acompanyament comptable, econ\u00f2mic-financer i fiscal, Acompanyament Gesti\u00f3 Laboral, Persones, estrat\u00e8gia i organitzaci\u00f3, etc.","breadcrumb":{"@id":"https:\/\/www.affectio.es\/ca\/integral\/economia-social\/#breadcrumb"},"inLanguage":"ca","potentialAction":[{"@type":"ReadAction","target":["https:\/\/www.affectio.es\/ca\/integral\/economia-social\/"]}]},{"@type":"BreadcrumbList","@id":"https:\/\/www.affectio.es\/ca\/integral\/economia-social\/#breadcrumb","itemListElement":[{"@type":"ListItem","position":1,"name":"Portada","item":"https:\/\/www.affectio.es\/ca\/"},{"@type":"ListItem","position":2,"name":"Integral","item":"https:\/\/www.affectio.es\/ca\/integral\/"},{"@type":"ListItem","position":3,"name":"Economia Social"}]},{"@type":"WebSite","@id":"https:\/\/www.affectio.es\/ca\/#website","url":"https:\/\/www.affectio.es\/ca\/","name":"Affectio Group","description":"Affectio Group es la expresi\u00f3n del v\u00ednculo entre los m\u00e1s de 30 profesionales de Integral\u00ae y de Idea Iuris\u00ae, basado en la mutua confianza y en su deseo de aunar sus contrastadas solvencia y experiencia","potentialAction":[{"@type":"SearchAction","target":{"@type":"EntryPoint","urlTemplate":"https:\/\/www.affectio.es\/ca\/?s={search_term_string}"},"query-input":{"@type":"PropertyValueSpecification","valueRequired":true,"valueName":"search_term_string"}}],"inLanguage":"ca"}]}},"_links":{"self":[{"href":"https:\/\/www.affectio.es\/ca\/wp-json\/wp\/v2\/pages\/809","targetHints":{"allow":["GET"]}}],"collection":[{"href":"https:\/\/www.affectio.es\/ca\/wp-json\/wp\/v2\/pages"}],"about":[{"href":"https:\/\/www.affectio.es\/ca\/wp-json\/wp\/v2\/types\/page"}],"author":[{"embeddable":true,"href":"https:\/\/www.affectio.es\/ca\/wp-json\/wp\/v2\/users\/1"}],"replies":[{"embeddable":true,"href":"https:\/\/www.affectio.es\/ca\/wp-json\/wp\/v2\/comments?post=809"}],"version-history":[{"count":4,"href":"https:\/\/www.affectio.es\/ca\/wp-json\/wp\/v2\/pages\/809\/revisions"}],"predecessor-version":[{"id":1054,"href":"https:\/\/www.affectio.es\/ca\/wp-json\/wp\/v2\/pages\/809\/revisions\/1054"}],"up":[{"embeddable":true,"href":"https:\/\/www.affectio.es\/ca\/wp-json\/wp\/v2\/pages\/636"}],"wp:attachment":[{"href":"https:\/\/www.affectio.es\/ca\/wp-json\/wp\/v2\/media?parent=809"}],"curies":[{"name":"wp","href":"https:\/\/api.w.org\/{rel}","templated":true}]}}