{"id":781,"date":"2020-09-29T10:25:05","date_gmt":"2020-09-29T10:25:05","guid":{"rendered":"https:\/\/www.affectio.es\/integral\/entidades-urbanisticas-y-juntas-de-compensacion\/"},"modified":"2020-10-14T09:10:55","modified_gmt":"2020-10-14T09:10:55","slug":"entitats-urbanistiques-juntes-compensacio","status":"publish","type":"page","link":"https:\/\/www.affectio.es\/ca\/integral\/entitats-urbanistiques-juntes-compensacio\/","title":{"rendered":"Entitats Urban\u00edstiques i Juntes de Compensaci\u00f3"},"content":{"rendered":"<div class=\"wpb-content-wrapper\"><p>[vc_row css=&#8221;.vc_custom_1601394396875{margin-bottom: -80px !important;}&#8221;][vc_column][vc_column_text css=&#8221;.vc_custom_1601482327875{margin-bottom: 15px !important;}&#8221;]<\/p>\n<h1><span style=\"color: #2a2a69;\">Entitats Urban\u00edstiques i Juntes de Compensaci\u00f3<\/span><\/h1>\n<p>[\/vc_column_text][vc_single_image image=&#8221;782&#8243; img_size=&#8221;full&#8221;][vc_column_text css=&#8221;.vc_custom_1585327593053{margin-top: 0px !important;margin-bottom: 0px !important;padding-top: 0px !important;padding-bottom: 0px !important;}&#8221; el_id=&#8221;diveconomica-acompanamientocontableconomico&#8221;][\/vc_column_text]<div id=\"ultimate-heading-239669d1ddcdd366e\" class=\"uvc-heading ult-adjust-bottom-margin ultimate-heading-239669d1ddcdd366e uvc-7894 color-title\" data-hspacer=\"no_spacer\"  data-halign=\"left\" style=\"text-align:left\"><div class=\"uvc-heading-spacer no_spacer\" style=\"top\"><\/div><div class=\"uvc-main-heading ult-responsive\"  data-ultimate-target='.uvc-heading.ultimate-heading-239669d1ddcdd366e h2'  data-responsive-json-new='{\"font-size\":\"desktop:30px;\",\"line-height\":\"desktop:40px;\"}' ><h2 style=\"font-weight:bold;color:#28a7fb;margin-top:25px;margin-bottom:25px;\">Acompanyament a Entitats Urban\u00edstiques i Juntes de Compensaci\u00f3<\/h2><\/div><\/div>[vc_column_text css=&#8221;.vc_custom_1601482398449{padding-bottom: 30px !important;}&#8221;]<\/p>\n<div style=\"text-align: justify;\">\n<p>Integral \u00e9s un referent en l&#8217;acompanyament a les necessitats de les Entitats Urban\u00edstiques i Juntes de Compensaci\u00f3, formant part de l&#8217;agenda de destacats representants del sector immobiliari a Catalunya. L&#8217;especialitzaci\u00f3 i el coneixement acumulats en 30 anys d&#8217;atenci\u00f3 a les Entitats, ens permeten oferir un <strong>Servei Integral d&#8217;Administraci\u00f3<\/strong> que comporta la domiciliaci\u00f3 postal de la Junta, la seva gesti\u00f3 administrativa i banc\u00e0ria, la preparaci\u00f3 i assessorament de les Assemblees i Consells Rectors i qualsevol altra activitat necess\u00e0ria per a la seva bona gesti\u00f3. En aquest servei destaca la transpar\u00e8ncia cap a tots els integrants de la Junta, aix\u00ed com la coordinaci\u00f3 amb l&#8217;equip t\u00e8cnic de la mateixa.<\/p>\n<p>Som <strong>experts en la fiscalitat de les Juntes<\/strong>, en la planificaci\u00f3, gesti\u00f3 i liquidaci\u00f3 de tots els impostos als quals aquestes entitats urban\u00edstiques estan subjectes. Aix\u00ed mateix, i quan \u00e9s necessari realitzem la seva <strong>Auditoria Interna<\/strong> aportant una an\u00e0lisi global i concreta de la situaci\u00f3 de l&#8217;entitat al temps que elaborem propostes de millora.<\/p>\n<p>Des del seu naixement, el nostre acompanyament a les Entitats Urban\u00edstiques i Juntes de Compensaci\u00f3 s&#8217;ha dissenyat com el <strong>complement idoni per a l&#8217;acci\u00f3 dels juristes experts<\/strong> en el sector. <strong>Treballar al costat d&#8217;ells, facilitant la seva tasca, \u00e9s una vocaci\u00f3 central de la nostra feina<\/strong>.<\/p>\n<\/div>\n<p>[\/vc_column_text][vc_separator style=&#8221;dotted&#8221; border_width=&#8221;5&#8243; css=&#8221;.vc_custom_1581016127915{margin-top: 50px !important;margin-bottom: 75px !important;}&#8221;][\/vc_column][\/vc_row]<\/p>\n<\/div>","protected":false},"excerpt":{"rendered":"<p>[vc_row css=&#8221;.vc_custom_1601394396875{margin-bottom: -80px !important;}&#8221;][vc_column][vc_column_text css=&#8221;.vc_custom_1601482327875{margin-bottom: 15px !important;}&#8221;] Entitats Urban\u00edstiques i Juntes de Compensaci\u00f3 [\/vc_column_text][vc_single_image image=&#8221;782&#8243; img_size=&#8221;full&#8221;][vc_column_text css=&#8221;.vc_custom_1585327593053{margin-top: 0px !important;margin-bottom: 0px !important;padding-top: 0px !important;padding-bottom: 0px !important;}&#8221; el_id=&#8221;diveconomica-acompanamientocontableconomico&#8221;][\/vc_column_text][vc_column_text css=&#8221;.vc_custom_1601482398449{padding-bottom: 30px !important;}&#8221;] Integral \u00e9s un referent en l&#8217;acompanyament a les necessitats de les Entitats Urban\u00edstiques i Juntes de Compensaci\u00f3, formant part de l&#8217;agenda de destacats representants del sector&hellip;<\/p>\n","protected":false},"author":1,"featured_media":0,"parent":636,"menu_order":0,"comment_status":"closed","ping_status":"closed","template":"","meta":{"footnotes":""},"class_list":["post-781","page","type-page","status-publish","hentry","description-off"],"yoast_head":"<!-- This site is optimized with the Yoast SEO plugin v26.9 - https:\/\/yoast.com\/product\/yoast-seo-wordpress\/ -->\n<title>Entitats Urban\u00edstiques i Juntes de Compensaci\u00f3 - Affectio Group<\/title>\n<meta name=\"description\" content=\"Integral \u00e9s un referent en l\u2019acompanyament a les necessitats de les Entitats Urban\u00edstiques i Juntes de Compensaci\u00f3, formant part...\" \/>\n<meta name=\"robots\" content=\"index, follow, max-snippet:-1, max-image-preview:large, max-video-preview:-1\" \/>\n<link rel=\"canonical\" href=\"https:\/\/www.affectio.es\/ca\/integral\/entitats-urbanistiques-juntes-compensacio\/\" \/>\n<meta property=\"og:locale\" content=\"ca_ES\" \/>\n<meta property=\"og:type\" content=\"article\" \/>\n<meta property=\"og:title\" content=\"Entitats Urban\u00edstiques i Juntes de Compensaci\u00f3 - Affectio Group\" \/>\n<meta property=\"og:description\" content=\"Integral \u00e9s un referent en l\u2019acompanyament a les necessitats de les Entitats Urban\u00edstiques i Juntes de Compensaci\u00f3, formant part...\" \/>\n<meta property=\"og:url\" content=\"https:\/\/www.affectio.es\/ca\/integral\/entitats-urbanistiques-juntes-compensacio\/\" \/>\n<meta property=\"og:site_name\" content=\"Affectio Group\" \/>\n<meta property=\"article:modified_time\" content=\"2020-10-14T09:10:55+00:00\" \/>\n<meta name=\"twitter:card\" content=\"summary_large_image\" \/>\n<meta name=\"twitter:label1\" content=\"Temps estimat de lectura\" \/>\n\t<meta name=\"twitter:data1\" content=\"2 minuts\" \/>\n<script type=\"application\/ld+json\" class=\"yoast-schema-graph\">{\"@context\":\"https:\/\/schema.org\",\"@graph\":[{\"@type\":\"WebPage\",\"@id\":\"https:\/\/www.affectio.es\/ca\/integral\/entitats-urbanistiques-juntes-compensacio\/\",\"url\":\"https:\/\/www.affectio.es\/ca\/integral\/entitats-urbanistiques-juntes-compensacio\/\",\"name\":\"Entitats Urban\u00edstiques i Juntes de Compensaci\u00f3 - Affectio Group\",\"isPartOf\":{\"@id\":\"https:\/\/www.affectio.es\/ca\/#website\"},\"datePublished\":\"2020-09-29T10:25:05+00:00\",\"dateModified\":\"2020-10-14T09:10:55+00:00\",\"description\":\"Integral \u00e9s un referent en l\u2019acompanyament a les necessitats de les Entitats Urban\u00edstiques i Juntes de Compensaci\u00f3, formant part...\",\"breadcrumb\":{\"@id\":\"https:\/\/www.affectio.es\/ca\/integral\/entitats-urbanistiques-juntes-compensacio\/#breadcrumb\"},\"inLanguage\":\"ca\",\"potentialAction\":[{\"@type\":\"ReadAction\",\"target\":[\"https:\/\/www.affectio.es\/ca\/integral\/entitats-urbanistiques-juntes-compensacio\/\"]}]},{\"@type\":\"BreadcrumbList\",\"@id\":\"https:\/\/www.affectio.es\/ca\/integral\/entitats-urbanistiques-juntes-compensacio\/#breadcrumb\",\"itemListElement\":[{\"@type\":\"ListItem\",\"position\":1,\"name\":\"Portada\",\"item\":\"https:\/\/www.affectio.es\/ca\/\"},{\"@type\":\"ListItem\",\"position\":2,\"name\":\"Integral\",\"item\":\"https:\/\/www.affectio.es\/ca\/integral\/\"},{\"@type\":\"ListItem\",\"position\":3,\"name\":\"Entitats Urban\u00edstiques i Juntes de Compensaci\u00f3\"}]},{\"@type\":\"WebSite\",\"@id\":\"https:\/\/www.affectio.es\/ca\/#website\",\"url\":\"https:\/\/www.affectio.es\/ca\/\",\"name\":\"Affectio Group\",\"description\":\"Affectio Group es la expresi\u00f3n del v\u00ednculo entre los m\u00e1s de 30 profesionales de Integral\u00ae y de Idea Iuris\u00ae, basado en la mutua confianza y en su deseo de aunar sus contrastadas solvencia y experiencia\",\"potentialAction\":[{\"@type\":\"SearchAction\",\"target\":{\"@type\":\"EntryPoint\",\"urlTemplate\":\"https:\/\/www.affectio.es\/ca\/?s={search_term_string}\"},\"query-input\":{\"@type\":\"PropertyValueSpecification\",\"valueRequired\":true,\"valueName\":\"search_term_string\"}}],\"inLanguage\":\"ca\"}]}<\/script>\n<!-- \/ Yoast SEO plugin. -->","yoast_head_json":{"title":"Entitats Urban\u00edstiques i Juntes de Compensaci\u00f3 - Affectio Group","description":"Integral \u00e9s un referent en l\u2019acompanyament a les necessitats de les Entitats Urban\u00edstiques i Juntes de Compensaci\u00f3, formant part...","robots":{"index":"index","follow":"follow","max-snippet":"max-snippet:-1","max-image-preview":"max-image-preview:large","max-video-preview":"max-video-preview:-1"},"canonical":"https:\/\/www.affectio.es\/ca\/integral\/entitats-urbanistiques-juntes-compensacio\/","og_locale":"ca_ES","og_type":"article","og_title":"Entitats Urban\u00edstiques i Juntes de Compensaci\u00f3 - Affectio Group","og_description":"Integral \u00e9s un referent en l\u2019acompanyament a les necessitats de les Entitats Urban\u00edstiques i Juntes de Compensaci\u00f3, formant part...","og_url":"https:\/\/www.affectio.es\/ca\/integral\/entitats-urbanistiques-juntes-compensacio\/","og_site_name":"Affectio Group","article_modified_time":"2020-10-14T09:10:55+00:00","twitter_card":"summary_large_image","twitter_misc":{"Temps estimat de lectura":"2 minuts"},"schema":{"@context":"https:\/\/schema.org","@graph":[{"@type":"WebPage","@id":"https:\/\/www.affectio.es\/ca\/integral\/entitats-urbanistiques-juntes-compensacio\/","url":"https:\/\/www.affectio.es\/ca\/integral\/entitats-urbanistiques-juntes-compensacio\/","name":"Entitats Urban\u00edstiques i Juntes de Compensaci\u00f3 - Affectio Group","isPartOf":{"@id":"https:\/\/www.affectio.es\/ca\/#website"},"datePublished":"2020-09-29T10:25:05+00:00","dateModified":"2020-10-14T09:10:55+00:00","description":"Integral \u00e9s un referent en l\u2019acompanyament a les necessitats de les Entitats Urban\u00edstiques i Juntes de Compensaci\u00f3, formant part...","breadcrumb":{"@id":"https:\/\/www.affectio.es\/ca\/integral\/entitats-urbanistiques-juntes-compensacio\/#breadcrumb"},"inLanguage":"ca","potentialAction":[{"@type":"ReadAction","target":["https:\/\/www.affectio.es\/ca\/integral\/entitats-urbanistiques-juntes-compensacio\/"]}]},{"@type":"BreadcrumbList","@id":"https:\/\/www.affectio.es\/ca\/integral\/entitats-urbanistiques-juntes-compensacio\/#breadcrumb","itemListElement":[{"@type":"ListItem","position":1,"name":"Portada","item":"https:\/\/www.affectio.es\/ca\/"},{"@type":"ListItem","position":2,"name":"Integral","item":"https:\/\/www.affectio.es\/ca\/integral\/"},{"@type":"ListItem","position":3,"name":"Entitats Urban\u00edstiques i Juntes de Compensaci\u00f3"}]},{"@type":"WebSite","@id":"https:\/\/www.affectio.es\/ca\/#website","url":"https:\/\/www.affectio.es\/ca\/","name":"Affectio Group","description":"Affectio Group es la expresi\u00f3n del v\u00ednculo entre los m\u00e1s de 30 profesionales de Integral\u00ae y de Idea Iuris\u00ae, basado en la mutua confianza y en su deseo de aunar sus contrastadas solvencia y experiencia","potentialAction":[{"@type":"SearchAction","target":{"@type":"EntryPoint","urlTemplate":"https:\/\/www.affectio.es\/ca\/?s={search_term_string}"},"query-input":{"@type":"PropertyValueSpecification","valueRequired":true,"valueName":"search_term_string"}}],"inLanguage":"ca"}]}},"_links":{"self":[{"href":"https:\/\/www.affectio.es\/ca\/wp-json\/wp\/v2\/pages\/781","targetHints":{"allow":["GET"]}}],"collection":[{"href":"https:\/\/www.affectio.es\/ca\/wp-json\/wp\/v2\/pages"}],"about":[{"href":"https:\/\/www.affectio.es\/ca\/wp-json\/wp\/v2\/types\/page"}],"author":[{"embeddable":true,"href":"https:\/\/www.affectio.es\/ca\/wp-json\/wp\/v2\/users\/1"}],"replies":[{"embeddable":true,"href":"https:\/\/www.affectio.es\/ca\/wp-json\/wp\/v2\/comments?post=781"}],"version-history":[{"count":3,"href":"https:\/\/www.affectio.es\/ca\/wp-json\/wp\/v2\/pages\/781\/revisions"}],"predecessor-version":[{"id":788,"href":"https:\/\/www.affectio.es\/ca\/wp-json\/wp\/v2\/pages\/781\/revisions\/788"}],"up":[{"embeddable":true,"href":"https:\/\/www.affectio.es\/ca\/wp-json\/wp\/v2\/pages\/636"}],"wp:attachment":[{"href":"https:\/\/www.affectio.es\/ca\/wp-json\/wp\/v2\/media?parent=781"}],"curies":[{"name":"wp","href":"https:\/\/api.w.org\/{rel}","templated":true}]}}