{"id":719,"date":"2020-09-29T10:27:53","date_gmt":"2020-09-29T10:27:53","guid":{"rendered":"https:\/\/www.affectio.es\/integral\/pimes\/pimes-acompanamiento-gestion-laboral\/"},"modified":"2020-10-14T09:45:42","modified_gmt":"2020-10-14T09:45:42","slug":"acompanyament-gestio-laboral","status":"publish","type":"page","link":"https:\/\/www.affectio.es\/ca\/integral\/pimes\/acompanyament-gestio-laboral\/","title":{"rendered":"PIME&#8217;s &#8211; Acompanyament Gesti\u00f3 Laboral"},"content":{"rendered":"<div class=\"wpb-content-wrapper\"><p>[vc_row][vc_column][vc_column_text]<\/p>\n<h1><span style=\"color: #2a2a69;\">PIME&#8217;s<\/span><\/h1>\n<p>[\/vc_column_text][vc_column_text css=&#8221;.vc_custom_1585328009882{margin-top: 0px !important;margin-bottom: 0px !important;padding-top: 0px !important;padding-bottom: 0px !important;}&#8221; el_id=&#8221;diveconomica-acompanamientogestionlaboral&#8221;][\/vc_column_text]<div id=\"ultimate-heading-650069eb593e4e4ed\" class=\"uvc-heading ult-adjust-bottom-margin ultimate-heading-650069eb593e4e4ed uvc-9199 color-title\" data-hspacer=\"no_spacer\"  data-halign=\"left\" style=\"text-align:left\"><div class=\"uvc-heading-spacer no_spacer\" style=\"top\"><\/div><div class=\"uvc-main-heading ult-responsive\"  data-ultimate-target='.uvc-heading.ultimate-heading-650069eb593e4e4ed h2'  data-responsive-json-new='{\"font-size\":\"desktop:30px;\",\"line-height\":\"desktop:40px;\"}' ><h2 style=\"font-weight:bold;color:#28a7fb;margin-top:25px;margin-bottom:25px;\">Acompanyament Gesti\u00f3 Laboral<\/h2><\/div><\/div>[vc_column_text css=&#8221;.vc_custom_1601468150392{padding-bottom: 30px !important;}&#8221;]<\/p>\n<div style=\"text-align: justify;\">\n<p>La Gesti\u00f3 Laboral \u00e9s una de les q\u00fcestions m\u00e9s sensibles en una organitzaci\u00f3. Ha de ser capa\u00e7 de materialitzar la seva Pol\u00edtica Laboral al temps que romandre atenta a l&#8217;acompliment de les nombroses disposicions, fonamentalment des del Dret del Treball, a les quals es troba subjecta. El Nostre Acompanyament est\u00e0 dissenyat per anticipar i gestionar les situacions que puguin plantejar-se, dotant-se d&#8217;una especial flexibilitat per caminar junts en el que cada moment demandi.<br \/>\nSens dubte les N\u00f2mines i la Seguretat Social suposen el focus central de la Gesti\u00f3 Laboral, la seva correcta confecci\u00f3 \u00e9s el primer i imprescindible pas. Per\u00f2 abans interv\u00e9 la Contractaci\u00f3, de nou cal que s&#8217;adeq\u00fci en primer terme a les necessitats de l&#8217;organitzaci\u00f3 i compleixi amb les disposicions que puguin afectar-li.<br \/>\nDespr\u00e9s, la nostra experi\u00e8ncia ens indica que l&#8217;organitzaci\u00f3 ha de mantenir en tot moment una actitud orientada a la Prevenci\u00f3 del Conflicte Laboral, estem amb ella en aix\u00f2 i tamb\u00e9, durant el mateix, quan no ha estat possible evitar-ho. La Prevenci\u00f3 de Riscos Laborals \u00e9s un altre \u00e0mbit on la const\u00e0ncia i atenci\u00f3 \u00e9s vital.<br \/>\nEl nostre acompanyament presta una molt activa disposici\u00f3 a minimitzar la possibilitat d&#8217;intervenci\u00f3 de la Inspecci\u00f3 de Treball i Seguretat Social, la nostra tasca \u00e9s que aquestes inst\u00e0ncies mai hagin d\u2019ocupar-se de les organitzacions amb les que caminem.<br \/>\nRessenyem tamb\u00e9 que donada la seva incid\u00e8ncia hem desenvolupat una \u00e0mplia experi\u00e8ncia en l&#8217;\u00e0mbit de l\u2019Estrangeria.<\/p>\n<\/div>\n<p>[\/vc_column_text][vc_column_text css=&#8221;.vc_custom_1585328024833{margin-top: 0px !important;margin-bottom: 0px !important;padding-top: 0px !important;padding-bottom: 0px !important;}&#8221; el_id=&#8221;diveconomica-nominas&#8221;][\/vc_column_text]<div id=\"ultimate-heading-189169eb593e4e682\" class=\"uvc-heading ult-adjust-bottom-margin ultimate-heading-189169eb593e4e682 uvc-910 color-title\" data-hspacer=\"line_only\"  data-halign=\"left\" style=\"text-align:left\"><div class=\"uvc-main-heading ult-responsive\"  data-ultimate-target='.uvc-heading.ultimate-heading-189169eb593e4e682 h2'  data-responsive-json-new='{\"font-size\":\"desktop:30px;\",\"line-height\":\"desktop:40px;\"}' ><h2 style=\"font-weight:bold;color:#333366;margin-top:25px;margin-bottom:25px;\">N\u00f2mines i Seguretat Social<\/h2><\/div><div class=\"uvc-heading-spacer line_only\" style=\"topheight:1px;\"><span class=\"uvc-headings-line\" style=\"border-style:solid;border-bottom-width:1px;border-color:#3f4a9a;width:autopx;\"><\/span><\/div><\/div>[vc_column_text css=&#8221;.vc_custom_1601468336821{padding-top: 30px !important;padding-bottom: 30px !important;}&#8221;]<\/p>\n<div style=\"text-align: justify;\">\n<p>Desenvolupem de forma integral la gesti\u00f3 de N\u00f2mines i Seguretat Social.<br \/>\nEn la n\u00f2mina sumem a la seva realitzaci\u00f3, l&#8217;emissi\u00f3 de llistats d&#8217;avaluaci\u00f3 de costos, les altes \/ variacions \/ baixes de persones, el seguiment de baixes, l&#8217;enquadrament de socis i administradors, aix\u00ed com assessorament en mat\u00e8ria de pensions<br \/>\nPel que fa a la cotitzaci\u00f3 a la Seguretat Social, a m\u00e9s del seu c\u00e0lcul i confecci\u00f3, atenem la correcta domiciliaci\u00f3 del pagament, aix\u00ed com la gesti\u00f3 d&#8217;ajornaments de quotes i recursos per reclamaci\u00f3 de deutes.<br \/>\nDe forma natural, ens ocupem de l&#8217;assessorament sobre l&#8217;IRPF i la seva declaraci\u00f3.<\/p>\n<\/div>\n<p>[\/vc_column_text][vc_column_text css=&#8221;.vc_custom_1585333097407{margin-top: 0px !important;margin-bottom: 0px !important;padding-top: 0px !important;padding-bottom: 0px !important;}&#8221; el_id=&#8221;diveconomica-contratacion&#8221;][\/vc_column_text]<div id=\"ultimate-heading-721469eb593e4e785\" class=\"uvc-heading ult-adjust-bottom-margin ultimate-heading-721469eb593e4e785 uvc-3910 color-title\" data-hspacer=\"line_only\"  data-halign=\"left\" style=\"text-align:left\"><div class=\"uvc-main-heading ult-responsive\"  data-ultimate-target='.uvc-heading.ultimate-heading-721469eb593e4e785 h2'  data-responsive-json-new='{\"font-size\":\"desktop:30px;\",\"line-height\":\"desktop:40px;\"}' ><h2 style=\"font-weight:bold;color:#333366;margin-top:25px;margin-bottom:25px;\">Contractaci\u00f3<\/h2><\/div><div class=\"uvc-heading-spacer line_only\" style=\"topheight:1px;\"><span class=\"uvc-headings-line\" style=\"border-style:solid;border-bottom-width:1px;border-color:#3f4a9a;width:autopx;\"><\/span><\/div><\/div>[vc_column_text css=&#8221;.vc_custom_1601468361257{padding-top: 30px !important;padding-bottom: 30px !important;}&#8221;]<\/p>\n<div style=\"text-align: justify;\">\n<p>Una correcta contractaci\u00f3, redueix molt notablement les possibilitats de conflicte, al temps que ajuda a optimitzar tant el cost durant la vida del contracte com el que pugui ocasionar-se en finalitzar la relaci\u00f3 laboral.<br \/>\nLa contractaci\u00f3 \u00e9s el primer pas en el desenvolupament d&#8217;una bona Gesti\u00f3 Laboral.<\/p>\n<\/div>\n<p>[\/vc_column_text][vc_column_text css=&#8221;.vc_custom_1585333106080{margin-top: 0px !important;margin-bottom: 0px !important;padding-top: 0px !important;padding-bottom: 0px !important;}&#8221; el_id=&#8221;diveconomica-prevencionconflicto&#8221;][\/vc_column_text]<div id=\"ultimate-heading-568469eb593e4e84b\" class=\"uvc-heading ult-adjust-bottom-margin ultimate-heading-568469eb593e4e84b uvc-1938 color-title\" data-hspacer=\"line_only\"  data-halign=\"left\" style=\"text-align:left\"><div class=\"uvc-main-heading ult-responsive\"  data-ultimate-target='.uvc-heading.ultimate-heading-568469eb593e4e84b h2'  data-responsive-json-new='{\"font-size\":\"desktop:30px;\",\"line-height\":\"desktop:40px;\"}' ><h2 style=\"font-weight:bold;color:#333366;margin-top:25px;margin-bottom:25px;\">Prevenci\u00f3 del Conflicte Laboral<\/h2><\/div><div class=\"uvc-heading-spacer line_only\" style=\"topheight:1px;\"><span class=\"uvc-headings-line\" style=\"border-style:solid;border-bottom-width:1px;border-color:#3f4a9a;width:autopx;\"><\/span><\/div><\/div>[vc_column_text css=&#8221;.vc_custom_1601468383972{padding-top: 30px !important;padding-bottom: 30px !important;}&#8221;]<\/p>\n<div style=\"text-align: justify;\">\n<p>El nostre acompanyament est\u00e0 permanentment orientat a la prevenci\u00f3 i elusi\u00f3 del conflicte laboral, considerant sempre que el millor conflicte \u00e9s el que mai s&#8217;arriba a produir.<br \/>\nAmb tot, actuem amb rapidesa i fermesa si el conflicte s&#8217;ha fet inevitable. Tamb\u00e9 estarem en aquest moment.<\/p>\n<\/div>\n<p>[\/vc_column_text][vc_column_text css=&#8221;.vc_custom_1585333065715{margin-top: 0px !important;margin-bottom: 0px !important;padding-top: 0px !important;padding-bottom: 0px !important;}&#8221; el_id=&#8221;diveconomica-prevencionriesgos&#8221;][\/vc_column_text]<div id=\"ultimate-heading-530569eb593e4e90d\" class=\"uvc-heading ult-adjust-bottom-margin ultimate-heading-530569eb593e4e90d uvc-5679 color-title\" data-hspacer=\"line_only\"  data-halign=\"left\" style=\"text-align:left\"><div class=\"uvc-main-heading ult-responsive\"  data-ultimate-target='.uvc-heading.ultimate-heading-530569eb593e4e90d h2'  data-responsive-json-new='{\"font-size\":\"desktop:30px;\",\"line-height\":\"desktop:40px;\"}' ><h2 style=\"font-weight:bold;color:#333366;margin-top:25px;margin-bottom:25px;\">Prevenci\u00f3 de Riscos Laborals<\/h2><\/div><div class=\"uvc-heading-spacer line_only\" style=\"topheight:1px;\"><span class=\"uvc-headings-line\" style=\"border-style:solid;border-bottom-width:1px;border-color:#3f4a9a;width:autopx;\"><\/span><\/div><\/div>[vc_column_text css=&#8221;.vc_custom_1601468405932{padding-top: 30px !important;padding-bottom: 30px !important;}&#8221;]<\/p>\n<div style=\"text-align: justify;\">\n<p>Col\u00b7laborem de forma activa i permanent amb l&#8217;entitat de Prevenci\u00f3 de Riscos Laborals que l&#8217;organitzaci\u00f3 ha triat.<br \/>\nAportem una perspectiva de servei i assessorament davant la Prevenci\u00f3 dels Riscos Laborals.<\/p>\n<\/div>\n<p>[\/vc_column_text][vc_column_text css=&#8221;.vc_custom_1585328205713{margin-top: 0px !important;margin-bottom: 0px !important;padding-top: 0px !important;padding-bottom: 0px !important;}&#8221; el_id=&#8221;inspeccionestrabajo&#8221;][\/vc_column_text]<div id=\"ultimate-heading-703669eb593e4e9c7\" class=\"uvc-heading ult-adjust-bottom-margin ultimate-heading-703669eb593e4e9c7 uvc-5308 color-title\" data-hspacer=\"line_only\"  data-halign=\"left\" style=\"text-align:left\"><div class=\"uvc-main-heading ult-responsive\"  data-ultimate-target='.uvc-heading.ultimate-heading-703669eb593e4e9c7 h2'  data-responsive-json-new='{\"font-size\":\"desktop:30px;\",\"line-height\":\"desktop:40px;\"}' ><h2 style=\"font-weight:bold;color:#333366;margin-top:25px;margin-bottom:25px;\">Inspeccions de Treball i Seguretat Social<\/h2><\/div><div class=\"uvc-heading-spacer line_only\" style=\"topheight:1px;\"><span class=\"uvc-headings-line\" style=\"border-style:solid;border-bottom-width:1px;border-color:#3f4a9a;width:autopx;\"><\/span><\/div><\/div>[vc_column_text css=&#8221;.vc_custom_1601468431191{padding-top: 30px !important;padding-bottom: 30px !important;}&#8221;]<\/p>\n<div style=\"text-align: justify;\">\n<p>El nostre Acompanyament s&#8217;esfor\u00e7a en el desenvolupament d&#8217;una correcta gesti\u00f3 laboral des de tots els vessants.<br \/>\nEl nostre objectiu \u00e9s seguir mantenint que les organitzacions amb les que caminem junts, tinguin un \u00edndex d&#8217;inspeccions pr\u00e0cticament nul com a conseq\u00fc\u00e8ncia d&#8217;una mala gesti\u00f3.<\/p>\n<\/div>\n<p>[\/vc_column_text][vc_column_text css=&#8221;.vc_custom_1585328235470{margin-top: 0px !important;margin-bottom: 0px !important;padding-top: 0px !important;padding-bottom: 0px !important;}&#8221; el_id=&#8221;extranjeria&#8221;][\/vc_column_text]<div id=\"ultimate-heading-541169eb593e4ea93\" class=\"uvc-heading ult-adjust-bottom-margin ultimate-heading-541169eb593e4ea93 uvc-1848 color-title\" data-hspacer=\"line_only\"  data-halign=\"left\" style=\"text-align:left\"><div class=\"uvc-main-heading ult-responsive\"  data-ultimate-target='.uvc-heading.ultimate-heading-541169eb593e4ea93 h2'  data-responsive-json-new='{\"font-size\":\"desktop:30px;\",\"line-height\":\"desktop:40px;\"}' ><h2 style=\"font-weight:bold;color:#333366;margin-top:25px;margin-bottom:25px;\">Estrangeria<\/h2><\/div><div class=\"uvc-heading-spacer line_only\" style=\"topheight:1px;\"><span class=\"uvc-headings-line\" style=\"border-style:solid;border-bottom-width:1px;border-color:#3f4a9a;width:autopx;\"><\/span><\/div><\/div>[vc_column_text css=&#8221;.vc_custom_1601468453803{padding-top: 30px !important;padding-bottom: 30px !important;}&#8221;]<\/p>\n<div style=\"text-align: justify;\">\n<p>Les contractacions que podem considerar dins el concepte de &#8220;estrangeria&#8221; estan subjectes a condicions molt espec\u00edfiques.<br \/>\nHem desenvolupat una m\u00e9s que important experi\u00e8ncia en aquest camp concret de la contractaci\u00f3.<\/p>\n<\/div>\n<p>[\/vc_column_text][\/vc_column][\/vc_row]<\/p>\n<\/div>","protected":false},"excerpt":{"rendered":"<p>[vc_row][vc_column][vc_column_text] PIME&#8217;s [\/vc_column_text][vc_column_text css=&#8221;.vc_custom_1585328009882{margin-top: 0px !important;margin-bottom: 0px !important;padding-top: 0px !important;padding-bottom: 0px !important;}&#8221; el_id=&#8221;diveconomica-acompanamientogestionlaboral&#8221;][\/vc_column_text][vc_column_text css=&#8221;.vc_custom_1601468150392{padding-bottom: 30px !important;}&#8221;] La Gesti\u00f3 Laboral \u00e9s una de les q\u00fcestions m\u00e9s sensibles en una organitzaci\u00f3. Ha de ser capa\u00e7 de materialitzar la seva Pol\u00edtica Laboral al temps que romandre atenta a l&#8217;acompliment de les nombroses disposicions, fonamentalment des del Dret del&hellip;<\/p>\n","protected":false},"author":1,"featured_media":0,"parent":709,"menu_order":0,"comment_status":"closed","ping_status":"closed","template":"","meta":{"footnotes":""},"class_list":["post-719","page","type-page","status-publish","hentry","description-off"],"yoast_head":"<!-- This site is optimized with the Yoast SEO plugin v26.9 - https:\/\/yoast.com\/product\/yoast-seo-wordpress\/ -->\n<title>PIME&#039;s - Acompanyament Gesti\u00f3 Laboral - Affectio Group<\/title>\n<meta name=\"description\" content=\"N\u00f2mines i Seguretat Social, Contractaci\u00f3, Prevenci\u00f3 del Conflicte Laboral, Prevenci\u00f3 de Riscos Laborals, Inspeccions de Treball...\" \/>\n<meta name=\"robots\" content=\"index, follow, max-snippet:-1, max-image-preview:large, max-video-preview:-1\" \/>\n<link rel=\"canonical\" href=\"https:\/\/www.affectio.es\/ca\/integral\/pimes\/acompanyament-gestio-laboral\/\" \/>\n<meta property=\"og:locale\" content=\"ca_ES\" \/>\n<meta property=\"og:type\" content=\"article\" \/>\n<meta property=\"og:title\" content=\"PIME&#039;s - Acompanyament Gesti\u00f3 Laboral - Affectio Group\" \/>\n<meta property=\"og:description\" content=\"N\u00f2mines i Seguretat Social, Contractaci\u00f3, Prevenci\u00f3 del Conflicte Laboral, Prevenci\u00f3 de Riscos Laborals, Inspeccions de Treball...\" \/>\n<meta property=\"og:url\" content=\"https:\/\/www.affectio.es\/ca\/integral\/pimes\/acompanyament-gestio-laboral\/\" \/>\n<meta property=\"og:site_name\" content=\"Affectio Group\" \/>\n<meta property=\"article:modified_time\" content=\"2020-10-14T09:45:42+00:00\" \/>\n<meta name=\"twitter:card\" content=\"summary_large_image\" \/>\n<meta name=\"twitter:label1\" content=\"Temps estimat de lectura\" \/>\n\t<meta name=\"twitter:data1\" content=\"7 minuts\" \/>\n<script type=\"application\/ld+json\" class=\"yoast-schema-graph\">{\"@context\":\"https:\/\/schema.org\",\"@graph\":[{\"@type\":\"WebPage\",\"@id\":\"https:\/\/www.affectio.es\/ca\/integral\/pimes\/acompanyament-gestio-laboral\/\",\"url\":\"https:\/\/www.affectio.es\/ca\/integral\/pimes\/acompanyament-gestio-laboral\/\",\"name\":\"PIME's - Acompanyament Gesti\u00f3 Laboral - Affectio Group\",\"isPartOf\":{\"@id\":\"https:\/\/www.affectio.es\/ca\/#website\"},\"datePublished\":\"2020-09-29T10:27:53+00:00\",\"dateModified\":\"2020-10-14T09:45:42+00:00\",\"description\":\"N\u00f2mines i Seguretat Social, Contractaci\u00f3, Prevenci\u00f3 del Conflicte Laboral, Prevenci\u00f3 de Riscos Laborals, Inspeccions de Treball...\",\"breadcrumb\":{\"@id\":\"https:\/\/www.affectio.es\/ca\/integral\/pimes\/acompanyament-gestio-laboral\/#breadcrumb\"},\"inLanguage\":\"ca\",\"potentialAction\":[{\"@type\":\"ReadAction\",\"target\":[\"https:\/\/www.affectio.es\/ca\/integral\/pimes\/acompanyament-gestio-laboral\/\"]}]},{\"@type\":\"BreadcrumbList\",\"@id\":\"https:\/\/www.affectio.es\/ca\/integral\/pimes\/acompanyament-gestio-laboral\/#breadcrumb\",\"itemListElement\":[{\"@type\":\"ListItem\",\"position\":1,\"name\":\"Portada\",\"item\":\"https:\/\/www.affectio.es\/ca\/\"},{\"@type\":\"ListItem\",\"position\":2,\"name\":\"Integral\",\"item\":\"https:\/\/www.affectio.es\/ca\/integral\/\"},{\"@type\":\"ListItem\",\"position\":3,\"name\":\"PIME&#8217;s\",\"item\":\"https:\/\/www.affectio.es\/ca\/integral\/pimes\/\"},{\"@type\":\"ListItem\",\"position\":4,\"name\":\"PIME&#8217;s &#8211; Acompanyament Gesti\u00f3 Laboral\"}]},{\"@type\":\"WebSite\",\"@id\":\"https:\/\/www.affectio.es\/ca\/#website\",\"url\":\"https:\/\/www.affectio.es\/ca\/\",\"name\":\"Affectio Group\",\"description\":\"Affectio Group es la expresi\u00f3n del v\u00ednculo entre los m\u00e1s de 30 profesionales de Integral\u00ae y de Idea Iuris\u00ae, basado en la mutua confianza y en su deseo de aunar sus contrastadas solvencia y experiencia\",\"potentialAction\":[{\"@type\":\"SearchAction\",\"target\":{\"@type\":\"EntryPoint\",\"urlTemplate\":\"https:\/\/www.affectio.es\/ca\/?s={search_term_string}\"},\"query-input\":{\"@type\":\"PropertyValueSpecification\",\"valueRequired\":true,\"valueName\":\"search_term_string\"}}],\"inLanguage\":\"ca\"}]}<\/script>\n<!-- \/ Yoast SEO plugin. -->","yoast_head_json":{"title":"PIME's - Acompanyament Gesti\u00f3 Laboral - Affectio Group","description":"N\u00f2mines i Seguretat Social, Contractaci\u00f3, Prevenci\u00f3 del Conflicte Laboral, Prevenci\u00f3 de Riscos Laborals, Inspeccions de Treball...","robots":{"index":"index","follow":"follow","max-snippet":"max-snippet:-1","max-image-preview":"max-image-preview:large","max-video-preview":"max-video-preview:-1"},"canonical":"https:\/\/www.affectio.es\/ca\/integral\/pimes\/acompanyament-gestio-laboral\/","og_locale":"ca_ES","og_type":"article","og_title":"PIME's - Acompanyament Gesti\u00f3 Laboral - Affectio Group","og_description":"N\u00f2mines i Seguretat Social, Contractaci\u00f3, Prevenci\u00f3 del Conflicte Laboral, Prevenci\u00f3 de Riscos Laborals, Inspeccions de Treball...","og_url":"https:\/\/www.affectio.es\/ca\/integral\/pimes\/acompanyament-gestio-laboral\/","og_site_name":"Affectio Group","article_modified_time":"2020-10-14T09:45:42+00:00","twitter_card":"summary_large_image","twitter_misc":{"Temps estimat de lectura":"7 minuts"},"schema":{"@context":"https:\/\/schema.org","@graph":[{"@type":"WebPage","@id":"https:\/\/www.affectio.es\/ca\/integral\/pimes\/acompanyament-gestio-laboral\/","url":"https:\/\/www.affectio.es\/ca\/integral\/pimes\/acompanyament-gestio-laboral\/","name":"PIME's - Acompanyament Gesti\u00f3 Laboral - Affectio Group","isPartOf":{"@id":"https:\/\/www.affectio.es\/ca\/#website"},"datePublished":"2020-09-29T10:27:53+00:00","dateModified":"2020-10-14T09:45:42+00:00","description":"N\u00f2mines i Seguretat Social, Contractaci\u00f3, Prevenci\u00f3 del Conflicte Laboral, Prevenci\u00f3 de Riscos Laborals, Inspeccions de Treball...","breadcrumb":{"@id":"https:\/\/www.affectio.es\/ca\/integral\/pimes\/acompanyament-gestio-laboral\/#breadcrumb"},"inLanguage":"ca","potentialAction":[{"@type":"ReadAction","target":["https:\/\/www.affectio.es\/ca\/integral\/pimes\/acompanyament-gestio-laboral\/"]}]},{"@type":"BreadcrumbList","@id":"https:\/\/www.affectio.es\/ca\/integral\/pimes\/acompanyament-gestio-laboral\/#breadcrumb","itemListElement":[{"@type":"ListItem","position":1,"name":"Portada","item":"https:\/\/www.affectio.es\/ca\/"},{"@type":"ListItem","position":2,"name":"Integral","item":"https:\/\/www.affectio.es\/ca\/integral\/"},{"@type":"ListItem","position":3,"name":"PIME&#8217;s","item":"https:\/\/www.affectio.es\/ca\/integral\/pimes\/"},{"@type":"ListItem","position":4,"name":"PIME&#8217;s &#8211; Acompanyament Gesti\u00f3 Laboral"}]},{"@type":"WebSite","@id":"https:\/\/www.affectio.es\/ca\/#website","url":"https:\/\/www.affectio.es\/ca\/","name":"Affectio Group","description":"Affectio Group es la expresi\u00f3n del v\u00ednculo entre los m\u00e1s de 30 profesionales de Integral\u00ae y de Idea Iuris\u00ae, basado en la mutua confianza y en su deseo de aunar sus contrastadas solvencia y experiencia","potentialAction":[{"@type":"SearchAction","target":{"@type":"EntryPoint","urlTemplate":"https:\/\/www.affectio.es\/ca\/?s={search_term_string}"},"query-input":{"@type":"PropertyValueSpecification","valueRequired":true,"valueName":"search_term_string"}}],"inLanguage":"ca"}]}},"_links":{"self":[{"href":"https:\/\/www.affectio.es\/ca\/wp-json\/wp\/v2\/pages\/719","targetHints":{"allow":["GET"]}}],"collection":[{"href":"https:\/\/www.affectio.es\/ca\/wp-json\/wp\/v2\/pages"}],"about":[{"href":"https:\/\/www.affectio.es\/ca\/wp-json\/wp\/v2\/types\/page"}],"author":[{"embeddable":true,"href":"https:\/\/www.affectio.es\/ca\/wp-json\/wp\/v2\/users\/1"}],"replies":[{"embeddable":true,"href":"https:\/\/www.affectio.es\/ca\/wp-json\/wp\/v2\/comments?post=719"}],"version-history":[{"count":4,"href":"https:\/\/www.affectio.es\/ca\/wp-json\/wp\/v2\/pages\/719\/revisions"}],"predecessor-version":[{"id":743,"href":"https:\/\/www.affectio.es\/ca\/wp-json\/wp\/v2\/pages\/719\/revisions\/743"}],"up":[{"embeddable":true,"href":"https:\/\/www.affectio.es\/ca\/wp-json\/wp\/v2\/pages\/709"}],"wp:attachment":[{"href":"https:\/\/www.affectio.es\/ca\/wp-json\/wp\/v2\/media?parent=719"}],"curies":[{"name":"wp","href":"https:\/\/api.w.org\/{rel}","templated":true}]}}