{"id":688,"date":"2020-09-29T10:19:47","date_gmt":"2020-09-29T10:19:47","guid":{"rendered":"https:\/\/www.affectio.es\/integral\/asesoramiento-personas-estrategia-y-organizacion\/"},"modified":"2020-10-14T08:09:50","modified_gmt":"2020-10-14T08:09:50","slug":"acompanyament-persones-estrategia-organitzacio","status":"publish","type":"page","link":"https:\/\/www.affectio.es\/ca\/integral\/acompanyament-persones-estrategia-organitzacio\/","title":{"rendered":"Acompanyament. Persones, estrat\u00e8gia i organitzaci\u00f3"},"content":{"rendered":"<div class=\"wpb-content-wrapper\"><p>[vc_row][vc_column]<div id=\"ultimate-heading-777969eb3edf44a4f\" class=\"uvc-heading ult-adjust-bottom-margin ultimate-heading-777969eb3edf44a4f uvc-840 \" data-hspacer=\"no_spacer\"  data-halign=\"left\" style=\"text-align:left\"><div class=\"uvc-heading-spacer no_spacer\" style=\"top\"><\/div><div class=\"uvc-main-heading ult-responsive\"  data-ultimate-target='.uvc-heading.ultimate-heading-777969eb3edf44a4f h2'  data-responsive-json-new='{\"font-size\":\"desktop:24px;\",\"line-height\":\"desktop:30px;\"}' ><h2 style=\"font-weight:bold;margin-bottom:22px;\">ACOMPANYAMENT. PERSONES, ESTRAT\u00c8GIA I ORGANITZACI\u00d3<\/h2><\/div><div class=\"uvc-sub-heading ult-responsive\"  data-ultimate-target='.uvc-heading.ultimate-heading-777969eb3edf44a4f .uvc-sub-heading '  data-responsive-json-new='{\"font-size\":\"desktop:14px;\",\"line-height\":\"desktop:28px;\"}'  style=\"font-weight:normal;margin-bottom:30px;\"><\/p>\n<div style=\"text-align: justify;\">\n<p>El nostre equip disposa d&#8217;experts amb una \u00e0mplia experi\u00e8ncia en l&#8217;acompanyament i assessorament a empreses i entitats, especialment de petita i mitjana dimensi\u00f3. La nostra filosofia de treball es basa en la proximitat, la flexibilitat i el rigor professional.<br \/>\nEl nostre assessorament identifica les necessitats dels nostres clients implanta solucions pr\u00e0ctiques i realistes per a cada situaci\u00f3. Tots els projectes s\u00f3n dirigits per consultors s\u00e8niors, que compten amb el suport de m\u00e9s de 30 professionals especialitzats en els diversos camps de coneixement vinculats a l&#8217;empresa.<\/p>\n<\/div>\n<p><\/div><\/div>[vc_separator][\/vc_column][\/vc_row][vc_row css=&#8221;.vc_custom_1601388326198{margin-bottom: -80px !important;}&#8221;][vc_column][vc_single_image image=&#8221;689&#8243; img_size=&#8221;full&#8221; css=&#8221;.vc_custom_1601388512502{padding-bottom: 20px !important;}&#8221;][vc_column_text css=&#8221;.vc_custom_1585328916512{margin-top: 0px !important;margin-bottom: 0px !important;padding-top: 0px !important;padding-bottom: 0px !important;}&#8221; el_id=&#8221;divconsultoria-personas&#8221;][\/vc_column_text]<div id=\"ultimate-heading-310269eb3edf44b5c\" class=\"uvc-heading ult-adjust-bottom-margin ultimate-heading-310269eb3edf44b5c uvc-9719 color-title\" data-hspacer=\"line_only\"  data-halign=\"left\" style=\"text-align:left\"><div class=\"uvc-main-heading ult-responsive\"  data-ultimate-target='.uvc-heading.ultimate-heading-310269eb3edf44b5c h2'  data-responsive-json-new='{\"font-size\":\"desktop:30px;\",\"line-height\":\"desktop:40px;\"}' ><h2 style=\"font-weight:bold;color:#333366;margin-top:25px;margin-bottom:25px;\">Persones<\/h2><\/div><div class=\"uvc-heading-spacer line_only\" style=\"topheight:1px;\"><span class=\"uvc-headings-line\" style=\"border-style:solid;border-bottom-width:1px;border-color:#3f4a9a;width:autopx;\"><\/span><\/div><\/div>[vc_column_text css=&#8221;.vc_custom_1601462569136{padding-top: 30px !important;padding-bottom: 30px !important;}&#8221;]<\/p>\n<div style=\"text-align: justify;\">\n<p><strong>\u2022 Coach Directiu.<\/strong><br \/>\nAcompanyem les persones que tenen responsabilitats en l&#8217;organitzaci\u00f3 per ajudar-los a potenciar les seves capacitats i habilitats directives (gesti\u00f3 d&#8217;equips, lideratge, comunicaci\u00f3, negociaci\u00f3 o situacions de conflicte).<br \/>\n<strong>\u2022 Coach per a la Successi\u00f3.<\/strong><br \/>\nAcompanyem el proc\u00e9s de successi\u00f3 propi de les Empreses Familiars, des del seu disseny fins al suport directe a totes les persones implicades (generaci\u00f3 que succeeix i generaci\u00f3 succe\u00efda) amb l&#8217;objecte de facilitar el desitjat relleu familiar.<br \/>\n<strong>\u2022 Equips directius.<\/strong><br \/>\nDins el proc\u00e9s de desenvolupament i implantaci\u00f3 estrat\u00e8gica, facilitem i acompanyem la constituci\u00f3 d&#8217;Equips Directius. Definint les seves funcions i abast estrat\u00e8gic.<\/p>\n<\/div>\n<p>[\/vc_column_text][vc_column_text css=&#8221;.vc_custom_1585328928921{margin-top: 0px !important;margin-bottom: 0px !important;padding-top: 0px !important;padding-bottom: 0px !important;}&#8221; el_id=&#8221;divconsultoria-estrategia&#8221;][\/vc_column_text]<div id=\"ultimate-heading-701669eb3edf44bdd\" class=\"uvc-heading ult-adjust-bottom-margin ultimate-heading-701669eb3edf44bdd uvc-9702 color-title\" data-hspacer=\"line_only\"  data-halign=\"left\" style=\"text-align:left\"><div class=\"uvc-main-heading ult-responsive\"  data-ultimate-target='.uvc-heading.ultimate-heading-701669eb3edf44bdd h2'  data-responsive-json-new='{\"font-size\":\"desktop:30px;\",\"line-height\":\"desktop:40px;\"}' ><h2 style=\"font-weight:bold;color:#333366;margin-top:25px;margin-bottom:25px;\">Estrat\u00e8gia<\/h2><\/div><div class=\"uvc-heading-spacer line_only\" style=\"topheight:1px;\"><span class=\"uvc-headings-line\" style=\"border-style:solid;border-bottom-width:1px;border-color:#3f4a9a;width:autopx;\"><\/span><\/div><\/div>[vc_column_text css=&#8221;.vc_custom_1601462785971{padding-top: 30px !important;padding-bottom: 30px !important;}&#8221;]<\/p>\n<div style=\"text-align: justify;\">\n<p><strong>\u2022 Generaci\u00f3 del Pla Estrat\u00e8gic i acompanyament en la seva implantaci\u00f3.<\/strong><br \/>\nAcompanyem l&#8217;elaboraci\u00f3 del Pla Estrat\u00e8gic considerant el model de negoci i la proposta de valor actual i futura de l&#8217;organitzaci\u00f3. Facilitem el desplegament efectiu de l&#8217;estrat\u00e8gia gr\u00e0cies a la definici\u00f3 d&#8217;accions, calendaris, responsabilitats i costos d&#8217;execuci\u00f3. El nostre equip consultor dona suport a la implantaci\u00f3 d&#8217;accions en \u00e0mbits com l&#8217;activitat comercial i el m\u00e0rqueting, les finances, la gesti\u00f3 organitzacional o la millora de processos.<\/p>\n<p><strong>\u2022 Programa Dimensiona, per a empreses en creixement en col\u00b7laboraci\u00f3 amb PIMEC (<a href=\"https:\/\/www.pimec.org\/es\" target=\"_blank\" rel=\"noopener noreferrer\">inclou condicions especials<\/a>)<\/strong><br \/>\nCom a partners de Pimec, implantem el programa Dimensiona PIME, concebut per desenvolupar al m\u00e0xim les possibilitats d&#8217;optimitzaci\u00f3 (enfocament en la rendibilitat) i de creixement de les empreses. Aquest programa compta amb una bonificaci\u00f3 especial per als socis de Pimec. Per m\u00e9s informaci\u00f3 consultar <a href=\"https:\/\/www.pimec.org\/ca\/pimes-autonoms\/serveis\/estrategia-empresarial\" target=\"_blank\" rel=\"noopener noreferrer\">aqu\u00ed<\/a>.<\/p>\n<p><strong>\u2022 Elaboraci\u00f3 del Pla de Gesti\u00f3 anual.<\/strong><br \/>\nDes del curt termini, definim i acompanyem el desplegament de Plans de Gesti\u00f3 que orienten els recursos i les accions de l&#8217;empresa cap a la consecuci\u00f3 dels seus objectius anuals.<\/p>\n<\/div>\n<p>[\/vc_column_text][vc_column_text css=&#8221;.vc_custom_1585328938472{margin-top: 0px !important;margin-bottom: 0px !important;padding-top: 0px !important;padding-bottom: 0px !important;}&#8221; el_id=&#8221;divconsultoria-organizacion&#8221;][\/vc_column_text]<div id=\"ultimate-heading-251669eb3edf44c59\" class=\"uvc-heading ult-adjust-bottom-margin ultimate-heading-251669eb3edf44c59 uvc-6856 color-title\" data-hspacer=\"line_only\"  data-halign=\"left\" style=\"text-align:left\"><div class=\"uvc-main-heading ult-responsive\"  data-ultimate-target='.uvc-heading.ultimate-heading-251669eb3edf44c59 h2'  data-responsive-json-new='{\"font-size\":\"desktop:30px;\",\"line-height\":\"desktop:40px;\"}' ><h2 style=\"font-weight:bold;color:#333366;margin-top:25px;margin-bottom:25px;\">Organitzaci\u00f3<\/h2><\/div><div class=\"uvc-heading-spacer line_only\" style=\"topheight:1px;\"><span class=\"uvc-headings-line\" style=\"border-style:solid;border-bottom-width:1px;border-color:#3f4a9a;width:autopx;\"><\/span><\/div><\/div>[vc_column_text css=&#8221;.vc_custom_1601462984274{padding-top: 30px !important;padding-bottom: 30px !important;}&#8221;]<\/p>\n<div style=\"text-align: justify;\">\n<p><strong>\u2022 An\u00e0lisi i millora de processos, mapa global i job descriptions.<\/strong><br \/>\nDocumentem els processos organitzacionals, i definim i identifiquem millores en cada proc\u00e9s que permetin aconseguir majors nivells d&#8217;efici\u00e8ncia, productivitat i coordinaci\u00f3 entre els processos i entre els diferents departaments. La implantaci\u00f3 es realitza mitjan\u00e7ant un proc\u00e9s participatiu amb els responsables de l&#8217;organitzaci\u00f3 en el que recollim disfuncions i punts de millora que s\u00f3n analitzats per posteriorment aplicar-los en el funcionament operatiu de cada departament.<br \/>\nPer assegurar la coher\u00e8ncia entre el proc\u00e9s i el seu desplegament operatiu, analitzem i modifiquem, en els casos en qu\u00e8 correspongui, els job descriptions de l&#8217;organitzaci\u00f3.<\/p>\n<p><strong>\u2022 Implantaci\u00f3 de processos d&#8217;innovaci\u00f3 i desenvolupament de noves l\u00ednies de negoci.<\/strong><br \/>\nImpulsem la generaci\u00f3 i posterior implantaci\u00f3 de sistemes d&#8217;innovaci\u00f3 que permetin a les organitzacions assegurar una constant entrada de noves idees, alhora que acompanyem en la concreci\u00f3, desenvolupament i impuls de noves l\u00ednies d&#8217;actuaci\u00f3 que poden incloure la realitzaci\u00f3 del seu corresponent pla de negoci.<\/p>\n<\/div>\n<p>[\/vc_column_text][vc_separator style=&#8221;double&#8221; border_width=&#8221;2&#8243; css=&#8221;.vc_custom_1581012067783{margin-top: 30px !important;margin-bottom: 30px !important;}&#8221;][\/vc_column][\/vc_row]<\/p>\n<\/div>","protected":false},"excerpt":{"rendered":"<p>[vc_row][vc_column][vc_separator][\/vc_column][\/vc_row][vc_row css=&#8221;.vc_custom_1601388326198{margin-bottom: -80px !important;}&#8221;][vc_column][vc_single_image image=&#8221;689&#8243; img_size=&#8221;full&#8221; css=&#8221;.vc_custom_1601388512502{padding-bottom: 20px !important;}&#8221;][vc_column_text css=&#8221;.vc_custom_1585328916512{margin-top: 0px !important;margin-bottom: 0px !important;padding-top: 0px !important;padding-bottom: 0px !important;}&#8221; el_id=&#8221;divconsultoria-personas&#8221;][\/vc_column_text][vc_column_text css=&#8221;.vc_custom_1601462569136{padding-top: 30px !important;padding-bottom: 30px !important;}&#8221;] \u2022 Coach Directiu. Acompanyem les persones que tenen responsabilitats en l&#8217;organitzaci\u00f3 per ajudar-los a potenciar les seves capacitats i habilitats directives (gesti\u00f3 d&#8217;equips, lideratge, comunicaci\u00f3, negociaci\u00f3 o situacions de conflicte). \u2022&hellip;<\/p>\n","protected":false},"author":1,"featured_media":0,"parent":636,"menu_order":0,"comment_status":"closed","ping_status":"closed","template":"","meta":{"footnotes":""},"class_list":["post-688","page","type-page","status-publish","hentry","description-off"],"yoast_head":"<!-- This site is optimized with the Yoast SEO plugin v26.9 - https:\/\/yoast.com\/product\/yoast-seo-wordpress\/ -->\n<title>Acompanyament. Persones, estrat\u00e8gia i organitzaci\u00f3 - Affectio Group<\/title>\n<meta name=\"description\" content=\"El nostre assessorament identifica les necessitats dels nostres clients, implanta solucions pr\u00e0ctiques i realistes per a cada situaci\u00f3.\" \/>\n<meta name=\"robots\" content=\"index, follow, max-snippet:-1, max-image-preview:large, max-video-preview:-1\" \/>\n<link rel=\"canonical\" href=\"https:\/\/www.affectio.es\/ca\/integral\/acompanyament-persones-estrategia-organitzacio\/\" \/>\n<meta property=\"og:locale\" content=\"ca_ES\" \/>\n<meta property=\"og:type\" content=\"article\" \/>\n<meta property=\"og:title\" content=\"Acompanyament. Persones, estrat\u00e8gia i organitzaci\u00f3 - Affectio Group\" \/>\n<meta property=\"og:description\" content=\"El nostre assessorament identifica les necessitats dels nostres clients, implanta solucions pr\u00e0ctiques i realistes per a cada situaci\u00f3.\" \/>\n<meta property=\"og:url\" content=\"https:\/\/www.affectio.es\/ca\/integral\/acompanyament-persones-estrategia-organitzacio\/\" \/>\n<meta property=\"og:site_name\" content=\"Affectio Group\" \/>\n<meta property=\"article:modified_time\" content=\"2020-10-14T08:09:50+00:00\" \/>\n<meta name=\"twitter:card\" content=\"summary_large_image\" \/>\n<meta name=\"twitter:label1\" content=\"Temps estimat de lectura\" \/>\n\t<meta name=\"twitter:data1\" content=\"5 minuts\" \/>\n<script type=\"application\/ld+json\" class=\"yoast-schema-graph\">{\"@context\":\"https:\/\/schema.org\",\"@graph\":[{\"@type\":\"WebPage\",\"@id\":\"https:\/\/www.affectio.es\/ca\/integral\/acompanyament-persones-estrategia-organitzacio\/\",\"url\":\"https:\/\/www.affectio.es\/ca\/integral\/acompanyament-persones-estrategia-organitzacio\/\",\"name\":\"Acompanyament. Persones, estrat\u00e8gia i organitzaci\u00f3 - Affectio Group\",\"isPartOf\":{\"@id\":\"https:\/\/www.affectio.es\/ca\/#website\"},\"datePublished\":\"2020-09-29T10:19:47+00:00\",\"dateModified\":\"2020-10-14T08:09:50+00:00\",\"description\":\"El nostre assessorament identifica les necessitats dels nostres clients, implanta solucions pr\u00e0ctiques i realistes per a cada situaci\u00f3.\",\"breadcrumb\":{\"@id\":\"https:\/\/www.affectio.es\/ca\/integral\/acompanyament-persones-estrategia-organitzacio\/#breadcrumb\"},\"inLanguage\":\"ca\",\"potentialAction\":[{\"@type\":\"ReadAction\",\"target\":[\"https:\/\/www.affectio.es\/ca\/integral\/acompanyament-persones-estrategia-organitzacio\/\"]}]},{\"@type\":\"BreadcrumbList\",\"@id\":\"https:\/\/www.affectio.es\/ca\/integral\/acompanyament-persones-estrategia-organitzacio\/#breadcrumb\",\"itemListElement\":[{\"@type\":\"ListItem\",\"position\":1,\"name\":\"Portada\",\"item\":\"https:\/\/www.affectio.es\/ca\/\"},{\"@type\":\"ListItem\",\"position\":2,\"name\":\"Integral\",\"item\":\"https:\/\/www.affectio.es\/ca\/integral\/\"},{\"@type\":\"ListItem\",\"position\":3,\"name\":\"Acompanyament. Persones, estrat\u00e8gia i organitzaci\u00f3\"}]},{\"@type\":\"WebSite\",\"@id\":\"https:\/\/www.affectio.es\/ca\/#website\",\"url\":\"https:\/\/www.affectio.es\/ca\/\",\"name\":\"Affectio Group\",\"description\":\"Affectio Group es la expresi\u00f3n del v\u00ednculo entre los m\u00e1s de 30 profesionales de Integral\u00ae y de Idea Iuris\u00ae, basado en la mutua confianza y en su deseo de aunar sus contrastadas solvencia y experiencia\",\"potentialAction\":[{\"@type\":\"SearchAction\",\"target\":{\"@type\":\"EntryPoint\",\"urlTemplate\":\"https:\/\/www.affectio.es\/ca\/?s={search_term_string}\"},\"query-input\":{\"@type\":\"PropertyValueSpecification\",\"valueRequired\":true,\"valueName\":\"search_term_string\"}}],\"inLanguage\":\"ca\"}]}<\/script>\n<!-- \/ Yoast SEO plugin. -->","yoast_head_json":{"title":"Acompanyament. Persones, estrat\u00e8gia i organitzaci\u00f3 - Affectio Group","description":"El nostre assessorament identifica les necessitats dels nostres clients, implanta solucions pr\u00e0ctiques i realistes per a cada situaci\u00f3.","robots":{"index":"index","follow":"follow","max-snippet":"max-snippet:-1","max-image-preview":"max-image-preview:large","max-video-preview":"max-video-preview:-1"},"canonical":"https:\/\/www.affectio.es\/ca\/integral\/acompanyament-persones-estrategia-organitzacio\/","og_locale":"ca_ES","og_type":"article","og_title":"Acompanyament. Persones, estrat\u00e8gia i organitzaci\u00f3 - Affectio Group","og_description":"El nostre assessorament identifica les necessitats dels nostres clients, implanta solucions pr\u00e0ctiques i realistes per a cada situaci\u00f3.","og_url":"https:\/\/www.affectio.es\/ca\/integral\/acompanyament-persones-estrategia-organitzacio\/","og_site_name":"Affectio Group","article_modified_time":"2020-10-14T08:09:50+00:00","twitter_card":"summary_large_image","twitter_misc":{"Temps estimat de lectura":"5 minuts"},"schema":{"@context":"https:\/\/schema.org","@graph":[{"@type":"WebPage","@id":"https:\/\/www.affectio.es\/ca\/integral\/acompanyament-persones-estrategia-organitzacio\/","url":"https:\/\/www.affectio.es\/ca\/integral\/acompanyament-persones-estrategia-organitzacio\/","name":"Acompanyament. Persones, estrat\u00e8gia i organitzaci\u00f3 - Affectio Group","isPartOf":{"@id":"https:\/\/www.affectio.es\/ca\/#website"},"datePublished":"2020-09-29T10:19:47+00:00","dateModified":"2020-10-14T08:09:50+00:00","description":"El nostre assessorament identifica les necessitats dels nostres clients, implanta solucions pr\u00e0ctiques i realistes per a cada situaci\u00f3.","breadcrumb":{"@id":"https:\/\/www.affectio.es\/ca\/integral\/acompanyament-persones-estrategia-organitzacio\/#breadcrumb"},"inLanguage":"ca","potentialAction":[{"@type":"ReadAction","target":["https:\/\/www.affectio.es\/ca\/integral\/acompanyament-persones-estrategia-organitzacio\/"]}]},{"@type":"BreadcrumbList","@id":"https:\/\/www.affectio.es\/ca\/integral\/acompanyament-persones-estrategia-organitzacio\/#breadcrumb","itemListElement":[{"@type":"ListItem","position":1,"name":"Portada","item":"https:\/\/www.affectio.es\/ca\/"},{"@type":"ListItem","position":2,"name":"Integral","item":"https:\/\/www.affectio.es\/ca\/integral\/"},{"@type":"ListItem","position":3,"name":"Acompanyament. Persones, estrat\u00e8gia i organitzaci\u00f3"}]},{"@type":"WebSite","@id":"https:\/\/www.affectio.es\/ca\/#website","url":"https:\/\/www.affectio.es\/ca\/","name":"Affectio Group","description":"Affectio Group es la expresi\u00f3n del v\u00ednculo entre los m\u00e1s de 30 profesionales de Integral\u00ae y de Idea Iuris\u00ae, basado en la mutua confianza y en su deseo de aunar sus contrastadas solvencia y experiencia","potentialAction":[{"@type":"SearchAction","target":{"@type":"EntryPoint","urlTemplate":"https:\/\/www.affectio.es\/ca\/?s={search_term_string}"},"query-input":{"@type":"PropertyValueSpecification","valueRequired":true,"valueName":"search_term_string"}}],"inLanguage":"ca"}]}},"_links":{"self":[{"href":"https:\/\/www.affectio.es\/ca\/wp-json\/wp\/v2\/pages\/688","targetHints":{"allow":["GET"]}}],"collection":[{"href":"https:\/\/www.affectio.es\/ca\/wp-json\/wp\/v2\/pages"}],"about":[{"href":"https:\/\/www.affectio.es\/ca\/wp-json\/wp\/v2\/types\/page"}],"author":[{"embeddable":true,"href":"https:\/\/www.affectio.es\/ca\/wp-json\/wp\/v2\/users\/1"}],"replies":[{"embeddable":true,"href":"https:\/\/www.affectio.es\/ca\/wp-json\/wp\/v2\/comments?post=688"}],"version-history":[{"count":3,"href":"https:\/\/www.affectio.es\/ca\/wp-json\/wp\/v2\/pages\/688\/revisions"}],"predecessor-version":[{"id":696,"href":"https:\/\/www.affectio.es\/ca\/wp-json\/wp\/v2\/pages\/688\/revisions\/696"}],"up":[{"embeddable":true,"href":"https:\/\/www.affectio.es\/ca\/wp-json\/wp\/v2\/pages\/636"}],"wp:attachment":[{"href":"https:\/\/www.affectio.es\/ca\/wp-json\/wp\/v2\/media?parent=688"}],"curies":[{"name":"wp","href":"https:\/\/api.w.org\/{rel}","templated":true}]}}