{"id":659,"date":"2020-09-29T10:19:10","date_gmt":"2020-09-29T10:19:10","guid":{"rendered":"https:\/\/www.affectio.es\/integral\/asesoramiento-financiero-y-fiscal\/"},"modified":"2020-10-14T08:03:28","modified_gmt":"2020-10-14T08:03:28","slug":"acompanyament-financer-i-fiscal","status":"publish","type":"page","link":"https:\/\/www.affectio.es\/ca\/integral\/acompanyament-financer-i-fiscal\/","title":{"rendered":"Acompanyament. Financer i fiscal"},"content":{"rendered":"<div class=\"wpb-content-wrapper\"><p>[vc_row][vc_column]<div id=\"ultimate-heading-588969eb3ee056591\" class=\"uvc-heading ult-adjust-bottom-margin ultimate-heading-588969eb3ee056591 uvc-3742 \" data-hspacer=\"no_spacer\"  data-halign=\"left\" style=\"text-align:left\"><div class=\"uvc-heading-spacer no_spacer\" style=\"top\"><\/div><div class=\"uvc-main-heading ult-responsive\"  data-ultimate-target='.uvc-heading.ultimate-heading-588969eb3ee056591 h2'  data-responsive-json-new='{\"font-size\":\"desktop:24px;\",\"line-height\":\"desktop:30px;\"}' ><h2 style=\"font-weight:bold;margin-bottom:22px;\">ACOMPANYAMENT. FINANCER I FISCAL<\/h2><\/div><div class=\"uvc-sub-heading ult-responsive\"  data-ultimate-target='.uvc-heading.ultimate-heading-588969eb3ee056591 .uvc-sub-heading '  data-responsive-json-new='{\"font-size\":\"desktop:14px;\",\"line-height\":\"desktop:28px;\"}'  style=\"font-weight:normal;margin-bottom:30px;\"><\/p>\n<div style=\"text-align: justify;\">\n<p><strong>L&#8217;objectiu central de l&#8217;acompanyament d\u2019INTEGRAL \u00e9s facilitar que la Presa de Decisions Econ\u00f2miques, Financeres i Fiscals, sigui informada i conscient<\/strong>. La gesti\u00f3 d&#8217;una activitat econ\u00f2mica exigeix \u200b\u200bcon\u00e8ixer amb precisi\u00f3 tant la <strong>Situaci\u00f3 Econ\u00f2mica<\/strong> (ingressos i despeses) com la Situaci\u00f3 Financera (considerant les necessitats a curt i llarg termini). El primer pas \u00e9s una correcta <strong>Confecci\u00f3 de la Comptabilitat<\/strong>. Una comptabilitat ben elaborada permet tamb\u00e9 la <strong>Planificaci\u00f3<\/strong> i el compliment de les <strong>Obligacions Fiscals<\/strong>.<br \/>\n<strong>INTEGRAL<\/strong> sap que m\u00e9s enll\u00e0 de les dades presents en el Compte d&#8217;Explotaci\u00f3, el Balan\u00e7 o les Declaracions Tribut\u00e0ries, es troba la necessitat de gestionar, per aix\u00f2 <strong>acompanya, caminant al costat de les persones que prenen decisions<\/strong>, aportant-los informaci\u00f3 i ajuda en la comprensi\u00f3 d&#8217;all\u00f2 que necessiten con\u00e8ixer, al temps que els ofereix un suport permanent en les seves actuacions.<\/p>\n<\/div>\n<p><\/div><\/div>[vc_separator][\/vc_column][\/vc_row][vc_row css=&#8221;.vc_custom_1601387280630{margin-bottom: -80px !important;}&#8221;][vc_column][vc_single_image image=&#8221;660&#8243; img_size=&#8221;full&#8221; css=&#8221;.vc_custom_1601387489535{padding-bottom: 20px !important;}&#8221;]<div id=\"ultimate-heading-759569eb3ee056700\" class=\"uvc-heading ult-adjust-bottom-margin ultimate-heading-759569eb3ee056700 uvc-4473 color-title\" data-hspacer=\"line_only\"  data-halign=\"left\" style=\"text-align:left\"><div class=\"uvc-main-heading ult-responsive\"  data-ultimate-target='.uvc-heading.ultimate-heading-759569eb3ee056700 h2'  data-responsive-json-new='{\"font-size\":\"desktop:30px;\",\"line-height\":\"desktop:40px;\"}' ><h2 style=\"font-weight:bold;color:#333366;margin-top:25px;margin-bottom:25px;\">Confecci\u00f3 de la Comptabilitat (el primer pas)<\/h2><\/div><div class=\"uvc-heading-spacer line_only\" style=\"topheight:1px;\"><span class=\"uvc-headings-line\" style=\"border-style:solid;border-bottom-width:1px;border-color:#3f4a9a;width:autopx;\"><\/span><\/div><\/div>[vc_column_text css=&#8221;.vc_custom_1601460297507{padding-top: 30px !important;padding-bottom: 30px !important;}&#8221;]<\/p>\n<div style=\"text-align: justify;\">\n<p>El primer objectiu del nostre acompanyament \u00e9s assegurar l&#8217;adequada elaboraci\u00f3 de la Comptabilitat. \u00c9s imprescindible, si la informaci\u00f3 comptable no \u00e9s correcta o es demora, la gesti\u00f3 es ressentir\u00e0 greument.<\/p>\n<p>Per descomptat, la Comptabilitat tamb\u00e9 permetr\u00e0 donar compliment a les obligacions legals i fiscals de l&#8217;activitat.<\/p>\n<\/div>\n<p>[\/vc_column_text][vc_column_text css=&#8221;.vc_custom_1585327643564{margin-top: 0px !important;margin-bottom: 0px !important;padding-top: 0px !important;padding-bottom: 0px !important;}&#8221; el_id=&#8221;diveconomica-situacioneconomica&#8221;][\/vc_column_text]<div id=\"ultimate-heading-549869eb3ee05678e\" class=\"uvc-heading ult-adjust-bottom-margin ultimate-heading-549869eb3ee05678e uvc-8891 color-title\" data-hspacer=\"line_only\"  data-halign=\"left\" style=\"text-align:left\"><div class=\"uvc-main-heading ult-responsive\"  data-ultimate-target='.uvc-heading.ultimate-heading-549869eb3ee05678e h2'  data-responsive-json-new='{\"font-size\":\"desktop:30px;\",\"line-height\":\"desktop:40px;\"}' ><h2 style=\"font-weight:bold;color:#333366;margin-top:25px;margin-bottom:25px;\">Situaci\u00f3 Econ\u00f2mica i Presa de Decisions<\/h2><\/div><div class=\"uvc-heading-spacer line_only\" style=\"topheight:1px;\"><span class=\"uvc-headings-line\" style=\"border-style:solid;border-bottom-width:1px;border-color:#3f4a9a;width:autopx;\"><\/span><\/div><\/div>[vc_column_text css=&#8221;.vc_custom_1601460449600{padding-top: 30px !important;padding-bottom: 30px !important;}&#8221;]<\/p>\n<div style=\"text-align: justify;\">\n<p>La facturaci\u00f3, els ingressos, comporta la generaci\u00f3 de despeses. Comprendre la relaci\u00f3 entre els ingressos i els costos i la seva din\u00e0mica, \u00e9s a dir, com evolucionen les despeses en funci\u00f3 dels ingressos, \u00e9s essencial per desenvolupar una gesti\u00f3 real de l&#8217;activitat.<br \/>\nAcompanyar en la Presa de Decisions econ\u00f2miques forma part de nucli de la nostra acci\u00f3.<\/p>\n<\/div>\n<p>[\/vc_column_text][vc_column_text css=&#8221;.vc_custom_1585327652655{margin-top: 0px !important;margin-bottom: 0px !important;padding-top: 0px !important;padding-bottom: 0px !important;}&#8221; el_id=&#8221;diveconomica-situacionfinanciera&#8221;][\/vc_column_text]<div id=\"ultimate-heading-40269eb3ee056861\" class=\"uvc-heading ult-adjust-bottom-margin ultimate-heading-40269eb3ee056861 uvc-2931 color-title\" data-hspacer=\"line_only\"  data-halign=\"left\" style=\"text-align:left\"><div class=\"uvc-main-heading ult-responsive\"  data-ultimate-target='.uvc-heading.ultimate-heading-40269eb3ee056861 h2'  data-responsive-json-new='{\"font-size\":\"desktop:30px;\",\"line-height\":\"desktop:40px;\"}' ><h2 style=\"font-weight:bold;color:#333366;margin-top:25px;margin-bottom:25px;\">Situaci\u00f3 Financera i Presa de Decisions<\/h2><\/div><div class=\"uvc-heading-spacer line_only\" style=\"topheight:1px;\"><span class=\"uvc-headings-line\" style=\"border-style:solid;border-bottom-width:1px;border-color:#3f4a9a;width:autopx;\"><\/span><\/div><\/div>[vc_column_text css=&#8221;.vc_custom_1601460582051{padding-top: 30px !important;padding-bottom: 30px !important;}&#8221;]<\/p>\n<div style=\"text-align: justify;\">\n<p>Si l&#8217;economia \u00e9s el motor de l&#8217;activitat, el finan\u00e7ament \u00e9s el lubricant que li permet mantenir-se en moviment.<br \/>\nCon\u00e8ixer i comprendre la din\u00e0mica financera, permet mantenir una actitud proactiva, anticipant les necessitats i, quan cal, afrontar en les millors condicions la negociaci\u00f3 banc\u00e0ria. El nostre acompanyament inclou estar present en ella<\/p>\n<\/div>\n<p>[\/vc_column_text][vc_column_text css=&#8221;.vc_custom_1585327660586{margin-top: 0px !important;margin-bottom: 0px !important;padding-top: 0px !important;padding-bottom: 0px !important;}&#8221; el_id=&#8221;diveconomica-planificacionfiscal&#8221;][\/vc_column_text]<div id=\"ultimate-heading-1869eb3ee0568e1\" class=\"uvc-heading ult-adjust-bottom-margin ultimate-heading-1869eb3ee0568e1 uvc-2432 color-title\" data-hspacer=\"line_only\"  data-halign=\"left\" style=\"text-align:left\"><div class=\"uvc-main-heading ult-responsive\"  data-ultimate-target='.uvc-heading.ultimate-heading-1869eb3ee0568e1 h2'  data-responsive-json-new='{\"font-size\":\"desktop:30px;\",\"line-height\":\"desktop:40px;\"}' ><h2 style=\"font-weight:bold;color:#333366;margin-top:25px;margin-bottom:25px;\">Planificaci\u00f3 Fiscal<\/h2><\/div><div class=\"uvc-heading-spacer line_only\" style=\"topheight:1px;\"><span class=\"uvc-headings-line\" style=\"border-style:solid;border-bottom-width:1px;border-color:#3f4a9a;width:autopx;\"><\/span><\/div><\/div>[vc_column_text css=&#8221;.vc_custom_1601460737192{padding-top: 30px !important;padding-bottom: 30px !important;}&#8221;]<\/p>\n<div style=\"text-align: justify;\">\n<p>La gesti\u00f3 de l&#8217;activitat, assegurada la correcta presa de decisions econ\u00f2miques i financeres, compr\u00e8n tamb\u00e9 la Planificaci\u00f3 Fiscal, entesa com la minimitzaci\u00f3 dels costos fiscals, sumant estalvi a una correcta tributaci\u00f3, sense deixar caps per lligar.<\/p>\n<\/div>\n<p>[\/vc_column_text][vc_column_text css=&#8221;.vc_custom_1585327676809{margin-top: 0px !important;margin-bottom: 0px !important;padding-top: 0px !important;padding-bottom: 0px !important;}&#8221; el_id=&#8221;diveconomica-gesti\u00f3nimpuestos&#8221;][\/vc_column_text]<div id=\"ultimate-heading-818469eb3ee056955\" class=\"uvc-heading ult-adjust-bottom-margin ultimate-heading-818469eb3ee056955 uvc-4552 color-title\" data-hspacer=\"line_only\"  data-halign=\"left\" style=\"text-align:left\"><div class=\"uvc-main-heading ult-responsive\"  data-ultimate-target='.uvc-heading.ultimate-heading-818469eb3ee056955 h2'  data-responsive-json-new='{\"font-size\":\"desktop:30px;\",\"line-height\":\"desktop:40px;\"}' ><h2 style=\"font-weight:bold;color:#333366;margin-top:25px;margin-bottom:25px;\">Gesti\u00f3 i liquidaci\u00f3 d'Impostos<\/h2><\/div><div class=\"uvc-heading-spacer line_only\" style=\"topheight:1px;\"><span class=\"uvc-headings-line\" style=\"border-style:solid;border-bottom-width:1px;border-color:#3f4a9a;width:autopx;\"><\/span><\/div><\/div>[vc_column_text css=&#8221;.vc_custom_1601460829715{padding-top: 30px !important;padding-bottom: 30px !important;}&#8221;]<\/p>\n<div style=\"text-align: justify;\">\n<p>La Gesti\u00f3 i liquidaci\u00f3 d&#8217;impostos materialitza les decisions fiscals. El seu incorrecte emplenament pot comportar greus repercussions.<br \/>\nEl nostre acompanyament inclou la liquidaci\u00f3 de tot tipus d&#8217;impostos, IVA, Societats, Renda, etc., d&#8217;acord amb la legislaci\u00f3 vigent en cada moment.<\/p>\n<\/div>\n<p>[\/vc_column_text][vc_column_text css=&#8221;.vc_custom_1585327685550{margin-top: 0px !important;margin-bottom: 0px !important;padding-top: 0px !important;padding-bottom: 0px !important;}&#8221; el_id=&#8221;diveconomica-integracionequipos&#8221;][\/vc_column_text]<div id=\"ultimate-heading-883969eb3ee0569c4\" class=\"uvc-heading ult-adjust-bottom-margin ultimate-heading-883969eb3ee0569c4 uvc-5098 color-title\" data-hspacer=\"line_only\"  data-halign=\"left\" style=\"text-align:left\"><div class=\"uvc-main-heading ult-responsive\"  data-ultimate-target='.uvc-heading.ultimate-heading-883969eb3ee0569c4 h2'  data-responsive-json-new='{\"font-size\":\"desktop:30px;\",\"line-height\":\"desktop:40px;\"}' ><h2 style=\"font-weight:bold;color:#333366;margin-top:25px;margin-bottom:25px;\">Integraci\u00f3 en Equips Directius<\/h2><\/div><div class=\"uvc-heading-spacer line_only\" style=\"topheight:1px;\"><span class=\"uvc-headings-line\" style=\"border-style:solid;border-bottom-width:1px;border-color:#3f4a9a;width:autopx;\"><\/span><\/div><\/div>[vc_column_text css=&#8221;.vc_custom_1601460901088{padding-top: 30px !important;padding-bottom: 30px !important;}&#8221;]<\/p>\n<div style=\"text-align: justify;\">\n<p>El nostre acompanyament aconsegueix la seva millor expressi\u00f3 a trav\u00e9s de la nostra integraci\u00f3 en l&#8217;Equip Directiu de l&#8217;Organitzaci\u00f3.<br \/>\nCompartint i aportant la nostra experi\u00e8ncia i coneixement tant en les decisions operatives com en les d&#8217;abast estrat\u00e8gic. Sumant i multiplicant junts.<\/p>\n<\/div>\n<p>[\/vc_column_text][vc_column_text css=&#8221;.vc_custom_1585327695282{margin-top: 0px !important;margin-bottom: 0px !important;padding-top: 0px !important;padding-bottom: 0px !important;}&#8221; el_id=&#8221;diveconomica-inicioactividad&#8221;][\/vc_column_text]<div id=\"ultimate-heading-29369eb3ee056a41\" class=\"uvc-heading ult-adjust-bottom-margin ultimate-heading-29369eb3ee056a41 uvc-1572 color-title\" data-hspacer=\"line_only\"  data-halign=\"left\" style=\"text-align:left\"><div class=\"uvc-main-heading ult-responsive\"  data-ultimate-target='.uvc-heading.ultimate-heading-29369eb3ee056a41 h2'  data-responsive-json-new='{\"font-size\":\"desktop:30px;\",\"line-height\":\"desktop:40px;\"}' ><h2 style=\"font-weight:bold;color:#333366;margin-top:25px;margin-bottom:25px;\">Inici de l'Activitat \/ Llan\u00e7ament de Nous Projectes<\/h2><\/div><div class=\"uvc-heading-spacer line_only\" style=\"topheight:1px;\"><span class=\"uvc-headings-line\" style=\"border-style:solid;border-bottom-width:1px;border-color:#3f4a9a;width:autopx;\"><\/span><\/div><\/div>[vc_column_text css=&#8221;.vc_custom_1601460972167{padding-top: 30px !important;padding-bottom: 30px !important;}&#8221;]<\/p>\n<div style=\"text-align: justify;\">\n<p>La posada en marxa de noves activitats, aix\u00ed com el llan\u00e7ament de nous productes o el plantejament de nous projectes d&#8217;envergadura, s\u00f3n moments que requereixen especialment d&#8217;una perspectiva global, com la que aporta l&#8217;elaboraci\u00f3 d&#8217;un Pla de Viabilitat.<br \/>\nL&#8217;Economia, les Finances, el Mercat requereixen d&#8217;una adequada combinaci\u00f3 per fer realitat les noves idees.<br \/>\nEl nostre acompanyament est\u00e0 preparat per respondre a aquesta especial intensitat. Hem participat en moltes ocasions en ells.<\/p>\n<\/div>\n<p>[\/vc_column_text][vc_separator style=&#8221;double&#8221; border_width=&#8221;2&#8243; css=&#8221;.vc_custom_1581012067783{margin-top: 30px !important;margin-bottom: 30px !important;}&#8221;][\/vc_column][\/vc_row]<\/p>\n<\/div>","protected":false},"excerpt":{"rendered":"<p>[vc_row][vc_column][vc_separator][\/vc_column][\/vc_row][vc_row css=&#8221;.vc_custom_1601387280630{margin-bottom: -80px !important;}&#8221;][vc_column][vc_single_image image=&#8221;660&#8243; img_size=&#8221;full&#8221; css=&#8221;.vc_custom_1601387489535{padding-bottom: 20px !important;}&#8221;][vc_column_text css=&#8221;.vc_custom_1601460297507{padding-top: 30px !important;padding-bottom: 30px !important;}&#8221;] El primer objectiu del nostre acompanyament \u00e9s assegurar l&#8217;adequada elaboraci\u00f3 de la Comptabilitat. \u00c9s imprescindible, si la informaci\u00f3 comptable no \u00e9s correcta o es demora, la gesti\u00f3 es ressentir\u00e0 greument. Per descomptat, la Comptabilitat tamb\u00e9 permetr\u00e0 donar compliment a les obligacions&hellip;<\/p>\n","protected":false},"author":1,"featured_media":0,"parent":636,"menu_order":0,"comment_status":"closed","ping_status":"closed","template":"","meta":{"footnotes":""},"class_list":["post-659","page","type-page","status-publish","hentry","description-off"],"yoast_head":"<!-- This site is optimized with the Yoast SEO plugin v26.9 - https:\/\/yoast.com\/product\/yoast-seo-wordpress\/ -->\n<title>Acompanyament. Financer i fiscal - Affectio Group<\/title>\n<meta name=\"description\" content=\"L\u2019objectiu central de l\u2019acompanyament d\u2019INTEGRAL \u00e9s facilitar que la presa de decisions econ\u00f2miques, financeres i fiscals, sigui informada...\" \/>\n<meta name=\"robots\" content=\"index, follow, max-snippet:-1, max-image-preview:large, max-video-preview:-1\" \/>\n<link rel=\"canonical\" href=\"https:\/\/www.affectio.es\/ca\/integral\/acompanyament-financer-i-fiscal\/\" \/>\n<meta property=\"og:locale\" content=\"ca_ES\" \/>\n<meta property=\"og:type\" content=\"article\" \/>\n<meta property=\"og:title\" content=\"Acompanyament. Financer i fiscal - Affectio Group\" \/>\n<meta property=\"og:description\" content=\"L\u2019objectiu central de l\u2019acompanyament d\u2019INTEGRAL \u00e9s facilitar que la presa de decisions econ\u00f2miques, financeres i fiscals, sigui informada...\" \/>\n<meta property=\"og:url\" content=\"https:\/\/www.affectio.es\/ca\/integral\/acompanyament-financer-i-fiscal\/\" \/>\n<meta property=\"og:site_name\" content=\"Affectio Group\" \/>\n<meta property=\"article:modified_time\" content=\"2020-10-14T08:03:28+00:00\" \/>\n<meta name=\"twitter:card\" content=\"summary_large_image\" \/>\n<meta name=\"twitter:label1\" content=\"Temps estimat de lectura\" \/>\n\t<meta name=\"twitter:data1\" content=\"7 minuts\" \/>\n<script type=\"application\/ld+json\" class=\"yoast-schema-graph\">{\"@context\":\"https:\/\/schema.org\",\"@graph\":[{\"@type\":\"WebPage\",\"@id\":\"https:\/\/www.affectio.es\/ca\/integral\/acompanyament-financer-i-fiscal\/\",\"url\":\"https:\/\/www.affectio.es\/ca\/integral\/acompanyament-financer-i-fiscal\/\",\"name\":\"Acompanyament. Financer i fiscal - Affectio Group\",\"isPartOf\":{\"@id\":\"https:\/\/www.affectio.es\/ca\/#website\"},\"datePublished\":\"2020-09-29T10:19:10+00:00\",\"dateModified\":\"2020-10-14T08:03:28+00:00\",\"description\":\"L\u2019objectiu central de l\u2019acompanyament d\u2019INTEGRAL \u00e9s facilitar que la presa de decisions econ\u00f2miques, financeres i fiscals, sigui informada...\",\"breadcrumb\":{\"@id\":\"https:\/\/www.affectio.es\/ca\/integral\/acompanyament-financer-i-fiscal\/#breadcrumb\"},\"inLanguage\":\"ca\",\"potentialAction\":[{\"@type\":\"ReadAction\",\"target\":[\"https:\/\/www.affectio.es\/ca\/integral\/acompanyament-financer-i-fiscal\/\"]}]},{\"@type\":\"BreadcrumbList\",\"@id\":\"https:\/\/www.affectio.es\/ca\/integral\/acompanyament-financer-i-fiscal\/#breadcrumb\",\"itemListElement\":[{\"@type\":\"ListItem\",\"position\":1,\"name\":\"Portada\",\"item\":\"https:\/\/www.affectio.es\/ca\/\"},{\"@type\":\"ListItem\",\"position\":2,\"name\":\"Integral\",\"item\":\"https:\/\/www.affectio.es\/ca\/integral\/\"},{\"@type\":\"ListItem\",\"position\":3,\"name\":\"Acompanyament. Financer i fiscal\"}]},{\"@type\":\"WebSite\",\"@id\":\"https:\/\/www.affectio.es\/ca\/#website\",\"url\":\"https:\/\/www.affectio.es\/ca\/\",\"name\":\"Affectio Group\",\"description\":\"Affectio Group es la expresi\u00f3n del v\u00ednculo entre los m\u00e1s de 30 profesionales de Integral\u00ae y de Idea Iuris\u00ae, basado en la mutua confianza y en su deseo de aunar sus contrastadas solvencia y experiencia\",\"potentialAction\":[{\"@type\":\"SearchAction\",\"target\":{\"@type\":\"EntryPoint\",\"urlTemplate\":\"https:\/\/www.affectio.es\/ca\/?s={search_term_string}\"},\"query-input\":{\"@type\":\"PropertyValueSpecification\",\"valueRequired\":true,\"valueName\":\"search_term_string\"}}],\"inLanguage\":\"ca\"}]}<\/script>\n<!-- \/ Yoast SEO plugin. -->","yoast_head_json":{"title":"Acompanyament. Financer i fiscal - Affectio Group","description":"L\u2019objectiu central de l\u2019acompanyament d\u2019INTEGRAL \u00e9s facilitar que la presa de decisions econ\u00f2miques, financeres i fiscals, sigui informada...","robots":{"index":"index","follow":"follow","max-snippet":"max-snippet:-1","max-image-preview":"max-image-preview:large","max-video-preview":"max-video-preview:-1"},"canonical":"https:\/\/www.affectio.es\/ca\/integral\/acompanyament-financer-i-fiscal\/","og_locale":"ca_ES","og_type":"article","og_title":"Acompanyament. Financer i fiscal - Affectio Group","og_description":"L\u2019objectiu central de l\u2019acompanyament d\u2019INTEGRAL \u00e9s facilitar que la presa de decisions econ\u00f2miques, financeres i fiscals, sigui informada...","og_url":"https:\/\/www.affectio.es\/ca\/integral\/acompanyament-financer-i-fiscal\/","og_site_name":"Affectio Group","article_modified_time":"2020-10-14T08:03:28+00:00","twitter_card":"summary_large_image","twitter_misc":{"Temps estimat de lectura":"7 minuts"},"schema":{"@context":"https:\/\/schema.org","@graph":[{"@type":"WebPage","@id":"https:\/\/www.affectio.es\/ca\/integral\/acompanyament-financer-i-fiscal\/","url":"https:\/\/www.affectio.es\/ca\/integral\/acompanyament-financer-i-fiscal\/","name":"Acompanyament. Financer i fiscal - Affectio Group","isPartOf":{"@id":"https:\/\/www.affectio.es\/ca\/#website"},"datePublished":"2020-09-29T10:19:10+00:00","dateModified":"2020-10-14T08:03:28+00:00","description":"L\u2019objectiu central de l\u2019acompanyament d\u2019INTEGRAL \u00e9s facilitar que la presa de decisions econ\u00f2miques, financeres i fiscals, sigui informada...","breadcrumb":{"@id":"https:\/\/www.affectio.es\/ca\/integral\/acompanyament-financer-i-fiscal\/#breadcrumb"},"inLanguage":"ca","potentialAction":[{"@type":"ReadAction","target":["https:\/\/www.affectio.es\/ca\/integral\/acompanyament-financer-i-fiscal\/"]}]},{"@type":"BreadcrumbList","@id":"https:\/\/www.affectio.es\/ca\/integral\/acompanyament-financer-i-fiscal\/#breadcrumb","itemListElement":[{"@type":"ListItem","position":1,"name":"Portada","item":"https:\/\/www.affectio.es\/ca\/"},{"@type":"ListItem","position":2,"name":"Integral","item":"https:\/\/www.affectio.es\/ca\/integral\/"},{"@type":"ListItem","position":3,"name":"Acompanyament. Financer i fiscal"}]},{"@type":"WebSite","@id":"https:\/\/www.affectio.es\/ca\/#website","url":"https:\/\/www.affectio.es\/ca\/","name":"Affectio Group","description":"Affectio Group es la expresi\u00f3n del v\u00ednculo entre los m\u00e1s de 30 profesionales de Integral\u00ae y de Idea Iuris\u00ae, basado en la mutua confianza y en su deseo de aunar sus contrastadas solvencia y experiencia","potentialAction":[{"@type":"SearchAction","target":{"@type":"EntryPoint","urlTemplate":"https:\/\/www.affectio.es\/ca\/?s={search_term_string}"},"query-input":{"@type":"PropertyValueSpecification","valueRequired":true,"valueName":"search_term_string"}}],"inLanguage":"ca"}]}},"_links":{"self":[{"href":"https:\/\/www.affectio.es\/ca\/wp-json\/wp\/v2\/pages\/659","targetHints":{"allow":["GET"]}}],"collection":[{"href":"https:\/\/www.affectio.es\/ca\/wp-json\/wp\/v2\/pages"}],"about":[{"href":"https:\/\/www.affectio.es\/ca\/wp-json\/wp\/v2\/types\/page"}],"author":[{"embeddable":true,"href":"https:\/\/www.affectio.es\/ca\/wp-json\/wp\/v2\/users\/1"}],"replies":[{"embeddable":true,"href":"https:\/\/www.affectio.es\/ca\/wp-json\/wp\/v2\/comments?post=659"}],"version-history":[{"count":6,"href":"https:\/\/www.affectio.es\/ca\/wp-json\/wp\/v2\/pages\/659\/revisions"}],"predecessor-version":[{"id":678,"href":"https:\/\/www.affectio.es\/ca\/wp-json\/wp\/v2\/pages\/659\/revisions\/678"}],"up":[{"embeddable":true,"href":"https:\/\/www.affectio.es\/ca\/wp-json\/wp\/v2\/pages\/636"}],"wp:attachment":[{"href":"https:\/\/www.affectio.es\/ca\/wp-json\/wp\/v2\/media?parent=659"}],"curies":[{"name":"wp","href":"https:\/\/api.w.org\/{rel}","templated":true}]}}