{"id":455,"date":"2020-09-29T10:15:13","date_gmt":"2020-09-29T10:15:13","guid":{"rendered":"https:\/\/www.affectio.es\/affectio-group\/"},"modified":"2026-02-13T11:50:38","modified_gmt":"2026-02-13T11:50:38","slug":"affectio-group","status":"publish","type":"page","link":"https:\/\/www.affectio.es\/ca\/","title":{"rendered":"Affectio Group"},"content":{"rendered":"<div class=\"wpb-content-wrapper\"><p>[vc_row gap=&#8221;30&#8243; equal_height=&#8221;yes&#8221; bg_type=&#8221;bg_color&#8221; bg_override=&#8221;ex-full&#8221; type=&#8221;vc_default&#8221; css=&#8221;.vc_custom_1600190341500{margin-top: -80px !important;padding-top: 60px !important;padding-right: 25px !important;padding-bottom: 80px !important;padding-left: 25px !important;}&#8221; bg_color_value=&#8221;#ffffff&#8221;][vc_column width=&#8221;2\/3&#8243; offset=&#8221;vc_col-lg-offset-2 vc_col-md-offset-2 vc_col-sm-offset-2&#8243;]<div id=\"ultimate-heading-651069eb44d25b137\" class=\"uvc-heading ult-adjust-bottom-margin ultimate-heading-651069eb44d25b137 uvc-4518  uvc-heading-default-font-sizes\" data-hspacer=\"no_spacer\"  data-halign=\"center\" style=\"text-align:center\"><div class=\"uvc-heading-spacer no_spacer\" style=\"top\"><\/div><div class=\"uvc-main-heading ult-responsive\"  data-ultimate-target='.uvc-heading.ultimate-heading-651069eb44d25b137 h1'  data-responsive-json-new='{\"font-size\":\"\",\"line-height\":\"\"}' ><h1 style=\"font-weight:bold;\">Affectio Group<\/h1><\/div><\/div>[vc_column_text]<\/p>\n<p style=\"text-align: center; color: #9a9a9a; font-size: 18px; line-height: 30px;\">Affectio Group \u00e9s l&#8217;expressi\u00f3 del vincle entre els m\u00e9s de 30 professionals de <a href=\"https:\/\/www.affectio.es\/ca\/integral\/\">Integral\u00ae<\/a> i d&#8217;<a href=\"https:\/\/www.affectio.es\/ca\/idea-iuris\/\">Idea Iuris\u00ae<\/a>, basat en la m\u00fatua confian\u00e7a i en el desig d&#8217;unir les seves contrastades solv\u00e8ncia i experi\u00e8ncia.<\/p>\n<p>[\/vc_column_text][vc_row_inner content_placement=&#8221;middle&#8221; css=&#8221;.vc_custom_1585580111295{margin-top: 25px !important;}&#8221;][vc_column_inner offset=&#8221;vc_hidden-lg vc_hidden-md&#8221;]<style type=\"text\/css\" data-type=\"the7_shortcodes-inline-css\">#default-btn-0187b34a2bbca6efd5ee5772ab48852c.ico-right-side > i {\n  margin-right: 0px;\n  margin-left: 8px;\n}\n#default-btn-0187b34a2bbca6efd5ee5772ab48852c > i {\n  margin-right: 8px;\n}\n<\/style><a href=\"https:\/\/www.affectio.es\/ca\/idea-iuris\/\" class=\"default-btn-shortcode dt-btn dt-btn-m link-hover-off btn-inline-left  vc_custom_1601558459365\" id=\"default-btn-0187b34a2bbca6efd5ee5772ab48852c\" style=\"width:120px;\" title=\"Integral\"><span>Idea Iuris<\/span><\/a><style type=\"text\/css\" data-type=\"the7_shortcodes-inline-css\">#default-btn-4c8f1be5e375dd08bd23f8f4041e6eee.ico-right-side > i {\n  margin-right: 0px;\n  margin-left: 8px;\n}\n#default-btn-4c8f1be5e375dd08bd23f8f4041e6eee > i {\n  margin-right: 8px;\n}\n<\/style><a href=\"https:\/\/www.affectio.es\/ca\/integral\/\" class=\"default-btn-shortcode dt-btn dt-btn-m link-hover-off btn-inline-left  vc_custom_1601558468916\" id=\"default-btn-4c8f1be5e375dd08bd23f8f4041e6eee\" style=\"width:120px;\" title=\"Integral\"><span>Integral<\/span><\/a>[\/vc_column_inner][\/vc_row_inner][\/vc_column][\/vc_row][vc_row full_width=&#8221;stretch_row_content_no_spaces&#8221;][vc_column][vc_single_image image=&#8221;2035&#8243; img_size=&#8221;full&#8221; css=&#8221;.vc_custom_1770983436276{margin-bottom: 0px !important;}&#8221;][\/vc_column][\/vc_row][vc_row gap=&#8221;30&#8243; equal_height=&#8221;yes&#8221; bg_type=&#8221;bg_color&#8221; bg_override=&#8221;ex-full&#8221; type=&#8221;vc_default&#8221; css=&#8221;.vc_custom_1601409993369{padding-top: 60px !important;padding-right: 25px !important;padding-bottom: 80px !important;padding-left: 25px !important;}&#8221; bg_color_value=&#8221;#f4f4f4&#8243;][vc_column width=&#8221;2\/3&#8243; css=&#8221;.vc_custom_1571939563704{padding-top: 30px !important;padding-right: 20px !important;padding-bottom: 40px !important;padding-left: 20px !important;background-color: #3f4a9a !important;}&#8221; offset=&#8221;vc_col-lg-offset-0 vc_col-lg-4 vc_col-md-offset-0 vc_col-md-4 vc_col-sm-offset-2&#8243;]<div class=\"ult-just-icon-wrapper   vc_custom_1601408849839\"><div class=\"align-icon\" style=\"text-align:center;\">\n<div class=\"aio-icon-img \" style=\"font-size:40px;background:#ffffff;border-style:solid;border-color:#ffffff;border-width:3px;padding:25px;border-radius:500px;display:inline-block;\" >\n\t<img decoding=\"async\" class=\"img-icon\" alt=\"Icono Affectio Group divisi\u00f3n jur\u00eddica\" src=\"https:\/\/www.affectio.es\/wp-content\/uploads\/2020\/09\/icono-affectio-group-division-juridica.jpg\"\/>\n<\/div><\/div><\/div><div id=\"ultimate-heading-890069eb44d25bfc9\" class=\"uvc-heading ult-adjust-bottom-margin ultimate-heading-890069eb44d25bfc9 uvc-2880  uvc-heading-default-font-sizes\" data-hspacer=\"no_spacer\"  data-halign=\"center\" style=\"text-align:center\"><div class=\"uvc-heading-spacer no_spacer\" style=\"top\"><\/div><div class=\"uvc-main-heading ult-responsive\"  data-ultimate-target='.uvc-heading.ultimate-heading-890069eb44d25bfc9 h3'  data-responsive-json-new='{\"font-size\":\"\",\"line-height\":\"\"}' ><h3 style=\"font-weight:bold;color:#ffffff;\">DIVISI\u00d3 JUR\u00cdDICA<\/h3><\/div><div class=\"uvc-sub-heading ult-responsive\"  data-ultimate-target='.uvc-heading.ultimate-heading-890069eb44d25bfc9 .uvc-sub-heading '  data-responsive-json-new='{\"font-size\":\"desktop:14px;\",\"line-height\":\"desktop:28px;\"}'  style=\"font-weight:normal;color:#ffffff;margin-top:10px;margin-bottom:20px;\"><strong>IDEA IURIS\u00ae<\/strong> neix el 1998 amb 35 anys d\u2019experi\u00e8ncia dels seus socis, tant en l\u2019exercici professional de l\u2019advocacia en prestigiosos bufets espanyols i brit\u00e0nics (Londres) com en l\u2019Administraci\u00f3 de Just\u00edcia espanyola.<\/div><\/div><div class=\" vc_custom_1601558612816 ubtn-ctn-center \"><a class=\"ubtn-link ult-adjust-bottom-margin ubtn-center ubtn-custom \" href=\"https:\/\/www.affectio.es\/ca\/idea-iuris\/\" title=\"Idea Iuris\" ><button type=\"button\" id=\"ubtn-1257\"  class=\"ubtn ult-adjust-bottom-margin ult-responsive ubtn-custom ubtn-fade-bg  none  ubtn-center   tooltip-69eb44d25c117\"  data-hover=\"#28a7fb\" data-border-color=\"rgba(255,255,255,0.4)\" data-bg=\"rgba(255,255,255,0.01)\" data-hover-bg=\"#ffffff\" data-border-hover=\"#ffffff\" data-shadow-hover=\"\" data-shadow-click=\"none\" data-shadow=\"\" data-shd-shadow=\"\"  data-ultimate-target='#ubtn-1257'  data-responsive-json-new='{\"font-size\":\"desktop:12px;\",\"line-height\":\"desktop:12px;\"}'  style=\"font-family:&#039;Montserrat&#039;;font-weight:normal;font-style:normal;width:px;min-height:34px;padding:5px 12px;border-radius:0px;border-width:2px;border-color:rgba(255,255,255,0.4);border-style:solid;background: rgba(255,255,255,0.01);color: #ffffff;\"><span class=\"ubtn-hover\" style=\"background-color:#ffffff\"><\/span><span class=\"ubtn-data ubtn-text \" >M\u00c9S INFORMACI\u00d3<\/span><\/button><\/a><\/div>[\/vc_column][vc_column width=&#8221;2\/3&#8243; css=&#8221;.vc_custom_1571939549837{padding-top: 30px !important;padding-right: 20px !important;padding-bottom: 40px !important;padding-left: 20px !important;background-color: #25368c !important;}&#8221; offset=&#8221;vc_col-lg-offset-0 vc_col-lg-4 vc_col-md-offset-0 vc_col-md-4 vc_col-sm-offset-2&#8243;]<div class=\"ult-just-icon-wrapper   vc_custom_1601408888404\"><div class=\"align-icon\" style=\"text-align:center;\">\n<div class=\"aio-icon-img \" style=\"font-size:40px;background:#ffffff;border-style:solid;border-color:#ffffff;border-width:3px;padding:25px;border-radius:500px;display:inline-block;\" >\n\t<img decoding=\"async\" class=\"img-icon\" alt=\"Icono Affectio Group divisi\u00f3n econ\u00f3mica\" src=\"https:\/\/www.affectio.es\/wp-content\/uploads\/2020\/09\/icono-affectio-group-division-economica.jpg\"\/>\n<\/div><\/div><\/div><div id=\"ultimate-heading-337369eb44d25c9d6\" class=\"uvc-heading ult-adjust-bottom-margin ultimate-heading-337369eb44d25c9d6 uvc-5740  uvc-heading-default-font-sizes\" data-hspacer=\"no_spacer\"  data-halign=\"center\" style=\"text-align:center\"><div class=\"uvc-heading-spacer no_spacer\" style=\"top\"><\/div><div class=\"uvc-main-heading ult-responsive\"  data-ultimate-target='.uvc-heading.ultimate-heading-337369eb44d25c9d6 h3'  data-responsive-json-new='{\"font-size\":\"\",\"line-height\":\"\"}' ><h3 style=\"font-weight:bold;color:#ffffff;\">DIVISI\u00d3 ECON\u00d2MICA<\/h3><\/div><div class=\"uvc-sub-heading ult-responsive\"  data-ultimate-target='.uvc-heading.ultimate-heading-337369eb44d25c9d6 .uvc-sub-heading '  data-responsive-json-new='{\"font-size\":\"desktop:14px;\",\"line-height\":\"desktop:28px;\"}'  style=\"font-weight:normal;color:#ffffff;margin-top:10px;margin-bottom:20px;\">L\u2019objectiu central de l\u2019acompanyament d\u2019INTEGRAL \u00e9s facilitar que la Presa de Decisions Econ\u00f2miques, Financeres i Fiscals, sigui informada i conscient. La gesti\u00f3 d\u2019una activitat econ\u00f2mica exigeix \u200b\u200bcon\u00e8ixer amb precisi\u00f3 tant la Situaci\u00f3 Econ\u00f2mica (ingressos i despeses) com la Situaci\u00f3 Financera (considerant les necessitats a curt i llarg termini).<\/div><\/div><div class=\" vc_custom_1601558751712 ubtn-ctn-center \"><a class=\"ubtn-link ult-adjust-bottom-margin ubtn-center ubtn-custom \" href=\"https:\/\/www.affectio.es\/ca\/integral\/\" title=\"Integral\" ><button type=\"button\" id=\"ubtn-6264\"  class=\"ubtn ult-adjust-bottom-margin ult-responsive ubtn-custom ubtn-fade-bg  none  ubtn-center   tooltip-69eb44d25ca8d\"  data-hover=\"#28a7fb\" data-border-color=\"rgba(255,255,255,0.4)\" data-bg=\"rgba(255,255,255,0.01)\" data-hover-bg=\"#ffffff\" data-border-hover=\"#ffffff\" data-shadow-hover=\"\" data-shadow-click=\"none\" data-shadow=\"\" data-shd-shadow=\"\"  data-ultimate-target='#ubtn-6264'  data-responsive-json-new='{\"font-size\":\"desktop:12px;\",\"line-height\":\"desktop:12px;\"}'  style=\"font-family:&#039;Montserrat&#039;;font-weight:normal;font-style:normal;width:px;min-height:34px;padding:5px 12px;border-radius:0px;border-width:2px;border-color:rgba(255,255,255,0.4);border-style:solid;background: rgba(255,255,255,0.01);color: #ffffff;\"><span class=\"ubtn-hover\" style=\"background-color:#ffffff\"><\/span><span class=\"ubtn-data ubtn-text \" >M\u00c9S INFORMACI\u00d3<\/span><\/button><\/a><\/div>[\/vc_column][vc_column width=&#8221;2\/3&#8243; css=&#8221;.vc_custom_1571939534813{padding-top: 30px !important;padding-right: 20px !important;padding-bottom: 40px !important;padding-left: 20px !important;background-color: #2a2a69 !important;}&#8221; offset=&#8221;vc_col-lg-offset-0 vc_col-lg-4 vc_col-md-offset-0 vc_col-md-4 vc_col-sm-offset-2&#8243;]<div class=\"ult-just-icon-wrapper   vc_custom_1601408909285\"><div class=\"align-icon\" style=\"text-align:center;\">\n<div class=\"aio-icon-img \" style=\"font-size:40px;background:#ffffff;border-style:solid;border-color:#ffffff;border-width:3px;padding:25px;border-radius:500px;display:inline-block;\" >\n\t<img decoding=\"async\" class=\"img-icon\" alt=\"Icono Affectio Group divisi\u00f3n consultor\u00eda\" src=\"https:\/\/www.affectio.es\/wp-content\/uploads\/2020\/09\/icono-affectio-group-division-consultoria.jpg\"\/>\n<\/div><\/div><\/div><div id=\"ultimate-heading-287869eb44d25d127\" class=\"uvc-heading ult-adjust-bottom-margin ultimate-heading-287869eb44d25d127 uvc-2499  uvc-heading-default-font-sizes\" data-hspacer=\"no_spacer\"  data-halign=\"center\" style=\"text-align:center\"><div class=\"uvc-heading-spacer no_spacer\" style=\"top\"><\/div><div class=\"uvc-main-heading ult-responsive\"  data-ultimate-target='.uvc-heading.ultimate-heading-287869eb44d25d127 h3'  data-responsive-json-new='{\"font-size\":\"\",\"line-height\":\"\"}' ><h3 style=\"font-weight:bold;color:#ffffff;\">DIVISI\u00d3 CONSULTORIA<\/h3><\/div><div class=\"uvc-sub-heading ult-responsive\"  data-ultimate-target='.uvc-heading.ultimate-heading-287869eb44d25d127 .uvc-sub-heading '  data-responsive-json-new='{\"font-size\":\"desktop:14px;\",\"line-height\":\"desktop:28px;\"}'  style=\"font-weight:normal;color:#ffffff;margin-top:10px;margin-bottom:20px;\">La nostra divisi\u00f3 de consultoria compta amb un equip expert amb una \u00e0mplia experi\u00e8ncia en l\u2019acompanyament i assessorament a empreses i entitats. L\u2019actuaci\u00f3 del nostre equip consultor facilita la implantaci\u00f3 de projectes en \u00e0rees com l\u2019estrat\u00e8gia, la millora de l\u2019activitat comercial i m\u00e0rqueting, les persones i la innovaci\u00f3.<\/div><\/div><div class=\" vc_custom_1601558846190 ubtn-ctn-center \"><a class=\"ubtn-link ult-adjust-bottom-margin ubtn-center ubtn-custom \" href=\"https:\/\/www.affectio.es\/ca\/integral\/\" title=\"Integral\" ><button type=\"button\" id=\"ubtn-6856\"  class=\"ubtn ult-adjust-bottom-margin ult-responsive ubtn-custom ubtn-fade-bg  none  ubtn-center   tooltip-69eb44d25d205\"  data-hover=\"#28a7fb\" data-border-color=\"rgba(255,255,255,0.4)\" data-bg=\"rgba(255,255,255,0.01)\" data-hover-bg=\"#ffffff\" data-border-hover=\"#ffffff\" data-shadow-hover=\"\" data-shadow-click=\"none\" data-shadow=\"\" data-shd-shadow=\"\"  data-ultimate-target='#ubtn-6856'  data-responsive-json-new='{\"font-size\":\"desktop:12px;\",\"line-height\":\"desktop:12px;\"}'  style=\"font-family:&#039;Montserrat&#039;;font-weight:normal;font-style:normal;width:px;min-height:34px;padding:5px 12px;border-radius:0px;border-width:2px;border-color:rgba(255,255,255,0.4);border-style:solid;background: rgba(255,255,255,0.01);color: #ffffff;\"><span class=\"ubtn-hover\" style=\"background-color:#ffffff\"><\/span><span class=\"ubtn-data ubtn-text \" >M\u00c9S INFORMACI\u00d3<\/span><\/button><\/a><\/div>[\/vc_column][\/vc_row][vc_row full_width=&#8221;stretch_row&#8221; equal_height=&#8221;yes&#8221; content_placement=&#8221;middle&#8221; type=&#8221;vc_default&#8221; css=&#8221;.vc_custom_1581117279973{margin-top: 0px !important;padding-top: 40px !important;padding-bottom: 40px !important;background-color: #2a2a69 !important;}&#8221;][vc_column offset=&#8221;vc_col-lg-8 vc_col-md-8 vc_col-xs-12&#8243;][vc_row_inner][vc_column_inner offset=&#8221;vc_hidden-sm vc_hidden-xs&#8221;]<div id=\"ultimate-heading-491569eb44d25d2a9\" class=\"uvc-heading ult-adjust-bottom-margin ultimate-heading-491569eb44d25d2a9 uvc-3750 \" data-hspacer=\"no_spacer\"  data-halign=\"left\" style=\"text-align:left\"><div class=\"uvc-heading-spacer no_spacer\" style=\"top\"><\/div><div class=\"uvc-main-heading ult-responsive\"  data-ultimate-target='.uvc-heading.ultimate-heading-491569eb44d25d2a9 h2'  data-responsive-json-new='{\"font-size\":\"desktop:30px;\",\"line-height\":\"desktop:40px;\"}' ><h2 style=\"--font-weight:theme;color:#ffffff;margin-bottom:10px;\">Contacti amb nosaltres<\/h2><\/div><div class=\"uvc-sub-heading ult-responsive\"  data-ultimate-target='.uvc-heading.ultimate-heading-491569eb44d25d2a9 .uvc-sub-heading '  data-responsive-json-new='{\"font-size\":\"desktop:17px;\",\"line-height\":\"desktop:27px;\"}'  style=\"font-weight:normal;color:#ffffff;\">Si necessita m\u00e9s informaci\u00f3, posi&#8217;s en contacte amb nosaltres.<\/div><\/div>[\/vc_column_inner][\/vc_row_inner][\/vc_column][vc_column offset=&#8221;vc_col-lg-4 vc_col-md-4 vc_hidden-sm vc_col-xs-12 vc_hidden-xs&#8221;]<div class=\" vc_custom_1601558960797 ubtn-ctn-right \"><a class=\"ubtn-link ult-adjust-bottom-margin ubtn-right ubtn-custom \" href=\"https:\/\/www.affectio.es\/ca\/contacte\/\" title=\"Contacte\" ><button type=\"button\" id=\"ubtn-1924\"  class=\"ubtn ult-adjust-bottom-margin ult-responsive ubtn-custom ubtn-fade-bg  none  ubtn-right   tooltip-69eb44d25d341\"  data-hover=\"#2a2a69\" data-border-color=\"rgba(255,255,255,0.4)\" data-bg=\"rgba(255,255,255,0.01)\" data-hover-bg=\"#ffffff\" data-border-hover=\"#ffffff\" data-shadow-hover=\"\" data-shadow-click=\"none\" data-shadow=\"\" data-shd-shadow=\"\"  data-ultimate-target='#ubtn-1924'  data-responsive-json-new='{\"font-size\":\"desktop:20px;\",\"line-height\":\"desktop:20px;\"}'  style=\"font-family:&#039;Montserrat&#039;;font-weight:700;width:px;min-height:38px;padding:15px 25px;border-radius:0px;border-width:4px;border-color:rgba(255,255,255,0.4);border-style:solid;background: rgba(255,255,255,0.01);color: #ffffff;\"><span class=\"ubtn-hover\" style=\"background-color:#ffffff\"><\/span><span class=\"ubtn-data ubtn-text \" >Contactar<\/span><\/button><\/a><\/div>[\/vc_column][\/vc_row]<\/p>\n<\/div>","protected":false},"excerpt":{"rendered":"<p>[vc_row gap=&#8221;30&#8243; equal_height=&#8221;yes&#8221; bg_type=&#8221;bg_color&#8221; bg_override=&#8221;ex-full&#8221; type=&#8221;vc_default&#8221; css=&#8221;.vc_custom_1600190341500{margin-top: -80px !important;padding-top: 60px !important;padding-right: 25px !important;padding-bottom: 80px !important;padding-left: 25px !important;}&#8221; bg_color_value=&#8221;#ffffff&#8221;][vc_column width=&#8221;2\/3&#8243; offset=&#8221;vc_col-lg-offset-2 vc_col-md-offset-2 vc_col-sm-offset-2&#8243;][vc_column_text] Affectio Group \u00e9s l&#8217;expressi\u00f3 del vincle entre els m\u00e9s de 30 professionals de Integral\u00ae i d&#8217;Idea Iuris\u00ae, basat en la m\u00fatua confian\u00e7a i en el desig d&#8217;unir les seves contrastades solv\u00e8ncia i experi\u00e8ncia.&hellip;<\/p>\n","protected":false},"author":1,"featured_media":0,"parent":0,"menu_order":0,"comment_status":"closed","ping_status":"closed","template":"","meta":{"footnotes":""},"class_list":["post-455","page","type-page","status-publish","hentry","description-off"],"yoast_head":"<!-- This site is optimized with the Yoast SEO plugin v26.9 - https:\/\/yoast.com\/product\/yoast-seo-wordpress\/ -->\n<title>Affectio Group - Affectio Group<\/title>\n<meta name=\"description\" content=\"Affectio Group \u00e9s el vincle entre els m\u00e9s de 30 professionals de Integral\u00ae i d&#039;Idea Iuris\u00ae. Divisi\u00f3 jur\u00eddica, econ\u00f2mica i consultoria.\" \/>\n<meta name=\"robots\" content=\"index, follow, max-snippet:-1, max-image-preview:large, max-video-preview:-1\" \/>\n<link rel=\"canonical\" href=\"https:\/\/www.affectio.es\/ca\/\" \/>\n<meta property=\"og:locale\" content=\"ca_ES\" \/>\n<meta property=\"og:type\" content=\"article\" \/>\n<meta property=\"og:title\" content=\"Affectio Group - Affectio Group\" \/>\n<meta property=\"og:description\" content=\"Affectio Group \u00e9s el vincle entre els m\u00e9s de 30 professionals de Integral\u00ae i d&#039;Idea Iuris\u00ae. Divisi\u00f3 jur\u00eddica, econ\u00f2mica i consultoria.\" \/>\n<meta property=\"og:url\" content=\"https:\/\/www.affectio.es\/ca\/\" \/>\n<meta property=\"og:site_name\" content=\"Affectio Group\" \/>\n<meta property=\"article:modified_time\" content=\"2026-02-13T11:50:38+00:00\" \/>\n<meta name=\"twitter:card\" content=\"summary_large_image\" \/>\n<meta name=\"twitter:label1\" content=\"Temps estimat de lectura\" \/>\n\t<meta name=\"twitter:data1\" content=\"8 minuts\" \/>\n<script type=\"application\/ld+json\" class=\"yoast-schema-graph\">{\"@context\":\"https:\/\/schema.org\",\"@graph\":[{\"@type\":\"WebPage\",\"@id\":\"https:\/\/www.affectio.es\/ca\/\",\"url\":\"https:\/\/www.affectio.es\/ca\/\",\"name\":\"Affectio Group - Affectio Group\",\"isPartOf\":{\"@id\":\"https:\/\/www.affectio.es\/ca\/#website\"},\"datePublished\":\"2020-09-29T10:15:13+00:00\",\"dateModified\":\"2026-02-13T11:50:38+00:00\",\"description\":\"Affectio Group \u00e9s el vincle entre els m\u00e9s de 30 professionals de Integral\u00ae i d'Idea Iuris\u00ae. Divisi\u00f3 jur\u00eddica, econ\u00f2mica i consultoria.\",\"breadcrumb\":{\"@id\":\"https:\/\/www.affectio.es\/ca\/#breadcrumb\"},\"inLanguage\":\"ca\",\"potentialAction\":[{\"@type\":\"ReadAction\",\"target\":[\"https:\/\/www.affectio.es\/ca\/\"]}]},{\"@type\":\"BreadcrumbList\",\"@id\":\"https:\/\/www.affectio.es\/ca\/#breadcrumb\",\"itemListElement\":[{\"@type\":\"ListItem\",\"position\":1,\"name\":\"Portada\",\"item\":\"https:\/\/www.affectio.es\/ca\/\"},{\"@type\":\"ListItem\",\"position\":2,\"name\":\"Affectio Group\"}]},{\"@type\":\"WebSite\",\"@id\":\"https:\/\/www.affectio.es\/ca\/#website\",\"url\":\"https:\/\/www.affectio.es\/ca\/\",\"name\":\"Affectio Group\",\"description\":\"Affectio Group es la expresi\u00f3n del v\u00ednculo entre los m\u00e1s de 30 profesionales de Integral\u00ae y de Idea Iuris\u00ae, basado en la mutua confianza y en su deseo de aunar sus contrastadas solvencia y experiencia\",\"potentialAction\":[{\"@type\":\"SearchAction\",\"target\":{\"@type\":\"EntryPoint\",\"urlTemplate\":\"https:\/\/www.affectio.es\/ca\/?s={search_term_string}\"},\"query-input\":{\"@type\":\"PropertyValueSpecification\",\"valueRequired\":true,\"valueName\":\"search_term_string\"}}],\"inLanguage\":\"ca\"}]}<\/script>\n<!-- \/ Yoast SEO plugin. -->","yoast_head_json":{"title":"Affectio Group - Affectio Group","description":"Affectio Group \u00e9s el vincle entre els m\u00e9s de 30 professionals de Integral\u00ae i d'Idea Iuris\u00ae. Divisi\u00f3 jur\u00eddica, econ\u00f2mica i consultoria.","robots":{"index":"index","follow":"follow","max-snippet":"max-snippet:-1","max-image-preview":"max-image-preview:large","max-video-preview":"max-video-preview:-1"},"canonical":"https:\/\/www.affectio.es\/ca\/","og_locale":"ca_ES","og_type":"article","og_title":"Affectio Group - Affectio Group","og_description":"Affectio Group \u00e9s el vincle entre els m\u00e9s de 30 professionals de Integral\u00ae i d'Idea Iuris\u00ae. Divisi\u00f3 jur\u00eddica, econ\u00f2mica i consultoria.","og_url":"https:\/\/www.affectio.es\/ca\/","og_site_name":"Affectio Group","article_modified_time":"2026-02-13T11:50:38+00:00","twitter_card":"summary_large_image","twitter_misc":{"Temps estimat de lectura":"8 minuts"},"schema":{"@context":"https:\/\/schema.org","@graph":[{"@type":"WebPage","@id":"https:\/\/www.affectio.es\/ca\/","url":"https:\/\/www.affectio.es\/ca\/","name":"Affectio Group - Affectio Group","isPartOf":{"@id":"https:\/\/www.affectio.es\/ca\/#website"},"datePublished":"2020-09-29T10:15:13+00:00","dateModified":"2026-02-13T11:50:38+00:00","description":"Affectio Group \u00e9s el vincle entre els m\u00e9s de 30 professionals de Integral\u00ae i d'Idea Iuris\u00ae. Divisi\u00f3 jur\u00eddica, econ\u00f2mica i consultoria.","breadcrumb":{"@id":"https:\/\/www.affectio.es\/ca\/#breadcrumb"},"inLanguage":"ca","potentialAction":[{"@type":"ReadAction","target":["https:\/\/www.affectio.es\/ca\/"]}]},{"@type":"BreadcrumbList","@id":"https:\/\/www.affectio.es\/ca\/#breadcrumb","itemListElement":[{"@type":"ListItem","position":1,"name":"Portada","item":"https:\/\/www.affectio.es\/ca\/"},{"@type":"ListItem","position":2,"name":"Affectio Group"}]},{"@type":"WebSite","@id":"https:\/\/www.affectio.es\/ca\/#website","url":"https:\/\/www.affectio.es\/ca\/","name":"Affectio Group","description":"Affectio Group es la expresi\u00f3n del v\u00ednculo entre los m\u00e1s de 30 profesionales de Integral\u00ae y de Idea Iuris\u00ae, basado en la mutua confianza y en su deseo de aunar sus contrastadas solvencia y experiencia","potentialAction":[{"@type":"SearchAction","target":{"@type":"EntryPoint","urlTemplate":"https:\/\/www.affectio.es\/ca\/?s={search_term_string}"},"query-input":{"@type":"PropertyValueSpecification","valueRequired":true,"valueName":"search_term_string"}}],"inLanguage":"ca"}]}},"_links":{"self":[{"href":"https:\/\/www.affectio.es\/ca\/wp-json\/wp\/v2\/pages\/455","targetHints":{"allow":["GET"]}}],"collection":[{"href":"https:\/\/www.affectio.es\/ca\/wp-json\/wp\/v2\/pages"}],"about":[{"href":"https:\/\/www.affectio.es\/ca\/wp-json\/wp\/v2\/types\/page"}],"author":[{"embeddable":true,"href":"https:\/\/www.affectio.es\/ca\/wp-json\/wp\/v2\/users\/1"}],"replies":[{"embeddable":true,"href":"https:\/\/www.affectio.es\/ca\/wp-json\/wp\/v2\/comments?post=455"}],"version-history":[{"count":11,"href":"https:\/\/www.affectio.es\/ca\/wp-json\/wp\/v2\/pages\/455\/revisions"}],"predecessor-version":[{"id":1948,"href":"https:\/\/www.affectio.es\/ca\/wp-json\/wp\/v2\/pages\/455\/revisions\/1948"}],"wp:attachment":[{"href":"https:\/\/www.affectio.es\/ca\/wp-json\/wp\/v2\/media?parent=455"}],"curies":[{"name":"wp","href":"https:\/\/api.w.org\/{rel}","templated":true}]}}