{"id":403,"date":"2020-09-29T10:18:00","date_gmt":"2020-09-29T10:18:00","guid":{"rendered":"https:\/\/www.affectio.es\/idea-iuris\/"},"modified":"2020-10-14T07:37:28","modified_gmt":"2020-10-14T07:37:28","slug":"idea-iuris","status":"publish","type":"page","link":"https:\/\/www.affectio.es\/ca\/idea-iuris\/","title":{"rendered":"Idea Iuris"},"content":{"rendered":"<div class=\"wpb-content-wrapper\"><p>[vc_row css=&#8221;.vc_custom_1601385031097{margin-bottom: -80px !important;}&#8221;][vc_column][vc_single_image image=&#8221;409&#8243; img_size=&#8221;full&#8221; css=&#8221;.vc_custom_1601416816167{padding-bottom: 20px !important;}&#8221;][vc_column_text css=&#8221;.vc_custom_1585673034259{margin-top: 0px !important;margin-bottom: 0px !important;padding-top: 0px !important;padding-bottom: 0px !important;}&#8221;][\/vc_column_text]<div id=\"ultimate-heading-103769eb427f886a7\" class=\"uvc-heading ult-adjust-bottom-margin ultimate-heading-103769eb427f886a7 uvc-3821 \" data-hspacer=\"line_only\"  data-halign=\"left\" style=\"text-align:left\"><div class=\"uvc-main-heading ult-responsive\"  data-ultimate-target='.uvc-heading.ultimate-heading-103769eb427f886a7 h2'  data-responsive-json-new='{\"font-size\":\"desktop:24px;\",\"line-height\":\"desktop:30px;\"}' ><h2 style=\"font-weight:bold;margin-bottom:22px;\">IDEA IURIS<\/h2><\/div><div class=\"uvc-heading-spacer line_only\" style=\"topheight:1px;\"><span class=\"uvc-headings-line\" style=\"border-style:solid;border-bottom-width:1px;border-color:#3f4a9a;width:autopx;\"><\/span><\/div><\/div>[vc_column_text css=&#8221;.vc_custom_1601450642197{padding-top: 22px !important;}&#8221;]<\/p>\n<div style=\"text-align: justify;\">\n<p><strong>IDEA IURIS\u00ae<\/strong> neix el 1998 amb 35 anys d&#8217;experi\u00e8ncia dels seus socis, tant en l&#8217;exercici professional de l&#8217;advocacia en prestigiosos bufets espanyols i brit\u00e0nics (Londres) com en l&#8217;Administraci\u00f3 de Just\u00edcia espanyola.<br \/>\n<strong>\u2028IDEA IURIS\u00ae<\/strong> es renova en primer lloc entre 2008 i 2010, en qu\u00e8 es trasllada a les noves i m\u00e9s \u00e0mplies oficines que ara ocupa a l&#8217;Avinguda Diagonal (al costat de Passeig de Gr\u00e0cia) i, aix\u00ed mateix, decideix afrontar nous reptes en l&#8217;ampliaci\u00f3 i millora dels serveis que ofereix als seus clients, principalment empreses i corporacions. Aquesta decisi\u00f3 es materialitza en <strong>affectio group\u00ae<\/strong>, des d&#8217;on tamb\u00e9 podem oferir als nostres clients serveis d&#8217;Assessoria Fiscal i Laboral, aix\u00ed com de Consultoria Estrat\u00e8gica, juntament amb <strong>Integral\u00ae<\/strong>, amb divisions especialitzades en cada l\u00ednia de negoci. Amb els seus magn\u00edfics professionals ja portem col\u00b7laborant sense interrupci\u00f3 des de fa 25 anys.<\/p>\n<p>El segon gran canvi es produeix a finals de 2019 i principis de 2020, quan <strong>IDEA IURIS\u00ae<\/strong> decideix tenir presencia pr\u00f2pia a Madrid (Passeig de la Castellana), per atendre de forma mes propera als clients que ja tenen la seu principal a la capital, aix\u00ed com oferir la seva innovadora forma d\u2019acompanyar jur\u00eddicament a a nous clients que decideixin con\u00e8ixer-nos i confiar en nosaltres.<\/p>\n<p>Els socis i demes advocats d&#8217;<strong>IDEA IURIS\u00ae<\/strong> estan col\u00b7legiats al Il\u00b7lustre Col\u00b7legis d&#8217;Advocat de Barcelona. IDEA IURIS, S.L.P. est\u00e0 inscrita al Registre Mercantil de Barcelona al Full n\u00fam. 181605, i com a Societat Professional, a l&#8217;Il\u00b7lustre Col\u00b7legi d&#8217;Advocats de Barcelona amb el n\u00fam. 230 (CIF n\u00fam. B-61691010).<\/p>\n<\/div>\n<p>[\/vc_column_text][vc_row_inner css=&#8221;.vc_custom_1462354927208{padding-top: 22px !important;padding-bottom: 20px !important;}&#8221;][vc_column_inner width=&#8221;1\/2&#8243;]<div class=\"standard-arrow bullet-top\"><p><strong>Societari &amp; Contractual<\/strong><\/p>\n<ul>\n<li>Franqu\u00edcia &#8211; Distribuci\u00f3 &#8211; Agencia<\/li>\n<li>Empresa Conjunta<\/li>\n<li>Fusions i Adquisicions<\/li>\n<li>Implantaci\u00f3 a Espanya i l\u2019Exterior<\/li>\n<li>Finan\u00e7ament Capital de risc<\/li>\n<li>Protecci\u00f3 de Dades<\/li>\n<li>C-V i Lloguer d\u2019Immobles<\/li>\n<li>E-Comer\u00e7 i Internet<\/li>\n<li>Secretaria &#8211; Consellers Externs<\/li>\n<\/ul>\n<\/div>[\/vc_column_inner][vc_column_inner width=&#8221;1\/2&#8243;]<div class=\"standard-arrow bullet-top\"><p><strong>Procediments Judicials<\/strong><\/p>\n<ul>\n<li>Concurs de Creditors<\/li>\n<li>Reclamacions de Quantitat<\/li>\n<li>Resolucions Contractuals<\/li>\n<li>Compet\u00e8ncia: Restrucci\u00f3 i Deslleial<\/li>\n<li>Processos Laborals<\/li>\n<li>Penal d\u2019empresa<\/li>\n<li>Fam\u00edlia i Successions<\/li>\n<li>Immobles<\/li>\n<li>Responsabilitat Civil<\/li>\n<\/ul>\n<\/div>[\/vc_column_inner][\/vc_row_inner][\/vc_column][\/vc_row]<\/p>\n<\/div>","protected":false},"excerpt":{"rendered":"<p>[vc_row css=&#8221;.vc_custom_1601385031097{margin-bottom: -80px !important;}&#8221;][vc_column][vc_single_image image=&#8221;409&#8243; img_size=&#8221;full&#8221; css=&#8221;.vc_custom_1601416816167{padding-bottom: 20px !important;}&#8221;][vc_column_text css=&#8221;.vc_custom_1585673034259{margin-top: 0px !important;margin-bottom: 0px !important;padding-top: 0px !important;padding-bottom: 0px !important;}&#8221;][\/vc_column_text][vc_column_text css=&#8221;.vc_custom_1601450642197{padding-top: 22px !important;}&#8221;] IDEA IURIS\u00ae neix el 1998 amb 35 anys d&#8217;experi\u00e8ncia dels seus socis, tant en l&#8217;exercici professional de l&#8217;advocacia en prestigiosos bufets espanyols i brit\u00e0nics (Londres) com en l&#8217;Administraci\u00f3 de Just\u00edcia espanyola. \u2028IDEA IURIS\u00ae es&hellip;<\/p>\n","protected":false},"author":1,"featured_media":0,"parent":0,"menu_order":0,"comment_status":"closed","ping_status":"closed","template":"","meta":{"footnotes":""},"class_list":["post-403","page","type-page","status-publish","hentry","description-off"],"yoast_head":"<!-- This site is optimized with the Yoast SEO plugin v26.9 - https:\/\/yoast.com\/product\/yoast-seo-wordpress\/ -->\n<title>Idea Iuris - Affectio Group<\/title>\n<meta name=\"description\" content=\"Franqu\u00edcia \u2013 Distribuci\u00f3 \u2013 Agencia, Empresa Conjunta, Fusions i Adquisicions, Implantaci\u00f3 a Espanya i l\u2019Exterior, Finan\u00e7ament Capital de risc\" \/>\n<meta name=\"robots\" content=\"index, follow, max-snippet:-1, max-image-preview:large, max-video-preview:-1\" \/>\n<link rel=\"canonical\" href=\"https:\/\/www.affectio.es\/ca\/idea-iuris\/\" \/>\n<meta property=\"og:locale\" content=\"ca_ES\" \/>\n<meta property=\"og:type\" content=\"article\" \/>\n<meta property=\"og:title\" content=\"Idea Iuris - Affectio Group\" \/>\n<meta property=\"og:description\" content=\"Franqu\u00edcia \u2013 Distribuci\u00f3 \u2013 Agencia, Empresa Conjunta, Fusions i Adquisicions, Implantaci\u00f3 a Espanya i l\u2019Exterior, Finan\u00e7ament Capital de risc\" \/>\n<meta property=\"og:url\" content=\"https:\/\/www.affectio.es\/ca\/idea-iuris\/\" \/>\n<meta property=\"og:site_name\" content=\"Affectio Group\" \/>\n<meta property=\"article:modified_time\" content=\"2020-10-14T07:37:28+00:00\" \/>\n<meta name=\"twitter:card\" content=\"summary_large_image\" \/>\n<meta name=\"twitter:label1\" content=\"Temps estimat de lectura\" \/>\n\t<meta name=\"twitter:data1\" content=\"2 minuts\" \/>\n<script type=\"application\/ld+json\" class=\"yoast-schema-graph\">{\"@context\":\"https:\/\/schema.org\",\"@graph\":[{\"@type\":\"WebPage\",\"@id\":\"https:\/\/www.affectio.es\/ca\/idea-iuris\/\",\"url\":\"https:\/\/www.affectio.es\/ca\/idea-iuris\/\",\"name\":\"Idea Iuris - Affectio Group\",\"isPartOf\":{\"@id\":\"https:\/\/www.affectio.es\/ca\/#website\"},\"datePublished\":\"2020-09-29T10:18:00+00:00\",\"dateModified\":\"2020-10-14T07:37:28+00:00\",\"description\":\"Franqu\u00edcia \u2013 Distribuci\u00f3 \u2013 Agencia, Empresa Conjunta, Fusions i Adquisicions, Implantaci\u00f3 a Espanya i l\u2019Exterior, Finan\u00e7ament Capital de risc\",\"breadcrumb\":{\"@id\":\"https:\/\/www.affectio.es\/ca\/idea-iuris\/#breadcrumb\"},\"inLanguage\":\"ca\",\"potentialAction\":[{\"@type\":\"ReadAction\",\"target\":[\"https:\/\/www.affectio.es\/ca\/idea-iuris\/\"]}]},{\"@type\":\"BreadcrumbList\",\"@id\":\"https:\/\/www.affectio.es\/ca\/idea-iuris\/#breadcrumb\",\"itemListElement\":[{\"@type\":\"ListItem\",\"position\":1,\"name\":\"Portada\",\"item\":\"https:\/\/www.affectio.es\/ca\/\"},{\"@type\":\"ListItem\",\"position\":2,\"name\":\"Idea Iuris\"}]},{\"@type\":\"WebSite\",\"@id\":\"https:\/\/www.affectio.es\/ca\/#website\",\"url\":\"https:\/\/www.affectio.es\/ca\/\",\"name\":\"Affectio Group\",\"description\":\"Affectio Group es la expresi\u00f3n del v\u00ednculo entre los m\u00e1s de 30 profesionales de Integral\u00ae y de Idea Iuris\u00ae, basado en la mutua confianza y en su deseo de aunar sus contrastadas solvencia y experiencia\",\"potentialAction\":[{\"@type\":\"SearchAction\",\"target\":{\"@type\":\"EntryPoint\",\"urlTemplate\":\"https:\/\/www.affectio.es\/ca\/?s={search_term_string}\"},\"query-input\":{\"@type\":\"PropertyValueSpecification\",\"valueRequired\":true,\"valueName\":\"search_term_string\"}}],\"inLanguage\":\"ca\"}]}<\/script>\n<!-- \/ Yoast SEO plugin. -->","yoast_head_json":{"title":"Idea Iuris - Affectio Group","description":"Franqu\u00edcia \u2013 Distribuci\u00f3 \u2013 Agencia, Empresa Conjunta, Fusions i Adquisicions, Implantaci\u00f3 a Espanya i l\u2019Exterior, Finan\u00e7ament Capital de risc","robots":{"index":"index","follow":"follow","max-snippet":"max-snippet:-1","max-image-preview":"max-image-preview:large","max-video-preview":"max-video-preview:-1"},"canonical":"https:\/\/www.affectio.es\/ca\/idea-iuris\/","og_locale":"ca_ES","og_type":"article","og_title":"Idea Iuris - Affectio Group","og_description":"Franqu\u00edcia \u2013 Distribuci\u00f3 \u2013 Agencia, Empresa Conjunta, Fusions i Adquisicions, Implantaci\u00f3 a Espanya i l\u2019Exterior, Finan\u00e7ament Capital de risc","og_url":"https:\/\/www.affectio.es\/ca\/idea-iuris\/","og_site_name":"Affectio Group","article_modified_time":"2020-10-14T07:37:28+00:00","twitter_card":"summary_large_image","twitter_misc":{"Temps estimat de lectura":"2 minuts"},"schema":{"@context":"https:\/\/schema.org","@graph":[{"@type":"WebPage","@id":"https:\/\/www.affectio.es\/ca\/idea-iuris\/","url":"https:\/\/www.affectio.es\/ca\/idea-iuris\/","name":"Idea Iuris - Affectio Group","isPartOf":{"@id":"https:\/\/www.affectio.es\/ca\/#website"},"datePublished":"2020-09-29T10:18:00+00:00","dateModified":"2020-10-14T07:37:28+00:00","description":"Franqu\u00edcia \u2013 Distribuci\u00f3 \u2013 Agencia, Empresa Conjunta, Fusions i Adquisicions, Implantaci\u00f3 a Espanya i l\u2019Exterior, Finan\u00e7ament Capital de risc","breadcrumb":{"@id":"https:\/\/www.affectio.es\/ca\/idea-iuris\/#breadcrumb"},"inLanguage":"ca","potentialAction":[{"@type":"ReadAction","target":["https:\/\/www.affectio.es\/ca\/idea-iuris\/"]}]},{"@type":"BreadcrumbList","@id":"https:\/\/www.affectio.es\/ca\/idea-iuris\/#breadcrumb","itemListElement":[{"@type":"ListItem","position":1,"name":"Portada","item":"https:\/\/www.affectio.es\/ca\/"},{"@type":"ListItem","position":2,"name":"Idea Iuris"}]},{"@type":"WebSite","@id":"https:\/\/www.affectio.es\/ca\/#website","url":"https:\/\/www.affectio.es\/ca\/","name":"Affectio Group","description":"Affectio Group es la expresi\u00f3n del v\u00ednculo entre los m\u00e1s de 30 profesionales de Integral\u00ae y de Idea Iuris\u00ae, basado en la mutua confianza y en su deseo de aunar sus contrastadas solvencia y experiencia","potentialAction":[{"@type":"SearchAction","target":{"@type":"EntryPoint","urlTemplate":"https:\/\/www.affectio.es\/ca\/?s={search_term_string}"},"query-input":{"@type":"PropertyValueSpecification","valueRequired":true,"valueName":"search_term_string"}}],"inLanguage":"ca"}]}},"_links":{"self":[{"href":"https:\/\/www.affectio.es\/ca\/wp-json\/wp\/v2\/pages\/403","targetHints":{"allow":["GET"]}}],"collection":[{"href":"https:\/\/www.affectio.es\/ca\/wp-json\/wp\/v2\/pages"}],"about":[{"href":"https:\/\/www.affectio.es\/ca\/wp-json\/wp\/v2\/types\/page"}],"author":[{"embeddable":true,"href":"https:\/\/www.affectio.es\/ca\/wp-json\/wp\/v2\/users\/1"}],"replies":[{"embeddable":true,"href":"https:\/\/www.affectio.es\/ca\/wp-json\/wp\/v2\/comments?post=403"}],"version-history":[{"count":3,"href":"https:\/\/www.affectio.es\/ca\/wp-json\/wp\/v2\/pages\/403\/revisions"}],"predecessor-version":[{"id":415,"href":"https:\/\/www.affectio.es\/ca\/wp-json\/wp\/v2\/pages\/403\/revisions\/415"}],"wp:attachment":[{"href":"https:\/\/www.affectio.es\/ca\/wp-json\/wp\/v2\/media?parent=403"}],"curies":[{"name":"wp","href":"https:\/\/api.w.org\/{rel}","templated":true}]}}