{"id":1398,"date":"2021-01-08T09:58:45","date_gmt":"2021-01-08T09:58:45","guid":{"rendered":"https:\/\/www.affectio.es\/comunicados\/"},"modified":"2026-01-08T11:55:43","modified_gmt":"2026-01-08T11:55:43","slug":"comunicats","status":"publish","type":"page","link":"https:\/\/www.affectio.es\/ca\/comunicats\/","title":{"rendered":"Comunicats"},"content":{"rendered":"<p><a href=\"https:\/\/www.affectio.es\/wp-content\/uploads\/2026\/01\/COMUNICAT-4T-2025.pdf\">COMUNICAT 4T 2025<\/a><\/p>\n<p><a href=\"https:\/\/www.affectio.es\/wp-content\/uploads\/2025\/09\/Verifactu.pdf\">V<\/a><a href=\"https:\/\/www.affectio.es\/wp-content\/uploads\/2025\/09\/Verifactu.pdf\">erifactu<\/a><\/p>\n<p><a href=\"https:\/\/www.affectio.es\/wp-content\/uploads\/2025\/07\/COMUNICAT-2T-2025.pdf\">COMUNICAT 2T 2025<\/a><\/p>\n<p><a href=\"https:\/\/www.affectio.es\/wp-content\/uploads\/2025\/04\/Comunicat-Renda-2024.pdf\">Comunicat Renda 2024<\/a><\/p>\n<p><a href=\"https:\/\/www.affectio.es\/wp-content\/uploads\/2025\/03\/COMUNICAT-1T-2025.pdf\">COMUNICAT 1T 2025<\/a><\/p>\n<p><a href=\"https:\/\/www.affectio.es\/wp-content\/uploads\/2025\/02\/Novetats-fiscals-i-laborals-2025.pdf\">Novetats fiscals i laborals 2025<\/a><\/p>\n<p><a href=\"https:\/\/www.affectio.es\/wp-content\/uploads\/2025\/01\/COMUNICAT-4T-2024.pdf\">COMUNICAT 4T 2024<\/a><\/p>\n<p><a href=\"https:\/\/www.affectio.es\/wp-content\/uploads\/2024\/12\/COMUNICAT-LABORAL-ACOMIADAMENTS-DISCIPLINARIS.pdf\">COMUNICAT LABORAL ACOMIADAMENTS DISCIPLINARIS<\/a><\/p>\n<p>COMUNICAT 3T 2024 catal\u00e0<\/p>\n<p>COMUNICAT 2T 2024 catal\u00e0<\/p>\n<p>Comunicat renda 2023<\/p>\n<p>COMUNICAT 1T 2024 catal\u00e0<\/p>\n<p>&nbsp;<\/p>\n<p>&nbsp;<\/p>\n<p>&nbsp;<\/p>\n","protected":false},"excerpt":{"rendered":"<p>COMUNICAT 4T 2025 Verifactu COMUNICAT 2T 2025 Comunicat Renda 2024 COMUNICAT 1T 2025 Novetats fiscals i laborals 2025 COMUNICAT 4T 2024 COMUNICAT LABORAL ACOMIADAMENTS DISCIPLINARIS COMUNICAT 3T 2024 catal\u00e0 COMUNICAT 2T 2024 catal\u00e0 Comunicat renda 2023 COMUNICAT 1T 2024 catal\u00e0 &nbsp; &nbsp; &nbsp;<\/p>\n","protected":false},"author":1,"featured_media":0,"parent":0,"menu_order":0,"comment_status":"closed","ping_status":"closed","template":"","meta":{"footnotes":""},"class_list":["post-1398","page","type-page","status-publish","hentry","description-off"],"yoast_head":"<!-- This site is optimized with the Yoast SEO plugin v26.9 - https:\/\/yoast.com\/product\/yoast-seo-wordpress\/ -->\n<title>Comunicats - Affectio Group<\/title>\n<meta name=\"robots\" content=\"index, follow, max-snippet:-1, max-image-preview:large, max-video-preview:-1\" \/>\n<link rel=\"canonical\" href=\"https:\/\/www.affectio.es\/ca\/comunicats\/\" \/>\n<meta property=\"og:locale\" content=\"ca_ES\" \/>\n<meta property=\"og:type\" content=\"article\" \/>\n<meta property=\"og:title\" content=\"Comunicats - Affectio Group\" \/>\n<meta property=\"og:description\" content=\"COMUNICAT 4T 2025 Verifactu COMUNICAT 2T 2025 Comunicat Renda 2024 COMUNICAT 1T 2025 Novetats fiscals i laborals 2025 COMUNICAT 4T 2024 COMUNICAT LABORAL ACOMIADAMENTS DISCIPLINARIS COMUNICAT 3T 2024 catal\u00e0 COMUNICAT 2T 2024 catal\u00e0 Comunicat renda 2023 COMUNICAT 1T 2024 catal\u00e0 &nbsp; &nbsp; &nbsp;\" \/>\n<meta property=\"og:url\" content=\"https:\/\/www.affectio.es\/ca\/comunicats\/\" \/>\n<meta property=\"og:site_name\" content=\"Affectio Group\" \/>\n<meta property=\"article:modified_time\" content=\"2026-01-08T11:55:43+00:00\" \/>\n<meta name=\"twitter:card\" content=\"summary_large_image\" \/>\n<meta name=\"twitter:label1\" content=\"Temps estimat de lectura\" \/>\n\t<meta name=\"twitter:data1\" content=\"1 minut\" \/>\n<script type=\"application\/ld+json\" class=\"yoast-schema-graph\">{\"@context\":\"https:\/\/schema.org\",\"@graph\":[{\"@type\":\"WebPage\",\"@id\":\"https:\/\/www.affectio.es\/ca\/comunicats\/\",\"url\":\"https:\/\/www.affectio.es\/ca\/comunicats\/\",\"name\":\"Comunicats - Affectio Group\",\"isPartOf\":{\"@id\":\"https:\/\/www.affectio.es\/ca\/#website\"},\"datePublished\":\"2021-01-08T09:58:45+00:00\",\"dateModified\":\"2026-01-08T11:55:43+00:00\",\"breadcrumb\":{\"@id\":\"https:\/\/www.affectio.es\/ca\/comunicats\/#breadcrumb\"},\"inLanguage\":\"ca\",\"potentialAction\":[{\"@type\":\"ReadAction\",\"target\":[\"https:\/\/www.affectio.es\/ca\/comunicats\/\"]}]},{\"@type\":\"BreadcrumbList\",\"@id\":\"https:\/\/www.affectio.es\/ca\/comunicats\/#breadcrumb\",\"itemListElement\":[{\"@type\":\"ListItem\",\"position\":1,\"name\":\"Portada\",\"item\":\"https:\/\/www.affectio.es\/ca\/\"},{\"@type\":\"ListItem\",\"position\":2,\"name\":\"Comunicats\"}]},{\"@type\":\"WebSite\",\"@id\":\"https:\/\/www.affectio.es\/ca\/#website\",\"url\":\"https:\/\/www.affectio.es\/ca\/\",\"name\":\"Affectio Group\",\"description\":\"Affectio Group es la expresi\u00f3n del v\u00ednculo entre los m\u00e1s de 30 profesionales de Integral\u00ae y de Idea Iuris\u00ae, basado en la mutua confianza y en su deseo de aunar sus contrastadas solvencia y experiencia\",\"potentialAction\":[{\"@type\":\"SearchAction\",\"target\":{\"@type\":\"EntryPoint\",\"urlTemplate\":\"https:\/\/www.affectio.es\/ca\/?s={search_term_string}\"},\"query-input\":{\"@type\":\"PropertyValueSpecification\",\"valueRequired\":true,\"valueName\":\"search_term_string\"}}],\"inLanguage\":\"ca\"}]}<\/script>\n<!-- \/ Yoast SEO plugin. -->","yoast_head_json":{"title":"Comunicats - Affectio Group","robots":{"index":"index","follow":"follow","max-snippet":"max-snippet:-1","max-image-preview":"max-image-preview:large","max-video-preview":"max-video-preview:-1"},"canonical":"https:\/\/www.affectio.es\/ca\/comunicats\/","og_locale":"ca_ES","og_type":"article","og_title":"Comunicats - Affectio Group","og_description":"COMUNICAT 4T 2025 Verifactu COMUNICAT 2T 2025 Comunicat Renda 2024 COMUNICAT 1T 2025 Novetats fiscals i laborals 2025 COMUNICAT 4T 2024 COMUNICAT LABORAL ACOMIADAMENTS DISCIPLINARIS COMUNICAT 3T 2024 catal\u00e0 COMUNICAT 2T 2024 catal\u00e0 Comunicat renda 2023 COMUNICAT 1T 2024 catal\u00e0 &nbsp; &nbsp; &nbsp;","og_url":"https:\/\/www.affectio.es\/ca\/comunicats\/","og_site_name":"Affectio Group","article_modified_time":"2026-01-08T11:55:43+00:00","twitter_card":"summary_large_image","twitter_misc":{"Temps estimat de lectura":"1 minut"},"schema":{"@context":"https:\/\/schema.org","@graph":[{"@type":"WebPage","@id":"https:\/\/www.affectio.es\/ca\/comunicats\/","url":"https:\/\/www.affectio.es\/ca\/comunicats\/","name":"Comunicats - Affectio Group","isPartOf":{"@id":"https:\/\/www.affectio.es\/ca\/#website"},"datePublished":"2021-01-08T09:58:45+00:00","dateModified":"2026-01-08T11:55:43+00:00","breadcrumb":{"@id":"https:\/\/www.affectio.es\/ca\/comunicats\/#breadcrumb"},"inLanguage":"ca","potentialAction":[{"@type":"ReadAction","target":["https:\/\/www.affectio.es\/ca\/comunicats\/"]}]},{"@type":"BreadcrumbList","@id":"https:\/\/www.affectio.es\/ca\/comunicats\/#breadcrumb","itemListElement":[{"@type":"ListItem","position":1,"name":"Portada","item":"https:\/\/www.affectio.es\/ca\/"},{"@type":"ListItem","position":2,"name":"Comunicats"}]},{"@type":"WebSite","@id":"https:\/\/www.affectio.es\/ca\/#website","url":"https:\/\/www.affectio.es\/ca\/","name":"Affectio Group","description":"Affectio Group es la expresi\u00f3n del v\u00ednculo entre los m\u00e1s de 30 profesionales de Integral\u00ae y de Idea Iuris\u00ae, basado en la mutua confianza y en su deseo de aunar sus contrastadas solvencia y experiencia","potentialAction":[{"@type":"SearchAction","target":{"@type":"EntryPoint","urlTemplate":"https:\/\/www.affectio.es\/ca\/?s={search_term_string}"},"query-input":{"@type":"PropertyValueSpecification","valueRequired":true,"valueName":"search_term_string"}}],"inLanguage":"ca"}]}},"_links":{"self":[{"href":"https:\/\/www.affectio.es\/ca\/wp-json\/wp\/v2\/pages\/1398","targetHints":{"allow":["GET"]}}],"collection":[{"href":"https:\/\/www.affectio.es\/ca\/wp-json\/wp\/v2\/pages"}],"about":[{"href":"https:\/\/www.affectio.es\/ca\/wp-json\/wp\/v2\/types\/page"}],"author":[{"embeddable":true,"href":"https:\/\/www.affectio.es\/ca\/wp-json\/wp\/v2\/users\/1"}],"replies":[{"embeddable":true,"href":"https:\/\/www.affectio.es\/ca\/wp-json\/wp\/v2\/comments?post=1398"}],"version-history":[{"count":32,"href":"https:\/\/www.affectio.es\/ca\/wp-json\/wp\/v2\/pages\/1398\/revisions"}],"predecessor-version":[{"id":1991,"href":"https:\/\/www.affectio.es\/ca\/wp-json\/wp\/v2\/pages\/1398\/revisions\/1991"}],"wp:attachment":[{"href":"https:\/\/www.affectio.es\/ca\/wp-json\/wp\/v2\/media?parent=1398"}],"curies":[{"name":"wp","href":"https:\/\/api.w.org\/{rel}","templated":true}]}}