{"id":1225,"date":"2020-09-29T10:15:28","date_gmt":"2020-09-29T10:15:28","guid":{"rendered":"https:\/\/www.affectio.es\/aviso-legal\/"},"modified":"2020-10-13T12:29:24","modified_gmt":"2020-10-13T12:29:24","slug":"avis-legal","status":"publish","type":"page","link":"https:\/\/www.affectio.es\/ca\/avis-legal\/","title":{"rendered":"Av\u00eds legal"},"content":{"rendered":"<p>Condiciones de Uso<\/p>\n<p>1. En este sitio web se entender\u00e1 por <strong>&#8220;AFFECTIO GROUP&#8221;<\/strong> o <strong>&#8220;AFFECTIO&#8221;,<\/strong> la sociedad espa\u00f1ola denominada <strong>&#8220;GRUPO DE INTERMEDIACI\u00d3N DE SERVICIOS AFFECTIO, S.L.&#8221;<\/strong> (CIF n\u00ba B- 65250854); se entender\u00e1 por <strong>&#8220;INTEGRAL&#8221;,<\/strong> la sociedad espa\u00f1ola <strong>&#8220;GRUP INTEGRAL S.C.C.L.&#8221;<\/strong> (CIF n\u00ba &#8211; F58479569); se entender\u00e1 por <strong>&#8220;IDEA IURIS&#8221;,<\/strong> la sociedad espa\u00f1ola <strong>&#8220;IDEA IURIS, S.L.P.&#8221;<\/strong> CIF n\u00ba B-61691010).<\/p>\n<p>2. Por favor, abst\u00e9ngase de enviar cualquier informaci\u00f3n o rellenar y enviar cualquiera de los formularios de este sitio web con el consiguiente suministro de datos personales si, <strong>DESPU\u00c9S DE LEER<\/strong> estas razonables <strong>CONDICIONES DE USO,<\/strong> se considera en desacuerdo con las mismas.<\/p>\n<p>3. Con este sitio web <strong>(affectio.es),<\/strong> tanto <strong>AFFECTIO GROUP, como INTEGRAL e IDEA IURIS,<\/strong> pretenden tan s\u00f3lo presentarse ante toda la Red, ofreciendo sus servicios e informaci\u00f3n \u00fatil tanto sobre sus componentes, como sobre novedades legislativas, fiscales o de otro tipo. Por ello, salvo que expresamente se diga lo contrario, ninguno de los contenidos de este sitio web, en ning\u00fan caso, pretende ser ni conformar ning\u00fan tipo de asesoramiento y <strong>AFFECTIO GROUP, INTEGRAL e IDEA IURIS,<\/strong> desaconsejan tomar -o abstenerse de tomar- ning\u00fan tipo de decisi\u00f3n, bas\u00e1ndose total o parcialmente en la lectura o interpretaci\u00f3n de alguno de dichos contenidos de la misma -a efectos exclusivamente divulgativos-, sin previamente consultar con un profesional en ejercicio, del sector que corresponda.<\/p>\n","protected":false},"excerpt":{"rendered":"<p>Condiciones de Uso 1. En este sitio web se entender\u00e1 por &#8220;AFFECTIO GROUP&#8221; o &#8220;AFFECTIO&#8221;, la sociedad espa\u00f1ola denominada &#8220;GRUPO DE INTERMEDIACI\u00d3N DE SERVICIOS AFFECTIO, S.L.&#8221; (CIF n\u00ba B- 65250854); se entender\u00e1 por &#8220;INTEGRAL&#8221;, la sociedad espa\u00f1ola &#8220;GRUP INTEGRAL S.C.C.L.&#8221; (CIF n\u00ba &#8211; F58479569); se entender\u00e1 por &#8220;IDEA IURIS&#8221;, la sociedad espa\u00f1ola &#8220;IDEA IURIS, S.L.P.&#8221;&hellip;<\/p>\n","protected":false},"author":1,"featured_media":0,"parent":0,"menu_order":0,"comment_status":"closed","ping_status":"closed","template":"","meta":{"footnotes":""},"class_list":["post-1225","page","type-page","status-publish","hentry","description-off"],"yoast_head":"<!-- This site is optimized with the Yoast SEO plugin v26.9 - https:\/\/yoast.com\/product\/yoast-seo-wordpress\/ -->\n<title>Av\u00eds legal - Affectio Group<\/title>\n<meta name=\"robots\" content=\"index, follow, max-snippet:-1, max-image-preview:large, max-video-preview:-1\" \/>\n<link rel=\"canonical\" href=\"https:\/\/www.affectio.es\/ca\/avis-legal\/\" \/>\n<meta property=\"og:locale\" content=\"ca_ES\" \/>\n<meta property=\"og:type\" content=\"article\" \/>\n<meta property=\"og:title\" content=\"Av\u00eds legal - Affectio Group\" \/>\n<meta property=\"og:description\" content=\"Condiciones de Uso 1. En este sitio web se entender\u00e1 por &#8220;AFFECTIO GROUP&#8221; o &#8220;AFFECTIO&#8221;, la sociedad espa\u00f1ola denominada &#8220;GRUPO DE INTERMEDIACI\u00d3N DE SERVICIOS AFFECTIO, S.L.&#8221; (CIF n\u00ba B- 65250854); se entender\u00e1 por &#8220;INTEGRAL&#8221;, la sociedad espa\u00f1ola &#8220;GRUP INTEGRAL S.C.C.L.&#8221; (CIF n\u00ba &#8211; F58479569); se entender\u00e1 por &#8220;IDEA IURIS&#8221;, la sociedad espa\u00f1ola &#8220;IDEA IURIS, S.L.P.&#8221;&hellip;\" \/>\n<meta property=\"og:url\" content=\"https:\/\/www.affectio.es\/ca\/avis-legal\/\" \/>\n<meta property=\"og:site_name\" content=\"Affectio Group\" \/>\n<meta property=\"article:modified_time\" content=\"2020-10-13T12:29:24+00:00\" \/>\n<meta name=\"twitter:card\" content=\"summary_large_image\" \/>\n<meta name=\"twitter:label1\" content=\"Temps estimat de lectura\" \/>\n\t<meta name=\"twitter:data1\" content=\"1 minut\" \/>\n<script type=\"application\/ld+json\" class=\"yoast-schema-graph\">{\"@context\":\"https:\/\/schema.org\",\"@graph\":[{\"@type\":\"WebPage\",\"@id\":\"https:\/\/www.affectio.es\/ca\/avis-legal\/\",\"url\":\"https:\/\/www.affectio.es\/ca\/avis-legal\/\",\"name\":\"Av\u00eds legal - Affectio Group\",\"isPartOf\":{\"@id\":\"https:\/\/www.affectio.es\/ca\/#website\"},\"datePublished\":\"2020-09-29T10:15:28+00:00\",\"dateModified\":\"2020-10-13T12:29:24+00:00\",\"breadcrumb\":{\"@id\":\"https:\/\/www.affectio.es\/ca\/avis-legal\/#breadcrumb\"},\"inLanguage\":\"ca\",\"potentialAction\":[{\"@type\":\"ReadAction\",\"target\":[\"https:\/\/www.affectio.es\/ca\/avis-legal\/\"]}]},{\"@type\":\"BreadcrumbList\",\"@id\":\"https:\/\/www.affectio.es\/ca\/avis-legal\/#breadcrumb\",\"itemListElement\":[{\"@type\":\"ListItem\",\"position\":1,\"name\":\"Portada\",\"item\":\"https:\/\/www.affectio.es\/ca\/\"},{\"@type\":\"ListItem\",\"position\":2,\"name\":\"Av\u00eds legal\"}]},{\"@type\":\"WebSite\",\"@id\":\"https:\/\/www.affectio.es\/ca\/#website\",\"url\":\"https:\/\/www.affectio.es\/ca\/\",\"name\":\"Affectio Group\",\"description\":\"Affectio Group es la expresi\u00f3n del v\u00ednculo entre los m\u00e1s de 30 profesionales de Integral\u00ae y de Idea Iuris\u00ae, basado en la mutua confianza y en su deseo de aunar sus contrastadas solvencia y experiencia\",\"potentialAction\":[{\"@type\":\"SearchAction\",\"target\":{\"@type\":\"EntryPoint\",\"urlTemplate\":\"https:\/\/www.affectio.es\/ca\/?s={search_term_string}\"},\"query-input\":{\"@type\":\"PropertyValueSpecification\",\"valueRequired\":true,\"valueName\":\"search_term_string\"}}],\"inLanguage\":\"ca\"}]}<\/script>\n<!-- \/ Yoast SEO plugin. -->","yoast_head_json":{"title":"Av\u00eds legal - Affectio Group","robots":{"index":"index","follow":"follow","max-snippet":"max-snippet:-1","max-image-preview":"max-image-preview:large","max-video-preview":"max-video-preview:-1"},"canonical":"https:\/\/www.affectio.es\/ca\/avis-legal\/","og_locale":"ca_ES","og_type":"article","og_title":"Av\u00eds legal - Affectio Group","og_description":"Condiciones de Uso 1. En este sitio web se entender\u00e1 por &#8220;AFFECTIO GROUP&#8221; o &#8220;AFFECTIO&#8221;, la sociedad espa\u00f1ola denominada &#8220;GRUPO DE INTERMEDIACI\u00d3N DE SERVICIOS AFFECTIO, S.L.&#8221; (CIF n\u00ba B- 65250854); se entender\u00e1 por &#8220;INTEGRAL&#8221;, la sociedad espa\u00f1ola &#8220;GRUP INTEGRAL S.C.C.L.&#8221; (CIF n\u00ba &#8211; F58479569); se entender\u00e1 por &#8220;IDEA IURIS&#8221;, la sociedad espa\u00f1ola &#8220;IDEA IURIS, S.L.P.&#8221;&hellip;","og_url":"https:\/\/www.affectio.es\/ca\/avis-legal\/","og_site_name":"Affectio Group","article_modified_time":"2020-10-13T12:29:24+00:00","twitter_card":"summary_large_image","twitter_misc":{"Temps estimat de lectura":"1 minut"},"schema":{"@context":"https:\/\/schema.org","@graph":[{"@type":"WebPage","@id":"https:\/\/www.affectio.es\/ca\/avis-legal\/","url":"https:\/\/www.affectio.es\/ca\/avis-legal\/","name":"Av\u00eds legal - Affectio Group","isPartOf":{"@id":"https:\/\/www.affectio.es\/ca\/#website"},"datePublished":"2020-09-29T10:15:28+00:00","dateModified":"2020-10-13T12:29:24+00:00","breadcrumb":{"@id":"https:\/\/www.affectio.es\/ca\/avis-legal\/#breadcrumb"},"inLanguage":"ca","potentialAction":[{"@type":"ReadAction","target":["https:\/\/www.affectio.es\/ca\/avis-legal\/"]}]},{"@type":"BreadcrumbList","@id":"https:\/\/www.affectio.es\/ca\/avis-legal\/#breadcrumb","itemListElement":[{"@type":"ListItem","position":1,"name":"Portada","item":"https:\/\/www.affectio.es\/ca\/"},{"@type":"ListItem","position":2,"name":"Av\u00eds legal"}]},{"@type":"WebSite","@id":"https:\/\/www.affectio.es\/ca\/#website","url":"https:\/\/www.affectio.es\/ca\/","name":"Affectio Group","description":"Affectio Group es la expresi\u00f3n del v\u00ednculo entre los m\u00e1s de 30 profesionales de Integral\u00ae y de Idea Iuris\u00ae, basado en la mutua confianza y en su deseo de aunar sus contrastadas solvencia y experiencia","potentialAction":[{"@type":"SearchAction","target":{"@type":"EntryPoint","urlTemplate":"https:\/\/www.affectio.es\/ca\/?s={search_term_string}"},"query-input":{"@type":"PropertyValueSpecification","valueRequired":true,"valueName":"search_term_string"}}],"inLanguage":"ca"}]}},"_links":{"self":[{"href":"https:\/\/www.affectio.es\/ca\/wp-json\/wp\/v2\/pages\/1225","targetHints":{"allow":["GET"]}}],"collection":[{"href":"https:\/\/www.affectio.es\/ca\/wp-json\/wp\/v2\/pages"}],"about":[{"href":"https:\/\/www.affectio.es\/ca\/wp-json\/wp\/v2\/types\/page"}],"author":[{"embeddable":true,"href":"https:\/\/www.affectio.es\/ca\/wp-json\/wp\/v2\/users\/1"}],"replies":[{"embeddable":true,"href":"https:\/\/www.affectio.es\/ca\/wp-json\/wp\/v2\/comments?post=1225"}],"version-history":[{"count":1,"href":"https:\/\/www.affectio.es\/ca\/wp-json\/wp\/v2\/pages\/1225\/revisions"}],"predecessor-version":[{"id":1310,"href":"https:\/\/www.affectio.es\/ca\/wp-json\/wp\/v2\/pages\/1225\/revisions\/1310"}],"wp:attachment":[{"href":"https:\/\/www.affectio.es\/ca\/wp-json\/wp\/v2\/media?parent=1225"}],"curies":[{"name":"wp","href":"https:\/\/api.w.org\/{rel}","templated":true}]}}