{"id":1009,"date":"2020-09-29T10:20:32","date_gmt":"2020-09-29T10:20:32","guid":{"rendered":"https:\/\/www.affectio.es\/integral\/colectius-professionals-empresarials\/colectivos-profesionales-y-empresariales-acompanamiento-contable-economico-financiero-y-fiscal\/"},"modified":"2020-10-14T08:19:47","modified_gmt":"2020-10-14T08:19:47","slug":"colectius-professionals-empresarials-acompanyament-comptable-economic-financer-fiscal","status":"publish","type":"page","link":"https:\/\/www.affectio.es\/ca\/integral\/colectius-professionals-empresarials\/colectius-professionals-empresarials-acompanyament-comptable-economic-financer-fiscal\/","title":{"rendered":"Col\u00b7lectius Professionals i Empresarials &#8211; Acompanyament Comptable, Econ\u00f2mic-Financer i Fiscal"},"content":{"rendered":"<div class=\"wpb-content-wrapper\"><p>[vc_row css=&#8221;.vc_custom_1601393902010{margin-bottom: -80px !important;}&#8221;][vc_column][vc_column_text]<\/p>\n<h1><span style=\"color: #2a2a69;\">Col\u00b7lectius Professionals i Empresarials<\/span><\/h1>\n<p>[\/vc_column_text][vc_column_text css=&#8221;.vc_custom_1585327593053{margin-top: 0px !important;margin-bottom: 0px !important;padding-top: 0px !important;padding-bottom: 0px !important;}&#8221; el_id=&#8221;diveconomica-acompanamientocontableconomico&#8221;][\/vc_column_text]<div id=\"ultimate-heading-127969eb59331d246\" class=\"uvc-heading ult-adjust-bottom-margin ultimate-heading-127969eb59331d246 uvc-3016 color-title\" data-hspacer=\"no_spacer\"  data-halign=\"left\" style=\"text-align:left\"><div class=\"uvc-heading-spacer no_spacer\" style=\"top\"><\/div><div class=\"uvc-main-heading ult-responsive\"  data-ultimate-target='.uvc-heading.ultimate-heading-127969eb59331d246 h2'  data-responsive-json-new='{\"font-size\":\"desktop:30px;\",\"line-height\":\"desktop:40px;\"}' ><h2 style=\"font-weight:bold;color:#28a7fb;margin-top:25px;margin-bottom:25px;\">Acompanyament Comptable, Econ\u00f2mic-Financer i Fiscal<\/h2><\/div><\/div>[vc_column_text css=&#8221;.vc_custom_1601503338875{padding-bottom: 30px !important;}&#8221;]<\/p>\n<div style=\"text-align: justify;\">\n<p>L&#8217;objectiu central de l&#8217;acompanyament d\u2019INTEGRAL \u00e9s facilitar que la Presa de Decisions Econ\u00f2miques, Financeres i Fiscals, sigui informada i conscient. La gesti\u00f3 d&#8217;una activitat econ\u00f2mica exigeix \u200b\u200bcon\u00e8ixer amb precisi\u00f3 tant la Situaci\u00f3 Econ\u00f2mica (ingressos i despeses) com la Situaci\u00f3 Financera (considerant les necessitats a curt i llarg termini). El primer pas \u00e9s una correcta Confecci\u00f3 de la Comptabilitat. Una comptabilitat ben elaborada permet tamb\u00e9 la Planificaci\u00f3 i el compliment de les Obligacions Fiscals.<br \/>\nINTEGRAL sap que m\u00e9s enll\u00e0 de les dades presents en el Compte d&#8217;Explotaci\u00f3, el Balan\u00e7 o les Declaracions Tribut\u00e0ries, es troba la necessitat de gestionar, per aix\u00f2 acompanya, caminant al costat de les persones que prenen decisions, aportant-los informaci\u00f3 i ajuda en la comprensi\u00f3 d&#8217;all\u00f2 que necessiten con\u00e8ixer, al temps que els ofereix un suport permanent en les seves actuacions.<br \/>\nEl nostre Acompanyament a l&#8217;univers d&#8217;entitats col\u00b7lectives, format per Col\u00b7legis Professionals, Federacions Empresarials i tamb\u00e9 Associacions tant Professionals com Empresarials, est\u00e0 dissenyat per satisfer les seves pr\u00f2pies necessitats, aix\u00ed com l&#8217;atenci\u00f3 als seus col\u00b7legiats, afiliats i socis. En aquest sentit, a INTEGRAL, comptem amb una especial experi\u00e8ncia en l&#8217;assist\u00e8ncia &#8220;on-line&#8221;.<\/p>\n<\/div>\n<p>[\/vc_column_text][vc_column_text css=&#8221;.vc_custom_1585327616757{margin-top: 0px !important;margin-bottom: 0px !important;padding-top: 0px !important;padding-bottom: 0px !important;}&#8221; el_id=&#8221;diveconomica-confeccioncontabilidad&#8221;][\/vc_column_text]<div id=\"ultimate-heading-44069eb59331d3df\" class=\"uvc-heading ult-adjust-bottom-margin ultimate-heading-44069eb59331d3df uvc-2036 color-title\" data-hspacer=\"line_only\"  data-halign=\"left\" style=\"text-align:left\"><div class=\"uvc-main-heading ult-responsive\"  data-ultimate-target='.uvc-heading.ultimate-heading-44069eb59331d3df h2'  data-responsive-json-new='{\"font-size\":\"desktop:30px;\",\"line-height\":\"desktop:40px;\"}' ><h2 style=\"font-weight:bold;color:#333366;margin-top:25px;margin-bottom:25px;\">Confecci\u00f3 de la Comptabilitat (el primer pas)<\/h2><\/div><div class=\"uvc-heading-spacer line_only\" style=\"topheight:1px;\"><span class=\"uvc-headings-line\" style=\"border-style:solid;border-bottom-width:1px;border-color:#3f4a9a;width:autopx;\"><\/span><\/div><\/div>[vc_column_text css=&#8221;.vc_custom_1601503359766{padding-top: 30px !important;padding-bottom: 30px !important;}&#8221;]<\/p>\n<div style=\"text-align: justify;\">\n<p>El primer objectiu del nostre acompanyament \u00e9s assegurar l&#8217;adequada elaboraci\u00f3 de la Comptabilitat. \u00c9s imprescindible, si la informaci\u00f3 comptable no \u00e9s correcta o es demora, la gesti\u00f3 es ressentir\u00e0 greument.<br \/>\nPer descomptat, la Comptabilitat tamb\u00e9 permetr\u00e0 donar compliment a les obligacions legals i fiscals de l&#8217;activitat.<br \/>\nEn el cas dels professionals afiliats o col\u00b7legiats, no cal el desplegament d&#8217;una estructura comptable completa, per\u00f2 s\u00ed que resulta aconsellable generar els mitjans de comptabilitzaci\u00f3 necessaris.<\/p>\n<\/div>\n<p>[\/vc_column_text][vc_column_text css=&#8221;.vc_custom_1585327643564{margin-top: 0px !important;margin-bottom: 0px !important;padding-top: 0px !important;padding-bottom: 0px !important;}&#8221; el_id=&#8221;diveconomica-situacioneconomica&#8221;][\/vc_column_text]<div id=\"ultimate-heading-934269eb59331d50e\" class=\"uvc-heading ult-adjust-bottom-margin ultimate-heading-934269eb59331d50e uvc-697 color-title\" data-hspacer=\"line_only\"  data-halign=\"left\" style=\"text-align:left\"><div class=\"uvc-main-heading ult-responsive\"  data-ultimate-target='.uvc-heading.ultimate-heading-934269eb59331d50e h2'  data-responsive-json-new='{\"font-size\":\"desktop:30px;\",\"line-height\":\"desktop:40px;\"}' ><h2 style=\"font-weight:bold;color:#333366;margin-top:25px;margin-bottom:25px;\">Situaci\u00f3 Econ\u00f2mica i Presa de Decisions<\/h2><\/div><div class=\"uvc-heading-spacer line_only\" style=\"topheight:1px;\"><span class=\"uvc-headings-line\" style=\"border-style:solid;border-bottom-width:1px;border-color:#3f4a9a;width:autopx;\"><\/span><\/div><\/div>[vc_column_text css=&#8221;.vc_custom_1601503382019{padding-top: 30px !important;padding-bottom: 30px !important;}&#8221;]<\/p>\n<div style=\"text-align: justify;\">\n<p>La facturaci\u00f3, els ingressos, comporta la generaci\u00f3 de despeses. Comprendre la relaci\u00f3 entre els ingressos i els costos i la seva din\u00e0mica, \u00e9s a dir, com evolucionen les despeses en funci\u00f3 dels ingressos, \u00e9s essencial per desenvolupar una gesti\u00f3 real de l&#8217;activitat.<br \/>\nAcompanyar en la Presa de Decisions econ\u00f2miques forma part de nucli de la nostra acci\u00f3.<\/p>\n<\/div>\n<p>[\/vc_column_text][vc_column_text css=&#8221;.vc_custom_1585327652655{margin-top: 0px !important;margin-bottom: 0px !important;padding-top: 0px !important;padding-bottom: 0px !important;}&#8221; el_id=&#8221;diveconomica-situacionfinanciera&#8221;][\/vc_column_text]<div id=\"ultimate-heading-980169eb59331d609\" class=\"uvc-heading ult-adjust-bottom-margin ultimate-heading-980169eb59331d609 uvc-6811 color-title\" data-hspacer=\"line_only\"  data-halign=\"left\" style=\"text-align:left\"><div class=\"uvc-main-heading ult-responsive\"  data-ultimate-target='.uvc-heading.ultimate-heading-980169eb59331d609 h2'  data-responsive-json-new='{\"font-size\":\"desktop:30px;\",\"line-height\":\"desktop:40px;\"}' ><h2 style=\"font-weight:bold;color:#333366;margin-top:25px;margin-bottom:25px;\">Situaci\u00f3 Financera i Presa de Decisions<\/h2><\/div><div class=\"uvc-heading-spacer line_only\" style=\"topheight:1px;\"><span class=\"uvc-headings-line\" style=\"border-style:solid;border-bottom-width:1px;border-color:#3f4a9a;width:autopx;\"><\/span><\/div><\/div>[vc_column_text css=&#8221;.vc_custom_1601503414465{padding-top: 30px !important;padding-bottom: 30px !important;}&#8221;]<\/p>\n<div style=\"text-align: justify;\">\n<p>Si l&#8217;economia \u00e9s el motor de l&#8217;activitat, el finan\u00e7ament \u00e9s el lubricant que li permet mantenir-se en moviment.<br \/>\nCon\u00e8ixer i comprendre la din\u00e0mica financera, permet mantenir una actitud proactiva, anticipant les necessitats i, quan cal, afrontar en les millors condicions la negociaci\u00f3 banc\u00e0ria.<br \/>\nEl nostre acompanyament inclou estar present en ella.<\/p>\n<\/div>\n<p>[\/vc_column_text][vc_column_text css=&#8221;.vc_custom_1585327660586{margin-top: 0px !important;margin-bottom: 0px !important;padding-top: 0px !important;padding-bottom: 0px !important;}&#8221; el_id=&#8221;diveconomica-planificacionfiscal&#8221;][\/vc_column_text]<div id=\"ultimate-heading-494169eb59331d6ef\" class=\"uvc-heading ult-adjust-bottom-margin ultimate-heading-494169eb59331d6ef uvc-3060 color-title\" data-hspacer=\"line_only\"  data-halign=\"left\" style=\"text-align:left\"><div class=\"uvc-main-heading ult-responsive\"  data-ultimate-target='.uvc-heading.ultimate-heading-494169eb59331d6ef h2'  data-responsive-json-new='{\"font-size\":\"desktop:30px;\",\"line-height\":\"desktop:40px;\"}' ><h2 style=\"font-weight:bold;color:#333366;margin-top:25px;margin-bottom:25px;\">Planificaci\u00f3 Fiscal<\/h2><\/div><div class=\"uvc-heading-spacer line_only\" style=\"topheight:1px;\"><span class=\"uvc-headings-line\" style=\"border-style:solid;border-bottom-width:1px;border-color:#3f4a9a;width:autopx;\"><\/span><\/div><\/div>[vc_column_text css=&#8221;.vc_custom_1601503435244{padding-top: 30px !important;padding-bottom: 30px !important;}&#8221;]<\/p>\n<div style=\"text-align: justify;\">\n<p>La gesti\u00f3 de l&#8217;activitat, assegurada la correcta presa de decisions econ\u00f2miques i financeres, compr\u00e8n tamb\u00e9 la Planificaci\u00f3 Fiscal, entesa com la minimitzaci\u00f3 dels costos fiscals, sumant estalvi a una correcta tributaci\u00f3, sense deixar caps per lligar.<\/p>\n<\/div>\n<p>[\/vc_column_text][vc_column_text css=&#8221;.vc_custom_1585327676809{margin-top: 0px !important;margin-bottom: 0px !important;padding-top: 0px !important;padding-bottom: 0px !important;}&#8221; el_id=&#8221;diveconomica-gesti\u00f3nimpuestos&#8221;][\/vc_column_text]<div id=\"ultimate-heading-836569eb59331d7d8\" class=\"uvc-heading ult-adjust-bottom-margin ultimate-heading-836569eb59331d7d8 uvc-1661 color-title\" data-hspacer=\"line_only\"  data-halign=\"left\" style=\"text-align:left\"><div class=\"uvc-main-heading ult-responsive\"  data-ultimate-target='.uvc-heading.ultimate-heading-836569eb59331d7d8 h2'  data-responsive-json-new='{\"font-size\":\"desktop:30px;\",\"line-height\":\"desktop:40px;\"}' ><h2 style=\"font-weight:bold;color:#333366;margin-top:25px;margin-bottom:25px;\">Gesti\u00f3 i liquidaci\u00f3 d'impostos<\/h2><\/div><div class=\"uvc-heading-spacer line_only\" style=\"topheight:1px;\"><span class=\"uvc-headings-line\" style=\"border-style:solid;border-bottom-width:1px;border-color:#3f4a9a;width:autopx;\"><\/span><\/div><\/div>[vc_column_text css=&#8221;.vc_custom_1601503477172{padding-top: 30px !important;padding-bottom: 30px !important;}&#8221;]<\/p>\n<div style=\"text-align: justify;\">\n<p>La Gesti\u00f3 i liquidaci\u00f3 d&#8217;impostos materialitza les decisions fiscals. El seu incorrecte emplenament pot comportar greus repercussions.<br \/>\nEl nostre acompanyament inclou la liquidaci\u00f3 de tot tipus d&#8217;impostos, IVA, Societats, Renda, etc., d&#8217;acord amb la legislaci\u00f3 vigent en cada moment.<\/p>\n<\/div>\n<p>[\/vc_column_text][vc_column_text css=&#8221;.vc_custom_1585327685550{margin-top: 0px !important;margin-bottom: 0px !important;padding-top: 0px !important;padding-bottom: 0px !important;}&#8221; el_id=&#8221;diveconomica-integracionequipos&#8221;][\/vc_column_text]<div id=\"ultimate-heading-361969eb59331d8a2\" class=\"uvc-heading ult-adjust-bottom-margin ultimate-heading-361969eb59331d8a2 uvc-3052 color-title\" data-hspacer=\"line_only\"  data-halign=\"left\" style=\"text-align:left\"><div class=\"uvc-main-heading ult-responsive\"  data-ultimate-target='.uvc-heading.ultimate-heading-361969eb59331d8a2 h2'  data-responsive-json-new='{\"font-size\":\"desktop:30px;\",\"line-height\":\"desktop:40px;\"}' ><h2 style=\"font-weight:bold;color:#333366;margin-top:25px;margin-bottom:25px;\">Integraci\u00f3 en Equips Directius<\/h2><\/div><div class=\"uvc-heading-spacer line_only\" style=\"topheight:1px;\"><span class=\"uvc-headings-line\" style=\"border-style:solid;border-bottom-width:1px;border-color:#3f4a9a;width:autopx;\"><\/span><\/div><\/div>[vc_column_text css=&#8221;.vc_custom_1601503500910{padding-top: 30px !important;padding-bottom: 30px !important;}&#8221;]<\/p>\n<div style=\"text-align: justify;\">\n<p>El nostre acompanyament aconsegueix la seva millor expressi\u00f3 a trav\u00e9s de la nostra integraci\u00f3 en l&#8217;Equip Directiu de l&#8217;Organitzaci\u00f3.<br \/>\nCompartint i aportant la nostra experi\u00e8ncia i coneixement tant en les decisions operatives com en les d&#8217;abast estrat\u00e8gic. Sumant i multiplicant junts.<\/p>\n<\/div>\n<p>[\/vc_column_text][vc_column_text css=&#8221;.vc_custom_1585327695282{margin-top: 0px !important;margin-bottom: 0px !important;padding-top: 0px !important;padding-bottom: 0px !important;}&#8221; el_id=&#8221;diveconomica-inicioactividad&#8221;][\/vc_column_text]<div id=\"ultimate-heading-737769eb59331d97f\" class=\"uvc-heading ult-adjust-bottom-margin ultimate-heading-737769eb59331d97f uvc-3095 color-title\" data-hspacer=\"line_only\"  data-halign=\"left\" style=\"text-align:left\"><div class=\"uvc-main-heading ult-responsive\"  data-ultimate-target='.uvc-heading.ultimate-heading-737769eb59331d97f h2'  data-responsive-json-new='{\"font-size\":\"desktop:30px;\",\"line-height\":\"desktop:40px;\"}' ><h2 style=\"font-weight:bold;color:#333366;margin-top:25px;margin-bottom:25px;\">Inici de l'Activitat \/ Llan\u00e7ament de Nous Projectes<\/h2><\/div><div class=\"uvc-heading-spacer line_only\" style=\"topheight:1px;\"><span class=\"uvc-headings-line\" style=\"border-style:solid;border-bottom-width:1px;border-color:#3f4a9a;width:autopx;\"><\/span><\/div><\/div>[vc_column_text css=&#8221;.vc_custom_1601503522319{padding-top: 30px !important;padding-bottom: 30px !important;}&#8221;]<\/p>\n<div style=\"text-align: justify;\">\n<p>La posada en marxa de noves activitats, aix\u00ed com el llan\u00e7ament de nous productes o el plantejament de nous projectes d&#8217;envergadura, s\u00f3n moments que requereixen especialment d&#8217;una perspectiva global, com la que aporta l&#8217;elaboraci\u00f3 d&#8217;un Pla de Viabilitat.<br \/>\nL&#8217;Economia, les Finances, el Mercat requereixen d&#8217;una adequada combinaci\u00f3 per fer realitat les noves idees.<br \/>\nEl nostre acompanyament est\u00e0 preparat per respondre a aquesta especial intensitat. Hem participat en moltes ocasions en ells.<\/p>\n<\/div>\n<p>[\/vc_column_text][\/vc_column][\/vc_row]<\/p>\n<\/div>","protected":false},"excerpt":{"rendered":"<p>[vc_row css=&#8221;.vc_custom_1601393902010{margin-bottom: -80px !important;}&#8221;][vc_column][vc_column_text] Col\u00b7lectius Professionals i Empresarials [\/vc_column_text][vc_column_text css=&#8221;.vc_custom_1585327593053{margin-top: 0px !important;margin-bottom: 0px !important;padding-top: 0px !important;padding-bottom: 0px !important;}&#8221; el_id=&#8221;diveconomica-acompanamientocontableconomico&#8221;][\/vc_column_text][vc_column_text css=&#8221;.vc_custom_1601503338875{padding-bottom: 30px !important;}&#8221;] L&#8217;objectiu central de l&#8217;acompanyament d\u2019INTEGRAL \u00e9s facilitar que la Presa de Decisions Econ\u00f2miques, Financeres i Fiscals, sigui informada i conscient. La gesti\u00f3 d&#8217;una activitat econ\u00f2mica exigeix \u200b\u200bcon\u00e8ixer amb precisi\u00f3 tant la Situaci\u00f3 Econ\u00f2mica&hellip;<\/p>\n","protected":false},"author":1,"featured_media":0,"parent":791,"menu_order":0,"comment_status":"closed","ping_status":"closed","template":"","meta":{"footnotes":""},"class_list":["post-1009","page","type-page","status-publish","hentry","description-off"],"yoast_head":"<!-- This site is optimized with the Yoast SEO plugin v26.9 - https:\/\/yoast.com\/product\/yoast-seo-wordpress\/ -->\n<title>Col\u00b7lectius Professionals i Empresarials - Acompanyament Comptable, Econ\u00f2mic-Financer i Fiscal - Affectio Group<\/title>\n<meta name=\"description\" content=\"Confecci\u00f3 de la Comptabilitat (el primer pas), Situaci\u00f3 Econ\u00f2mica i Presa de Decisions, Situaci\u00f3 Financera i Presa de Decisions, etc.\" \/>\n<meta name=\"robots\" content=\"index, follow, max-snippet:-1, max-image-preview:large, max-video-preview:-1\" \/>\n<link rel=\"canonical\" href=\"https:\/\/www.affectio.es\/ca\/integral\/colectius-professionals-empresarials\/colectius-professionals-empresarials-acompanyament-comptable-economic-financer-fiscal\/\" \/>\n<meta property=\"og:locale\" content=\"ca_ES\" \/>\n<meta property=\"og:type\" content=\"article\" \/>\n<meta property=\"og:title\" content=\"Col\u00b7lectius Professionals i Empresarials - Acompanyament Comptable, Econ\u00f2mic-Financer i Fiscal - Affectio Group\" \/>\n<meta property=\"og:description\" content=\"Confecci\u00f3 de la Comptabilitat (el primer pas), Situaci\u00f3 Econ\u00f2mica i Presa de Decisions, Situaci\u00f3 Financera i Presa de Decisions, etc.\" \/>\n<meta property=\"og:url\" content=\"https:\/\/www.affectio.es\/ca\/integral\/colectius-professionals-empresarials\/colectius-professionals-empresarials-acompanyament-comptable-economic-financer-fiscal\/\" \/>\n<meta property=\"og:site_name\" content=\"Affectio Group\" \/>\n<meta property=\"article:modified_time\" content=\"2020-10-14T08:19:47+00:00\" \/>\n<meta name=\"twitter:card\" content=\"summary_large_image\" \/>\n<meta name=\"twitter:label1\" content=\"Temps estimat de lectura\" \/>\n\t<meta name=\"twitter:data1\" content=\"8 minuts\" \/>\n<script type=\"application\/ld+json\" class=\"yoast-schema-graph\">{\"@context\":\"https:\/\/schema.org\",\"@graph\":[{\"@type\":\"WebPage\",\"@id\":\"https:\/\/www.affectio.es\/ca\/integral\/colectius-professionals-empresarials\/colectius-professionals-empresarials-acompanyament-comptable-economic-financer-fiscal\/\",\"url\":\"https:\/\/www.affectio.es\/ca\/integral\/colectius-professionals-empresarials\/colectius-professionals-empresarials-acompanyament-comptable-economic-financer-fiscal\/\",\"name\":\"Col\u00b7lectius Professionals i Empresarials - Acompanyament Comptable, Econ\u00f2mic-Financer i Fiscal - Affectio Group\",\"isPartOf\":{\"@id\":\"https:\/\/www.affectio.es\/ca\/#website\"},\"datePublished\":\"2020-09-29T10:20:32+00:00\",\"dateModified\":\"2020-10-14T08:19:47+00:00\",\"description\":\"Confecci\u00f3 de la Comptabilitat (el primer pas), Situaci\u00f3 Econ\u00f2mica i Presa de Decisions, Situaci\u00f3 Financera i Presa de Decisions, etc.\",\"breadcrumb\":{\"@id\":\"https:\/\/www.affectio.es\/ca\/integral\/colectius-professionals-empresarials\/colectius-professionals-empresarials-acompanyament-comptable-economic-financer-fiscal\/#breadcrumb\"},\"inLanguage\":\"ca\",\"potentialAction\":[{\"@type\":\"ReadAction\",\"target\":[\"https:\/\/www.affectio.es\/ca\/integral\/colectius-professionals-empresarials\/colectius-professionals-empresarials-acompanyament-comptable-economic-financer-fiscal\/\"]}]},{\"@type\":\"BreadcrumbList\",\"@id\":\"https:\/\/www.affectio.es\/ca\/integral\/colectius-professionals-empresarials\/colectius-professionals-empresarials-acompanyament-comptable-economic-financer-fiscal\/#breadcrumb\",\"itemListElement\":[{\"@type\":\"ListItem\",\"position\":1,\"name\":\"Portada\",\"item\":\"https:\/\/www.affectio.es\/ca\/\"},{\"@type\":\"ListItem\",\"position\":2,\"name\":\"Integral\",\"item\":\"https:\/\/www.affectio.es\/ca\/integral\/\"},{\"@type\":\"ListItem\",\"position\":3,\"name\":\"Col\u00b7lectius Professionals i Empresarials\",\"item\":\"https:\/\/www.affectio.es\/ca\/integral\/colectius-professionals-empresarials\/\"},{\"@type\":\"ListItem\",\"position\":4,\"name\":\"Col\u00b7lectius Professionals i Empresarials &#8211; Acompanyament Comptable, Econ\u00f2mic-Financer i Fiscal\"}]},{\"@type\":\"WebSite\",\"@id\":\"https:\/\/www.affectio.es\/ca\/#website\",\"url\":\"https:\/\/www.affectio.es\/ca\/\",\"name\":\"Affectio Group\",\"description\":\"Affectio Group es la expresi\u00f3n del v\u00ednculo entre los m\u00e1s de 30 profesionales de Integral\u00ae y de Idea Iuris\u00ae, basado en la mutua confianza y en su deseo de aunar sus contrastadas solvencia y experiencia\",\"potentialAction\":[{\"@type\":\"SearchAction\",\"target\":{\"@type\":\"EntryPoint\",\"urlTemplate\":\"https:\/\/www.affectio.es\/ca\/?s={search_term_string}\"},\"query-input\":{\"@type\":\"PropertyValueSpecification\",\"valueRequired\":true,\"valueName\":\"search_term_string\"}}],\"inLanguage\":\"ca\"}]}<\/script>\n<!-- \/ Yoast SEO plugin. -->","yoast_head_json":{"title":"Col\u00b7lectius Professionals i Empresarials - Acompanyament Comptable, Econ\u00f2mic-Financer i Fiscal - Affectio Group","description":"Confecci\u00f3 de la Comptabilitat (el primer pas), Situaci\u00f3 Econ\u00f2mica i Presa de Decisions, Situaci\u00f3 Financera i Presa de Decisions, etc.","robots":{"index":"index","follow":"follow","max-snippet":"max-snippet:-1","max-image-preview":"max-image-preview:large","max-video-preview":"max-video-preview:-1"},"canonical":"https:\/\/www.affectio.es\/ca\/integral\/colectius-professionals-empresarials\/colectius-professionals-empresarials-acompanyament-comptable-economic-financer-fiscal\/","og_locale":"ca_ES","og_type":"article","og_title":"Col\u00b7lectius Professionals i Empresarials - Acompanyament Comptable, Econ\u00f2mic-Financer i Fiscal - Affectio Group","og_description":"Confecci\u00f3 de la Comptabilitat (el primer pas), Situaci\u00f3 Econ\u00f2mica i Presa de Decisions, Situaci\u00f3 Financera i Presa de Decisions, etc.","og_url":"https:\/\/www.affectio.es\/ca\/integral\/colectius-professionals-empresarials\/colectius-professionals-empresarials-acompanyament-comptable-economic-financer-fiscal\/","og_site_name":"Affectio Group","article_modified_time":"2020-10-14T08:19:47+00:00","twitter_card":"summary_large_image","twitter_misc":{"Temps estimat de lectura":"8 minuts"},"schema":{"@context":"https:\/\/schema.org","@graph":[{"@type":"WebPage","@id":"https:\/\/www.affectio.es\/ca\/integral\/colectius-professionals-empresarials\/colectius-professionals-empresarials-acompanyament-comptable-economic-financer-fiscal\/","url":"https:\/\/www.affectio.es\/ca\/integral\/colectius-professionals-empresarials\/colectius-professionals-empresarials-acompanyament-comptable-economic-financer-fiscal\/","name":"Col\u00b7lectius Professionals i Empresarials - Acompanyament Comptable, Econ\u00f2mic-Financer i Fiscal - Affectio Group","isPartOf":{"@id":"https:\/\/www.affectio.es\/ca\/#website"},"datePublished":"2020-09-29T10:20:32+00:00","dateModified":"2020-10-14T08:19:47+00:00","description":"Confecci\u00f3 de la Comptabilitat (el primer pas), Situaci\u00f3 Econ\u00f2mica i Presa de Decisions, Situaci\u00f3 Financera i Presa de Decisions, etc.","breadcrumb":{"@id":"https:\/\/www.affectio.es\/ca\/integral\/colectius-professionals-empresarials\/colectius-professionals-empresarials-acompanyament-comptable-economic-financer-fiscal\/#breadcrumb"},"inLanguage":"ca","potentialAction":[{"@type":"ReadAction","target":["https:\/\/www.affectio.es\/ca\/integral\/colectius-professionals-empresarials\/colectius-professionals-empresarials-acompanyament-comptable-economic-financer-fiscal\/"]}]},{"@type":"BreadcrumbList","@id":"https:\/\/www.affectio.es\/ca\/integral\/colectius-professionals-empresarials\/colectius-professionals-empresarials-acompanyament-comptable-economic-financer-fiscal\/#breadcrumb","itemListElement":[{"@type":"ListItem","position":1,"name":"Portada","item":"https:\/\/www.affectio.es\/ca\/"},{"@type":"ListItem","position":2,"name":"Integral","item":"https:\/\/www.affectio.es\/ca\/integral\/"},{"@type":"ListItem","position":3,"name":"Col\u00b7lectius Professionals i Empresarials","item":"https:\/\/www.affectio.es\/ca\/integral\/colectius-professionals-empresarials\/"},{"@type":"ListItem","position":4,"name":"Col\u00b7lectius Professionals i Empresarials &#8211; Acompanyament Comptable, Econ\u00f2mic-Financer i Fiscal"}]},{"@type":"WebSite","@id":"https:\/\/www.affectio.es\/ca\/#website","url":"https:\/\/www.affectio.es\/ca\/","name":"Affectio Group","description":"Affectio Group es la expresi\u00f3n del v\u00ednculo entre los m\u00e1s de 30 profesionales de Integral\u00ae y de Idea Iuris\u00ae, basado en la mutua confianza y en su deseo de aunar sus contrastadas solvencia y experiencia","potentialAction":[{"@type":"SearchAction","target":{"@type":"EntryPoint","urlTemplate":"https:\/\/www.affectio.es\/ca\/?s={search_term_string}"},"query-input":{"@type":"PropertyValueSpecification","valueRequired":true,"valueName":"search_term_string"}}],"inLanguage":"ca"}]}},"_links":{"self":[{"href":"https:\/\/www.affectio.es\/ca\/wp-json\/wp\/v2\/pages\/1009","targetHints":{"allow":["GET"]}}],"collection":[{"href":"https:\/\/www.affectio.es\/ca\/wp-json\/wp\/v2\/pages"}],"about":[{"href":"https:\/\/www.affectio.es\/ca\/wp-json\/wp\/v2\/types\/page"}],"author":[{"embeddable":true,"href":"https:\/\/www.affectio.es\/ca\/wp-json\/wp\/v2\/users\/1"}],"replies":[{"embeddable":true,"href":"https:\/\/www.affectio.es\/ca\/wp-json\/wp\/v2\/comments?post=1009"}],"version-history":[{"count":3,"href":"https:\/\/www.affectio.es\/ca\/wp-json\/wp\/v2\/pages\/1009\/revisions"}],"predecessor-version":[{"id":1026,"href":"https:\/\/www.affectio.es\/ca\/wp-json\/wp\/v2\/pages\/1009\/revisions\/1026"}],"up":[{"embeddable":true,"href":"https:\/\/www.affectio.es\/ca\/wp-json\/wp\/v2\/pages\/791"}],"wp:attachment":[{"href":"https:\/\/www.affectio.es\/ca\/wp-json\/wp\/v2\/media?parent=1009"}],"curies":[{"name":"wp","href":"https:\/\/api.w.org\/{rel}","templated":true}]}}